{"id":9178,"date":"2022-05-13T14:58:01","date_gmt":"2022-05-13T12:58:01","guid":{"rendered":"https:\/\/dunkerquelenergiecreative.fr\/?page_id=9178"},"modified":"2022-09-21T11:38:58","modified_gmt":"2022-09-21T09:38:58","slug":"set-up-your-business-in-france","status":"publish","type":"page","link":"https:\/\/dunkerquelenergiecreative.fr\/en\/invest-undertake-innovate\/set-up-your-business-in-france\/","title":{"rendered":"SET UP YOUR BUSINESS IN FRANCE"},"content":{"rendered":"\n\n<section class=\"blc-hero-sm c-head\" id='79d3b57a80a2710ddb061e8b27f969e8'>\n\t<div class=\"c-head__bg decal__bg\">\n\t\t<img decoding=\"async\" data-aos=\"fade\" alt=\"petits personnag\" src=\"https:\/\/dunkerquelenergiecreative.fr\/wp-content\/uploads\/2022\/04\/Choose-France.jpg\" srcset=\"https:\/\/dunkerquelenergiecreative.fr\/wp-content\/uploads\/2022\/04\/Choose-France-300x158.jpg 300w, https:\/\/dunkerquelenergiecreative.fr\/wp-content\/uploads\/2022\/04\/Choose-France.jpg 720w\" sizes=\"(min-width: 1200px) 1080px, (min-width: 1400px) 1260px, (min-width: 1600px) 1440px, 100vw\">\t\t\t<\/div>\n\t<div class=\"o-wrapper\">\n\t\t<div class=\"c-head__box c-head__box--smaller\">\n\t\t\t<div class=\"c-head__wrap\" data-aos=\"fade-left\">\n\t\t\t\t<div class=\"c-breadcrumbs\"><span><span><a href=\"https:\/\/dunkerquelenergiecreative.fr\/en\/\">Home<\/a><\/span><\/span><\/div>\n\t\t\t\t\t\t\t<\/div>\n\t\t\t\t\t\t\t<h1 class=\"u-h2 c-head__title\" data-aos=\"fade-left\" data-aos-delay=\"100\" class=\"u-h2 c-head__title\" data-aos=\"fade-left\" data-aos-delay=\"100\" id=\"set-up-your-business-in-france\">SET UP YOUR BUSINESS IN FRANCE<\/h1>\n\t\t\t\t\t\t\t\t<\/div>\n\t<\/div>\n<\/section>\n\n\n\n\r\n\r\n\r\n<section class=\"blc-banner-full c-section c-section--white\" id='cfbfdb89b5aa619181986e04b3fc0d3e'>\r\n\t<div class=\"o-wrapper\">\r\n\t\t<div class=\"c-section__narrow\">\r\n\t\t\t\t\t\t<p>France currently boasts a very strong image for foreign investors. It is <strong>the second largest domestic market in Europe with more than 67 million consumers.<\/strong> The country is ranked <a href=\"https:\/\/dunkerquelenergiecreative.fr\/en\/join-a-strong-economy\/economic-leaders\/\">the 7th largest global economy<\/a> after the United States, China, Japan, Germany, India and United Kingdom (IMF, April 2019).<\/p>\n\t\t\t\t\t<\/div>\r\n\t<\/div>\r\n<\/section>\r\n\r\n\n\n\r\n\r\n<section class=\"blc-text-media c-section c-section--white\" id='d35f61b4056edc6e37afa1ee241f29f9'>\r\n\t<div class=\"o-wrapper\">\r\n\t\t<div class=\"c-block-push c-block-push--invert\">\r\n\t\t\t<div class=\"c-block-push__img\">\r\n\t\t\t\t<div class=\"ratio-16x9\">\r\n\t\t\t\t\t<img decoding=\"async\" alt=\"petits personnag\" src=\"https:\/\/dunkerquelenergiecreative.fr\/wp-content\/uploads\/2022\/04\/Choose-France.jpg\" srcset=\"https:\/\/dunkerquelenergiecreative.fr\/wp-content\/uploads\/2022\/04\/Choose-France-300x158.jpg 300w, https:\/\/dunkerquelenergiecreative.fr\/wp-content\/uploads\/2022\/04\/Choose-France.jpg 720w\" sizes=\"(min-width: 992px) 496px, (min-width: 1200px) 600px, (min-width: 1400px) 700px, (min-width: 1600px) 800px, 100vw\">\t\t\t\t\t\t\t\t\t\t\t\t\t\t<\/div>\r\n\t\t\t<\/div>\r\n\t\t\t<div class=\"c-block-push__content\">\r\n\t\t\t\t<div class=\"c-wysiwyg\">\r\n\t\t\t\t\t<h1 id=\"france-is-more-appealing-than-ever\">France is more appealing than ever <\/h2>\r\n\t\t\t\t\t<div><ul>\n<li><strong>1,607 foreign investment projects<\/strong> were recorded in France in 2021<\/li>\n<li><strong>The number of business projects was up 32%<\/strong> and there was a 30% rise in number of jobs<\/li>\n<\/ul>\n<p>This record growth proves that France is appealing to foreign investors (EY 2021).<\/p>\n<p>The secret<strong> to successfully setting up a business <\/strong>or<strong> making a good investment<\/strong> definitely<strong> lies in the support provided<\/strong>. In fact, <strong>understanding the overall picture, the legal situation and tax systems in France<\/strong> and finding out about the positive developments for investors implemented over recent years, are essential elements when it comes to choosing the right site to grow your business.<\/p>\n<p><strong>Our agency&#8217;s support services are provided for free<\/strong> because we receive support from local economic groups and partners. Allow us to help you discover the financial support and solutions to <strong>make your investment a success.<\/strong><\/p>\n<\/div>\r\n\t\t\t\t\t<a class='c-btn ' href=\"https:\/\/dunkerquelenergiecreative.fr\/en\/implanter-et-developper-son-entreprise\/personalized-advice-and-support\/\" target=\"\">DISCOVER WHAT SUPPORT WE CAN GIVE YOU<\/a>\t\t\t\t<\/div>\r\n\t\t\t<\/div>\r\n\t\t<\/div>\r\n\t<\/div>\r\n<\/section>\r\n\r\n\n\n\n\n<section class=\"blc-keys-numbers c-nums c-section--white\" id='32447f728d5f1472bc33d7dfa86a7be9'>\n\t<div class=\"o-wrapper\">\n\t\t\t\t<div class=\"c-nums__row\">\n\t\t\t\t\t\t\t<div class=\"c-nums__col\">\n\t\t\t\t\t<div class=\"c-nums__num\">1<\/div>\n\t\t\t\t\t<p class=\"c-nums__desc\"><p>France, number 1 country in Europe for foreign investments<\/p>\n<\/p>\n\t\t\t\t<\/div>\n\t\t\t\t\t\t\t<div class=\"c-nums__col\">\n\t\t\t\t\t<div class=\"c-nums__num\">1607<\/div>\n\t\t\t\t\t<p class=\"c-nums__desc\"><p>France received 1,607 foreign investments in 2021<\/p>\n<\/p>\n\t\t\t\t<\/div>\n\t\t\t\t\t\t\t<div class=\"c-nums__col\">\n\t\t\t\t\t<div class=\"c-nums__num\">5e<\/div>\n\t\t\t\t\t<p class=\"c-nums__desc\"><p>France is ranked the 5th most innovative country in the world<\/p>\n<\/p>\n\t\t\t\t<\/div>\n\t\t\t\t\t\t\t<div class=\"c-nums__col\">\n\t\t\t\t\t<div class=\"c-nums__num\">67,8M<\/div>\n\t\t\t\t\t<p class=\"c-nums__desc\"><p>consumers, an enormous potential market<\/p>\n<\/p>\n\t\t\t\t<\/div>\n\t\t\t\t\t<\/div>\n\t<\/div>\n<\/section>\n\n\n\n\r\n\r\n<section class=\"blc-text-media c-section c-section--white\" id='82f562e45fae07ab8cbd793766bd5a44'>\r\n\t<div class=\"o-wrapper\">\r\n\t\t<div class=\"c-block-push c-block-push--invert\">\r\n\t\t\t<div class=\"c-block-push__img\">\r\n\t\t\t\t<div class=\"ratio-16x9\">\r\n\t\t\t\t\t<img decoding=\"async\" alt=\"jeune fille en train de programmer un robot\" src=\"https:\/\/dunkerquelenergiecreative.fr\/wp-content\/uploads\/2022\/04\/femme-ds-lindustrie-2.jpg\" srcset=\"https:\/\/dunkerquelenergiecreative.fr\/wp-content\/uploads\/2022\/04\/femme-ds-lindustrie-2-300x200.jpg 300w, https:\/\/dunkerquelenergiecreative.fr\/wp-content\/uploads\/2022\/04\/femme-ds-lindustrie-2-1024x682.jpg 1024w, https:\/\/dunkerquelenergiecreative.fr\/wp-content\/uploads\/2022\/04\/femme-ds-lindustrie-2-768x512.jpg 768w, https:\/\/dunkerquelenergiecreative.fr\/wp-content\/uploads\/2022\/04\/femme-ds-lindustrie-2-1536x1024.jpg 1536w, https:\/\/dunkerquelenergiecreative.fr\/wp-content\/uploads\/2022\/04\/femme-ds-lindustrie-2.jpg 1880w\" sizes=\"(min-width: 992px) 496px, (min-width: 1200px) 600px, (min-width: 1400px) 700px, (min-width: 1600px) 800px, 100vw\">\t\t\t\t\t\t\t\t\t\t\t\t\t\t<\/div>\r\n\t\t\t<\/div>\r\n\t\t\t<div class=\"c-block-push__content\">\r\n\t\t\t\t<div class=\"c-wysiwyg\">\r\n\t\t\t\t\t<h2 id=\"france-one-of-europes-most-innovative-countries\">FRANCE, ONE OF EUROPE&#8217;S MOST INNOVATIVE COUNTRIES<\/h2>\r\n\t\t\t\t\t<div><div class=\"feed-shared-inline-show-more-text feed-shared-update-v2__description feed-shared-inline-show-more-text--minimal-padding feed-shared-inline-show-more-text--expanded \" tabindex=\"-1\" data-artdeco-is-focused=\"true\">\n<div dir=\"ltr\">\n<div class=\"col\"><strong>France, a champion of creativity and innovation&nbsp;<\/strong><\/div>\n<div>&nbsp;<\/div>\n<\/div>\n<div dir=\"ltr\">\n<p>Creativity and innovation lie at the heart of French excellence. For centuries now, thinkers, writers, artists, researchers and scientists have been contributing to humanity&#8217;s progress and to nourishing it with ideals. The new generations have now taken over and are continuing the legacy of French creative genius. And the figures speak for themselves.<\/p>\n<ul>\n<li><strong>2nd<\/strong> &#8211; According to the figures published by the <a href=\"https:\/\/www.linkedin.com\/company\/european-patent-office\/\">European Patent Office<\/a> on 5 April 2022, France is the 2<strong>nd most innovative country in Europe<\/strong>.<\/li>\n<li>In 2021, there were 10,537 patent applications filed by French companies and research institutes, just behind Germany.<\/li>\n<li><strong>5th<\/strong> France has climbed to <strong>5th in the rank of most innovative countries in the world<\/strong>, a key position to take into account when making a location or investment decision.<\/li>\n<li>France offers an environment favourable to innovation:<\/li>\n<\/ul>\n<p>&gt; The French Tech programme supports, brings together and promotes start-ups in France and abroad.<\/p>\n<p>&gt; <strong>Research Tax Credits and the French tax system<\/strong> clearly work in favour of corporate Research and Development. Levers that enable companies to invest and innovate with confidence and thus up their levels of competitiveness.<\/p>\n<\/div>\n<\/div>\n<\/div>\r\n\t\t\t\t\t<a class='c-btn ' href=\"https:\/\/dunkerquelenergiecreative.fr\/en\/entreprendre-et-innover-a-dunkerque-en\/discover-a-territory-of-innovation\/\" target=\"\">DUNKRIK, A CERTIFIED INNOVATIVE TERRITORY<\/a>\t\t\t\t<\/div>\r\n\t\t\t<\/div>\r\n\t\t<\/div>\r\n\t<\/div>\r\n<\/section>\r\n\r\n\n\n\r\n\r\n\r\n<section class=\"blc-banner-full c-section c-section--white\" id='f34314f7b2f397f76876beaac1b16387'>\r\n\t<div class=\"o-wrapper\">\r\n\t\t<div class=\"c-section__narrow\">\r\n\t\t\t\t\t\t<p style=\"text-align: center;\"><strong>France offers an environment favourable to innovation:<\/strong><\/p>\n<p style=\"text-align: center;\">In 2017, 85% of foreign executives believed that the French ecosystem encouraged innovation. Thanks to the Research Tax Credit scheme (CIR), France offers companies<strong> Europe&#8217;s most beneficial R&amp;D tax treatment.<\/strong><\/p>\n\t\t\t\t\t<\/div>\r\n\t<\/div>\r\n<\/section>\r\n\r\n\n\n\n\n\n\t\n\t<section class=\"blc-list-card-ico c-section\">\n\t\t<div class=\"o-wrapper\">\n\t\t<h2 class=\"u-text-center\" class=\"u-text-center\" id=\"frances-conditions-are-positive-for-businesses\">FRANCE&#8217;S CONDITIONS ARE POSITIVE FOR BUSINESSES<\/h2>\n\t\t<div class=\"c-section__cards\">\n\t\t\t\t\t\t<div class=\"c-section__cards-col\">\n\t\t\t\t<div class=\"c-card c-card--secondary\">\n\t\t\t\t\t<h3 class=\"c-card__title\" class=\"c-card__title\" id=\"a-flexible-job-market\">A flexible job market<\/h3>\n\t\t\t\t\t<p class=\"c-card-icon__desc\"><p>The recent reform of the French Labour Code has helped to :<\/p>\n<p><span style=\"color: var(--color-tertiary); font-family: var(--global-font-family); font-size: var(--global-font-size);\">&gt;&nbsp; Strengthen the competitiveness of companies through greater flexibility<\/span><\/p>\n<p><span style=\"color: var(--color-tertiary); font-family: var(--global-font-family); font-size: var(--global-font-size);\">&gt;&nbsp; Improve working conditions for employees<\/span><\/p>\n<\/p>\n\t\t\t\t\t\t\t\t\t<\/div>\n\t\t\t<\/div>\n\t\t\t\t\t\t<div class=\"c-section__cards-col\">\n\t\t\t\t<div class=\"c-card \">\n\t\t\t\t\t<h3 class=\"c-card__title\" class=\"c-card__title\" id=\"industrial-excellence\">Industrial excellence<\/h3>\n\t\t\t\t\t<p class=\"c-card-icon__desc\"><p>There are almost 4 million companies in mainland France. That makes it real territory of entrepreneurs! Entrepreneurship is constantly growing because of a mature ecosystem and high performance financial support schemes and resources.<\/p>\n<\/p>\n\t\t\t\t\t\t\t\t\t<\/div>\n\t\t\t<\/div>\n\t\t\t\t\t\t<div class=\"c-section__cards-col\">\n\t\t\t\t<div class=\"c-card c-card--secondary\">\n\t\t\t\t\t<h3 class=\"c-card__title\" class=\"c-card__title\" id=\"welcome-home\">Welcome home !<\/h3>\n\t\t\t\t\t<p class=\"c-card-icon__desc\"><p>The French \u201cart de vivre\u201d has expanded internationally, making recruitment much easier. France supports companies as they bring international talent into their business and makes it easy for families coming to the country for professional reasons to settle in. The \u201cWelcome to France\u201d website has all the information you need.<\/p>\n<\/p>\n\t\t\t\t\t\t\t\t\t<\/div>\n\t\t\t<\/div>\n\t\t\t\t\t<\/div>\n\t\t<\/div>\n\t<\/section>\n\n\n\n\r\n\r\n\r\n<section class=\"blc-banner o-wrapper\" id='c9a8128e50f440399e9026779a85b50c'>\r\n\t<div class=\"c-white-book\">\r\n\t\t<img decoding=\"async\" class=\"c-white-book__bg\" alt=\"SET UP YOUR BUSINESS IN FRANCE\" src=\"https:\/\/dunkerquelenergiecreative.fr\/wp-content\/uploads\/2022\/07\/bg-white-book-2.jpg\" srcset=\"https:\/\/dunkerquelenergiecreative.fr\/wp-content\/uploads\/2022\/07\/bg-white-book-2-300x72.jpg 300w, https:\/\/dunkerquelenergiecreative.fr\/wp-content\/uploads\/2022\/07\/bg-white-book-2-1024x245.jpg 1024w, https:\/\/dunkerquelenergiecreative.fr\/wp-content\/uploads\/2022\/07\/bg-white-book-2-768x184.jpg 768w, https:\/\/dunkerquelenergiecreative.fr\/wp-content\/uploads\/2022\/07\/bg-white-book-2.jpg 1265w\" sizes=\"(min-width: 1400px) 1386px, (min-width: 1600px) 1584px, 100vw\">\t\t\t\t<div class=\"c-white-book__content\">\r\n\t\t\t<h2 id=\"why-is-dunkirk-the-ideal-territory-for-growing-your-company\">WHY IS DUNKIRK THE IDEAL TERRITORY FOR GROWING YOUR COMPANY ?<\/h2>\t\t\t<a class=\"c-btn\" href=\"https:\/\/dunkerquelenergiecreative.fr\/en\/do-you-have-a-project\/\" target=\"_blank\">DOWNLOAD TO FIND OUT MORE<\/a>\t\t<\/div>\r\n\t<\/div>\r\n<\/section>\r\n\r\n\r\n","protected":false},"excerpt":{"rendered":"","protected":false},"author":2,"featured_media":32778,"parent":57672,"menu_order":0,"comment_status":"closed","ping_status":"closed","template":"","meta":{"_acf_changed":false,"inline_featured_image":false,"_uf_show_specific_survey":0,"_uf_disable_surveys":false,"footnotes":""},"class_list":["post-9178","page","type-page","status-publish","has-post-thumbnail","hentry"],"acf":[],"yoast_head":"<!-- This site is optimized with the Yoast SEO plugin v27.4 - https:\/\/yoast.com\/product\/yoast-seo-wordpress\/ -->\n<title>SET UP YOUR BUSINESS IN FRANCE - Dunkerque l&#039;\u00c9nergie Cr\u00e9ative<\/title>\n<meta name=\"robots\" content=\"index, follow, max-snippet:-1, max-image-preview:large, max-video-preview:-1\" \/>\n<link rel=\"canonical\" href=\"https:\/\/dunkerquelenergiecreative.fr\/en\/invest-undertake-innovate\/set-up-your-business-in-france\/\" \/>\n<meta property=\"og:locale\" content=\"en_US\" \/>\n<meta property=\"og:type\" content=\"article\" \/>\n<meta property=\"og:title\" content=\"SET UP YOUR BUSINESS IN FRANCE - Dunkerque l&#039;\u00c9nergie Cr\u00e9ative\" \/>\n<meta property=\"og:url\" content=\"https:\/\/dunkerquelenergiecreative.fr\/en\/invest-undertake-innovate\/set-up-your-business-in-france\/\" \/>\n<meta property=\"og:site_name\" content=\"Dunkerque l&#039;\u00c9nergie Cr\u00e9ative\" \/>\n<meta property=\"article:publisher\" content=\"https:\/\/www.facebook.com\/Dunkerquelenergiecreative\" \/>\n<meta property=\"article:modified_time\" content=\"2022-09-21T09:38:58+00:00\" \/>\n<meta property=\"og:image\" content=\"https:\/\/dunkerquelenergiecreative.fr\/wp-content\/uploads\/2023\/02\/France-cible-france-dart-frapper-en-france-sur-la-carte-d-39-europe-150x150-1.jpg\" \/>\n\t<meta property=\"og:image:width\" content=\"150\" \/>\n\t<meta property=\"og:image:height\" content=\"150\" \/>\n\t<meta property=\"og:image:type\" content=\"image\/jpeg\" \/>\n<meta name=\"twitter:card\" content=\"summary_large_image\" \/>\n<meta name=\"twitter:site\" content=\"@ecosysteme_d\" \/>\n<script type=\"application\/ld+json\" class=\"yoast-schema-graph\">{\"@context\":\"https:\\\/\\\/schema.org\",\"@graph\":[{\"@type\":\"WebPage\",\"@id\":\"https:\\\/\\\/dunkerquelenergiecreative.fr\\\/en\\\/invest-undertake-innovate\\\/set-up-your-business-in-france\\\/\",\"url\":\"https:\\\/\\\/dunkerquelenergiecreative.fr\\\/en\\\/invest-undertake-innovate\\\/set-up-your-business-in-france\\\/\",\"name\":\"SET UP YOUR BUSINESS IN FRANCE - Dunkerque l&#039;\u00c9nergie Cr\u00e9ative\",\"isPartOf\":{\"@id\":\"https:\\\/\\\/dunkerquelenergiecreative.fr\\\/en\\\/#website\"},\"primaryImageOfPage\":{\"@id\":\"https:\\\/\\\/dunkerquelenergiecreative.fr\\\/en\\\/invest-undertake-innovate\\\/set-up-your-business-in-france\\\/#primaryimage\"},\"image\":{\"@id\":\"https:\\\/\\\/dunkerquelenergiecreative.fr\\\/en\\\/invest-undertake-innovate\\\/set-up-your-business-in-france\\\/#primaryimage\"},\"thumbnailUrl\":\"https:\\\/\\\/dunkerquelenergiecreative.fr\\\/wp-content\\\/uploads\\\/2023\\\/02\\\/France-cible-france-dart-frapper-en-france-sur-la-carte-d-39-europe-150x150-1.jpg\",\"datePublished\":\"2022-05-13T12:58:01+00:00\",\"dateModified\":\"2022-09-21T09:38:58+00:00\",\"breadcrumb\":{\"@id\":\"https:\\\/\\\/dunkerquelenergiecreative.fr\\\/en\\\/invest-undertake-innovate\\\/set-up-your-business-in-france\\\/#breadcrumb\"},\"inLanguage\":\"en-US\",\"potentialAction\":[{\"@type\":\"ReadAction\",\"target\":[\"https:\\\/\\\/dunkerquelenergiecreative.fr\\\/en\\\/invest-undertake-innovate\\\/set-up-your-business-in-france\\\/\"]}]},{\"@type\":\"ImageObject\",\"inLanguage\":\"en-US\",\"@id\":\"https:\\\/\\\/dunkerquelenergiecreative.fr\\\/en\\\/invest-undertake-innovate\\\/set-up-your-business-in-france\\\/#primaryimage\",\"url\":\"https:\\\/\\\/dunkerquelenergiecreative.fr\\\/wp-content\\\/uploads\\\/2023\\\/02\\\/France-cible-france-dart-frapper-en-france-sur-la-carte-d-39-europe-150x150-1.jpg\",\"contentUrl\":\"https:\\\/\\\/dunkerquelenergiecreative.fr\\\/wp-content\\\/uploads\\\/2023\\\/02\\\/France-cible-france-dart-frapper-en-france-sur-la-carte-d-39-europe-150x150-1.jpg\",\"width\":150,\"height\":150,\"caption\":\"drapeau fran\u00e7ais sur la carte de france\"},{\"@type\":\"BreadcrumbList\",\"@id\":\"https:\\\/\\\/dunkerquelenergiecreative.fr\\\/en\\\/invest-undertake-innovate\\\/set-up-your-business-in-france\\\/#breadcrumb\",\"itemListElement\":[{\"@type\":\"ListItem\",\"position\":1,\"name\":\"Home\",\"item\":\"https:\\\/\\\/dunkerquelenergiecreative.fr\\\/en\\\/\"},{\"@type\":\"ListItem\",\"position\":2,\"name\":\"SET UP YOUR BUSINESS IN FRANCE\"}]},{\"@type\":\"WebSite\",\"@id\":\"https:\\\/\\\/dunkerquelenergiecreative.fr\\\/en\\\/#website\",\"url\":\"https:\\\/\\\/dunkerquelenergiecreative.fr\\\/en\\\/\",\"name\":\"Dunkerque l'\u00c9nergie Cr\u00e9ative\",\"description\":\"Agence de d\u00e9veloppement \u00e9conomique \u00e0 Dunkerque\",\"publisher\":{\"@id\":\"https:\\\/\\\/dunkerquelenergiecreative.fr\\\/en\\\/#organization\"},\"potentialAction\":[{\"@type\":\"SearchAction\",\"target\":{\"@type\":\"EntryPoint\",\"urlTemplate\":\"https:\\\/\\\/dunkerquelenergiecreative.fr\\\/en\\\/?s={search_term_string}\"},\"query-input\":{\"@type\":\"PropertyValueSpecification\",\"valueRequired\":true,\"valueName\":\"search_term_string\"}}],\"inLanguage\":\"en-US\"},{\"@type\":\"Organization\",\"@id\":\"https:\\\/\\\/dunkerquelenergiecreative.fr\\\/en\\\/#organization\",\"name\":\"Dunkerque l'\u00c9nergie Cr\u00e9ative\",\"url\":\"https:\\\/\\\/dunkerquelenergiecreative.fr\\\/en\\\/\",\"logo\":{\"@type\":\"ImageObject\",\"inLanguage\":\"en-US\",\"@id\":\"https:\\\/\\\/dunkerquelenergiecreative.fr\\\/en\\\/#\\\/schema\\\/logo\\\/image\\\/\",\"url\":\"https:\\\/\\\/dunkerquelenergiecreative.fr\\\/wp-content\\\/uploads\\\/2025\\\/04\\\/logo-dunkerque.png\",\"contentUrl\":\"https:\\\/\\\/dunkerquelenergiecreative.fr\\\/wp-content\\\/uploads\\\/2025\\\/04\\\/logo-dunkerque.png\",\"width\":696,\"height\":696,\"caption\":\"Dunkerque l'\u00c9nergie Cr\u00e9ative\"},\"image\":{\"@id\":\"https:\\\/\\\/dunkerquelenergiecreative.fr\\\/en\\\/#\\\/schema\\\/logo\\\/image\\\/\"},\"sameAs\":[\"https:\\\/\\\/www.facebook.com\\\/Dunkerquelenergiecreative\",\"https:\\\/\\\/x.com\\\/ecosysteme_d\",\"https:\\\/\\\/fr.linkedin.com\\\/company\\\/dunkerque-l-energie-creative\",\"https:\\\/\\\/www.linkedin.com\\\/company\\\/ecosysteme-d\\\/\",\"https:\\\/\\\/www.instagram.com\\\/dunkerquelenergiecreative\\\/\"]}]}<\/script>\n<!-- \/ Yoast SEO plugin. -->","yoast_head_json":{"title":"SET UP YOUR BUSINESS IN FRANCE - Dunkerque l&#039;\u00c9nergie Cr\u00e9ative","robots":{"index":"index","follow":"follow","max-snippet":"max-snippet:-1","max-image-preview":"max-image-preview:large","max-video-preview":"max-video-preview:-1"},"canonical":"https:\/\/dunkerquelenergiecreative.fr\/en\/invest-undertake-innovate\/set-up-your-business-in-france\/","og_locale":"en_US","og_type":"article","og_title":"SET UP YOUR BUSINESS IN FRANCE - Dunkerque l&#039;\u00c9nergie Cr\u00e9ative","og_url":"https:\/\/dunkerquelenergiecreative.fr\/en\/invest-undertake-innovate\/set-up-your-business-in-france\/","og_site_name":"Dunkerque l&#039;\u00c9nergie Cr\u00e9ative","article_publisher":"https:\/\/www.facebook.com\/Dunkerquelenergiecreative","article_modified_time":"2022-09-21T09:38:58+00:00","og_image":[{"width":150,"height":150,"url":"https:\/\/dunkerquelenergiecreative.fr\/wp-content\/uploads\/2023\/02\/France-cible-france-dart-frapper-en-france-sur-la-carte-d-39-europe-150x150-1.jpg","type":"image\/jpeg"}],"twitter_card":"summary_large_image","twitter_site":"@ecosysteme_d","schema":{"@context":"https:\/\/schema.org","@graph":[{"@type":"WebPage","@id":"https:\/\/dunkerquelenergiecreative.fr\/en\/invest-undertake-innovate\/set-up-your-business-in-france\/","url":"https:\/\/dunkerquelenergiecreative.fr\/en\/invest-undertake-innovate\/set-up-your-business-in-france\/","name":"SET UP YOUR BUSINESS IN FRANCE - Dunkerque l&#039;\u00c9nergie Cr\u00e9ative","isPartOf":{"@id":"https:\/\/dunkerquelenergiecreative.fr\/en\/#website"},"primaryImageOfPage":{"@id":"https:\/\/dunkerquelenergiecreative.fr\/en\/invest-undertake-innovate\/set-up-your-business-in-france\/#primaryimage"},"image":{"@id":"https:\/\/dunkerquelenergiecreative.fr\/en\/invest-undertake-innovate\/set-up-your-business-in-france\/#primaryimage"},"thumbnailUrl":"https:\/\/dunkerquelenergiecreative.fr\/wp-content\/uploads\/2023\/02\/France-cible-france-dart-frapper-en-france-sur-la-carte-d-39-europe-150x150-1.jpg","datePublished":"2022-05-13T12:58:01+00:00","dateModified":"2022-09-21T09:38:58+00:00","breadcrumb":{"@id":"https:\/\/dunkerquelenergiecreative.fr\/en\/invest-undertake-innovate\/set-up-your-business-in-france\/#breadcrumb"},"inLanguage":"en-US","potentialAction":[{"@type":"ReadAction","target":["https:\/\/dunkerquelenergiecreative.fr\/en\/invest-undertake-innovate\/set-up-your-business-in-france\/"]}]},{"@type":"ImageObject","inLanguage":"en-US","@id":"https:\/\/dunkerquelenergiecreative.fr\/en\/invest-undertake-innovate\/set-up-your-business-in-france\/#primaryimage","url":"https:\/\/dunkerquelenergiecreative.fr\/wp-content\/uploads\/2023\/02\/France-cible-france-dart-frapper-en-france-sur-la-carte-d-39-europe-150x150-1.jpg","contentUrl":"https:\/\/dunkerquelenergiecreative.fr\/wp-content\/uploads\/2023\/02\/France-cible-france-dart-frapper-en-france-sur-la-carte-d-39-europe-150x150-1.jpg","width":150,"height":150,"caption":"drapeau fran\u00e7ais sur la carte de france"},{"@type":"BreadcrumbList","@id":"https:\/\/dunkerquelenergiecreative.fr\/en\/invest-undertake-innovate\/set-up-your-business-in-france\/#breadcrumb","itemListElement":[{"@type":"ListItem","position":1,"name":"Home","item":"https:\/\/dunkerquelenergiecreative.fr\/en\/"},{"@type":"ListItem","position":2,"name":"SET UP YOUR BUSINESS IN FRANCE"}]},{"@type":"WebSite","@id":"https:\/\/dunkerquelenergiecreative.fr\/en\/#website","url":"https:\/\/dunkerquelenergiecreative.fr\/en\/","name":"Dunkerque l'\u00c9nergie Cr\u00e9ative","description":"Agence de d\u00e9veloppement \u00e9conomique \u00e0 Dunkerque","publisher":{"@id":"https:\/\/dunkerquelenergiecreative.fr\/en\/#organization"},"potentialAction":[{"@type":"SearchAction","target":{"@type":"EntryPoint","urlTemplate":"https:\/\/dunkerquelenergiecreative.fr\/en\/?s={search_term_string}"},"query-input":{"@type":"PropertyValueSpecification","valueRequired":true,"valueName":"search_term_string"}}],"inLanguage":"en-US"},{"@type":"Organization","@id":"https:\/\/dunkerquelenergiecreative.fr\/en\/#organization","name":"Dunkerque l'\u00c9nergie Cr\u00e9ative","url":"https:\/\/dunkerquelenergiecreative.fr\/en\/","logo":{"@type":"ImageObject","inLanguage":"en-US","@id":"https:\/\/dunkerquelenergiecreative.fr\/en\/#\/schema\/logo\/image\/","url":"https:\/\/dunkerquelenergiecreative.fr\/wp-content\/uploads\/2025\/04\/logo-dunkerque.png","contentUrl":"https:\/\/dunkerquelenergiecreative.fr\/wp-content\/uploads\/2025\/04\/logo-dunkerque.png","width":696,"height":696,"caption":"Dunkerque l'\u00c9nergie Cr\u00e9ative"},"image":{"@id":"https:\/\/dunkerquelenergiecreative.fr\/en\/#\/schema\/logo\/image\/"},"sameAs":["https:\/\/www.facebook.com\/Dunkerquelenergiecreative","https:\/\/x.com\/ecosysteme_d","https:\/\/fr.linkedin.com\/company\/dunkerque-l-energie-creative","https:\/\/www.linkedin.com\/company\/ecosysteme-d\/","https:\/\/www.instagram.com\/dunkerquelenergiecreative\/"]}]}},"_links":{"self":[{"href":"https:\/\/dunkerquelenergiecreative.fr\/en\/wp-json\/wp\/v2\/pages\/9178","targetHints":{"allow":["GET"]}}],"collection":[{"href":"https:\/\/dunkerquelenergiecreative.fr\/en\/wp-json\/wp\/v2\/pages"}],"about":[{"href":"https:\/\/dunkerquelenergiecreative.fr\/en\/wp-json\/wp\/v2\/types\/page"}],"author":[{"embeddable":true,"href":"https:\/\/dunkerquelenergiecreative.fr\/en\/wp-json\/wp\/v2\/users\/2"}],"replies":[{"embeddable":true,"href":"https:\/\/dunkerquelenergiecreative.fr\/en\/wp-json\/wp\/v2\/comments?post=9178"}],"version-history":[{"count":0,"href":"https:\/\/dunkerquelenergiecreative.fr\/en\/wp-json\/wp\/v2\/pages\/9178\/revisions"}],"up":[{"embeddable":true,"href":"https:\/\/dunkerquelenergiecreative.fr\/en\/wp-json\/wp\/v2\/pages\/57672"}],"wp:featuredmedia":[{"embeddable":true,"href":"https:\/\/dunkerquelenergiecreative.fr\/en\/wp-json\/wp\/v2\/media\/32778"}],"wp:attachment":[{"href":"https:\/\/dunkerquelenergiecreative.fr\/en\/wp-json\/wp\/v2\/media?parent=9178"}],"curies":[{"name":"wp","href":"https:\/\/api.w.org\/{rel}","templated":true}]}}