{"id":63248,"date":"2025-02-28T11:18:17","date_gmt":"2025-02-28T10:18:17","guid":{"rendered":"https:\/\/dunkerquelenergiecreative.fr\/?page_id=63248"},"modified":"2025-02-28T11:18:30","modified_gmt":"2025-02-28T10:18:30","slug":"office-of-tourism-and-conventions","status":"publish","type":"page","link":"https:\/\/dunkerquelenergiecreative.fr\/en\/office-of-tourism-and-conventions\/","title":{"rendered":"Office of Tourism and Conventions"},"content":{"rendered":"\n\n<section class=\"blc-hero-sm c-head\" id='0614aeb168ddb8f61e24da63d384b7d2'>\n\t<div class=\"c-head__bg decal__bg\">\n\t\t<img decoding=\"async\" data-aos=\"fade\" alt=\"Communaut\u00e9 urbaine de Dunkerque plan a\u00e9rien\" src=\"https:\/\/dunkerquelenergiecreative.fr\/wp-content\/uploads\/2021\/12\/27-01-2017_26-janvier2017_0134-REDI.jpg\" srcset=\"https:\/\/dunkerquelenergiecreative.fr\/wp-content\/uploads\/2021\/12\/27-01-2017_26-janvier2017_0134-REDI-300x225.jpg 300w, https:\/\/dunkerquelenergiecreative.fr\/wp-content\/uploads\/2021\/12\/27-01-2017_26-janvier2017_0134-REDI-1024x768.jpg 1024w, https:\/\/dunkerquelenergiecreative.fr\/wp-content\/uploads\/2021\/12\/27-01-2017_26-janvier2017_0134-REDI-768x576.jpg 768w, https:\/\/dunkerquelenergiecreative.fr\/wp-content\/uploads\/2021\/12\/27-01-2017_26-janvier2017_0134-REDI.jpg 1280w\" sizes=\"(min-width: 1200px) 1080px, (min-width: 1400px) 1260px, (min-width: 1600px) 1440px, 100vw\">\t\t\t<\/div>\n\t<div class=\"o-wrapper\">\n\t\t<div class=\"c-head__box c-head__box--smaller\">\n\t\t\t<div class=\"c-head__wrap\" data-aos=\"fade-left\">\n\t\t\t\t<div class=\"c-breadcrumbs\"><span><span><a href=\"https:\/\/dunkerquelenergiecreative.fr\/en\/\">Home<\/a><\/span><\/span><\/div>\n\t\t\t\t\t\t\t<\/div>\n\t\t\t\t\t\t\t<h1 class=\"u-h2 c-head__title\" data-aos=\"fade-left\" data-aos-delay=\"100\" class=\"u-h2 c-head__title\" data-aos=\"fade-left\" data-aos-delay=\"100\" id=\"office-of-tourism-and-conventions\">Office of Tourism and Conventions<\/h1>\n\t\t\t\t\t\t\t\t<\/div>\n\t<\/div>\n<\/section>\n\n\n\n\r\n\r\n\r\n<section class=\"blc-banner-full c-section c-section--secondary\" id='406cb2683ab06ec991c7c0d7609a5ebe'>\r\n\t<div class=\"o-wrapper\">\r\n\t\t<div class=\"c-section__narrow\">\r\n\t\t\t\t\t\t<p style=\"text-align: center;\"><strong>The Office of Tourism and Conventions is a key player in the tourism development of the Urban Community of Dunkerque. Its mission is to welcome, assist, and retain visitors. Its role is to promote the region\u2019s assets on a regional, national, and international level, while ensuring a high-quality visitor experience.<\/strong><\/p>\n\t\t\t\t\t<\/div>\r\n\t<\/div>\r\n<\/section>\r\n\r\n\n\n\r\n\r\n<section class=\"blc-text-media c-section c-section--white\" id='df7a01ff98e28f1f372874c1686a7e94'>\r\n\t<div class=\"o-wrapper\">\r\n\t\t<div class=\"c-block-push \">\r\n\t\t\t<div class=\"c-block-push__img\">\r\n\t\t\t\t<div class=\"ratio-16x9\">\r\n\t\t\t\t\t<img decoding=\"async\" alt=\"Logo office de tourisme \" src=\"https:\/\/dunkerquelenergiecreative.fr\/wp-content\/uploads\/2025\/02\/Design-sans-titre.png\" srcset=\"https:\/\/dunkerquelenergiecreative.fr\/wp-content\/uploads\/2025\/02\/Design-sans-titre-300x181.png 300w, https:\/\/dunkerquelenergiecreative.fr\/wp-content\/uploads\/2025\/02\/Design-sans-titre-1024x619.png 1024w, https:\/\/dunkerquelenergiecreative.fr\/wp-content\/uploads\/2025\/02\/Design-sans-titre-768x464.png 768w, https:\/\/dunkerquelenergiecreative.fr\/wp-content\/uploads\/2025\/02\/Design-sans-titre-1536x928.png 1536w, https:\/\/dunkerquelenergiecreative.fr\/wp-content\/uploads\/2025\/02\/Design-sans-titre.png 1582w\" sizes=\"(min-width: 992px) 496px, (min-width: 1200px) 600px, (min-width: 1400px) 700px, (min-width: 1600px) 800px, 100vw\">\t\t\t\t\t\t\t\t\t\t\t\t\t\t<\/div>\r\n\t\t\t<\/div>\r\n\t\t\t<div class=\"c-block-push__content\">\r\n\t\t\t\t<div class=\"c-wysiwyg\">\r\n\t\t\t\t\t<h1 id=\"\"><\/h2>\r\n\t\t\t\t\t<div><p>Committed to sustainable tourism development, the Office of Tourism organizes and hosts tourist groups, press trips, and communication campaigns highlighting the diversity and richness of Dunkerque\u2019s cultural and historical offerings. At the same time, it also positions itself as a major promoter of business tourism.<\/p>\n<p>ISO 9001 certified, the Office of Tourism works closely with industry professionals to meet quality standards. This commitment has led to awards recognizing Dunkerque for its hospitality efforts and welcoming spirit.<\/p>\n<p>A flagship location of the Office of Tourism is the historic Kursaal building in Dunkerque. Both a convention center and a business hub, the Kursaal offers a rich and varied program for companies and individuals alike. It is one of Dunkerque\u2019s most iconic landmarks, regularly hosting exhibitions, conferences, and performances, making Dunkerque a must-visit destination for both business and leisure.<\/p>\n<\/div>\r\n\t\t\t\t\t<a class='c-btn ' href=\"https:\/\/www.dunkerque-tourisme.fr\/\" target=\"\">Visit their website<\/a>\t\t\t\t<\/div>\r\n\t\t\t<\/div>\r\n\t\t<\/div>\r\n\t<\/div>\r\n<\/section>\r\n\r\n\n\n\r\n\r\n\r\n<section class=\"blc-banner o-wrapper\" id='ab1b00d19203f2c6fb7fbc8b3327ab44'>\r\n\t<div class=\"c-white-book\">\r\n\t\t<img decoding=\"async\" class=\"c-white-book__bg\" alt=\"Office of Tourism and Conventions\" src=\"https:\/\/dunkerquelenergiecreative.fr\/wp-content\/uploads\/2022\/07\/bg-white-book-2.jpg\" srcset=\"https:\/\/dunkerquelenergiecreative.fr\/wp-content\/uploads\/2022\/07\/bg-white-book-2-300x72.jpg 300w, https:\/\/dunkerquelenergiecreative.fr\/wp-content\/uploads\/2022\/07\/bg-white-book-2-1024x245.jpg 1024w, https:\/\/dunkerquelenergiecreative.fr\/wp-content\/uploads\/2022\/07\/bg-white-book-2-768x184.jpg 768w, https:\/\/dunkerquelenergiecreative.fr\/wp-content\/uploads\/2022\/07\/bg-white-book-2.jpg 1265w\" sizes=\"(min-width: 1400px) 1386px, (min-width: 1600px) 1584px, 100vw\">\t\t\t\t<div class=\"c-white-book__content\">\r\n\t\t\t<h2 id=\"why-is-dunkirk-the-ideal-territory-for-growing-your-company\">WHY IS DUNKIRK THE IDEAL TERRITORY FOR GROWING YOUR COMPANY ?<\/h2>\t\t\t<a class=\"c-btn\" href=\"https:\/\/dunkerquelenergiecreative.fr\/en\/do-you-have-a-project\/\" target=\"_blank\">DOWNLOAD TO FIND OUT MORE<\/a>\t\t<\/div>\r\n\t<\/div>\r\n<\/section>\r\n\r\n\r\n","protected":false},"excerpt":{"rendered":"","protected":false},"author":2,"featured_media":62709,"parent":0,"menu_order":0,"comment_status":"closed","ping_status":"closed","template":"","meta":{"_acf_changed":false,"inline_featured_image":false,"_uf_show_specific_survey":0,"_uf_disable_surveys":false,"footnotes":""},"class_list":["post-63248","page","type-page","status-publish","has-post-thumbnail","hentry"],"acf":[],"yoast_head":"<!-- This site is optimized with the Yoast SEO plugin v27.4 - https:\/\/yoast.com\/product\/yoast-seo-wordpress\/ -->\n<title>Office of Tourism and Conventions - Dunkerque l&#039;\u00c9nergie Cr\u00e9ative<\/title>\n<meta name=\"description\" content=\"The Office of tourism and Conventions is a key player in the development of tourism in the region. Its mission: to welcome, support and retain visitors\" \/>\n<meta name=\"robots\" content=\"index, follow, max-snippet:-1, max-image-preview:large, max-video-preview:-1\" \/>\n<link rel=\"canonical\" href=\"https:\/\/dunkerquelenergiecreative.fr\/en\/office-of-tourism-and-conventions\/\" \/>\n<meta property=\"og:locale\" content=\"en_US\" \/>\n<meta property=\"og:type\" content=\"article\" \/>\n<meta property=\"og:title\" content=\"Office of Tourism and Conventions - Dunkerque l&#039;\u00c9nergie Cr\u00e9ative\" \/>\n<meta property=\"og:description\" content=\"The Office of tourism and Conventions is a key player in the development of tourism in the region. Its mission: to welcome, support and retain visitors\" \/>\n<meta property=\"og:url\" content=\"https:\/\/dunkerquelenergiecreative.fr\/en\/office-of-tourism-and-conventions\/\" \/>\n<meta property=\"og:site_name\" content=\"Dunkerque l&#039;\u00c9nergie Cr\u00e9ative\" \/>\n<meta property=\"article:publisher\" content=\"https:\/\/www.facebook.com\/Dunkerquelenergiecreative\" \/>\n<meta property=\"article:modified_time\" content=\"2025-02-28T10:18:30+00:00\" \/>\n<meta property=\"og:image\" content=\"https:\/\/dunkerquelenergiecreative.fr\/wp-content\/uploads\/2025\/02\/Spirit-Of-Dunkerque.png\" \/>\n\t<meta property=\"og:image:width\" content=\"445\" \/>\n\t<meta property=\"og:image:height\" content=\"295\" \/>\n\t<meta property=\"og:image:type\" content=\"image\/png\" \/>\n<meta name=\"twitter:card\" content=\"summary_large_image\" \/>\n<meta name=\"twitter:site\" content=\"@ecosysteme_d\" \/>\n<meta name=\"twitter:label1\" content=\"Est. reading time\" \/>\n\t<meta name=\"twitter:data1\" content=\"2 minutes\" \/>\n<script type=\"application\/ld+json\" class=\"yoast-schema-graph\">{\"@context\":\"https:\\\/\\\/schema.org\",\"@graph\":[{\"@type\":\"WebPage\",\"@id\":\"https:\\\/\\\/dunkerquelenergiecreative.fr\\\/en\\\/office-of-tourism-and-conventions\\\/\",\"url\":\"https:\\\/\\\/dunkerquelenergiecreative.fr\\\/en\\\/office-of-tourism-and-conventions\\\/\",\"name\":\"Office of Tourism and Conventions - Dunkerque l&#039;\u00c9nergie Cr\u00e9ative\",\"isPartOf\":{\"@id\":\"https:\\\/\\\/dunkerquelenergiecreative.fr\\\/en\\\/#website\"},\"primaryImageOfPage\":{\"@id\":\"https:\\\/\\\/dunkerquelenergiecreative.fr\\\/en\\\/office-of-tourism-and-conventions\\\/#primaryimage\"},\"image\":{\"@id\":\"https:\\\/\\\/dunkerquelenergiecreative.fr\\\/en\\\/office-of-tourism-and-conventions\\\/#primaryimage\"},\"thumbnailUrl\":\"https:\\\/\\\/dunkerquelenergiecreative.fr\\\/wp-content\\\/uploads\\\/2025\\\/02\\\/Spirit-Of-Dunkerque.png\",\"datePublished\":\"2025-02-28T10:18:17+00:00\",\"dateModified\":\"2025-02-28T10:18:30+00:00\",\"description\":\"The Office of tourism and Conventions is a key player in the development of tourism in the region. Its mission: to welcome, support and retain visitors\",\"breadcrumb\":{\"@id\":\"https:\\\/\\\/dunkerquelenergiecreative.fr\\\/en\\\/office-of-tourism-and-conventions\\\/#breadcrumb\"},\"inLanguage\":\"en-US\",\"potentialAction\":[{\"@type\":\"ReadAction\",\"target\":[\"https:\\\/\\\/dunkerquelenergiecreative.fr\\\/en\\\/office-of-tourism-and-conventions\\\/\"]}]},{\"@type\":\"ImageObject\",\"inLanguage\":\"en-US\",\"@id\":\"https:\\\/\\\/dunkerquelenergiecreative.fr\\\/en\\\/office-of-tourism-and-conventions\\\/#primaryimage\",\"url\":\"https:\\\/\\\/dunkerquelenergiecreative.fr\\\/wp-content\\\/uploads\\\/2025\\\/02\\\/Spirit-Of-Dunkerque.png\",\"contentUrl\":\"https:\\\/\\\/dunkerquelenergiecreative.fr\\\/wp-content\\\/uploads\\\/2025\\\/02\\\/Spirit-Of-Dunkerque.png\",\"width\":445,\"height\":295},{\"@type\":\"BreadcrumbList\",\"@id\":\"https:\\\/\\\/dunkerquelenergiecreative.fr\\\/en\\\/office-of-tourism-and-conventions\\\/#breadcrumb\",\"itemListElement\":[{\"@type\":\"ListItem\",\"position\":1,\"name\":\"Home\",\"item\":\"https:\\\/\\\/dunkerquelenergiecreative.fr\\\/en\\\/\"},{\"@type\":\"ListItem\",\"position\":2,\"name\":\"Office of Tourism and Conventions\"}]},{\"@type\":\"WebSite\",\"@id\":\"https:\\\/\\\/dunkerquelenergiecreative.fr\\\/en\\\/#website\",\"url\":\"https:\\\/\\\/dunkerquelenergiecreative.fr\\\/en\\\/\",\"name\":\"Dunkerque l'\u00c9nergie Cr\u00e9ative\",\"description\":\"Agence de d\u00e9veloppement \u00e9conomique \u00e0 Dunkerque\",\"publisher\":{\"@id\":\"https:\\\/\\\/dunkerquelenergiecreative.fr\\\/en\\\/#organization\"},\"potentialAction\":[{\"@type\":\"SearchAction\",\"target\":{\"@type\":\"EntryPoint\",\"urlTemplate\":\"https:\\\/\\\/dunkerquelenergiecreative.fr\\\/en\\\/?s={search_term_string}\"},\"query-input\":{\"@type\":\"PropertyValueSpecification\",\"valueRequired\":true,\"valueName\":\"search_term_string\"}}],\"inLanguage\":\"en-US\"},{\"@type\":\"Organization\",\"@id\":\"https:\\\/\\\/dunkerquelenergiecreative.fr\\\/en\\\/#organization\",\"name\":\"Dunkerque l'\u00c9nergie Cr\u00e9ative\",\"url\":\"https:\\\/\\\/dunkerquelenergiecreative.fr\\\/en\\\/\",\"logo\":{\"@type\":\"ImageObject\",\"inLanguage\":\"en-US\",\"@id\":\"https:\\\/\\\/dunkerquelenergiecreative.fr\\\/en\\\/#\\\/schema\\\/logo\\\/image\\\/\",\"url\":\"https:\\\/\\\/dunkerquelenergiecreative.fr\\\/wp-content\\\/uploads\\\/2025\\\/04\\\/logo-dunkerque.png\",\"contentUrl\":\"https:\\\/\\\/dunkerquelenergiecreative.fr\\\/wp-content\\\/uploads\\\/2025\\\/04\\\/logo-dunkerque.png\",\"width\":696,\"height\":696,\"caption\":\"Dunkerque l'\u00c9nergie Cr\u00e9ative\"},\"image\":{\"@id\":\"https:\\\/\\\/dunkerquelenergiecreative.fr\\\/en\\\/#\\\/schema\\\/logo\\\/image\\\/\"},\"sameAs\":[\"https:\\\/\\\/www.facebook.com\\\/Dunkerquelenergiecreative\",\"https:\\\/\\\/x.com\\\/ecosysteme_d\",\"https:\\\/\\\/fr.linkedin.com\\\/company\\\/dunkerque-l-energie-creative\",\"https:\\\/\\\/www.linkedin.com\\\/company\\\/ecosysteme-d\\\/\",\"https:\\\/\\\/www.instagram.com\\\/dunkerquelenergiecreative\\\/\"]}]}<\/script>\n<!-- \/ Yoast SEO plugin. -->","yoast_head_json":{"title":"Office of Tourism and Conventions - Dunkerque l&#039;\u00c9nergie Cr\u00e9ative","description":"The Office of tourism and Conventions is a key player in the development of tourism in the region. Its mission: to welcome, support and retain visitors","robots":{"index":"index","follow":"follow","max-snippet":"max-snippet:-1","max-image-preview":"max-image-preview:large","max-video-preview":"max-video-preview:-1"},"canonical":"https:\/\/dunkerquelenergiecreative.fr\/en\/office-of-tourism-and-conventions\/","og_locale":"en_US","og_type":"article","og_title":"Office of Tourism and Conventions - Dunkerque l&#039;\u00c9nergie Cr\u00e9ative","og_description":"The Office of tourism and Conventions is a key player in the development of tourism in the region. Its mission: to welcome, support and retain visitors","og_url":"https:\/\/dunkerquelenergiecreative.fr\/en\/office-of-tourism-and-conventions\/","og_site_name":"Dunkerque l&#039;\u00c9nergie Cr\u00e9ative","article_publisher":"https:\/\/www.facebook.com\/Dunkerquelenergiecreative","article_modified_time":"2025-02-28T10:18:30+00:00","og_image":[{"width":445,"height":295,"url":"https:\/\/dunkerquelenergiecreative.fr\/wp-content\/uploads\/2025\/02\/Spirit-Of-Dunkerque.png","type":"image\/png"}],"twitter_card":"summary_large_image","twitter_site":"@ecosysteme_d","twitter_misc":{"Est. reading time":"2 minutes"},"schema":{"@context":"https:\/\/schema.org","@graph":[{"@type":"WebPage","@id":"https:\/\/dunkerquelenergiecreative.fr\/en\/office-of-tourism-and-conventions\/","url":"https:\/\/dunkerquelenergiecreative.fr\/en\/office-of-tourism-and-conventions\/","name":"Office of Tourism and Conventions - Dunkerque l&#039;\u00c9nergie Cr\u00e9ative","isPartOf":{"@id":"https:\/\/dunkerquelenergiecreative.fr\/en\/#website"},"primaryImageOfPage":{"@id":"https:\/\/dunkerquelenergiecreative.fr\/en\/office-of-tourism-and-conventions\/#primaryimage"},"image":{"@id":"https:\/\/dunkerquelenergiecreative.fr\/en\/office-of-tourism-and-conventions\/#primaryimage"},"thumbnailUrl":"https:\/\/dunkerquelenergiecreative.fr\/wp-content\/uploads\/2025\/02\/Spirit-Of-Dunkerque.png","datePublished":"2025-02-28T10:18:17+00:00","dateModified":"2025-02-28T10:18:30+00:00","description":"The Office of tourism and Conventions is a key player in the development of tourism in the region. Its mission: to welcome, support and retain visitors","breadcrumb":{"@id":"https:\/\/dunkerquelenergiecreative.fr\/en\/office-of-tourism-and-conventions\/#breadcrumb"},"inLanguage":"en-US","potentialAction":[{"@type":"ReadAction","target":["https:\/\/dunkerquelenergiecreative.fr\/en\/office-of-tourism-and-conventions\/"]}]},{"@type":"ImageObject","inLanguage":"en-US","@id":"https:\/\/dunkerquelenergiecreative.fr\/en\/office-of-tourism-and-conventions\/#primaryimage","url":"https:\/\/dunkerquelenergiecreative.fr\/wp-content\/uploads\/2025\/02\/Spirit-Of-Dunkerque.png","contentUrl":"https:\/\/dunkerquelenergiecreative.fr\/wp-content\/uploads\/2025\/02\/Spirit-Of-Dunkerque.png","width":445,"height":295},{"@type":"BreadcrumbList","@id":"https:\/\/dunkerquelenergiecreative.fr\/en\/office-of-tourism-and-conventions\/#breadcrumb","itemListElement":[{"@type":"ListItem","position":1,"name":"Home","item":"https:\/\/dunkerquelenergiecreative.fr\/en\/"},{"@type":"ListItem","position":2,"name":"Office of Tourism and Conventions"}]},{"@type":"WebSite","@id":"https:\/\/dunkerquelenergiecreative.fr\/en\/#website","url":"https:\/\/dunkerquelenergiecreative.fr\/en\/","name":"Dunkerque l'\u00c9nergie Cr\u00e9ative","description":"Agence de d\u00e9veloppement \u00e9conomique \u00e0 Dunkerque","publisher":{"@id":"https:\/\/dunkerquelenergiecreative.fr\/en\/#organization"},"potentialAction":[{"@type":"SearchAction","target":{"@type":"EntryPoint","urlTemplate":"https:\/\/dunkerquelenergiecreative.fr\/en\/?s={search_term_string}"},"query-input":{"@type":"PropertyValueSpecification","valueRequired":true,"valueName":"search_term_string"}}],"inLanguage":"en-US"},{"@type":"Organization","@id":"https:\/\/dunkerquelenergiecreative.fr\/en\/#organization","name":"Dunkerque l'\u00c9nergie Cr\u00e9ative","url":"https:\/\/dunkerquelenergiecreative.fr\/en\/","logo":{"@type":"ImageObject","inLanguage":"en-US","@id":"https:\/\/dunkerquelenergiecreative.fr\/en\/#\/schema\/logo\/image\/","url":"https:\/\/dunkerquelenergiecreative.fr\/wp-content\/uploads\/2025\/04\/logo-dunkerque.png","contentUrl":"https:\/\/dunkerquelenergiecreative.fr\/wp-content\/uploads\/2025\/04\/logo-dunkerque.png","width":696,"height":696,"caption":"Dunkerque l'\u00c9nergie Cr\u00e9ative"},"image":{"@id":"https:\/\/dunkerquelenergiecreative.fr\/en\/#\/schema\/logo\/image\/"},"sameAs":["https:\/\/www.facebook.com\/Dunkerquelenergiecreative","https:\/\/x.com\/ecosysteme_d","https:\/\/fr.linkedin.com\/company\/dunkerque-l-energie-creative","https:\/\/www.linkedin.com\/company\/ecosysteme-d\/","https:\/\/www.instagram.com\/dunkerquelenergiecreative\/"]}]}},"_links":{"self":[{"href":"https:\/\/dunkerquelenergiecreative.fr\/en\/wp-json\/wp\/v2\/pages\/63248","targetHints":{"allow":["GET"]}}],"collection":[{"href":"https:\/\/dunkerquelenergiecreative.fr\/en\/wp-json\/wp\/v2\/pages"}],"about":[{"href":"https:\/\/dunkerquelenergiecreative.fr\/en\/wp-json\/wp\/v2\/types\/page"}],"author":[{"embeddable":true,"href":"https:\/\/dunkerquelenergiecreative.fr\/en\/wp-json\/wp\/v2\/users\/2"}],"replies":[{"embeddable":true,"href":"https:\/\/dunkerquelenergiecreative.fr\/en\/wp-json\/wp\/v2\/comments?post=63248"}],"version-history":[{"count":2,"href":"https:\/\/dunkerquelenergiecreative.fr\/en\/wp-json\/wp\/v2\/pages\/63248\/revisions"}],"predecessor-version":[{"id":63250,"href":"https:\/\/dunkerquelenergiecreative.fr\/en\/wp-json\/wp\/v2\/pages\/63248\/revisions\/63250"}],"wp:featuredmedia":[{"embeddable":true,"href":"https:\/\/dunkerquelenergiecreative.fr\/en\/wp-json\/wp\/v2\/media\/62709"}],"wp:attachment":[{"href":"https:\/\/dunkerquelenergiecreative.fr\/en\/wp-json\/wp\/v2\/media?parent=63248"}],"curies":[{"name":"wp","href":"https:\/\/api.w.org\/{rel}","templated":true}]}}