{"id":63240,"date":"2025-02-28T11:02:25","date_gmt":"2025-02-28T10:02:25","guid":{"rendered":"https:\/\/dunkerquelenergiecreative.fr\/?page_id=63240"},"modified":"2025-02-28T11:10:22","modified_gmt":"2025-02-28T10:10:22","slug":"the-urban-community-of-dunkirk","status":"publish","type":"page","link":"https:\/\/dunkerquelenergiecreative.fr\/en\/the-urban-community-of-dunkirk\/","title":{"rendered":"The Urban Community of Dunkirk"},"content":{"rendered":"\n\n<section class=\"blc-hero-sm c-head\" id='0614aeb168ddb8f61e24da63d384b7d2'>\n\t<div class=\"c-head__bg decal__bg\">\n\t\t<img decoding=\"async\" data-aos=\"fade\" alt=\"Communaut\u00e9 urbaine de Dunkerque plan a\u00e9rien\" src=\"https:\/\/dunkerquelenergiecreative.fr\/wp-content\/uploads\/2021\/12\/27-01-2017_26-janvier2017_0134-REDI.jpg\" srcset=\"https:\/\/dunkerquelenergiecreative.fr\/wp-content\/uploads\/2021\/12\/27-01-2017_26-janvier2017_0134-REDI-300x225.jpg 300w, https:\/\/dunkerquelenergiecreative.fr\/wp-content\/uploads\/2021\/12\/27-01-2017_26-janvier2017_0134-REDI-1024x768.jpg 1024w, https:\/\/dunkerquelenergiecreative.fr\/wp-content\/uploads\/2021\/12\/27-01-2017_26-janvier2017_0134-REDI-768x576.jpg 768w, https:\/\/dunkerquelenergiecreative.fr\/wp-content\/uploads\/2021\/12\/27-01-2017_26-janvier2017_0134-REDI.jpg 1280w\" sizes=\"(min-width: 1200px) 1080px, (min-width: 1400px) 1260px, (min-width: 1600px) 1440px, 100vw\">\t\t\t<\/div>\n\t<div class=\"o-wrapper\">\n\t\t<div class=\"c-head__box c-head__box--smaller\">\n\t\t\t<div class=\"c-head__wrap\" data-aos=\"fade-left\">\n\t\t\t\t<div class=\"c-breadcrumbs\"><span><span><a href=\"https:\/\/dunkerquelenergiecreative.fr\/en\/\">Home<\/a><\/span><\/span><\/div>\n\t\t\t\t\t\t\t<\/div>\n\t\t\t\t\t\t\t<h1 class=\"u-h2 c-head__title\" data-aos=\"fade-left\" data-aos-delay=\"100\" class=\"u-h2 c-head__title\" data-aos=\"fade-left\" data-aos-delay=\"100\" id=\"the-urban-community-of-dunkirk\">The Urban Community of Dunkirk<\/h1>\n\t\t\t\t\t\t\t\t<\/div>\n\t<\/div>\n<\/section>\n\n\n\n\r\n\r\n\r\n<section class=\"blc-banner-full c-section c-section--secondary\" id='414386d0046c5faacfc830818cccbf0e'>\r\n\t<div class=\"o-wrapper\">\r\n\t\t<div class=\"c-section__narrow\">\r\n\t\t\t\t\t\t<p><strong>The Urban Community of Dunkirk is an intermunicipal organization located in the Nord department of the Hauts-de-France region. It comprises 17 municipalities and has a population of 200,000 residents. It has been presided by Patrice Vergriete since 2014.<\/strong><\/p>\n\t\t\t\t\t<\/div>\r\n\t<\/div>\r\n<\/section>\r\n\r\n\n\n\r\n\r\n<section class=\"blc-text-media c-section c-section--white\" id='96af2ac952ff668a6637426d42c9bbcb'>\r\n\t<div class=\"o-wrapper\">\r\n\t\t<div class=\"c-block-push \">\r\n\t\t\t<div class=\"c-block-push__img\">\r\n\t\t\t\t<div class=\"ratio-16x9\">\r\n\t\t\t\t\t<img decoding=\"async\" alt=\"Communaut\u00e9 urbaine de Dunkerque plan a\u00e9rien\" src=\"https:\/\/dunkerquelenergiecreative.fr\/wp-content\/uploads\/2021\/12\/27-01-2017_26-janvier2017_0134-REDI.jpg\" srcset=\"https:\/\/dunkerquelenergiecreative.fr\/wp-content\/uploads\/2021\/12\/27-01-2017_26-janvier2017_0134-REDI-300x225.jpg 300w, https:\/\/dunkerquelenergiecreative.fr\/wp-content\/uploads\/2021\/12\/27-01-2017_26-janvier2017_0134-REDI-1024x768.jpg 1024w, https:\/\/dunkerquelenergiecreative.fr\/wp-content\/uploads\/2021\/12\/27-01-2017_26-janvier2017_0134-REDI-768x576.jpg 768w, https:\/\/dunkerquelenergiecreative.fr\/wp-content\/uploads\/2021\/12\/27-01-2017_26-janvier2017_0134-REDI.jpg 1280w\" sizes=\"(min-width: 992px) 496px, (min-width: 1200px) 600px, (min-width: 1400px) 700px, (min-width: 1600px) 800px, 100vw\">\t\t\t\t\t\t\t\t\t\t\t\t\t\t<\/div>\r\n\t\t\t<\/div>\r\n\t\t\t<div class=\"c-block-push__content\">\r\n\t\t\t\t<div class=\"c-wysiwyg\">\r\n\t\t\t\t\t<h1 id=\"\"><\/h2>\r\n\t\t\t\t\t<div><p>As a territory undergoing transformation, it is Europe\u2019s leading energy platform, contributing to the development of an international benchmark low-carbon industrial zone. As a pioneer of green reindustrialization, the region aims to create 20,000 jobs over the next 10 years and foster an ecosystem around electric mobility, positioning Dunkerque as the gateway to the \u201cBattery Valley\u201d of Hauts-de-France.<\/p>\n<p>By placing innovation at the heart of its strategy and addressing social, economic, and environmental challenges, the Urban Community of Dunkirk is building the city of tomorrow through digitalization, public infrastructure, and transport, becoming the largest urban area in Europe to implement free public transportation.<\/p>\n<\/div>\r\n\t\t\t\t\t<a class='c-btn ' href=\"https:\/\/www.communaute-urbaine-dunkerque.fr\/\" target=\"\">visit their site<\/a>\t\t\t\t<\/div>\r\n\t\t\t<\/div>\r\n\t\t<\/div>\r\n\t<\/div>\r\n<\/section>\r\n\r\n\n\n\r\n\r\n\r\n<section class=\"blc-banner o-wrapper\" id='ab1b00d19203f2c6fb7fbc8b3327ab44'>\r\n\t<div class=\"c-white-book\">\r\n\t\t<img decoding=\"async\" class=\"c-white-book__bg\" alt=\"The Urban Community of Dunkirk\" src=\"https:\/\/dunkerquelenergiecreative.fr\/wp-content\/uploads\/2022\/07\/bg-white-book-2.jpg\" srcset=\"https:\/\/dunkerquelenergiecreative.fr\/wp-content\/uploads\/2022\/07\/bg-white-book-2-300x72.jpg 300w, https:\/\/dunkerquelenergiecreative.fr\/wp-content\/uploads\/2022\/07\/bg-white-book-2-1024x245.jpg 1024w, https:\/\/dunkerquelenergiecreative.fr\/wp-content\/uploads\/2022\/07\/bg-white-book-2-768x184.jpg 768w, https:\/\/dunkerquelenergiecreative.fr\/wp-content\/uploads\/2022\/07\/bg-white-book-2.jpg 1265w\" sizes=\"(min-width: 1400px) 1386px, (min-width: 1600px) 1584px, 100vw\">\t\t\t\t<div class=\"c-white-book__content\">\r\n\t\t\t<h2 id=\"why-is-dunkirk-the-ideal-territory-for-growing-your-company\">WHY IS DUNKIRK THE IDEAL TERRITORY FOR GROWING YOUR COMPANY ?<\/h2>\t\t\t<a class=\"c-btn\" href=\"https:\/\/dunkerquelenergiecreative.fr\/en\/do-you-have-a-project\/\" target=\"_blank\">DOWNLOAD TO FIND OUT MORE<\/a>\t\t<\/div>\r\n\t<\/div>\r\n<\/section>\r\n\r\n\r\n","protected":false},"excerpt":{"rendered":"","protected":false},"author":2,"featured_media":2505,"parent":0,"menu_order":0,"comment_status":"closed","ping_status":"closed","template":"","meta":{"_acf_changed":false,"inline_featured_image":false,"_uf_show_specific_survey":0,"_uf_disable_surveys":false,"footnotes":""},"class_list":["post-63240","page","type-page","status-publish","has-post-thumbnail","hentry"],"acf":[],"yoast_head":"<!-- This site is optimized with the Yoast SEO plugin v27.4 - https:\/\/yoast.com\/product\/yoast-seo-wordpress\/ -->\n<title>The Urban Community of Dunkirk - Dunkerque l&#039;\u00c9nergie Cr\u00e9ative<\/title>\n<meta name=\"description\" content=\"The Urban Community of Dunkirk is an intercommunal body located in the Nord department of the Hauts-de-France region.\" \/>\n<meta name=\"robots\" content=\"index, follow, max-snippet:-1, max-image-preview:large, max-video-preview:-1\" \/>\n<link rel=\"canonical\" href=\"https:\/\/dunkerquelenergiecreative.fr\/en\/the-urban-community-of-dunkirk\/\" \/>\n<meta property=\"og:locale\" content=\"en_US\" \/>\n<meta property=\"og:type\" content=\"article\" \/>\n<meta property=\"og:title\" content=\"The Urban Community of Dunkirk - Dunkerque l&#039;\u00c9nergie Cr\u00e9ative\" \/>\n<meta property=\"og:description\" content=\"The Urban Community of Dunkirk is an intercommunal body located in the Nord department of the Hauts-de-France region.\" \/>\n<meta property=\"og:url\" content=\"https:\/\/dunkerquelenergiecreative.fr\/en\/the-urban-community-of-dunkirk\/\" \/>\n<meta property=\"og:site_name\" content=\"Dunkerque l&#039;\u00c9nergie Cr\u00e9ative\" \/>\n<meta property=\"article:publisher\" content=\"https:\/\/www.facebook.com\/Dunkerquelenergiecreative\" \/>\n<meta property=\"article:modified_time\" content=\"2025-02-28T10:10:22+00:00\" \/>\n<meta property=\"og:image\" content=\"https:\/\/dunkerquelenergiecreative.fr\/wp-content\/uploads\/2021\/12\/27-01-2017_26-janvier2017_0134-REDI.jpg\" \/>\n\t<meta property=\"og:image:width\" content=\"1280\" \/>\n\t<meta property=\"og:image:height\" content=\"960\" \/>\n\t<meta property=\"og:image:type\" content=\"image\/jpeg\" \/>\n<meta name=\"twitter:card\" content=\"summary_large_image\" \/>\n<meta name=\"twitter:site\" content=\"@ecosysteme_d\" \/>\n<meta name=\"twitter:label1\" content=\"Est. reading time\" \/>\n\t<meta name=\"twitter:data1\" content=\"1 minute\" \/>\n<script type=\"application\/ld+json\" class=\"yoast-schema-graph\">{\"@context\":\"https:\\\/\\\/schema.org\",\"@graph\":[{\"@type\":\"WebPage\",\"@id\":\"https:\\\/\\\/dunkerquelenergiecreative.fr\\\/en\\\/the-urban-community-of-dunkirk\\\/\",\"url\":\"https:\\\/\\\/dunkerquelenergiecreative.fr\\\/en\\\/the-urban-community-of-dunkirk\\\/\",\"name\":\"The Urban Community of Dunkirk - Dunkerque l&#039;\u00c9nergie Cr\u00e9ative\",\"isPartOf\":{\"@id\":\"https:\\\/\\\/dunkerquelenergiecreative.fr\\\/en\\\/#website\"},\"primaryImageOfPage\":{\"@id\":\"https:\\\/\\\/dunkerquelenergiecreative.fr\\\/en\\\/the-urban-community-of-dunkirk\\\/#primaryimage\"},\"image\":{\"@id\":\"https:\\\/\\\/dunkerquelenergiecreative.fr\\\/en\\\/the-urban-community-of-dunkirk\\\/#primaryimage\"},\"thumbnailUrl\":\"https:\\\/\\\/dunkerquelenergiecreative.fr\\\/wp-content\\\/uploads\\\/2021\\\/12\\\/27-01-2017_26-janvier2017_0134-REDI.jpg\",\"datePublished\":\"2025-02-28T10:02:25+00:00\",\"dateModified\":\"2025-02-28T10:10:22+00:00\",\"description\":\"The Urban Community of Dunkirk is an intercommunal body located in the Nord department of the Hauts-de-France region.\",\"breadcrumb\":{\"@id\":\"https:\\\/\\\/dunkerquelenergiecreative.fr\\\/en\\\/the-urban-community-of-dunkirk\\\/#breadcrumb\"},\"inLanguage\":\"en-US\",\"potentialAction\":[{\"@type\":\"ReadAction\",\"target\":[\"https:\\\/\\\/dunkerquelenergiecreative.fr\\\/en\\\/the-urban-community-of-dunkirk\\\/\"]}]},{\"@type\":\"ImageObject\",\"inLanguage\":\"en-US\",\"@id\":\"https:\\\/\\\/dunkerquelenergiecreative.fr\\\/en\\\/the-urban-community-of-dunkirk\\\/#primaryimage\",\"url\":\"https:\\\/\\\/dunkerquelenergiecreative.fr\\\/wp-content\\\/uploads\\\/2021\\\/12\\\/27-01-2017_26-janvier2017_0134-REDI.jpg\",\"contentUrl\":\"https:\\\/\\\/dunkerquelenergiecreative.fr\\\/wp-content\\\/uploads\\\/2021\\\/12\\\/27-01-2017_26-janvier2017_0134-REDI.jpg\",\"width\":1280,\"height\":960,\"caption\":\"Communaut\u00e9 urbaine de Dunkerque plan a\u00e9rien\"},{\"@type\":\"BreadcrumbList\",\"@id\":\"https:\\\/\\\/dunkerquelenergiecreative.fr\\\/en\\\/the-urban-community-of-dunkirk\\\/#breadcrumb\",\"itemListElement\":[{\"@type\":\"ListItem\",\"position\":1,\"name\":\"Home\",\"item\":\"https:\\\/\\\/dunkerquelenergiecreative.fr\\\/en\\\/\"},{\"@type\":\"ListItem\",\"position\":2,\"name\":\"The Urban Community of Dunkirk\"}]},{\"@type\":\"WebSite\",\"@id\":\"https:\\\/\\\/dunkerquelenergiecreative.fr\\\/en\\\/#website\",\"url\":\"https:\\\/\\\/dunkerquelenergiecreative.fr\\\/en\\\/\",\"name\":\"Dunkerque l'\u00c9nergie Cr\u00e9ative\",\"description\":\"Agence de d\u00e9veloppement \u00e9conomique \u00e0 Dunkerque\",\"publisher\":{\"@id\":\"https:\\\/\\\/dunkerquelenergiecreative.fr\\\/en\\\/#organization\"},\"potentialAction\":[{\"@type\":\"SearchAction\",\"target\":{\"@type\":\"EntryPoint\",\"urlTemplate\":\"https:\\\/\\\/dunkerquelenergiecreative.fr\\\/en\\\/?s={search_term_string}\"},\"query-input\":{\"@type\":\"PropertyValueSpecification\",\"valueRequired\":true,\"valueName\":\"search_term_string\"}}],\"inLanguage\":\"en-US\"},{\"@type\":\"Organization\",\"@id\":\"https:\\\/\\\/dunkerquelenergiecreative.fr\\\/en\\\/#organization\",\"name\":\"Dunkerque l'\u00c9nergie Cr\u00e9ative\",\"url\":\"https:\\\/\\\/dunkerquelenergiecreative.fr\\\/en\\\/\",\"logo\":{\"@type\":\"ImageObject\",\"inLanguage\":\"en-US\",\"@id\":\"https:\\\/\\\/dunkerquelenergiecreative.fr\\\/en\\\/#\\\/schema\\\/logo\\\/image\\\/\",\"url\":\"https:\\\/\\\/dunkerquelenergiecreative.fr\\\/wp-content\\\/uploads\\\/2025\\\/04\\\/logo-dunkerque.png\",\"contentUrl\":\"https:\\\/\\\/dunkerquelenergiecreative.fr\\\/wp-content\\\/uploads\\\/2025\\\/04\\\/logo-dunkerque.png\",\"width\":696,\"height\":696,\"caption\":\"Dunkerque l'\u00c9nergie Cr\u00e9ative\"},\"image\":{\"@id\":\"https:\\\/\\\/dunkerquelenergiecreative.fr\\\/en\\\/#\\\/schema\\\/logo\\\/image\\\/\"},\"sameAs\":[\"https:\\\/\\\/www.facebook.com\\\/Dunkerquelenergiecreative\",\"https:\\\/\\\/x.com\\\/ecosysteme_d\",\"https:\\\/\\\/fr.linkedin.com\\\/company\\\/dunkerque-l-energie-creative\",\"https:\\\/\\\/www.linkedin.com\\\/company\\\/ecosysteme-d\\\/\",\"https:\\\/\\\/www.instagram.com\\\/dunkerquelenergiecreative\\\/\"]}]}<\/script>\n<!-- \/ Yoast SEO plugin. -->","yoast_head_json":{"title":"The Urban Community of Dunkirk - Dunkerque l&#039;\u00c9nergie Cr\u00e9ative","description":"The Urban Community of Dunkirk is an intercommunal body located in the Nord department of the Hauts-de-France region.","robots":{"index":"index","follow":"follow","max-snippet":"max-snippet:-1","max-image-preview":"max-image-preview:large","max-video-preview":"max-video-preview:-1"},"canonical":"https:\/\/dunkerquelenergiecreative.fr\/en\/the-urban-community-of-dunkirk\/","og_locale":"en_US","og_type":"article","og_title":"The Urban Community of Dunkirk - Dunkerque l&#039;\u00c9nergie Cr\u00e9ative","og_description":"The Urban Community of Dunkirk is an intercommunal body located in the Nord department of the Hauts-de-France region.","og_url":"https:\/\/dunkerquelenergiecreative.fr\/en\/the-urban-community-of-dunkirk\/","og_site_name":"Dunkerque l&#039;\u00c9nergie Cr\u00e9ative","article_publisher":"https:\/\/www.facebook.com\/Dunkerquelenergiecreative","article_modified_time":"2025-02-28T10:10:22+00:00","og_image":[{"width":1280,"height":960,"url":"https:\/\/dunkerquelenergiecreative.fr\/wp-content\/uploads\/2021\/12\/27-01-2017_26-janvier2017_0134-REDI.jpg","type":"image\/jpeg"}],"twitter_card":"summary_large_image","twitter_site":"@ecosysteme_d","twitter_misc":{"Est. reading time":"1 minute"},"schema":{"@context":"https:\/\/schema.org","@graph":[{"@type":"WebPage","@id":"https:\/\/dunkerquelenergiecreative.fr\/en\/the-urban-community-of-dunkirk\/","url":"https:\/\/dunkerquelenergiecreative.fr\/en\/the-urban-community-of-dunkirk\/","name":"The Urban Community of Dunkirk - Dunkerque l&#039;\u00c9nergie Cr\u00e9ative","isPartOf":{"@id":"https:\/\/dunkerquelenergiecreative.fr\/en\/#website"},"primaryImageOfPage":{"@id":"https:\/\/dunkerquelenergiecreative.fr\/en\/the-urban-community-of-dunkirk\/#primaryimage"},"image":{"@id":"https:\/\/dunkerquelenergiecreative.fr\/en\/the-urban-community-of-dunkirk\/#primaryimage"},"thumbnailUrl":"https:\/\/dunkerquelenergiecreative.fr\/wp-content\/uploads\/2021\/12\/27-01-2017_26-janvier2017_0134-REDI.jpg","datePublished":"2025-02-28T10:02:25+00:00","dateModified":"2025-02-28T10:10:22+00:00","description":"The Urban Community of Dunkirk is an intercommunal body located in the Nord department of the Hauts-de-France region.","breadcrumb":{"@id":"https:\/\/dunkerquelenergiecreative.fr\/en\/the-urban-community-of-dunkirk\/#breadcrumb"},"inLanguage":"en-US","potentialAction":[{"@type":"ReadAction","target":["https:\/\/dunkerquelenergiecreative.fr\/en\/the-urban-community-of-dunkirk\/"]}]},{"@type":"ImageObject","inLanguage":"en-US","@id":"https:\/\/dunkerquelenergiecreative.fr\/en\/the-urban-community-of-dunkirk\/#primaryimage","url":"https:\/\/dunkerquelenergiecreative.fr\/wp-content\/uploads\/2021\/12\/27-01-2017_26-janvier2017_0134-REDI.jpg","contentUrl":"https:\/\/dunkerquelenergiecreative.fr\/wp-content\/uploads\/2021\/12\/27-01-2017_26-janvier2017_0134-REDI.jpg","width":1280,"height":960,"caption":"Communaut\u00e9 urbaine de Dunkerque plan a\u00e9rien"},{"@type":"BreadcrumbList","@id":"https:\/\/dunkerquelenergiecreative.fr\/en\/the-urban-community-of-dunkirk\/#breadcrumb","itemListElement":[{"@type":"ListItem","position":1,"name":"Home","item":"https:\/\/dunkerquelenergiecreative.fr\/en\/"},{"@type":"ListItem","position":2,"name":"The Urban Community of Dunkirk"}]},{"@type":"WebSite","@id":"https:\/\/dunkerquelenergiecreative.fr\/en\/#website","url":"https:\/\/dunkerquelenergiecreative.fr\/en\/","name":"Dunkerque l'\u00c9nergie Cr\u00e9ative","description":"Agence de d\u00e9veloppement \u00e9conomique \u00e0 Dunkerque","publisher":{"@id":"https:\/\/dunkerquelenergiecreative.fr\/en\/#organization"},"potentialAction":[{"@type":"SearchAction","target":{"@type":"EntryPoint","urlTemplate":"https:\/\/dunkerquelenergiecreative.fr\/en\/?s={search_term_string}"},"query-input":{"@type":"PropertyValueSpecification","valueRequired":true,"valueName":"search_term_string"}}],"inLanguage":"en-US"},{"@type":"Organization","@id":"https:\/\/dunkerquelenergiecreative.fr\/en\/#organization","name":"Dunkerque l'\u00c9nergie Cr\u00e9ative","url":"https:\/\/dunkerquelenergiecreative.fr\/en\/","logo":{"@type":"ImageObject","inLanguage":"en-US","@id":"https:\/\/dunkerquelenergiecreative.fr\/en\/#\/schema\/logo\/image\/","url":"https:\/\/dunkerquelenergiecreative.fr\/wp-content\/uploads\/2025\/04\/logo-dunkerque.png","contentUrl":"https:\/\/dunkerquelenergiecreative.fr\/wp-content\/uploads\/2025\/04\/logo-dunkerque.png","width":696,"height":696,"caption":"Dunkerque l'\u00c9nergie Cr\u00e9ative"},"image":{"@id":"https:\/\/dunkerquelenergiecreative.fr\/en\/#\/schema\/logo\/image\/"},"sameAs":["https:\/\/www.facebook.com\/Dunkerquelenergiecreative","https:\/\/x.com\/ecosysteme_d","https:\/\/fr.linkedin.com\/company\/dunkerque-l-energie-creative","https:\/\/www.linkedin.com\/company\/ecosysteme-d\/","https:\/\/www.instagram.com\/dunkerquelenergiecreative\/"]}]}},"_links":{"self":[{"href":"https:\/\/dunkerquelenergiecreative.fr\/en\/wp-json\/wp\/v2\/pages\/63240","targetHints":{"allow":["GET"]}}],"collection":[{"href":"https:\/\/dunkerquelenergiecreative.fr\/en\/wp-json\/wp\/v2\/pages"}],"about":[{"href":"https:\/\/dunkerquelenergiecreative.fr\/en\/wp-json\/wp\/v2\/types\/page"}],"author":[{"embeddable":true,"href":"https:\/\/dunkerquelenergiecreative.fr\/en\/wp-json\/wp\/v2\/users\/2"}],"replies":[{"embeddable":true,"href":"https:\/\/dunkerquelenergiecreative.fr\/en\/wp-json\/wp\/v2\/comments?post=63240"}],"version-history":[{"count":1,"href":"https:\/\/dunkerquelenergiecreative.fr\/en\/wp-json\/wp\/v2\/pages\/63240\/revisions"}],"predecessor-version":[{"id":63241,"href":"https:\/\/dunkerquelenergiecreative.fr\/en\/wp-json\/wp\/v2\/pages\/63240\/revisions\/63241"}],"wp:featuredmedia":[{"embeddable":true,"href":"https:\/\/dunkerquelenergiecreative.fr\/en\/wp-json\/wp\/v2\/media\/2505"}],"wp:attachment":[{"href":"https:\/\/dunkerquelenergiecreative.fr\/en\/wp-json\/wp\/v2\/media?parent=63240"}],"curies":[{"name":"wp","href":"https:\/\/api.w.org\/{rel}","templated":true}]}}