{"id":57672,"date":"2024-10-09T15:06:07","date_gmt":"2024-10-09T13:06:07","guid":{"rendered":"https:\/\/dunkerquelenergiecreative.fr\/?page_id=57672"},"modified":"2024-10-09T15:09:52","modified_gmt":"2024-10-09T13:09:52","slug":"invest-undertake-innovate","status":"publish","type":"page","link":"https:\/\/dunkerquelenergiecreative.fr\/en\/invest-undertake-innovate\/","title":{"rendered":"Invest, undertake, innovate"},"content":{"rendered":"\n\n<section class=\"blc-hero-sm c-head\" id='a413801341a89389c5debb470159c10e'>\n\t<div class=\"c-head__bg decal__bg\">\n\t\t<img decoding=\"async\" data-aos=\"fade\" alt=\"panoramique port e conteneurs dunkerque \" src=\"https:\/\/dunkerquelenergiecreative.fr\/wp-content\/uploads\/2022\/08\/DJI_0040-scaled.jpg\" srcset=\"https:\/\/dunkerquelenergiecreative.fr\/wp-content\/uploads\/2022\/08\/DJI_0040-300x105.jpg 300w, https:\/\/dunkerquelenergiecreative.fr\/wp-content\/uploads\/2022\/08\/DJI_0040-1024x359.jpg 1024w, https:\/\/dunkerquelenergiecreative.fr\/wp-content\/uploads\/2022\/08\/DJI_0040-768x269.jpg 768w, https:\/\/dunkerquelenergiecreative.fr\/wp-content\/uploads\/2022\/08\/DJI_0040-1536x539.jpg 1536w, https:\/\/dunkerquelenergiecreative.fr\/wp-content\/uploads\/2022\/08\/DJI_0040-2048x718.jpg 2048w\" sizes=\"(min-width: 1200px) 1080px, (min-width: 1400px) 1260px, (min-width: 1600px) 1440px, 100vw\">\t\t\t<\/div>\n\t<div class=\"o-wrapper\">\n\t\t<div class=\"c-head__box c-head__box--smaller\">\n\t\t\t<div class=\"c-head__wrap\" data-aos=\"fade-left\">\n\t\t\t\t<div class=\"c-breadcrumbs\"><span><span><a href=\"https:\/\/dunkerquelenergiecreative.fr\/en\/\">Home<\/a><\/span><\/span><\/div>\n\t\t\t\t\t\t\t<\/div>\n\t\t\t\t\t\t\t<h1 class=\"u-h2 c-head__title\" data-aos=\"fade-left\" data-aos-delay=\"100\" class=\"u-h2 c-head__title\" data-aos=\"fade-left\" data-aos-delay=\"100\" id=\"invest-undertake-innovate\">Invest, undertake, innovate<\/h1>\n\t\t\t\t\t\t\t\t<\/div>\n\t<\/div>\n<\/section>\n\n\n\n\n\n<section class=\"blc-mosaique c-section c-section--white\" id='83f8e3303bc521dc15c419a5b2a80b76'>\n\t<div class=\"c-mosaique o-wrapper\">\n\n\t\t            <div class=\"c-mosaique__header\"><p>Are you looking to expand your business and invest in a northern European region with excellent transport links and committed employees? Then you&#8217;ve come to the right place!<\/p>\n<p>We&#8217;ll give you all the keys you need to convince you that Dunkirk is the place for you. Our role is to make it easy for you:<\/p>\n<\/div>\n        \n\t\t<div class=\"c-mosaique__items\">\n\t\t\t\t\t\t\t\t\t\t<a href=\"https:\/\/dunkerquelenergiecreative.fr\/en\/search-for-property-solutions\/\" class=\"c-mosaique__item \">\n\t\t\t\t\t<div class=\"c-mosaique__med flt-c3 flt-sm\"><img decoding=\"async\" alt=\"Invest, undertake, innovate\" src=\"https:\/\/dunkerquelenergiecreative.fr\/wp-content\/uploads\/2023\/03\/http___live.evimmo.fr_media_programmes_sigla-neuf-lembellie-152277_image_vignettes_illustration-sigla-neuf-lembellie-152277-dunkerque-159204.jpg\" srcset=\"\" sizes=\"(min-width: 992px) 496px, (min-width: 1200px) 600px, (min-width: 1400px) 700px, (min-width: 1600px) 800px, 100vw\"><\/div>\n\t\t\t\t\t<div class=\"c-mosaique__txt\">\n\t\t\t\t\t\t<h1 class=\"c-mosaique__ttl\" class=\"c-mosaique__ttl\" id=\"quest-for-land-or-property-solutions\">Quest for land or property solutions<\/h3>\n\t\t\t\t\t\t\t\t\t\t\t<\/div>\n\t\t\t\t<\/a>\n\t\t\t\t\t\t\t<a href=\"https:\/\/dunkerquelenergiecreative.fr\/en\/set-up-and-develop-your-business\/personalized-advice-and-support\/\" class=\"c-mosaique__item \">\n\t\t\t\t\t<div class=\"c-mosaique__med flt-c3 flt-sm\"><img decoding=\"async\" alt=\"main tendue \" src=\"https:\/\/dunkerquelenergiecreative.fr\/wp-content\/uploads\/2022\/07\/REDI-pexels-pixabay-327540-e1659019340381.jpg\" srcset=\"https:\/\/dunkerquelenergiecreative.fr\/wp-content\/uploads\/2022\/07\/REDI-pexels-pixabay-327540-300x200.jpg 300w, https:\/\/dunkerquelenergiecreative.fr\/wp-content\/uploads\/2022\/07\/REDI-pexels-pixabay-327540-1024x682.jpg 1024w, https:\/\/dunkerquelenergiecreative.fr\/wp-content\/uploads\/2022\/07\/REDI-pexels-pixabay-327540-768x511.jpg 768w, https:\/\/dunkerquelenergiecreative.fr\/wp-content\/uploads\/2022\/07\/REDI-pexels-pixabay-327540.jpg 1200w\" sizes=\"(min-width: 992px) 496px, (min-width: 1200px) 600px, (min-width: 1400px) 700px, (min-width: 1600px) 800px, 100vw\"><\/div>\n\t\t\t\t\t<div class=\"c-mosaique__txt\">\n\t\t\t\t\t\t<h3 class=\"c-mosaique__ttl\" class=\"c-mosaique__ttl\" id=\"personal-advice-and-support\">Personal advice and support<\/h3>\n\t\t\t\t\t\t\t\t\t\t\t<\/div>\n\t\t\t\t<\/a>\n\t\t\t\t\t\t\t<a href=\"https:\/\/dunkerquelenergiecreative.fr\/en\/set-up-and-develop-your-business\/recruitment-and-training-assistance\/\" class=\"c-mosaique__item \">\n\t\t\t\t\t<div class=\"c-mosaique__med flt-c3 flt-sm\"><img decoding=\"async\" alt=\"main tendant un cv \" src=\"https:\/\/dunkerquelenergiecreative.fr\/wp-content\/uploads\/2022\/06\/REDI-pexels-cottonbro-5989926.jpg\" srcset=\"https:\/\/dunkerquelenergiecreative.fr\/wp-content\/uploads\/2022\/06\/REDI-pexels-cottonbro-5989926-300x200.jpg 300w, https:\/\/dunkerquelenergiecreative.fr\/wp-content\/uploads\/2022\/06\/REDI-pexels-cottonbro-5989926-1024x682.jpg 1024w, https:\/\/dunkerquelenergiecreative.fr\/wp-content\/uploads\/2022\/06\/REDI-pexels-cottonbro-5989926-768x512.jpg 768w, https:\/\/dunkerquelenergiecreative.fr\/wp-content\/uploads\/2022\/06\/REDI-pexels-cottonbro-5989926-1536x1024.jpg 1536w, https:\/\/dunkerquelenergiecreative.fr\/wp-content\/uploads\/2022\/06\/REDI-pexels-cottonbro-5989926.jpg 2000w\" sizes=\"(min-width: 992px) 496px, (min-width: 1200px) 600px, (min-width: 1400px) 700px, (min-width: 1600px) 800px, 100vw\"><\/div>\n\t\t\t\t\t<div class=\"c-mosaique__txt\">\n\t\t\t\t\t\t<h3 class=\"c-mosaique__ttl\" class=\"c-mosaique__ttl\" id=\"recruitment-and-training-assistance\">Recruitment and training assistance<\/h3>\n\t\t\t\t\t\t\t\t\t\t\t<\/div>\n\t\t\t\t<\/a>\n\t\t\t\t\t<\/div>\n\t<\/div>\n<\/section>\n\n\n\n\n\n\n<section class=\"blc-tree-cta c-section\" id='9e6994cf4cbbef755e65ee89a0a21a6f'>\n\t<div class=\"o-wrapper\">\n\t<h2 class=\"u-text-center\" class=\"u-text-center\" id=\"what-would-you-like\">What would you like?<\/h2>\t<div class=\"c-section__wishes\">\n\t\t\t\t\t<div class=\"c-section__wishes-col\">\n\t\t\t\t<div class=\"c-wish\">\n\t\t\t\t\t<div class=\"c-wish__icon\">\n\t\t\t\t\t\t<img decoding=\"async\" src=\"https:\/\/dunkerquelenergiecreative.fr\/wp-content\/uploads\/2024\/08\/picto-fusee.svg\" alt=\"\">\t\t\t\t\t\t\t\t\t\t\t<\/div>\n\t\t\t\t\t<h3 class=\"c-wish__title\" class=\"c-wish__title\" id=\"set-up-and-develop-your-business\">Set up and develop your business<\/h3>\t\t\t\t\t\t\t\t\t\t<a class=\"c-wish__link\" href=\"https:\/\/dunkerquelenergiecreative.fr\/en\/set-up-and-develop-your-business\/\"><i class=\"o-icon-plus\"><\/i><\/a>\t\t\t\t<\/div>\n\t\t\t<\/div>\n\t\t\t\t\t<div class=\"c-section__wishes-col\">\n\t\t\t\t<div class=\"c-wish\">\n\t\t\t\t\t<div class=\"c-wish__icon\">\n\t\t\t\t\t\t<img decoding=\"async\" src=\"https:\/\/dunkerquelenergiecreative.fr\/wp-content\/uploads\/2024\/08\/picto-maps.svg\" alt=\"\">\t\t\t\t\t\t\t\t\t\t\t<\/div>\n\t\t\t\t\t<h3 class=\"c-wish__title\" class=\"c-wish__title\" id=\"developing-at-the-gateway-to-europe\">Developing at the gateway to Europe<\/h3>\t\t\t\t\t\t\t\t\t\t<a class=\"c-wish__link\" href=\"https:\/\/dunkerquelenergiecreative.fr\/en\/growing-your-business-at-the-gateway-to-europe\/\"><i class=\"o-icon-plus\"><\/i><\/a>\t\t\t\t<\/div>\n\t\t\t<\/div>\n\t\t\t\t\t<div class=\"c-section__wishes-col\">\n\t\t\t\t<div class=\"c-wish\">\n\t\t\t\t\t<div class=\"c-wish__icon\">\n\t\t\t\t\t\t<img decoding=\"async\" src=\"https:\/\/dunkerquelenergiecreative.fr\/wp-content\/uploads\/2024\/08\/picto-arc.svg\" alt=\"\">\t\t\t\t\t\t\t\t\t\t\t<\/div>\n\t\t\t\t\t<h3 class=\"c-wish__title\" class=\"c-wish__title\" id=\"find-out-how-ecosytemed-can-help-you\">Find out how \u00c9cosyt\u00e8meD can help you?<\/h3>\t\t\t\t\t\t\t\t\t\t<a class=\"c-wish__link\" href=\"https:\/\/dunkerquelenergiecreative.fr\/en\/about-us-ecosystemed\/\"><i class=\"o-icon-plus\"><\/i><\/a>\t\t\t\t<\/div>\n\t\t\t<\/div>\n\t\t\t<\/div>\n\t<\/div>\n<\/section>\n\n\n\n\r\n\r\n\r\n<section class=\"blc-banner o-wrapper\" id='ab1b00d19203f2c6fb7fbc8b3327ab44'>\r\n\t<div class=\"c-white-book\">\r\n\t\t<img decoding=\"async\" class=\"c-white-book__bg\" alt=\"Invest, undertake, innovate\" src=\"https:\/\/dunkerquelenergiecreative.fr\/wp-content\/uploads\/2022\/07\/bg-white-book-2.jpg\" srcset=\"https:\/\/dunkerquelenergiecreative.fr\/wp-content\/uploads\/2022\/07\/bg-white-book-2-300x72.jpg 300w, https:\/\/dunkerquelenergiecreative.fr\/wp-content\/uploads\/2022\/07\/bg-white-book-2-1024x245.jpg 1024w, https:\/\/dunkerquelenergiecreative.fr\/wp-content\/uploads\/2022\/07\/bg-white-book-2-768x184.jpg 768w, https:\/\/dunkerquelenergiecreative.fr\/wp-content\/uploads\/2022\/07\/bg-white-book-2.jpg 1265w\" sizes=\"(min-width: 1400px) 1386px, (min-width: 1600px) 1584px, 100vw\">\t\t\t\t<div class=\"c-white-book__content\">\r\n\t\t\t<h2 id=\"why-is-dunkirk-the-ideal-territory-for-growing-your-company\">WHY IS DUNKIRK THE IDEAL TERRITORY FOR GROWING YOUR COMPANY ?<\/h2>\t\t\t<a class=\"c-btn\" href=\"https:\/\/dunkerquelenergiecreative.fr\/en\/do-you-have-a-project\/\" target=\"_blank\">DOWNLOAD TO FIND OUT MORE<\/a>\t\t<\/div>\r\n\t<\/div>\r\n<\/section>\r\n\r\n\r\n","protected":false},"excerpt":{"rendered":"Are you looking to develop your business and invest in a region in Northern Europe with excellent transport links and where you&#8217;ll find committed employees? You&#8217;ve come to the right place!","protected":false},"author":2,"featured_media":22119,"parent":0,"menu_order":0,"comment_status":"closed","ping_status":"closed","template":"","meta":{"_acf_changed":false,"inline_featured_image":false,"_uf_show_specific_survey":0,"_uf_disable_surveys":false,"footnotes":""},"class_list":["post-57672","page","type-page","status-publish","has-post-thumbnail","hentry"],"acf":[],"yoast_head":"<!-- This site is optimized with the Yoast SEO plugin v27.4 - https:\/\/yoast.com\/product\/yoast-seo-wordpress\/ -->\n<title>Invest, undertake, innovate - Dunkerque l&#039;\u00c9nergie Cr\u00e9ative<\/title>\n<meta name=\"description\" content=\"Would you like to invest in Dunkirk? In a region at the heart of Europe where you&#039;ll find committed employees?\" \/>\n<meta name=\"robots\" content=\"index, follow, max-snippet:-1, max-image-preview:large, max-video-preview:-1\" \/>\n<link rel=\"canonical\" href=\"https:\/\/dunkerquelenergiecreative.fr\/en\/invest-undertake-innovate\/\" \/>\n<meta property=\"og:locale\" content=\"en_US\" \/>\n<meta property=\"og:type\" content=\"article\" \/>\n<meta property=\"og:title\" content=\"Invest, undertake, innovate - Dunkerque l&#039;\u00c9nergie Cr\u00e9ative\" \/>\n<meta property=\"og:description\" content=\"Would you like to invest in Dunkirk? In a region at the heart of Europe where you&#039;ll find committed employees?\" \/>\n<meta property=\"og:url\" content=\"https:\/\/dunkerquelenergiecreative.fr\/en\/invest-undertake-innovate\/\" \/>\n<meta property=\"og:site_name\" content=\"Dunkerque l&#039;\u00c9nergie Cr\u00e9ative\" \/>\n<meta property=\"article:publisher\" content=\"https:\/\/www.facebook.com\/Dunkerquelenergiecreative\" \/>\n<meta property=\"article:modified_time\" content=\"2024-10-09T13:09:52+00:00\" \/>\n<meta property=\"og:image\" content=\"https:\/\/dunkerquelenergiecreative.fr\/wp-content\/uploads\/2022\/08\/invest-DK-scaled.jpg\" \/>\n\t<meta property=\"og:image:width\" content=\"2560\" \/>\n\t<meta property=\"og:image:height\" content=\"1707\" \/>\n\t<meta property=\"og:image:type\" content=\"image\/jpeg\" \/>\n<meta name=\"twitter:card\" content=\"summary_large_image\" \/>\n<meta name=\"twitter:site\" content=\"@ecosysteme_d\" \/>\n<meta name=\"twitter:label1\" content=\"Est. reading time\" \/>\n\t<meta name=\"twitter:data1\" content=\"1 minute\" \/>\n<script type=\"application\/ld+json\" class=\"yoast-schema-graph\">{\"@context\":\"https:\\\/\\\/schema.org\",\"@graph\":[{\"@type\":\"WebPage\",\"@id\":\"https:\\\/\\\/dunkerquelenergiecreative.fr\\\/en\\\/invest-undertake-innovate\\\/\",\"url\":\"https:\\\/\\\/dunkerquelenergiecreative.fr\\\/en\\\/invest-undertake-innovate\\\/\",\"name\":\"Invest, undertake, innovate - Dunkerque l&#039;\u00c9nergie Cr\u00e9ative\",\"isPartOf\":{\"@id\":\"https:\\\/\\\/dunkerquelenergiecreative.fr\\\/en\\\/#website\"},\"primaryImageOfPage\":{\"@id\":\"https:\\\/\\\/dunkerquelenergiecreative.fr\\\/en\\\/invest-undertake-innovate\\\/#primaryimage\"},\"image\":{\"@id\":\"https:\\\/\\\/dunkerquelenergiecreative.fr\\\/en\\\/invest-undertake-innovate\\\/#primaryimage\"},\"thumbnailUrl\":\"https:\\\/\\\/dunkerquelenergiecreative.fr\\\/wp-content\\\/uploads\\\/2022\\\/08\\\/invest-DK-scaled.jpg\",\"datePublished\":\"2024-10-09T13:06:07+00:00\",\"dateModified\":\"2024-10-09T13:09:52+00:00\",\"description\":\"Would you like to invest in Dunkirk? In a region at the heart of Europe where you'll find committed employees?\",\"breadcrumb\":{\"@id\":\"https:\\\/\\\/dunkerquelenergiecreative.fr\\\/en\\\/invest-undertake-innovate\\\/#breadcrumb\"},\"inLanguage\":\"en-US\",\"potentialAction\":[{\"@type\":\"ReadAction\",\"target\":[\"https:\\\/\\\/dunkerquelenergiecreative.fr\\\/en\\\/invest-undertake-innovate\\\/\"]}]},{\"@type\":\"ImageObject\",\"inLanguage\":\"en-US\",\"@id\":\"https:\\\/\\\/dunkerquelenergiecreative.fr\\\/en\\\/invest-undertake-innovate\\\/#primaryimage\",\"url\":\"https:\\\/\\\/dunkerquelenergiecreative.fr\\\/wp-content\\\/uploads\\\/2022\\\/08\\\/invest-DK-scaled.jpg\",\"contentUrl\":\"https:\\\/\\\/dunkerquelenergiecreative.fr\\\/wp-content\\\/uploads\\\/2022\\\/08\\\/invest-DK-scaled.jpg\",\"width\":2560,\"height\":1707},{\"@type\":\"BreadcrumbList\",\"@id\":\"https:\\\/\\\/dunkerquelenergiecreative.fr\\\/en\\\/invest-undertake-innovate\\\/#breadcrumb\",\"itemListElement\":[{\"@type\":\"ListItem\",\"position\":1,\"name\":\"Home\",\"item\":\"https:\\\/\\\/dunkerquelenergiecreative.fr\\\/en\\\/\"},{\"@type\":\"ListItem\",\"position\":2,\"name\":\"Invest, undertake, innovate\"}]},{\"@type\":\"WebSite\",\"@id\":\"https:\\\/\\\/dunkerquelenergiecreative.fr\\\/en\\\/#website\",\"url\":\"https:\\\/\\\/dunkerquelenergiecreative.fr\\\/en\\\/\",\"name\":\"Dunkerque l'\u00c9nergie Cr\u00e9ative\",\"description\":\"Agence de d\u00e9veloppement \u00e9conomique \u00e0 Dunkerque\",\"publisher\":{\"@id\":\"https:\\\/\\\/dunkerquelenergiecreative.fr\\\/en\\\/#organization\"},\"potentialAction\":[{\"@type\":\"SearchAction\",\"target\":{\"@type\":\"EntryPoint\",\"urlTemplate\":\"https:\\\/\\\/dunkerquelenergiecreative.fr\\\/en\\\/?s={search_term_string}\"},\"query-input\":{\"@type\":\"PropertyValueSpecification\",\"valueRequired\":true,\"valueName\":\"search_term_string\"}}],\"inLanguage\":\"en-US\"},{\"@type\":\"Organization\",\"@id\":\"https:\\\/\\\/dunkerquelenergiecreative.fr\\\/en\\\/#organization\",\"name\":\"Dunkerque l'\u00c9nergie Cr\u00e9ative\",\"url\":\"https:\\\/\\\/dunkerquelenergiecreative.fr\\\/en\\\/\",\"logo\":{\"@type\":\"ImageObject\",\"inLanguage\":\"en-US\",\"@id\":\"https:\\\/\\\/dunkerquelenergiecreative.fr\\\/en\\\/#\\\/schema\\\/logo\\\/image\\\/\",\"url\":\"https:\\\/\\\/dunkerquelenergiecreative.fr\\\/wp-content\\\/uploads\\\/2025\\\/04\\\/logo-dunkerque.png\",\"contentUrl\":\"https:\\\/\\\/dunkerquelenergiecreative.fr\\\/wp-content\\\/uploads\\\/2025\\\/04\\\/logo-dunkerque.png\",\"width\":696,\"height\":696,\"caption\":\"Dunkerque l'\u00c9nergie Cr\u00e9ative\"},\"image\":{\"@id\":\"https:\\\/\\\/dunkerquelenergiecreative.fr\\\/en\\\/#\\\/schema\\\/logo\\\/image\\\/\"},\"sameAs\":[\"https:\\\/\\\/www.facebook.com\\\/Dunkerquelenergiecreative\",\"https:\\\/\\\/x.com\\\/ecosysteme_d\",\"https:\\\/\\\/fr.linkedin.com\\\/company\\\/dunkerque-l-energie-creative\",\"https:\\\/\\\/www.linkedin.com\\\/company\\\/ecosysteme-d\\\/\",\"https:\\\/\\\/www.instagram.com\\\/dunkerquelenergiecreative\\\/\"]}]}<\/script>\n<!-- \/ Yoast SEO plugin. -->","yoast_head_json":{"title":"Invest, undertake, innovate - Dunkerque l&#039;\u00c9nergie Cr\u00e9ative","description":"Would you like to invest in Dunkirk? In a region at the heart of Europe where you'll find committed employees?","robots":{"index":"index","follow":"follow","max-snippet":"max-snippet:-1","max-image-preview":"max-image-preview:large","max-video-preview":"max-video-preview:-1"},"canonical":"https:\/\/dunkerquelenergiecreative.fr\/en\/invest-undertake-innovate\/","og_locale":"en_US","og_type":"article","og_title":"Invest, undertake, innovate - Dunkerque l&#039;\u00c9nergie Cr\u00e9ative","og_description":"Would you like to invest in Dunkirk? In a region at the heart of Europe where you'll find committed employees?","og_url":"https:\/\/dunkerquelenergiecreative.fr\/en\/invest-undertake-innovate\/","og_site_name":"Dunkerque l&#039;\u00c9nergie Cr\u00e9ative","article_publisher":"https:\/\/www.facebook.com\/Dunkerquelenergiecreative","article_modified_time":"2024-10-09T13:09:52+00:00","og_image":[{"width":2560,"height":1707,"url":"https:\/\/dunkerquelenergiecreative.fr\/wp-content\/uploads\/2022\/08\/invest-DK-scaled.jpg","type":"image\/jpeg"}],"twitter_card":"summary_large_image","twitter_site":"@ecosysteme_d","twitter_misc":{"Est. reading time":"1 minute"},"schema":{"@context":"https:\/\/schema.org","@graph":[{"@type":"WebPage","@id":"https:\/\/dunkerquelenergiecreative.fr\/en\/invest-undertake-innovate\/","url":"https:\/\/dunkerquelenergiecreative.fr\/en\/invest-undertake-innovate\/","name":"Invest, undertake, innovate - Dunkerque l&#039;\u00c9nergie Cr\u00e9ative","isPartOf":{"@id":"https:\/\/dunkerquelenergiecreative.fr\/en\/#website"},"primaryImageOfPage":{"@id":"https:\/\/dunkerquelenergiecreative.fr\/en\/invest-undertake-innovate\/#primaryimage"},"image":{"@id":"https:\/\/dunkerquelenergiecreative.fr\/en\/invest-undertake-innovate\/#primaryimage"},"thumbnailUrl":"https:\/\/dunkerquelenergiecreative.fr\/wp-content\/uploads\/2022\/08\/invest-DK-scaled.jpg","datePublished":"2024-10-09T13:06:07+00:00","dateModified":"2024-10-09T13:09:52+00:00","description":"Would you like to invest in Dunkirk? In a region at the heart of Europe where you'll find committed employees?","breadcrumb":{"@id":"https:\/\/dunkerquelenergiecreative.fr\/en\/invest-undertake-innovate\/#breadcrumb"},"inLanguage":"en-US","potentialAction":[{"@type":"ReadAction","target":["https:\/\/dunkerquelenergiecreative.fr\/en\/invest-undertake-innovate\/"]}]},{"@type":"ImageObject","inLanguage":"en-US","@id":"https:\/\/dunkerquelenergiecreative.fr\/en\/invest-undertake-innovate\/#primaryimage","url":"https:\/\/dunkerquelenergiecreative.fr\/wp-content\/uploads\/2022\/08\/invest-DK-scaled.jpg","contentUrl":"https:\/\/dunkerquelenergiecreative.fr\/wp-content\/uploads\/2022\/08\/invest-DK-scaled.jpg","width":2560,"height":1707},{"@type":"BreadcrumbList","@id":"https:\/\/dunkerquelenergiecreative.fr\/en\/invest-undertake-innovate\/#breadcrumb","itemListElement":[{"@type":"ListItem","position":1,"name":"Home","item":"https:\/\/dunkerquelenergiecreative.fr\/en\/"},{"@type":"ListItem","position":2,"name":"Invest, undertake, innovate"}]},{"@type":"WebSite","@id":"https:\/\/dunkerquelenergiecreative.fr\/en\/#website","url":"https:\/\/dunkerquelenergiecreative.fr\/en\/","name":"Dunkerque l'\u00c9nergie Cr\u00e9ative","description":"Agence de d\u00e9veloppement \u00e9conomique \u00e0 Dunkerque","publisher":{"@id":"https:\/\/dunkerquelenergiecreative.fr\/en\/#organization"},"potentialAction":[{"@type":"SearchAction","target":{"@type":"EntryPoint","urlTemplate":"https:\/\/dunkerquelenergiecreative.fr\/en\/?s={search_term_string}"},"query-input":{"@type":"PropertyValueSpecification","valueRequired":true,"valueName":"search_term_string"}}],"inLanguage":"en-US"},{"@type":"Organization","@id":"https:\/\/dunkerquelenergiecreative.fr\/en\/#organization","name":"Dunkerque l'\u00c9nergie Cr\u00e9ative","url":"https:\/\/dunkerquelenergiecreative.fr\/en\/","logo":{"@type":"ImageObject","inLanguage":"en-US","@id":"https:\/\/dunkerquelenergiecreative.fr\/en\/#\/schema\/logo\/image\/","url":"https:\/\/dunkerquelenergiecreative.fr\/wp-content\/uploads\/2025\/04\/logo-dunkerque.png","contentUrl":"https:\/\/dunkerquelenergiecreative.fr\/wp-content\/uploads\/2025\/04\/logo-dunkerque.png","width":696,"height":696,"caption":"Dunkerque l'\u00c9nergie Cr\u00e9ative"},"image":{"@id":"https:\/\/dunkerquelenergiecreative.fr\/en\/#\/schema\/logo\/image\/"},"sameAs":["https:\/\/www.facebook.com\/Dunkerquelenergiecreative","https:\/\/x.com\/ecosysteme_d","https:\/\/fr.linkedin.com\/company\/dunkerque-l-energie-creative","https:\/\/www.linkedin.com\/company\/ecosysteme-d\/","https:\/\/www.instagram.com\/dunkerquelenergiecreative\/"]}]}},"_links":{"self":[{"href":"https:\/\/dunkerquelenergiecreative.fr\/en\/wp-json\/wp\/v2\/pages\/57672","targetHints":{"allow":["GET"]}}],"collection":[{"href":"https:\/\/dunkerquelenergiecreative.fr\/en\/wp-json\/wp\/v2\/pages"}],"about":[{"href":"https:\/\/dunkerquelenergiecreative.fr\/en\/wp-json\/wp\/v2\/types\/page"}],"author":[{"embeddable":true,"href":"https:\/\/dunkerquelenergiecreative.fr\/en\/wp-json\/wp\/v2\/users\/2"}],"replies":[{"embeddable":true,"href":"https:\/\/dunkerquelenergiecreative.fr\/en\/wp-json\/wp\/v2\/comments?post=57672"}],"version-history":[{"count":4,"href":"https:\/\/dunkerquelenergiecreative.fr\/en\/wp-json\/wp\/v2\/pages\/57672\/revisions"}],"predecessor-version":[{"id":57701,"href":"https:\/\/dunkerquelenergiecreative.fr\/en\/wp-json\/wp\/v2\/pages\/57672\/revisions\/57701"}],"wp:featuredmedia":[{"embeddable":true,"href":"https:\/\/dunkerquelenergiecreative.fr\/en\/wp-json\/wp\/v2\/media\/22119"}],"wp:attachment":[{"href":"https:\/\/dunkerquelenergiecreative.fr\/en\/wp-json\/wp\/v2\/media?parent=57672"}],"curies":[{"name":"wp","href":"https:\/\/api.w.org\/{rel}","templated":true}]}}