{"id":57618,"date":"2024-10-08T17:00:21","date_gmt":"2024-10-08T15:00:21","guid":{"rendered":"https:\/\/dunkerquelenergiecreative.fr\/?page_id=57618"},"modified":"2024-10-08T17:02:15","modified_gmt":"2024-10-08T15:02:15","slug":"settling-down-living-in-dunkirk","status":"publish","type":"page","link":"https:\/\/dunkerquelenergiecreative.fr\/en\/settling-down-living-in-dunkirk\/","title":{"rendered":"Settling down, living in Dunkirk"},"content":{"rendered":"\n\n<section class=\"blc-hero-sm c-head\" id='2196144584114ca367f71a9b30e45098'>\n\t<div class=\"c-head__bg decal__bg\">\n\t\t<img decoding=\"async\" data-aos=\"fade\" alt=\"Settling down, living in Dunkirk\" src=\"https:\/\/dunkerquelenergiecreative.fr\/wp-content\/uploads\/2021\/10\/bg-head.jpg\" srcset=\"https:\/\/dunkerquelenergiecreative.fr\/wp-content\/uploads\/2021\/10\/bg-head-300x104.jpg 300w, https:\/\/dunkerquelenergiecreative.fr\/wp-content\/uploads\/2021\/10\/bg-head-1024x356.jpg 1024w, https:\/\/dunkerquelenergiecreative.fr\/wp-content\/uploads\/2021\/10\/bg-head-768x267.jpg 768w, https:\/\/dunkerquelenergiecreative.fr\/wp-content\/uploads\/2021\/10\/bg-head.jpg 1440w\" sizes=\"(min-width: 1200px) 1080px, (min-width: 1400px) 1260px, (min-width: 1600px) 1440px, 100vw\">\t\t\t<\/div>\n\t<div class=\"o-wrapper\">\n\t\t<div class=\"c-head__box c-head__box--smaller\">\n\t\t\t<div class=\"c-head__wrap\" data-aos=\"fade-left\">\n\t\t\t\t<div class=\"c-breadcrumbs\"><span><span><a href=\"https:\/\/dunkerquelenergiecreative.fr\/en\/\">Home<\/a><\/span><\/span><\/div>\n\t\t\t\t\t\t\t<\/div>\n\t\t\t\t\t\t\t<h1 class=\"u-h2 c-head__title\" data-aos=\"fade-left\" data-aos-delay=\"100\" class=\"u-h2 c-head__title\" data-aos=\"fade-left\" data-aos-delay=\"100\" id=\"settling-down-living-in-dunkirk\">Settling down, living in Dunkirk<\/h1>\n\t\t\t\t\t\t\t\t<\/div>\n\t<\/div>\n<\/section>\n\n\n\n\n\n<section class=\"blc-mosaique c-section c-section--white\" id='37964ca3f8675ccfed6a4ce830775099'>\n\t<div class=\"c-mosaique o-wrapper\">\n\n\t\t\n\t\t<div class=\"c-mosaique__items\">\n\t\t\t\t\t\t\t\t\t\t<a href=\"https:\/\/dunkerquelenergiecreative.fr\/choisir-dunkerque\/offrir-qualite-de-vie\/\" class=\"c-mosaique__item \">\n\t\t\t\t\t<div class=\"c-mosaique__med flt-c3 flt-sm\"><img decoding=\"async\" alt=\"famille sautant sur la plage au coucher de soleil\" src=\"https:\/\/dunkerquelenergiecreative.fr\/wp-content\/uploads\/2022\/05\/RECADR-photo-famillesite-1024x682-1.jpg\" srcset=\"https:\/\/dunkerquelenergiecreative.fr\/wp-content\/uploads\/2022\/05\/RECADR-photo-famillesite-1024x682-1-300x216.jpg 300w, https:\/\/dunkerquelenergiecreative.fr\/wp-content\/uploads\/2022\/05\/RECADR-photo-famillesite-1024x682-1-768x554.jpg 768w, https:\/\/dunkerquelenergiecreative.fr\/wp-content\/uploads\/2022\/05\/RECADR-photo-famillesite-1024x682-1.jpg 946w\" sizes=\"(min-width: 992px) 496px, (min-width: 1200px) 600px, (min-width: 1400px) 700px, (min-width: 1600px) 800px, 100vw\"><\/div>\n\t\t\t\t\t<div class=\"c-mosaique__txt\">\n\t\t\t\t\t\t<h1 class=\"c-mosaique__ttl\" class=\"c-mosaique__ttl\" id=\"discover-the-territory\">Discover the territory<\/h3>\n\t\t\t\t\t\t\t\t\t\t\t<\/div>\n\t\t\t\t<\/a>\n\t\t\t\t\t\t\t<a href=\"https:\/\/dunkerquelenergiecreative.fr\/choisir-dunkerque\/offrir-qualite-de-vie\/etre-accompagne-dans-demarches-de-mobilite\/\" class=\"c-mosaique__item \">\n\t\t\t\t\t<div class=\"c-mosaique__med flt-c3 flt-sm\"><img decoding=\"async\" alt=\"Famille souriante allong\u00e9e dans le sable\" src=\"https:\/\/dunkerquelenergiecreative.fr\/wp-content\/uploads\/2024\/06\/famille-zen-dans-le-sable.jpeg\" srcset=\"https:\/\/dunkerquelenergiecreative.fr\/wp-content\/uploads\/2024\/06\/famille-zen-dans-le-sable-300x200.jpeg 300w, https:\/\/dunkerquelenergiecreative.fr\/wp-content\/uploads\/2024\/06\/famille-zen-dans-le-sable-1024x683.jpeg 1024w, https:\/\/dunkerquelenergiecreative.fr\/wp-content\/uploads\/2024\/06\/famille-zen-dans-le-sable-768x512.jpeg 768w, https:\/\/dunkerquelenergiecreative.fr\/wp-content\/uploads\/2024\/06\/famille-zen-dans-le-sable-1536x1024.jpeg 1536w, https:\/\/dunkerquelenergiecreative.fr\/wp-content\/uploads\/2024\/06\/famille-zen-dans-le-sable-2048x1366.jpeg 2048w\" sizes=\"(min-width: 992px) 496px, (min-width: 1200px) 600px, (min-width: 1400px) 700px, (min-width: 1600px) 800px, 100vw\"><\/div>\n\t\t\t\t\t<div class=\"c-mosaique__txt\">\n\t\t\t\t\t\t<h3 class=\"c-mosaique__ttl\" class=\"c-mosaique__ttl\" id=\"be-supported-in-your-moving-process\">Be supported in your moving process<\/h3>\n\t\t\t\t\t\t\t\t\t\t\t<\/div>\n\t\t\t\t<\/a>\n\t\t\t\t\t\t\t<a href=\"https:\/\/dunkerquelenergiecreative.fr\/se-loger-a-dunkerque\/\" class=\"c-mosaique__item \">\n\t\t\t\t\t<div class=\"c-mosaique__med flt-c3 flt-sm\"><img decoding=\"async\" alt=\"Settling down, living in Dunkirk\" src=\"https:\/\/dunkerquelenergiecreative.fr\/wp-content\/uploads\/2023\/03\/Vue_aerienne_du_projet_depuis_le_parc_Fenelon___c__D.R..jpg\" srcset=\"\" sizes=\"(min-width: 992px) 496px, (min-width: 1200px) 600px, (min-width: 1400px) 700px, (min-width: 1600px) 800px, 100vw\"><\/div>\n\t\t\t\t\t<div class=\"c-mosaique__txt\">\n\t\t\t\t\t\t<h3 class=\"c-mosaique__ttl\" class=\"c-mosaique__ttl\" id=\"housing-in-dunkirk\">Housing in Dunkirk<\/h3>\n\t\t\t\t\t\t\t\t\t\t\t<\/div>\n\t\t\t\t<\/a>\n\t\t\t\t\t\t\t<a href=\"https:\/\/dunkerquelenergiecreative.fr\/sinstaller-vivre-a-dunkerque\/scolariser-ses-enfants-leducation-et-leveil-des-3-mois\/\" class=\"c-mosaique__item \">\n\t\t\t\t\t<div class=\"c-mosaique__med flt-c3 flt-sm\"><img decoding=\"async\" alt=\"des enfants dans une classe de cours \u00e0 Dunkerque\" src=\"https:\/\/dunkerquelenergiecreative.fr\/wp-content\/uploads\/2022\/09\/REDI-illustr-college.jpg\" srcset=\"\" sizes=\"(min-width: 992px) 496px, (min-width: 1200px) 600px, (min-width: 1400px) 700px, (min-width: 1600px) 800px, 100vw\"><\/div>\n\t\t\t\t\t<div class=\"c-mosaique__txt\">\n\t\t\t\t\t\t<h3 class=\"c-mosaique__ttl\" class=\"c-mosaique__ttl\" id=\"schooling-your-children\">Schooling your children<\/h3>\n\t\t\t\t\t\t\t\t\t\t\t<\/div>\n\t\t\t\t<\/a>\n\t\t\t\t\t\t\t<a href=\"https:\/\/dunkerquelenergiecreative.fr\/en\/health-and-wellbeing-in-dunkirk\/\" class=\"c-mosaique__item \">\n\t\t\t\t\t<div class=\"c-mosaique__med flt-c3 flt-sm\"><img decoding=\"async\" alt=\"chirurgienne en train d'op\u00e9rer un patient\" src=\"https:\/\/dunkerquelenergiecreative.fr\/wp-content\/uploads\/2023\/08\/pexels-anna-shvets-44215511.png\" srcset=\"\" sizes=\"(min-width: 992px) 496px, (min-width: 1200px) 600px, (min-width: 1400px) 700px, (min-width: 1600px) 800px, 100vw\"><\/div>\n\t\t\t\t\t<div class=\"c-mosaique__txt\">\n\t\t\t\t\t\t<h3 class=\"c-mosaique__ttl\" class=\"c-mosaique__ttl\" id=\"health-and-wellbeing-in-dunkirk\">Health and wellbeing in Dunkirk <\/h3>\n\t\t\t\t\t\t\t\t\t\t\t<\/div>\n\t\t\t\t<\/a>\n\t\t\t\t\t\t\t<a href=\"https:\/\/dunkerquelenergiecreative.fr\/en\/getting-around-dunkirk-and-the-surrounding-area-2\/\" class=\"c-mosaique__item \">\n\t\t\t\t\t<div class=\"c-mosaique__med flt-c3 flt-sm\"><img decoding=\"async\" alt=\"DK'BUS\" src=\"https:\/\/dunkerquelenergiecreative.fr\/wp-content\/uploads\/2023\/08\/bus-urbis-le-mag-blog-f5f8edd7e25f287d29ff1aed118b1560.jpg\" srcset=\"\" sizes=\"(min-width: 992px) 496px, (min-width: 1200px) 600px, (min-width: 1400px) 700px, (min-width: 1600px) 800px, 100vw\"><\/div>\n\t\t\t\t\t<div class=\"c-mosaique__txt\">\n\t\t\t\t\t\t<h3 class=\"c-mosaique__ttl\" class=\"c-mosaique__ttl\" id=\"getting-around-dunkirk-and-the-surrounding-area\">GETTING AROUND DUNKIRK AND THE SURROUNDING AREA<\/h3>\n\t\t\t\t\t\t\t\t\t\t\t<\/div>\n\t\t\t\t<\/a>\n\t\t\t\t\t<\/div>\n\t<\/div>\n<\/section>\n\n\n\n\n\r\n\r\n<section class=\"blc-text-media c-section c-section--white\" id='78e6757f1e45d5f0b9991e20332fc455'>\r\n\t<div class=\"o-wrapper\">\r\n\t\t<div class=\"c-block-push \">\r\n\t\t\t<div class=\"c-block-push__img\">\r\n\t\t\t\t<div class=\"ratio-16x9\">\r\n\t\t\t\t\t<img decoding=\"async\" alt=\"Adeline Andricq\" src=\"https:\/\/dunkerquelenergiecreative.fr\/wp-content\/uploads\/2023\/06\/PhotoAdelineNL.jpg\" srcset=\"\" sizes=\"(min-width: 992px) 496px, (min-width: 1200px) 600px, (min-width: 1400px) 700px, (min-width: 1600px) 800px, 100vw\">\t\t\t\t\t\t\t\t\t\t\t\t\t\t<\/div>\r\n\t\t\t<\/div>\r\n\t\t\t<div class=\"c-block-push__content\">\r\n\t\t\t\t<div class=\"c-wysiwyg\">\r\n\t\t\t\t\t<h2 id=\"on-vous-accueille\">On vous accueille <\/h2>\r\n\t\t\t\t\t<div><p><span style=\"font-weight: bold;\">Le territoire met tout en \u0153uvre pour vous accueillir au mieux et s&#8217;est dot\u00e9 d&#8217;un service hospitalit\u00e9, d\u00e9di\u00e9 aux personnes en mobilit\u00e9 professionnelle.&nbsp;<\/span><\/p>\n<p>Ainsi, notre charg\u00e9e d\u2019accompagnement des nouveaux habitants,<span style=\"font-weight: bold;\"> Adeline Andricq<\/span>&nbsp;sera votre super interlocutrice pour toutes vos questions avant, pendant et apr\u00e8s votre installation.<\/p>\n<p>Nous <strong>organisons des visites r\u00e9guli\u00e8res <\/strong>pour permettre aux personnes arrivant sur le territoire de d\u00e9couvrir leur futur ou nouveau lieu de vie. Int\u00e9ress\u00e9(e) ? <strong>Pour conna\u00eetre la date de la prochaine visite, n&#8217;attendez plus et <\/strong><strong><a href=\"https:\/\/share.hsforms.com\/1LF_hWGttR6W6guBSAf2EJQ59l2o\" target=\"_blank\" rel=\"noopener\">inscrivez- vous!&nbsp;<\/a><\/strong><\/p>\n<p>Si vous avez des questions ou souhaitez davantage d\u2019informations, n\u2019h\u00e9sitez pas \u00e0 contacter Adeline :<\/p>\n<ul>\n<li>par t\u00e9l\u00e9phone <strong>03.28.22.64.40<\/strong> ou <strong>07.56.38.68.14<\/strong><\/li>\n<li>ou par e-mail : <strong><a style=\"font-size: 1rem; background-color: #ffffff; font-family: var(--global-font-family);\" href=\"mailto:adeline.andricq@ecosysteme-d.fr\">adeline.andricq@ecosysteme-d.fr<\/a><\/strong><\/li>\n<\/ul>\n<\/div>\r\n\t\t\t\t\t\t\t\t\t<\/div>\r\n\t\t\t<\/div>\r\n\t\t<\/div>\r\n\t<\/div>\r\n<\/section>\r\n\r\n\n\n\n\n<section class=\"blc-hero-lp c-section c-section--secondary tpl2\" id='f099c9d897febc7170ae835182e839fd'>\n\t<div class=\"o-wrapper\">\n\t\t<div class=\"c-section__row\">\n\t\t\t<div class=\"c-section__col c-section__content\">\n\t\t\t\t<h1 class=\"u-h1\" class=\"u-h1\" id=\"are-you-an-employee-or-student-relocating-to-dunkirk-our-magazine-is-made-for-you\">Are you an employee or student relocating to Dunkirk? Our magazine is made for you!<\/h1>\n\t\t\t\t<div class=\"c__txt\"><p>Discover the magazine &#8220;Live, work and educate yourself in Dunkirk ajd in Maritime Flanders&#8221; and receive the latest news from the region by e-mail to find out more about not-to-be-missed tips, activities, events and much more!<\/p>\n<\/div>\n\t\t\t\t\t\t\t<\/div>\n\t\t\t<div class=\"c-section__col\">\n\t\t\t\t\t\t\t\t\t<div class=\"c-code\">\n\t\t\t\t\t\t<script charset=\"utf-8\" type=\"text\/javascript\" src=\"\/\/js.hsforms.net\/forms\/embed\/v2.js\"><\/script>\r\n<script>\r\n  hbspt.forms.create({\r\n    portalId: \"8845296\",\r\n    formId: \"06638d38-29e2-4f0f-8227-235a4a7c839e\"\r\n  });\r\n<\/script>\t\t\t\t\t<\/div>\n\t\t\t\t\t\t\t<\/div>\n\t\t<\/div>\n\t<\/div>\n<\/section>\n\n\n\n\r\n\r\n\r\n<section class=\"blc-banner o-wrapper\" id='c9a8128e50f440399e9026779a85b50c'>\r\n\t<div class=\"c-white-book\">\r\n\t\t<img decoding=\"async\" class=\"c-white-book__bg\" alt=\"Settling down, living in Dunkirk\" src=\"https:\/\/dunkerquelenergiecreative.fr\/wp-content\/uploads\/2022\/07\/bg-white-book-2.jpg\" srcset=\"https:\/\/dunkerquelenergiecreative.fr\/wp-content\/uploads\/2022\/07\/bg-white-book-2-300x72.jpg 300w, https:\/\/dunkerquelenergiecreative.fr\/wp-content\/uploads\/2022\/07\/bg-white-book-2-1024x245.jpg 1024w, https:\/\/dunkerquelenergiecreative.fr\/wp-content\/uploads\/2022\/07\/bg-white-book-2-768x184.jpg 768w, https:\/\/dunkerquelenergiecreative.fr\/wp-content\/uploads\/2022\/07\/bg-white-book-2.jpg 1265w\" sizes=\"(min-width: 1400px) 1386px, (min-width: 1600px) 1584px, 100vw\">\t\t\t\t<div class=\"c-white-book__content\">\r\n\t\t\t<h2 id=\"why-is-dunkirk-the-ideal-territory-for-growing-your-company\">WHY IS DUNKIRK THE IDEAL TERRITORY FOR GROWING YOUR COMPANY ?<\/h2>\t\t\t<a class=\"c-btn\" href=\"https:\/\/dunkerquelenergiecreative.fr\/en\/do-you-have-a-project\/\" target=\"_blank\">DOWNLOAD TO FIND OUT MORE<\/a>\t\t<\/div>\r\n\t<\/div>\r\n<\/section>\r\n\r\n\r\n","protected":false},"excerpt":{"rendered":"","protected":false},"author":2,"featured_media":0,"parent":0,"menu_order":0,"comment_status":"closed","ping_status":"closed","template":"","meta":{"_acf_changed":false,"inline_featured_image":false,"_uf_show_specific_survey":0,"_uf_disable_surveys":false,"footnotes":""},"class_list":["post-57618","page","type-page","status-publish","hentry"],"acf":[],"yoast_head":"<!-- This site is optimized with the Yoast SEO plugin v27.4 - https:\/\/yoast.com\/product\/yoast-seo-wordpress\/ -->\n<title>Settling down, living in Dunkirk - Dunkerque l&#039;\u00c9nergie Cr\u00e9ative<\/title>\n<meta name=\"robots\" content=\"index, follow, max-snippet:-1, max-image-preview:large, max-video-preview:-1\" \/>\n<link rel=\"canonical\" href=\"https:\/\/dunkerquelenergiecreative.fr\/en\/settling-down-living-in-dunkirk\/\" \/>\n<meta property=\"og:locale\" content=\"en_US\" \/>\n<meta property=\"og:type\" content=\"article\" \/>\n<meta property=\"og:title\" content=\"Settling down, living in Dunkirk - Dunkerque l&#039;\u00c9nergie Cr\u00e9ative\" \/>\n<meta property=\"og:url\" content=\"https:\/\/dunkerquelenergiecreative.fr\/en\/settling-down-living-in-dunkirk\/\" \/>\n<meta property=\"og:site_name\" content=\"Dunkerque l&#039;\u00c9nergie Cr\u00e9ative\" \/>\n<meta property=\"article:publisher\" content=\"https:\/\/www.facebook.com\/Dunkerquelenergiecreative\" \/>\n<meta property=\"article:modified_time\" content=\"2024-10-08T15:02:15+00:00\" \/>\n<meta name=\"twitter:card\" content=\"summary_large_image\" \/>\n<meta name=\"twitter:site\" content=\"@ecosysteme_d\" \/>\n<meta name=\"twitter:label1\" content=\"Est. reading time\" \/>\n\t<meta name=\"twitter:data1\" content=\"2 minutes\" \/>\n<script type=\"application\/ld+json\" class=\"yoast-schema-graph\">{\"@context\":\"https:\\\/\\\/schema.org\",\"@graph\":[{\"@type\":\"WebPage\",\"@id\":\"https:\\\/\\\/dunkerquelenergiecreative.fr\\\/en\\\/settling-down-living-in-dunkirk\\\/\",\"url\":\"https:\\\/\\\/dunkerquelenergiecreative.fr\\\/en\\\/settling-down-living-in-dunkirk\\\/\",\"name\":\"Settling down, living in Dunkirk - Dunkerque l&#039;\u00c9nergie Cr\u00e9ative\",\"isPartOf\":{\"@id\":\"https:\\\/\\\/dunkerquelenergiecreative.fr\\\/en\\\/#website\"},\"datePublished\":\"2024-10-08T15:00:21+00:00\",\"dateModified\":\"2024-10-08T15:02:15+00:00\",\"breadcrumb\":{\"@id\":\"https:\\\/\\\/dunkerquelenergiecreative.fr\\\/en\\\/settling-down-living-in-dunkirk\\\/#breadcrumb\"},\"inLanguage\":\"en-US\",\"potentialAction\":[{\"@type\":\"ReadAction\",\"target\":[\"https:\\\/\\\/dunkerquelenergiecreative.fr\\\/en\\\/settling-down-living-in-dunkirk\\\/\"]}]},{\"@type\":\"BreadcrumbList\",\"@id\":\"https:\\\/\\\/dunkerquelenergiecreative.fr\\\/en\\\/settling-down-living-in-dunkirk\\\/#breadcrumb\",\"itemListElement\":[{\"@type\":\"ListItem\",\"position\":1,\"name\":\"Home\",\"item\":\"https:\\\/\\\/dunkerquelenergiecreative.fr\\\/en\\\/\"},{\"@type\":\"ListItem\",\"position\":2,\"name\":\"Settling down, living in Dunkirk\"}]},{\"@type\":\"WebSite\",\"@id\":\"https:\\\/\\\/dunkerquelenergiecreative.fr\\\/en\\\/#website\",\"url\":\"https:\\\/\\\/dunkerquelenergiecreative.fr\\\/en\\\/\",\"name\":\"Dunkerque l'\u00c9nergie Cr\u00e9ative\",\"description\":\"Agence de d\u00e9veloppement \u00e9conomique \u00e0 Dunkerque\",\"publisher\":{\"@id\":\"https:\\\/\\\/dunkerquelenergiecreative.fr\\\/en\\\/#organization\"},\"potentialAction\":[{\"@type\":\"SearchAction\",\"target\":{\"@type\":\"EntryPoint\",\"urlTemplate\":\"https:\\\/\\\/dunkerquelenergiecreative.fr\\\/en\\\/?s={search_term_string}\"},\"query-input\":{\"@type\":\"PropertyValueSpecification\",\"valueRequired\":true,\"valueName\":\"search_term_string\"}}],\"inLanguage\":\"en-US\"},{\"@type\":\"Organization\",\"@id\":\"https:\\\/\\\/dunkerquelenergiecreative.fr\\\/en\\\/#organization\",\"name\":\"Dunkerque l'\u00c9nergie Cr\u00e9ative\",\"url\":\"https:\\\/\\\/dunkerquelenergiecreative.fr\\\/en\\\/\",\"logo\":{\"@type\":\"ImageObject\",\"inLanguage\":\"en-US\",\"@id\":\"https:\\\/\\\/dunkerquelenergiecreative.fr\\\/en\\\/#\\\/schema\\\/logo\\\/image\\\/\",\"url\":\"https:\\\/\\\/dunkerquelenergiecreative.fr\\\/wp-content\\\/uploads\\\/2025\\\/04\\\/logo-dunkerque.png\",\"contentUrl\":\"https:\\\/\\\/dunkerquelenergiecreative.fr\\\/wp-content\\\/uploads\\\/2025\\\/04\\\/logo-dunkerque.png\",\"width\":696,\"height\":696,\"caption\":\"Dunkerque l'\u00c9nergie Cr\u00e9ative\"},\"image\":{\"@id\":\"https:\\\/\\\/dunkerquelenergiecreative.fr\\\/en\\\/#\\\/schema\\\/logo\\\/image\\\/\"},\"sameAs\":[\"https:\\\/\\\/www.facebook.com\\\/Dunkerquelenergiecreative\",\"https:\\\/\\\/x.com\\\/ecosysteme_d\",\"https:\\\/\\\/fr.linkedin.com\\\/company\\\/dunkerque-l-energie-creative\",\"https:\\\/\\\/www.linkedin.com\\\/company\\\/ecosysteme-d\\\/\",\"https:\\\/\\\/www.instagram.com\\\/dunkerquelenergiecreative\\\/\"]}]}<\/script>\n<!-- \/ Yoast SEO plugin. -->","yoast_head_json":{"title":"Settling down, living in Dunkirk - Dunkerque l&#039;\u00c9nergie Cr\u00e9ative","robots":{"index":"index","follow":"follow","max-snippet":"max-snippet:-1","max-image-preview":"max-image-preview:large","max-video-preview":"max-video-preview:-1"},"canonical":"https:\/\/dunkerquelenergiecreative.fr\/en\/settling-down-living-in-dunkirk\/","og_locale":"en_US","og_type":"article","og_title":"Settling down, living in Dunkirk - Dunkerque l&#039;\u00c9nergie Cr\u00e9ative","og_url":"https:\/\/dunkerquelenergiecreative.fr\/en\/settling-down-living-in-dunkirk\/","og_site_name":"Dunkerque l&#039;\u00c9nergie Cr\u00e9ative","article_publisher":"https:\/\/www.facebook.com\/Dunkerquelenergiecreative","article_modified_time":"2024-10-08T15:02:15+00:00","twitter_card":"summary_large_image","twitter_site":"@ecosysteme_d","twitter_misc":{"Est. reading time":"2 minutes"},"schema":{"@context":"https:\/\/schema.org","@graph":[{"@type":"WebPage","@id":"https:\/\/dunkerquelenergiecreative.fr\/en\/settling-down-living-in-dunkirk\/","url":"https:\/\/dunkerquelenergiecreative.fr\/en\/settling-down-living-in-dunkirk\/","name":"Settling down, living in Dunkirk - Dunkerque l&#039;\u00c9nergie Cr\u00e9ative","isPartOf":{"@id":"https:\/\/dunkerquelenergiecreative.fr\/en\/#website"},"datePublished":"2024-10-08T15:00:21+00:00","dateModified":"2024-10-08T15:02:15+00:00","breadcrumb":{"@id":"https:\/\/dunkerquelenergiecreative.fr\/en\/settling-down-living-in-dunkirk\/#breadcrumb"},"inLanguage":"en-US","potentialAction":[{"@type":"ReadAction","target":["https:\/\/dunkerquelenergiecreative.fr\/en\/settling-down-living-in-dunkirk\/"]}]},{"@type":"BreadcrumbList","@id":"https:\/\/dunkerquelenergiecreative.fr\/en\/settling-down-living-in-dunkirk\/#breadcrumb","itemListElement":[{"@type":"ListItem","position":1,"name":"Home","item":"https:\/\/dunkerquelenergiecreative.fr\/en\/"},{"@type":"ListItem","position":2,"name":"Settling down, living in Dunkirk"}]},{"@type":"WebSite","@id":"https:\/\/dunkerquelenergiecreative.fr\/en\/#website","url":"https:\/\/dunkerquelenergiecreative.fr\/en\/","name":"Dunkerque l'\u00c9nergie Cr\u00e9ative","description":"Agence de d\u00e9veloppement \u00e9conomique \u00e0 Dunkerque","publisher":{"@id":"https:\/\/dunkerquelenergiecreative.fr\/en\/#organization"},"potentialAction":[{"@type":"SearchAction","target":{"@type":"EntryPoint","urlTemplate":"https:\/\/dunkerquelenergiecreative.fr\/en\/?s={search_term_string}"},"query-input":{"@type":"PropertyValueSpecification","valueRequired":true,"valueName":"search_term_string"}}],"inLanguage":"en-US"},{"@type":"Organization","@id":"https:\/\/dunkerquelenergiecreative.fr\/en\/#organization","name":"Dunkerque l'\u00c9nergie Cr\u00e9ative","url":"https:\/\/dunkerquelenergiecreative.fr\/en\/","logo":{"@type":"ImageObject","inLanguage":"en-US","@id":"https:\/\/dunkerquelenergiecreative.fr\/en\/#\/schema\/logo\/image\/","url":"https:\/\/dunkerquelenergiecreative.fr\/wp-content\/uploads\/2025\/04\/logo-dunkerque.png","contentUrl":"https:\/\/dunkerquelenergiecreative.fr\/wp-content\/uploads\/2025\/04\/logo-dunkerque.png","width":696,"height":696,"caption":"Dunkerque l'\u00c9nergie Cr\u00e9ative"},"image":{"@id":"https:\/\/dunkerquelenergiecreative.fr\/en\/#\/schema\/logo\/image\/"},"sameAs":["https:\/\/www.facebook.com\/Dunkerquelenergiecreative","https:\/\/x.com\/ecosysteme_d","https:\/\/fr.linkedin.com\/company\/dunkerque-l-energie-creative","https:\/\/www.linkedin.com\/company\/ecosysteme-d\/","https:\/\/www.instagram.com\/dunkerquelenergiecreative\/"]}]}},"_links":{"self":[{"href":"https:\/\/dunkerquelenergiecreative.fr\/en\/wp-json\/wp\/v2\/pages\/57618","targetHints":{"allow":["GET"]}}],"collection":[{"href":"https:\/\/dunkerquelenergiecreative.fr\/en\/wp-json\/wp\/v2\/pages"}],"about":[{"href":"https:\/\/dunkerquelenergiecreative.fr\/en\/wp-json\/wp\/v2\/types\/page"}],"author":[{"embeddable":true,"href":"https:\/\/dunkerquelenergiecreative.fr\/en\/wp-json\/wp\/v2\/users\/2"}],"replies":[{"embeddable":true,"href":"https:\/\/dunkerquelenergiecreative.fr\/en\/wp-json\/wp\/v2\/comments?post=57618"}],"version-history":[{"count":3,"href":"https:\/\/dunkerquelenergiecreative.fr\/en\/wp-json\/wp\/v2\/pages\/57618\/revisions"}],"predecessor-version":[{"id":57637,"href":"https:\/\/dunkerquelenergiecreative.fr\/en\/wp-json\/wp\/v2\/pages\/57618\/revisions\/57637"}],"wp:attachment":[{"href":"https:\/\/dunkerquelenergiecreative.fr\/en\/wp-json\/wp\/v2\/media?parent=57618"}],"curies":[{"name":"wp","href":"https:\/\/api.w.org\/{rel}","templated":true}]}}