{"id":57511,"date":"2024-10-07T09:58:04","date_gmt":"2024-10-07T07:58:04","guid":{"rendered":"https:\/\/dunkerquelenergiecreative.fr\/?page_id=57511"},"modified":"2024-10-08T15:15:08","modified_gmt":"2024-10-08T13:15:08","slug":"general-management-division","status":"publish","type":"page","link":"https:\/\/dunkerquelenergiecreative.fr\/en\/general-management-division\/","title":{"rendered":"General Management Division"},"content":{"rendered":"\n\n<section class=\"blc-hero-sm c-head\" id='98af8ea6c4bef79e0375267ed53d2538'>\n\t<div class=\"c-head__bg decal__bg\">\n\t\t<img decoding=\"async\" data-aos=\"fade\" alt=\"General Management Division\" src=\"https:\/\/dunkerquelenergiecreative.fr\/wp-content\/uploads\/2024\/01\/ville.jpg\" srcset=\"\" sizes=\"(min-width: 1200px) 1080px, (min-width: 1400px) 1260px, (min-width: 1600px) 1440px, 100vw\">\t\t\t<\/div>\n\t<div class=\"o-wrapper\">\n\t\t<div class=\"c-head__box c-head__box--smaller\">\n\t\t\t<div class=\"c-head__wrap\" data-aos=\"fade-left\">\n\t\t\t\t<div class=\"c-breadcrumbs\"><span><span><a href=\"https:\/\/dunkerquelenergiecreative.fr\/en\/\">Home<\/a><\/span><\/span><\/div>\n\t\t\t\t\t\t\t<\/div>\n\t\t\t\t\t\t\t<h1 class=\"u-h2 c-head__title\" data-aos=\"fade-left\" data-aos-delay=\"100\" class=\"u-h2 c-head__title\" data-aos=\"fade-left\" data-aos-delay=\"100\" id=\"general-management-division\">General Management Division<\/h1>\n\t\t\t\t\t\t\t\t<\/div>\n\t<\/div>\n<\/section>\n\n\n\n\n\n<section class=\"blc-list-profil c-team__intro\" id='f831152d42436bd327bce66a102c42e5'>\n\t<div class=\"o-wrapper\">\n\t\t<div class=\"c-team__head\">\n\t\t\t<h1 class=\"c-team-ttl\" class=\"c-team-ttl\" id=\"general-management-division-team\">General Management Division team<\/h2>\n\t\t\t<div class=\"c-team-txt\"><\/div>\n\t\t<\/div>\n\t<\/div>\n<\/section>\n\n<section class=\"c-team__content\">\n\t<div class=\"o-wrapper\">\n\t\t<div class=\"c-team__inner\">\n\n\t\t\t<div class=\"c-team__slider highlight-off\">\n\t\t\t\t<div class=\"c-team__slides js-slider-members\">\n\t\t\t\t\t\t\t\t\t\t\t<div class=\"c-team__slide\">\n<div class=\"c-team-highlight\" data-aos='fade-up'>\n\t<div class=\"c-team-highlight__figure\"><img decoding=\"async\" alt=\"Rafael Ponce\" src=\"https:\/\/dunkerquelenergiecreative.fr\/wp-content\/uploads\/2024\/01\/Rafael.png\" srcset=\"https:\/\/dunkerquelenergiecreative.fr\/wp-content\/uploads\/2024\/01\/Rafael-300x300.png 300w, https:\/\/dunkerquelenergiecreative.fr\/wp-content\/uploads\/2024\/01\/Rafael-1024x1024.png 1024w, https:\/\/dunkerquelenergiecreative.fr\/wp-content\/uploads\/2024\/01\/Rafael-150x150.png 150w, https:\/\/dunkerquelenergiecreative.fr\/wp-content\/uploads\/2024\/01\/Rafael-768x768.png 768w, https:\/\/dunkerquelenergiecreative.fr\/wp-content\/uploads\/2024\/01\/Rafael-1536x1536.png 1536w, https:\/\/dunkerquelenergiecreative.fr\/wp-content\/uploads\/2024\/01\/Rafael.png 1875w\" sizes=\"(min-width: 992px) 298px, (min-width: 1200px) 360px, (min-width: 1400px) 420px, (min-width: 1600px) 480px, 100vw\">\n\t\t<h3 class=\"c-team-highlight__name\" class=\"c-team-highlight__name\" id=\"rafael-ponce\">Rafael <span class=\"name\">Ponce<\/span><\/h3>\n\t<\/div>\n\t<div class=\"c-team-highlight__content\">\n\t\t\t\t<ul class=\"c-team-highlight__lang\">\n\t\t\t\t\t<\/ul>\n\t<\/div>\n<\/div><\/div>\n\t\t\t\t\t\t\t\t\t\t\t<div class=\"c-team__slide\">\n<div class=\"c-team-highlight\" data-aos='fade-up'>\n\t<div class=\"c-team-highlight__figure\"><img decoding=\"async\" alt=\"Laurence Sdika\" src=\"https:\/\/dunkerquelenergiecreative.fr\/wp-content\/uploads\/2023\/10\/Laurence-Sdika.png\" srcset=\"https:\/\/dunkerquelenergiecreative.fr\/wp-content\/uploads\/2023\/10\/Laurence-Sdika-300x300.png 300w, https:\/\/dunkerquelenergiecreative.fr\/wp-content\/uploads\/2023\/10\/Laurence-Sdika-1024x1024.png 1024w, https:\/\/dunkerquelenergiecreative.fr\/wp-content\/uploads\/2023\/10\/Laurence-Sdika-150x150.png 150w, https:\/\/dunkerquelenergiecreative.fr\/wp-content\/uploads\/2023\/10\/Laurence-Sdika-768x768.png 768w, https:\/\/dunkerquelenergiecreative.fr\/wp-content\/uploads\/2023\/10\/Laurence-Sdika-1536x1536.png 1536w, https:\/\/dunkerquelenergiecreative.fr\/wp-content\/uploads\/2023\/10\/Laurence-Sdika.png 1875w\" sizes=\"(min-width: 992px) 298px, (min-width: 1200px) 360px, (min-width: 1400px) 420px, (min-width: 1600px) 480px, 100vw\">\n\t\t<h3 class=\"c-team-highlight__name\" class=\"c-team-highlight__name\" id=\"laurence-sdika\">Laurence <span class=\"name\">Sdika<\/span><\/h3>\n\t<\/div>\n\t<div class=\"c-team-highlight__content\">\n\t\t\t\t<ul class=\"c-team-highlight__lang\">\n\t\t\t\t\t<\/ul>\n\t<\/div>\n<\/div><\/div>\n\t\t\t\t\t\t\t\t\t\t\t<div class=\"c-team__slide\">\n<div class=\"c-team-highlight\" data-aos='fade-up'>\n\t<div class=\"c-team-highlight__figure\"><img decoding=\"async\" alt=\"Xavier Dairaine\" src=\"https:\/\/dunkerquelenergiecreative.fr\/wp-content\/uploads\/2024\/01\/Xavier.jpg\" srcset=\"https:\/\/dunkerquelenergiecreative.fr\/wp-content\/uploads\/2024\/01\/Xavier-300x300.jpg 300w, https:\/\/dunkerquelenergiecreative.fr\/wp-content\/uploads\/2024\/01\/Xavier-1024x1024.jpg 1024w, https:\/\/dunkerquelenergiecreative.fr\/wp-content\/uploads\/2024\/01\/Xavier-150x150.jpg 150w, https:\/\/dunkerquelenergiecreative.fr\/wp-content\/uploads\/2024\/01\/Xavier-768x768.jpg 768w, https:\/\/dunkerquelenergiecreative.fr\/wp-content\/uploads\/2024\/01\/Xavier-1536x1536.jpg 1536w, https:\/\/dunkerquelenergiecreative.fr\/wp-content\/uploads\/2024\/01\/Xavier.jpg 1875w\" sizes=\"(min-width: 992px) 298px, (min-width: 1200px) 360px, (min-width: 1400px) 420px, (min-width: 1600px) 480px, 100vw\">\n\t\t<h3 class=\"c-team-highlight__name\" class=\"c-team-highlight__name\" id=\"xavier-dairaine\">Xavier <span class=\"name\">Dairaine<\/span><\/h3>\n\t<\/div>\n\t<div class=\"c-team-highlight__content\">\n\t\t\t\t<ul class=\"c-team-highlight__lang\">\n\t\t\t\t\t<\/ul>\n\t<\/div>\n<\/div><\/div>\n\t\t\t\t\t\t\t\t\t\t\t<div class=\"c-team__slide\">\n<div class=\"c-team-highlight\" data-aos='fade-up'>\n\t<div class=\"c-team-highlight__figure\"><img decoding=\"async\" alt=\"Henri-Pierre ORSONI \" src=\"https:\/\/dunkerquelenergiecreative.fr\/wp-content\/uploads\/2024\/02\/Henri-Pierre-ORSONI-2.jpg\" srcset=\"https:\/\/dunkerquelenergiecreative.fr\/wp-content\/uploads\/2024\/02\/Henri-Pierre-ORSONI-2-300x300.jpg 300w, https:\/\/dunkerquelenergiecreative.fr\/wp-content\/uploads\/2024\/02\/Henri-Pierre-ORSONI-2-150x150.jpg 150w, https:\/\/dunkerquelenergiecreative.fr\/wp-content\/uploads\/2024\/02\/Henri-Pierre-ORSONI-2-768x768.jpg 768w, https:\/\/dunkerquelenergiecreative.fr\/wp-content\/uploads\/2024\/02\/Henri-Pierre-ORSONI-2.jpg 1000w\" sizes=\"(min-width: 992px) 298px, (min-width: 1200px) 360px, (min-width: 1400px) 420px, (min-width: 1600px) 480px, 100vw\">\n\t\t<h3 class=\"c-team-highlight__name\" class=\"c-team-highlight__name\" id=\"henri-pierre-orsoni\">Henri-Pierre <span class=\"name\">Orsoni<\/span><\/h3>\n\t<\/div>\n\t<div class=\"c-team-highlight__content\">\n\t\t\t\t<ul class=\"c-team-highlight__lang\">\n\t\t\t\t\t<\/ul>\n\t<\/div>\n<\/div><\/div>\n\t\t\t\t\t\t\t\t\t<\/div>\n\t\t\t<\/div>\n\n\t\t\t<div class=\"c-team__row\">\n\t\t\t\t\t\t\t\t\t\n<div class=\"c-team__col\">\n\t<div class=\"c-team-card highlight-off\" data-aos='fade-up'>\n\t\t<div class=\"c-team-card__thumb\"><img decoding=\"async\" alt=\"Rafael Ponce\" src=\"https:\/\/dunkerquelenergiecreative.fr\/wp-content\/uploads\/2024\/01\/Rafael.png\" srcset=\"https:\/\/dunkerquelenergiecreative.fr\/wp-content\/uploads\/2024\/01\/Rafael-300x300.png 300w, https:\/\/dunkerquelenergiecreative.fr\/wp-content\/uploads\/2024\/01\/Rafael-1024x1024.png 1024w, https:\/\/dunkerquelenergiecreative.fr\/wp-content\/uploads\/2024\/01\/Rafael-150x150.png 150w, https:\/\/dunkerquelenergiecreative.fr\/wp-content\/uploads\/2024\/01\/Rafael-768x768.png 768w, https:\/\/dunkerquelenergiecreative.fr\/wp-content\/uploads\/2024\/01\/Rafael-1536x1536.png 1536w, https:\/\/dunkerquelenergiecreative.fr\/wp-content\/uploads\/2024\/01\/Rafael.png 1875w\" sizes=\"(min-width: 992px) 198px, (min-width: 1200px) 240px, (min-width: 1400px) 280px, (min-width: 1600px) 320px, 100vw\"><\/div>\n\t\t<h3 class=\"c-team-card__name\" class=\"c-team-card__name\" id=\"rafael-ponce\">Rafael <span class=\"name\">Ponce<\/span><\/h3>\n\t\t<div class=\"c-team-card__job\">Managing Director<\/div>\n\t\t<div class=\"c-team-card__contact\"><a href=\"mailto:rafael.ponce@ecosysteme-d.fr\">rafael.ponce@ecosysteme-d.fr<\/a> <br><a href=\"tel:\"><\/a><\/div>\n\t\t<a class=\"c-team-card__social\" href=\"https:\/\/fr.linkedin.com\/in\/rafael-ponce-44a1a1b2\" target=\"_blank\"><i class=\"o-icon-linkedin\"><\/i><\/a>\t\t\t\t\t<\/div>\n<\/div>\t\t\t\t\t\t\t\t\t\n<div class=\"c-team__col\">\n\t<div class=\"c-team-card highlight-off\" data-aos='fade-up'>\n\t\t<div class=\"c-team-card__thumb\"><img decoding=\"async\" alt=\"Laurence Sdika\" src=\"https:\/\/dunkerquelenergiecreative.fr\/wp-content\/uploads\/2023\/10\/Laurence-Sdika.png\" srcset=\"https:\/\/dunkerquelenergiecreative.fr\/wp-content\/uploads\/2023\/10\/Laurence-Sdika-300x300.png 300w, https:\/\/dunkerquelenergiecreative.fr\/wp-content\/uploads\/2023\/10\/Laurence-Sdika-1024x1024.png 1024w, https:\/\/dunkerquelenergiecreative.fr\/wp-content\/uploads\/2023\/10\/Laurence-Sdika-150x150.png 150w, https:\/\/dunkerquelenergiecreative.fr\/wp-content\/uploads\/2023\/10\/Laurence-Sdika-768x768.png 768w, https:\/\/dunkerquelenergiecreative.fr\/wp-content\/uploads\/2023\/10\/Laurence-Sdika-1536x1536.png 1536w, https:\/\/dunkerquelenergiecreative.fr\/wp-content\/uploads\/2023\/10\/Laurence-Sdika.png 1875w\" sizes=\"(min-width: 992px) 198px, (min-width: 1200px) 240px, (min-width: 1400px) 280px, (min-width: 1600px) 320px, 100vw\"><\/div>\n\t\t<h3 class=\"c-team-card__name\" class=\"c-team-card__name\" id=\"laurence-sdika\">Laurence <span class=\"name\">Sdika<\/span><\/h3>\n\t\t<div class=\"c-team-card__job\">Deputy Managing Director <\/div>\n\t\t<div class=\"c-team-card__contact\"><a href=\"mailto:laurence.sdika@ecosysteme-d.fr\">laurence.sdika@ecosysteme-d.fr<\/a> <br><a href=\"tel:\"><\/a><\/div>\n\t\t<a class=\"c-team-card__social\" href=\"https:\/\/www.linkedin.com\/in\/laurence-sdika-55264822\/\" target=\"_blank\"><i class=\"o-icon-linkedin\"><\/i><\/a>\t\t\t\t\t<\/div>\n<\/div>\t\t\t\t\t\t\t\t\t\n<div class=\"c-team__col\">\n\t<div class=\"c-team-card highlight-off\" data-aos='fade-up'>\n\t\t<div class=\"c-team-card__thumb\"><img decoding=\"async\" alt=\"Xavier Dairaine\" src=\"https:\/\/dunkerquelenergiecreative.fr\/wp-content\/uploads\/2024\/01\/Xavier.jpg\" srcset=\"https:\/\/dunkerquelenergiecreative.fr\/wp-content\/uploads\/2024\/01\/Xavier-300x300.jpg 300w, https:\/\/dunkerquelenergiecreative.fr\/wp-content\/uploads\/2024\/01\/Xavier-1024x1024.jpg 1024w, https:\/\/dunkerquelenergiecreative.fr\/wp-content\/uploads\/2024\/01\/Xavier-150x150.jpg 150w, https:\/\/dunkerquelenergiecreative.fr\/wp-content\/uploads\/2024\/01\/Xavier-768x768.jpg 768w, https:\/\/dunkerquelenergiecreative.fr\/wp-content\/uploads\/2024\/01\/Xavier-1536x1536.jpg 1536w, https:\/\/dunkerquelenergiecreative.fr\/wp-content\/uploads\/2024\/01\/Xavier.jpg 1875w\" sizes=\"(min-width: 992px) 198px, (min-width: 1200px) 240px, (min-width: 1400px) 280px, (min-width: 1600px) 320px, 100vw\"><\/div>\n\t\t<h3 class=\"c-team-card__name\" class=\"c-team-card__name\" id=\"xavier-dairaine\">Xavier <span class=\"name\">Dairaine<\/span><\/h3>\n\t\t<div class=\"c-team-card__job\">Deputy Managing Director<\/div>\n\t\t<div class=\"c-team-card__contact\"><a href=\"mailto:xavier.dairaine@ecosysteme-d.fr\">xavier.dairaine@ecosysteme-d.fr<\/a> <br><a href=\"tel:\"><\/a><\/div>\n\t\t<a class=\"c-team-card__social\" href=\"https:\/\/www.linkedin.com\/company\/eura%C3%A9nergie\/?viewAsMember=true\" target=\"_blank\"><i class=\"o-icon-linkedin\"><\/i><\/a>\t\t\t\t\t<\/div>\n<\/div>\t\t\t\t\t\t\t\t\t\n<div class=\"c-team__col\">\n\t<div class=\"c-team-card highlight-off\" data-aos='fade-up'>\n\t\t<div class=\"c-team-card__thumb\"><img decoding=\"async\" alt=\"Henri-Pierre ORSONI \" src=\"https:\/\/dunkerquelenergiecreative.fr\/wp-content\/uploads\/2024\/02\/Henri-Pierre-ORSONI-2.jpg\" srcset=\"https:\/\/dunkerquelenergiecreative.fr\/wp-content\/uploads\/2024\/02\/Henri-Pierre-ORSONI-2-300x300.jpg 300w, https:\/\/dunkerquelenergiecreative.fr\/wp-content\/uploads\/2024\/02\/Henri-Pierre-ORSONI-2-150x150.jpg 150w, https:\/\/dunkerquelenergiecreative.fr\/wp-content\/uploads\/2024\/02\/Henri-Pierre-ORSONI-2-768x768.jpg 768w, https:\/\/dunkerquelenergiecreative.fr\/wp-content\/uploads\/2024\/02\/Henri-Pierre-ORSONI-2.jpg 1000w\" sizes=\"(min-width: 992px) 198px, (min-width: 1200px) 240px, (min-width: 1400px) 280px, (min-width: 1600px) 320px, 100vw\"><\/div>\n\t\t<h3 class=\"c-team-card__name\" class=\"c-team-card__name\" id=\"henri-pierre-orsoni\">Henri-Pierre <span class=\"name\">Orsoni<\/span><\/h3>\n\t\t<div class=\"c-team-card__job\">Adviser\/Expert<\/div>\n\t\t<div class=\"c-team-card__contact\"><a href=\"mailto:\"><\/a> <br><a href=\"tel:\"><\/a><\/div>\n\t\t<a class=\"c-team-card__social\" href=\"https:\/\/www.linkedin.com\/company\/eura%C3%A9nergie\/?viewAsMember=true\" target=\"_blank\"><i class=\"o-icon-linkedin\"><\/i><\/a>\t\t\t\t\t<\/div>\n<\/div>\t\t\t\t\t\t\t<\/div>\n\t\t\t\n\t\t<\/div>\n\t<\/div>\n<\/section>\n\n\n\n\r\n\r\n\r\n<section class=\"blc-banner o-wrapper\" id='ab1b00d19203f2c6fb7fbc8b3327ab44'>\r\n\t<div class=\"c-white-book\">\r\n\t\t<img decoding=\"async\" class=\"c-white-book__bg\" alt=\"General Management Division\" src=\"https:\/\/dunkerquelenergiecreative.fr\/wp-content\/uploads\/2022\/07\/bg-white-book-2.jpg\" srcset=\"https:\/\/dunkerquelenergiecreative.fr\/wp-content\/uploads\/2022\/07\/bg-white-book-2-300x72.jpg 300w, https:\/\/dunkerquelenergiecreative.fr\/wp-content\/uploads\/2022\/07\/bg-white-book-2-1024x245.jpg 1024w, https:\/\/dunkerquelenergiecreative.fr\/wp-content\/uploads\/2022\/07\/bg-white-book-2-768x184.jpg 768w, https:\/\/dunkerquelenergiecreative.fr\/wp-content\/uploads\/2022\/07\/bg-white-book-2.jpg 1265w\" sizes=\"(min-width: 1400px) 1386px, (min-width: 1600px) 1584px, 100vw\">\t\t\t\t<div class=\"c-white-book__content\">\r\n\t\t\t<h2 id=\"why-is-dunkirk-the-ideal-territory-for-growing-your-company\">WHY IS DUNKIRK THE IDEAL TERRITORY FOR GROWING YOUR COMPANY ?<\/h2>\t\t\t<a class=\"c-btn\" href=\"https:\/\/dunkerquelenergiecreative.fr\/en\/do-you-have-a-project\/\" target=\"_blank\">DOWNLOAD TO FIND OUT MORE<\/a>\t\t<\/div>\r\n\t<\/div>\r\n<\/section>\r\n\r\n\r\n","protected":false},"excerpt":{"rendered":"The general management pole.","protected":false},"author":2,"featured_media":48421,"parent":0,"menu_order":0,"comment_status":"closed","ping_status":"closed","template":"","meta":{"_acf_changed":false,"inline_featured_image":false,"_uf_show_specific_survey":0,"_uf_disable_surveys":false,"footnotes":""},"class_list":["post-57511","page","type-page","status-publish","has-post-thumbnail","hentry"],"acf":[],"yoast_head":"<!-- This site is optimized with the Yoast SEO plugin v27.4 - https:\/\/yoast.com\/product\/yoast-seo-wordpress\/ -->\n<title>General Management Division - Dunkerque l&#039;\u00c9nergie Cr\u00e9ative<\/title>\n<meta name=\"description\" content=\"The Public Relations Department strengthens the visibility of initiatives in the Dunkirk region, leader in decarbonization.\" \/>\n<meta name=\"robots\" content=\"index, follow, max-snippet:-1, max-image-preview:large, max-video-preview:-1\" \/>\n<link rel=\"canonical\" href=\"https:\/\/dunkerquelenergiecreative.fr\/en\/general-management-division\/\" \/>\n<meta property=\"og:locale\" content=\"en_US\" \/>\n<meta property=\"og:type\" content=\"article\" \/>\n<meta property=\"og:title\" content=\"General Management Division - Dunkerque l&#039;\u00c9nergie Cr\u00e9ative\" \/>\n<meta property=\"og:description\" content=\"The Public Relations Department strengthens the visibility of initiatives in the Dunkirk region, leader in decarbonization.\" \/>\n<meta property=\"og:url\" content=\"https:\/\/dunkerquelenergiecreative.fr\/en\/general-management-division\/\" \/>\n<meta property=\"og:site_name\" content=\"Dunkerque l&#039;\u00c9nergie Cr\u00e9ative\" \/>\n<meta property=\"article:publisher\" content=\"https:\/\/www.facebook.com\/Dunkerquelenergiecreative\" \/>\n<meta property=\"article:modified_time\" content=\"2024-10-08T13:15:08+00:00\" \/>\n<meta property=\"og:image\" content=\"https:\/\/dunkerquelenergiecreative.fr\/wp-content\/uploads\/2024\/01\/ville.jpg\" \/>\n\t<meta property=\"og:image:width\" content=\"1500\" \/>\n\t<meta property=\"og:image:height\" content=\"1125\" \/>\n\t<meta property=\"og:image:type\" content=\"image\/jpeg\" \/>\n<meta name=\"twitter:card\" content=\"summary_large_image\" \/>\n<meta name=\"twitter:site\" content=\"@ecosysteme_d\" \/>\n<meta name=\"twitter:label1\" content=\"Est. reading time\" \/>\n\t<meta name=\"twitter:data1\" content=\"1 minute\" \/>\n<script type=\"application\/ld+json\" class=\"yoast-schema-graph\">{\"@context\":\"https:\\\/\\\/schema.org\",\"@graph\":[{\"@type\":\"WebPage\",\"@id\":\"https:\\\/\\\/dunkerquelenergiecreative.fr\\\/en\\\/general-management-division\\\/\",\"url\":\"https:\\\/\\\/dunkerquelenergiecreative.fr\\\/en\\\/general-management-division\\\/\",\"name\":\"General Management Division - Dunkerque l&#039;\u00c9nergie Cr\u00e9ative\",\"isPartOf\":{\"@id\":\"https:\\\/\\\/dunkerquelenergiecreative.fr\\\/en\\\/#website\"},\"primaryImageOfPage\":{\"@id\":\"https:\\\/\\\/dunkerquelenergiecreative.fr\\\/en\\\/general-management-division\\\/#primaryimage\"},\"image\":{\"@id\":\"https:\\\/\\\/dunkerquelenergiecreative.fr\\\/en\\\/general-management-division\\\/#primaryimage\"},\"thumbnailUrl\":\"https:\\\/\\\/dunkerquelenergiecreative.fr\\\/wp-content\\\/uploads\\\/2024\\\/01\\\/ville.jpg\",\"datePublished\":\"2024-10-07T07:58:04+00:00\",\"dateModified\":\"2024-10-08T13:15:08+00:00\",\"description\":\"The Public Relations Department strengthens the visibility of initiatives in the Dunkirk region, leader in decarbonization.\",\"breadcrumb\":{\"@id\":\"https:\\\/\\\/dunkerquelenergiecreative.fr\\\/en\\\/general-management-division\\\/#breadcrumb\"},\"inLanguage\":\"en-US\",\"potentialAction\":[{\"@type\":\"ReadAction\",\"target\":[\"https:\\\/\\\/dunkerquelenergiecreative.fr\\\/en\\\/general-management-division\\\/\"]}]},{\"@type\":\"ImageObject\",\"inLanguage\":\"en-US\",\"@id\":\"https:\\\/\\\/dunkerquelenergiecreative.fr\\\/en\\\/general-management-division\\\/#primaryimage\",\"url\":\"https:\\\/\\\/dunkerquelenergiecreative.fr\\\/wp-content\\\/uploads\\\/2024\\\/01\\\/ville.jpg\",\"contentUrl\":\"https:\\\/\\\/dunkerquelenergiecreative.fr\\\/wp-content\\\/uploads\\\/2024\\\/01\\\/ville.jpg\",\"width\":1500,\"height\":1125},{\"@type\":\"BreadcrumbList\",\"@id\":\"https:\\\/\\\/dunkerquelenergiecreative.fr\\\/en\\\/general-management-division\\\/#breadcrumb\",\"itemListElement\":[{\"@type\":\"ListItem\",\"position\":1,\"name\":\"Home\",\"item\":\"https:\\\/\\\/dunkerquelenergiecreative.fr\\\/en\\\/\"},{\"@type\":\"ListItem\",\"position\":2,\"name\":\"General Management Division\"}]},{\"@type\":\"WebSite\",\"@id\":\"https:\\\/\\\/dunkerquelenergiecreative.fr\\\/en\\\/#website\",\"url\":\"https:\\\/\\\/dunkerquelenergiecreative.fr\\\/en\\\/\",\"name\":\"Dunkerque l'\u00c9nergie Cr\u00e9ative\",\"description\":\"Agence de d\u00e9veloppement \u00e9conomique \u00e0 Dunkerque\",\"publisher\":{\"@id\":\"https:\\\/\\\/dunkerquelenergiecreative.fr\\\/en\\\/#organization\"},\"potentialAction\":[{\"@type\":\"SearchAction\",\"target\":{\"@type\":\"EntryPoint\",\"urlTemplate\":\"https:\\\/\\\/dunkerquelenergiecreative.fr\\\/en\\\/?s={search_term_string}\"},\"query-input\":{\"@type\":\"PropertyValueSpecification\",\"valueRequired\":true,\"valueName\":\"search_term_string\"}}],\"inLanguage\":\"en-US\"},{\"@type\":\"Organization\",\"@id\":\"https:\\\/\\\/dunkerquelenergiecreative.fr\\\/en\\\/#organization\",\"name\":\"Dunkerque l'\u00c9nergie Cr\u00e9ative\",\"url\":\"https:\\\/\\\/dunkerquelenergiecreative.fr\\\/en\\\/\",\"logo\":{\"@type\":\"ImageObject\",\"inLanguage\":\"en-US\",\"@id\":\"https:\\\/\\\/dunkerquelenergiecreative.fr\\\/en\\\/#\\\/schema\\\/logo\\\/image\\\/\",\"url\":\"https:\\\/\\\/dunkerquelenergiecreative.fr\\\/wp-content\\\/uploads\\\/2025\\\/04\\\/logo-dunkerque.png\",\"contentUrl\":\"https:\\\/\\\/dunkerquelenergiecreative.fr\\\/wp-content\\\/uploads\\\/2025\\\/04\\\/logo-dunkerque.png\",\"width\":696,\"height\":696,\"caption\":\"Dunkerque l'\u00c9nergie Cr\u00e9ative\"},\"image\":{\"@id\":\"https:\\\/\\\/dunkerquelenergiecreative.fr\\\/en\\\/#\\\/schema\\\/logo\\\/image\\\/\"},\"sameAs\":[\"https:\\\/\\\/www.facebook.com\\\/Dunkerquelenergiecreative\",\"https:\\\/\\\/x.com\\\/ecosysteme_d\",\"https:\\\/\\\/fr.linkedin.com\\\/company\\\/dunkerque-l-energie-creative\",\"https:\\\/\\\/www.linkedin.com\\\/company\\\/ecosysteme-d\\\/\",\"https:\\\/\\\/www.instagram.com\\\/dunkerquelenergiecreative\\\/\"]}]}<\/script>\n<!-- \/ Yoast SEO plugin. -->","yoast_head_json":{"title":"General Management Division - Dunkerque l&#039;\u00c9nergie Cr\u00e9ative","description":"The Public Relations Department strengthens the visibility of initiatives in the Dunkirk region, leader in decarbonization.","robots":{"index":"index","follow":"follow","max-snippet":"max-snippet:-1","max-image-preview":"max-image-preview:large","max-video-preview":"max-video-preview:-1"},"canonical":"https:\/\/dunkerquelenergiecreative.fr\/en\/general-management-division\/","og_locale":"en_US","og_type":"article","og_title":"General Management Division - Dunkerque l&#039;\u00c9nergie Cr\u00e9ative","og_description":"The Public Relations Department strengthens the visibility of initiatives in the Dunkirk region, leader in decarbonization.","og_url":"https:\/\/dunkerquelenergiecreative.fr\/en\/general-management-division\/","og_site_name":"Dunkerque l&#039;\u00c9nergie Cr\u00e9ative","article_publisher":"https:\/\/www.facebook.com\/Dunkerquelenergiecreative","article_modified_time":"2024-10-08T13:15:08+00:00","og_image":[{"width":1500,"height":1125,"url":"https:\/\/dunkerquelenergiecreative.fr\/wp-content\/uploads\/2024\/01\/ville.jpg","type":"image\/jpeg"}],"twitter_card":"summary_large_image","twitter_site":"@ecosysteme_d","twitter_misc":{"Est. reading time":"1 minute"},"schema":{"@context":"https:\/\/schema.org","@graph":[{"@type":"WebPage","@id":"https:\/\/dunkerquelenergiecreative.fr\/en\/general-management-division\/","url":"https:\/\/dunkerquelenergiecreative.fr\/en\/general-management-division\/","name":"General Management Division - Dunkerque l&#039;\u00c9nergie Cr\u00e9ative","isPartOf":{"@id":"https:\/\/dunkerquelenergiecreative.fr\/en\/#website"},"primaryImageOfPage":{"@id":"https:\/\/dunkerquelenergiecreative.fr\/en\/general-management-division\/#primaryimage"},"image":{"@id":"https:\/\/dunkerquelenergiecreative.fr\/en\/general-management-division\/#primaryimage"},"thumbnailUrl":"https:\/\/dunkerquelenergiecreative.fr\/wp-content\/uploads\/2024\/01\/ville.jpg","datePublished":"2024-10-07T07:58:04+00:00","dateModified":"2024-10-08T13:15:08+00:00","description":"The Public Relations Department strengthens the visibility of initiatives in the Dunkirk region, leader in decarbonization.","breadcrumb":{"@id":"https:\/\/dunkerquelenergiecreative.fr\/en\/general-management-division\/#breadcrumb"},"inLanguage":"en-US","potentialAction":[{"@type":"ReadAction","target":["https:\/\/dunkerquelenergiecreative.fr\/en\/general-management-division\/"]}]},{"@type":"ImageObject","inLanguage":"en-US","@id":"https:\/\/dunkerquelenergiecreative.fr\/en\/general-management-division\/#primaryimage","url":"https:\/\/dunkerquelenergiecreative.fr\/wp-content\/uploads\/2024\/01\/ville.jpg","contentUrl":"https:\/\/dunkerquelenergiecreative.fr\/wp-content\/uploads\/2024\/01\/ville.jpg","width":1500,"height":1125},{"@type":"BreadcrumbList","@id":"https:\/\/dunkerquelenergiecreative.fr\/en\/general-management-division\/#breadcrumb","itemListElement":[{"@type":"ListItem","position":1,"name":"Home","item":"https:\/\/dunkerquelenergiecreative.fr\/en\/"},{"@type":"ListItem","position":2,"name":"General Management Division"}]},{"@type":"WebSite","@id":"https:\/\/dunkerquelenergiecreative.fr\/en\/#website","url":"https:\/\/dunkerquelenergiecreative.fr\/en\/","name":"Dunkerque l'\u00c9nergie Cr\u00e9ative","description":"Agence de d\u00e9veloppement \u00e9conomique \u00e0 Dunkerque","publisher":{"@id":"https:\/\/dunkerquelenergiecreative.fr\/en\/#organization"},"potentialAction":[{"@type":"SearchAction","target":{"@type":"EntryPoint","urlTemplate":"https:\/\/dunkerquelenergiecreative.fr\/en\/?s={search_term_string}"},"query-input":{"@type":"PropertyValueSpecification","valueRequired":true,"valueName":"search_term_string"}}],"inLanguage":"en-US"},{"@type":"Organization","@id":"https:\/\/dunkerquelenergiecreative.fr\/en\/#organization","name":"Dunkerque l'\u00c9nergie Cr\u00e9ative","url":"https:\/\/dunkerquelenergiecreative.fr\/en\/","logo":{"@type":"ImageObject","inLanguage":"en-US","@id":"https:\/\/dunkerquelenergiecreative.fr\/en\/#\/schema\/logo\/image\/","url":"https:\/\/dunkerquelenergiecreative.fr\/wp-content\/uploads\/2025\/04\/logo-dunkerque.png","contentUrl":"https:\/\/dunkerquelenergiecreative.fr\/wp-content\/uploads\/2025\/04\/logo-dunkerque.png","width":696,"height":696,"caption":"Dunkerque l'\u00c9nergie Cr\u00e9ative"},"image":{"@id":"https:\/\/dunkerquelenergiecreative.fr\/en\/#\/schema\/logo\/image\/"},"sameAs":["https:\/\/www.facebook.com\/Dunkerquelenergiecreative","https:\/\/x.com\/ecosysteme_d","https:\/\/fr.linkedin.com\/company\/dunkerque-l-energie-creative","https:\/\/www.linkedin.com\/company\/ecosysteme-d\/","https:\/\/www.instagram.com\/dunkerquelenergiecreative\/"]}]}},"_links":{"self":[{"href":"https:\/\/dunkerquelenergiecreative.fr\/en\/wp-json\/wp\/v2\/pages\/57511","targetHints":{"allow":["GET"]}}],"collection":[{"href":"https:\/\/dunkerquelenergiecreative.fr\/en\/wp-json\/wp\/v2\/pages"}],"about":[{"href":"https:\/\/dunkerquelenergiecreative.fr\/en\/wp-json\/wp\/v2\/types\/page"}],"author":[{"embeddable":true,"href":"https:\/\/dunkerquelenergiecreative.fr\/en\/wp-json\/wp\/v2\/users\/2"}],"replies":[{"embeddable":true,"href":"https:\/\/dunkerquelenergiecreative.fr\/en\/wp-json\/wp\/v2\/comments?post=57511"}],"version-history":[{"count":2,"href":"https:\/\/dunkerquelenergiecreative.fr\/en\/wp-json\/wp\/v2\/pages\/57511\/revisions"}],"predecessor-version":[{"id":57515,"href":"https:\/\/dunkerquelenergiecreative.fr\/en\/wp-json\/wp\/v2\/pages\/57511\/revisions\/57515"}],"wp:featuredmedia":[{"embeddable":true,"href":"https:\/\/dunkerquelenergiecreative.fr\/en\/wp-json\/wp\/v2\/media\/48421"}],"wp:attachment":[{"href":"https:\/\/dunkerquelenergiecreative.fr\/en\/wp-json\/wp\/v2\/media?parent=57511"}],"curies":[{"name":"wp","href":"https:\/\/api.w.org\/{rel}","templated":true}]}}