{"id":39967,"date":"2023-09-12T10:07:32","date_gmt":"2023-09-12T08:07:32","guid":{"rendered":"https:\/\/dunkerquelenergiecreative.fr\/?page_id=39967"},"modified":"2025-04-04T15:53:59","modified_gmt":"2025-04-04T13:53:59","slug":"why-is-dunkirk-becoming-the-key-territory-of-decarbonised-industry-and-electric-mobility","status":"publish","type":"page","link":"https:\/\/dunkerquelenergiecreative.fr\/en\/why-is-dunkirk-becoming-the-key-territory-of-decarbonised-industry-and-electric-mobility\/","title":{"rendered":"Why Dunkirk\u00a0is becoming the key territory of dercabonised industry and electric mobility?"},"content":{"rendered":"\n\n<section class=\"blc-hero-sm c-head\" id='576af4e707cbf78100543e371022ac6b'>\n\t<div class=\"c-head__bg decal__bg\">\n\t\t<img decoding=\"async\" data-aos=\"fade\" alt=\"Why Dunkirk\u00a0is becoming the key territory of dercabonised industry and electric mobility?\" src=\"https:\/\/dunkerquelenergiecreative.fr\/wp-content\/uploads\/2023\/06\/REDI-Studio-Mallevaey-2021-121-2.jpg\" srcset=\"\" sizes=\"(min-width: 1200px) 1080px, (min-width: 1400px) 1260px, (min-width: 1600px) 1440px, 100vw\">\t\t\t<\/div>\n\t<div class=\"o-wrapper\">\n\t\t<div class=\"c-head__box c-head__box--smaller\">\n\t\t\t<div class=\"c-head__wrap\" data-aos=\"fade-left\">\n\t\t\t\t<div class=\"c-breadcrumbs\"><span><span><a href=\"https:\/\/dunkerquelenergiecreative.fr\/en\/\">Home<\/a><\/span><\/span><\/div>\n\t\t\t\t\t\t\t<\/div>\n\t\t\t\t\t\t\t<h1 class=\"u-h2 c-head__title\" data-aos=\"fade-left\" data-aos-delay=\"100\" class=\"u-h2 c-head__title\" data-aos=\"fade-left\" data-aos-delay=\"100\" id=\"why-dunkirk-is-becoming-the-key-territory-of-dercabonised-industry-and-electric-mobility\">Why Dunkirk\u00a0is becoming the key territory of dercabonised industry and electric mobility?<\/h1>\n\t\t\t\t\t\t\t\t<\/div>\n\t<\/div>\n<\/section>\n\n\n\n\r\n\r\n<section class=\"blc-text-media c-section c-section--white\" id='1e4e4b7bedca7c8e0471f5ac89e76a4e'>\r\n\t<div class=\"o-wrapper\">\r\n\t\t<div class=\"c-block-push c-block-push--invert\">\r\n\t\t\t<div class=\"c-block-push__img\">\r\n\t\t\t\t<div class=\"ratio-16x9\">\r\n\t\t\t\t\t<img decoding=\"async\" alt=\"Why Dunkirk\u00a0is becoming the key territory of dercabonised industry and electric mobility?\" src=\"https:\/\/dunkerquelenergiecreative.fr\/wp-content\/uploads\/2024\/09\/Low-battery-brochure-cover.jpg\" srcset=\"https:\/\/dunkerquelenergiecreative.fr\/wp-content\/uploads\/2024\/09\/Low-battery-brochure-cover-300x225.jpg 300w, https:\/\/dunkerquelenergiecreative.fr\/wp-content\/uploads\/2024\/09\/Low-battery-brochure-cover-1024x768.jpg 1024w, https:\/\/dunkerquelenergiecreative.fr\/wp-content\/uploads\/2024\/09\/Low-battery-brochure-cover-768x576.jpg 768w, https:\/\/dunkerquelenergiecreative.fr\/wp-content\/uploads\/2024\/09\/Low-battery-brochure-cover-1536x1152.jpg 1536w, https:\/\/dunkerquelenergiecreative.fr\/wp-content\/uploads\/2024\/09\/Low-battery-brochure-cover-2048x1536.jpg 2048w\" sizes=\"(min-width: 992px) 496px, (min-width: 1200px) 600px, (min-width: 1400px) 700px, (min-width: 1600px) 800px, 100vw\">\t\t\t\t\t\t\t\t\t\t\t\t\t\t<\/div>\r\n\t\t\t<\/div>\r\n\t\t\t<div class=\"c-block-push__content\">\r\n\t\t\t\t<div class=\"c-wysiwyg\">\r\n\t\t\t\t\t<h1 id=\"\"><\/h2>\r\n\t\t\t\t\t<div><p>Dunkirk&#8217;s ambition to become the key territory of decarbonised industry and electric mobility&nbsp;is shared by all the territory&#8217;s institutional and socioeconomic stakeholders.<strong> With the infrastructure already in place and a whole host of upcoming projects, Dunkirk is the key to decarbonising French industry!<\/strong><\/p>\n<p><strong>Download the brochure<\/strong> to find out <strong>how Dunkirk is preparing to host the decarbonisation <\/strong>and hydrogen production industrial sector.<\/p>\n<p><strong>So why wait? Explore the opportunities offered by industry decarbonisation! <\/strong><\/p>\n<\/div>\r\n\t\t\t\t\t\t\t\t\t<\/div>\r\n\t\t\t<\/div>\r\n\t\t<\/div>\r\n\t<\/div>\r\n<\/section>\r\n\r\n\n\n\n\n<section class=\"blc-hero-lp c-section c-section--secondary tpl2\" id='ff79f104f88e4fb2a77b5024d3769330'>\n\t<div class=\"o-wrapper\">\n\t\t<div class=\"c-section__row\">\n\t\t\t<div class=\"c-section__col c-section__content\">\n\t\t\t\t<h1 class=\"u-h1\" class=\"u-h1\" id=\"what-are-dunkirks-advantages-as-a-location-for-decarbonised-activities\">WHAT ARE DUNKIRK&#8217;S ADVANTAGES AS A LOCATION FOR DECARBONISED ACTIVITIES?<\/h1>\n\t\t\t\t<div class=\"c__txt\"><\/div>\n\t\t\t\t\t\t\t<\/div>\n\t\t\t<div class=\"c-section__col\">\n\t\t\t\t\t\t\t\t\t<div class=\"c-code\">\n\t\t\t\t\t\t<script charset=\"utf-8\" type=\"text\/javascript\" src=\"\/\/js.hsforms.net\/forms\/embed\/v2.js\"><\/script>\r\n<script>\r\n  hbspt.forms.create({\r\n    region: \"na1\",\r\n    portalId: \"8845296\",\r\n    formId: \"1442b57a-5cbb-4d4b-98ba-7d3560cb2259\"\r\n  });\r\n<\/script>\t\t\t\t\t<\/div>\n\t\t\t\t\t\t\t<\/div>\n\t\t<\/div>\n\t<\/div>\n<\/section>\n\n\n\n\r\n\r\n<section class=\"blc-text-media c-section c-section--white\" id='69384d80fe9f887cbde0612349cbe030'>\r\n\t<div class=\"o-wrapper\">\r\n\t\t<div class=\"c-block-push c-block-push--invert\">\r\n\t\t\t<div class=\"c-block-push__img\">\r\n\t\t\t\t<div class=\"ratio-16x9\">\r\n\t\t\t\t\t<img decoding=\"async\" alt=\"Why Dunkirk\u00a0is becoming the key territory of dercabonised industry and electric mobility?\" src=\"https:\/\/dunkerquelenergiecreative.fr\/wp-content\/uploads\/2025\/04\/Schema-infrastructures-collectives-EN-bd.jpg\" srcset=\"https:\/\/dunkerquelenergiecreative.fr\/wp-content\/uploads\/2025\/04\/Schema-infrastructures-collectives-EN-bd-300x198.jpg 300w, https:\/\/dunkerquelenergiecreative.fr\/wp-content\/uploads\/2025\/04\/Schema-infrastructures-collectives-EN-bd-1024x674.jpg 1024w, https:\/\/dunkerquelenergiecreative.fr\/wp-content\/uploads\/2025\/04\/Schema-infrastructures-collectives-EN-bd-768x506.jpg 768w, https:\/\/dunkerquelenergiecreative.fr\/wp-content\/uploads\/2025\/04\/Schema-infrastructures-collectives-EN-bd-1536x1011.jpg 1536w, https:\/\/dunkerquelenergiecreative.fr\/wp-content\/uploads\/2025\/04\/Schema-infrastructures-collectives-EN-bd-2048x1348.jpg 2048w\" sizes=\"(min-width: 992px) 496px, (min-width: 1200px) 600px, (min-width: 1400px) 700px, (min-width: 1600px) 800px, 100vw\">\t\t\t\t\t\t\t\t\t\t\t\t\t\t<\/div>\r\n\t\t\t<\/div>\r\n\t\t\t<div class=\"c-block-push__content\">\r\n\t\t\t\t<div class=\"c-wysiwyg\">\r\n\t\t\t\t\t<h2 id=\"winner-of-the-zibac-call-for-projects\">Winner of the ZIBaC call for projects<\/h2>\r\n\t\t\t\t\t<div><p>The major industrial-port areas of Le Havre, Marseilles and Dunkirk have historically emitted high levels of CO2. Finding solutions to decarbonise these areas in order to achieve the targets of -30% emissions by 2030 and carbon neutrality by 2050 is essential if we want to meet our climate objectives: <strong><em>Dunkirk is key to the decarbonisation of industry!<\/em><\/strong><\/p>\n<p>Patrice Vergriete, President of the Greater Dunkirk Urban Council, believes that the urban area needs to go from being the \u201cleader emitter of CO<sub>2<\/sub>\u201d to the \u201cleading provider of solutions\u201d and assert itself as a pioneer of the decarbonised industry of the future.<\/p>\n<p><strong>Dunkirk wins the first ever \u201cLow Carbon Industrial Areas (ZIBaC)\u201d call for projects. <\/strong>&nbsp;Commissioned by the Ministry of Industry through the French Agency for Ecological Transition (ADEME), the ZIBaC scheme will facilitate engineering and feasibility studies relating to the reduction of carbon emissions, with a budget of 27.2 million euros, of which ADEME will provide up to 50% as a subsidy, or <strong>13.6 million euros.<\/strong><\/p>\n<\/div>\r\n\t\t\t\t\t<a class='c-btn ' href=\"https:\/\/dunkerquelenergiecreative.fr\/wp-content\/uploads\/2024\/09\/SCHEMA-DECARBONATION-ENGLISH-2024-1.jpg\" target=\"_blank\">Download the brochure<\/a>\t\t\t\t<\/div>\r\n\t\t\t<\/div>\r\n\t\t<\/div>\r\n\t<\/div>\r\n<\/section>\r\n\r\n\n\n\r\n\r\n\r\n<section class=\"blc-banner-full c-section c-section--tertiary\" id='e9369c2d2fc12037cae076da5962ad20'>\r\n\t<div class=\"o-wrapper\">\r\n\t\t<div class=\"c-section__narrow\">\r\n\t\t\t<h2 class='u-text-center' class='u-text-center' id=\"building-the-first-co2-hub-in-france\">BUILDING THE FIRST CO2 HUB IN FRANCE<\/h2>\t\t\t<p>The creation of the Dunkirk CO<sub>2<\/sub> HUB involves creating the necessary infrastructure:<\/p>\n<ol>\n<li>To collect and carry CO<sub>2<\/sub> via pipes<\/li>\n<li>For its storage in a buffer zone &nbsp;<\/li>\n<li>For its loading onto a boat &nbsp;<\/li>\n<li>And finally for its permanent storage in the North Sea in places that can be accessed from the Port of Dunkirk<\/li>\n<\/ol>\n<p>The deployment of the CO<sub>2<\/sub> HUB will open up a whole host of opportunities for businesses.<\/p>\n<p><strong>Fill out the form (at the top of this page) to receive the brochure! <\/strong><\/p>\n\t\t\t\t\t<\/div>\r\n\t<\/div>\r\n<\/section>\r\n\r\n\n\n\r\n\r\n\r\n<section class=\"blc-banner o-wrapper\" id='c9a8128e50f440399e9026779a85b50c'>\r\n\t<div class=\"c-white-book\">\r\n\t\t<img decoding=\"async\" class=\"c-white-book__bg\" alt=\"Why Dunkirk\u00a0is becoming the key territory of dercabonised industry and electric mobility?\" src=\"https:\/\/dunkerquelenergiecreative.fr\/wp-content\/uploads\/2022\/07\/bg-white-book-2.jpg\" srcset=\"https:\/\/dunkerquelenergiecreative.fr\/wp-content\/uploads\/2022\/07\/bg-white-book-2-300x72.jpg 300w, https:\/\/dunkerquelenergiecreative.fr\/wp-content\/uploads\/2022\/07\/bg-white-book-2-1024x245.jpg 1024w, https:\/\/dunkerquelenergiecreative.fr\/wp-content\/uploads\/2022\/07\/bg-white-book-2-768x184.jpg 768w, https:\/\/dunkerquelenergiecreative.fr\/wp-content\/uploads\/2022\/07\/bg-white-book-2.jpg 1265w\" sizes=\"(min-width: 1400px) 1386px, (min-width: 1600px) 1584px, 100vw\">\t\t\t\t<div class=\"c-white-book__content\">\r\n\t\t\t<h2 id=\"why-is-dunkirk-the-ideal-territory-for-growing-your-company\">WHY IS DUNKIRK THE IDEAL TERRITORY FOR GROWING YOUR COMPANY ?<\/h2>\t\t\t<a class=\"c-btn\" href=\"https:\/\/dunkerquelenergiecreative.fr\/en\/do-you-have-a-project\/\" target=\"_blank\">DOWNLOAD TO FIND OUT MORE<\/a>\t\t<\/div>\r\n\t<\/div>\r\n<\/section>\r\n\r\n\r\n","protected":false},"excerpt":{"rendered":"","protected":false},"author":2,"featured_media":41976,"parent":0,"menu_order":0,"comment_status":"closed","ping_status":"closed","template":"","meta":{"_acf_changed":false,"inline_featured_image":false,"_uf_show_specific_survey":0,"_uf_disable_surveys":false,"footnotes":""},"class_list":["post-39967","page","type-page","status-publish","has-post-thumbnail","hentry"],"acf":[],"yoast_head":"<!-- This site is optimized with the Yoast SEO plugin v27.4 - https:\/\/yoast.com\/product\/yoast-seo-wordpress\/ -->\n<title>Why Dunkirk\u00a0is becoming the key territory of dercabonised industry and electric mobility? - Dunkerque l&#039;\u00c9nergie Cr\u00e9ative<\/title>\n<meta name=\"robots\" content=\"index, follow, max-snippet:-1, max-image-preview:large, max-video-preview:-1\" \/>\n<link rel=\"canonical\" href=\"https:\/\/dunkerquelenergiecreative.fr\/en\/why-is-dunkirk-becoming-the-key-territory-of-decarbonised-industry-and-electric-mobility\/\" \/>\n<meta property=\"og:locale\" content=\"en_US\" \/>\n<meta property=\"og:type\" content=\"article\" \/>\n<meta property=\"og:title\" content=\"Why Dunkirk\u00a0is becoming the key territory of dercabonised industry and electric mobility? - Dunkerque l&#039;\u00c9nergie Cr\u00e9ative\" \/>\n<meta property=\"og:url\" content=\"https:\/\/dunkerquelenergiecreative.fr\/en\/why-is-dunkirk-becoming-the-key-territory-of-decarbonised-industry-and-electric-mobility\/\" \/>\n<meta property=\"og:site_name\" content=\"Dunkerque l&#039;\u00c9nergie Cr\u00e9ative\" \/>\n<meta property=\"article:publisher\" content=\"https:\/\/www.facebook.com\/Dunkerquelenergiecreative\" \/>\n<meta property=\"article:modified_time\" content=\"2025-04-04T13:53:59+00:00\" \/>\n<meta property=\"og:image\" content=\"https:\/\/dunkerquelenergiecreative.fr\/wp-content\/uploads\/2023\/09\/Mockup-Brochure-Decarbo-23.jpg\" \/>\n\t<meta property=\"og:image:width\" content=\"940\" \/>\n\t<meta property=\"og:image:height\" content=\"788\" \/>\n\t<meta property=\"og:image:type\" content=\"image\/jpeg\" \/>\n<meta name=\"twitter:card\" content=\"summary_large_image\" \/>\n<meta name=\"twitter:site\" content=\"@ecosysteme_d\" \/>\n<meta name=\"twitter:label1\" content=\"Est. reading time\" \/>\n\t<meta name=\"twitter:data1\" content=\"3 minutes\" \/>\n<script type=\"application\/ld+json\" class=\"yoast-schema-graph\">{\"@context\":\"https:\\\/\\\/schema.org\",\"@graph\":[{\"@type\":\"WebPage\",\"@id\":\"https:\\\/\\\/dunkerquelenergiecreative.fr\\\/en\\\/why-is-dunkirk-becoming-the-key-territory-of-decarbonised-industry-and-electric-mobility\\\/\",\"url\":\"https:\\\/\\\/dunkerquelenergiecreative.fr\\\/en\\\/why-is-dunkirk-becoming-the-key-territory-of-decarbonised-industry-and-electric-mobility\\\/\",\"name\":\"Why Dunkirk\u00a0is becoming the key territory of dercabonised industry and electric mobility? - Dunkerque l&#039;\u00c9nergie Cr\u00e9ative\",\"isPartOf\":{\"@id\":\"https:\\\/\\\/dunkerquelenergiecreative.fr\\\/en\\\/#website\"},\"primaryImageOfPage\":{\"@id\":\"https:\\\/\\\/dunkerquelenergiecreative.fr\\\/en\\\/why-is-dunkirk-becoming-the-key-territory-of-decarbonised-industry-and-electric-mobility\\\/#primaryimage\"},\"image\":{\"@id\":\"https:\\\/\\\/dunkerquelenergiecreative.fr\\\/en\\\/why-is-dunkirk-becoming-the-key-territory-of-decarbonised-industry-and-electric-mobility\\\/#primaryimage\"},\"thumbnailUrl\":\"https:\\\/\\\/dunkerquelenergiecreative.fr\\\/wp-content\\\/uploads\\\/2023\\\/09\\\/Mockup-Brochure-Decarbo-23.jpg\",\"datePublished\":\"2023-09-12T08:07:32+00:00\",\"dateModified\":\"2025-04-04T13:53:59+00:00\",\"breadcrumb\":{\"@id\":\"https:\\\/\\\/dunkerquelenergiecreative.fr\\\/en\\\/why-is-dunkirk-becoming-the-key-territory-of-decarbonised-industry-and-electric-mobility\\\/#breadcrumb\"},\"inLanguage\":\"en-US\",\"potentialAction\":[{\"@type\":\"ReadAction\",\"target\":[\"https:\\\/\\\/dunkerquelenergiecreative.fr\\\/en\\\/why-is-dunkirk-becoming-the-key-territory-of-decarbonised-industry-and-electric-mobility\\\/\"]}]},{\"@type\":\"ImageObject\",\"inLanguage\":\"en-US\",\"@id\":\"https:\\\/\\\/dunkerquelenergiecreative.fr\\\/en\\\/why-is-dunkirk-becoming-the-key-territory-of-decarbonised-industry-and-electric-mobility\\\/#primaryimage\",\"url\":\"https:\\\/\\\/dunkerquelenergiecreative.fr\\\/wp-content\\\/uploads\\\/2023\\\/09\\\/Mockup-Brochure-Decarbo-23.jpg\",\"contentUrl\":\"https:\\\/\\\/dunkerquelenergiecreative.fr\\\/wp-content\\\/uploads\\\/2023\\\/09\\\/Mockup-Brochure-Decarbo-23.jpg\",\"width\":940,\"height\":788},{\"@type\":\"BreadcrumbList\",\"@id\":\"https:\\\/\\\/dunkerquelenergiecreative.fr\\\/en\\\/why-is-dunkirk-becoming-the-key-territory-of-decarbonised-industry-and-electric-mobility\\\/#breadcrumb\",\"itemListElement\":[{\"@type\":\"ListItem\",\"position\":1,\"name\":\"Home\",\"item\":\"https:\\\/\\\/dunkerquelenergiecreative.fr\\\/en\\\/\"},{\"@type\":\"ListItem\",\"position\":2,\"name\":\"Why Dunkirk\u00a0is becoming the key territory of dercabonised industry and electric mobility?\"}]},{\"@type\":\"WebSite\",\"@id\":\"https:\\\/\\\/dunkerquelenergiecreative.fr\\\/en\\\/#website\",\"url\":\"https:\\\/\\\/dunkerquelenergiecreative.fr\\\/en\\\/\",\"name\":\"Dunkerque l'\u00c9nergie Cr\u00e9ative\",\"description\":\"Agence de d\u00e9veloppement \u00e9conomique \u00e0 Dunkerque\",\"publisher\":{\"@id\":\"https:\\\/\\\/dunkerquelenergiecreative.fr\\\/en\\\/#organization\"},\"potentialAction\":[{\"@type\":\"SearchAction\",\"target\":{\"@type\":\"EntryPoint\",\"urlTemplate\":\"https:\\\/\\\/dunkerquelenergiecreative.fr\\\/en\\\/?s={search_term_string}\"},\"query-input\":{\"@type\":\"PropertyValueSpecification\",\"valueRequired\":true,\"valueName\":\"search_term_string\"}}],\"inLanguage\":\"en-US\"},{\"@type\":\"Organization\",\"@id\":\"https:\\\/\\\/dunkerquelenergiecreative.fr\\\/en\\\/#organization\",\"name\":\"Dunkerque l'\u00c9nergie Cr\u00e9ative\",\"url\":\"https:\\\/\\\/dunkerquelenergiecreative.fr\\\/en\\\/\",\"logo\":{\"@type\":\"ImageObject\",\"inLanguage\":\"en-US\",\"@id\":\"https:\\\/\\\/dunkerquelenergiecreative.fr\\\/en\\\/#\\\/schema\\\/logo\\\/image\\\/\",\"url\":\"https:\\\/\\\/dunkerquelenergiecreative.fr\\\/wp-content\\\/uploads\\\/2025\\\/04\\\/logo-dunkerque.png\",\"contentUrl\":\"https:\\\/\\\/dunkerquelenergiecreative.fr\\\/wp-content\\\/uploads\\\/2025\\\/04\\\/logo-dunkerque.png\",\"width\":696,\"height\":696,\"caption\":\"Dunkerque l'\u00c9nergie Cr\u00e9ative\"},\"image\":{\"@id\":\"https:\\\/\\\/dunkerquelenergiecreative.fr\\\/en\\\/#\\\/schema\\\/logo\\\/image\\\/\"},\"sameAs\":[\"https:\\\/\\\/www.facebook.com\\\/Dunkerquelenergiecreative\",\"https:\\\/\\\/x.com\\\/ecosysteme_d\",\"https:\\\/\\\/fr.linkedin.com\\\/company\\\/dunkerque-l-energie-creative\",\"https:\\\/\\\/www.linkedin.com\\\/company\\\/ecosysteme-d\\\/\",\"https:\\\/\\\/www.instagram.com\\\/dunkerquelenergiecreative\\\/\"]}]}<\/script>\n<!-- \/ Yoast SEO plugin. -->","yoast_head_json":{"title":"Why Dunkirk\u00a0is becoming the key territory of dercabonised industry and electric mobility? - Dunkerque l&#039;\u00c9nergie Cr\u00e9ative","robots":{"index":"index","follow":"follow","max-snippet":"max-snippet:-1","max-image-preview":"max-image-preview:large","max-video-preview":"max-video-preview:-1"},"canonical":"https:\/\/dunkerquelenergiecreative.fr\/en\/why-is-dunkirk-becoming-the-key-territory-of-decarbonised-industry-and-electric-mobility\/","og_locale":"en_US","og_type":"article","og_title":"Why Dunkirk\u00a0is becoming the key territory of dercabonised industry and electric mobility? - Dunkerque l&#039;\u00c9nergie Cr\u00e9ative","og_url":"https:\/\/dunkerquelenergiecreative.fr\/en\/why-is-dunkirk-becoming-the-key-territory-of-decarbonised-industry-and-electric-mobility\/","og_site_name":"Dunkerque l&#039;\u00c9nergie Cr\u00e9ative","article_publisher":"https:\/\/www.facebook.com\/Dunkerquelenergiecreative","article_modified_time":"2025-04-04T13:53:59+00:00","og_image":[{"width":940,"height":788,"url":"https:\/\/dunkerquelenergiecreative.fr\/wp-content\/uploads\/2023\/09\/Mockup-Brochure-Decarbo-23.jpg","type":"image\/jpeg"}],"twitter_card":"summary_large_image","twitter_site":"@ecosysteme_d","twitter_misc":{"Est. reading time":"3 minutes"},"schema":{"@context":"https:\/\/schema.org","@graph":[{"@type":"WebPage","@id":"https:\/\/dunkerquelenergiecreative.fr\/en\/why-is-dunkirk-becoming-the-key-territory-of-decarbonised-industry-and-electric-mobility\/","url":"https:\/\/dunkerquelenergiecreative.fr\/en\/why-is-dunkirk-becoming-the-key-territory-of-decarbonised-industry-and-electric-mobility\/","name":"Why Dunkirk\u00a0is becoming the key territory of dercabonised industry and electric mobility? - Dunkerque l&#039;\u00c9nergie Cr\u00e9ative","isPartOf":{"@id":"https:\/\/dunkerquelenergiecreative.fr\/en\/#website"},"primaryImageOfPage":{"@id":"https:\/\/dunkerquelenergiecreative.fr\/en\/why-is-dunkirk-becoming-the-key-territory-of-decarbonised-industry-and-electric-mobility\/#primaryimage"},"image":{"@id":"https:\/\/dunkerquelenergiecreative.fr\/en\/why-is-dunkirk-becoming-the-key-territory-of-decarbonised-industry-and-electric-mobility\/#primaryimage"},"thumbnailUrl":"https:\/\/dunkerquelenergiecreative.fr\/wp-content\/uploads\/2023\/09\/Mockup-Brochure-Decarbo-23.jpg","datePublished":"2023-09-12T08:07:32+00:00","dateModified":"2025-04-04T13:53:59+00:00","breadcrumb":{"@id":"https:\/\/dunkerquelenergiecreative.fr\/en\/why-is-dunkirk-becoming-the-key-territory-of-decarbonised-industry-and-electric-mobility\/#breadcrumb"},"inLanguage":"en-US","potentialAction":[{"@type":"ReadAction","target":["https:\/\/dunkerquelenergiecreative.fr\/en\/why-is-dunkirk-becoming-the-key-territory-of-decarbonised-industry-and-electric-mobility\/"]}]},{"@type":"ImageObject","inLanguage":"en-US","@id":"https:\/\/dunkerquelenergiecreative.fr\/en\/why-is-dunkirk-becoming-the-key-territory-of-decarbonised-industry-and-electric-mobility\/#primaryimage","url":"https:\/\/dunkerquelenergiecreative.fr\/wp-content\/uploads\/2023\/09\/Mockup-Brochure-Decarbo-23.jpg","contentUrl":"https:\/\/dunkerquelenergiecreative.fr\/wp-content\/uploads\/2023\/09\/Mockup-Brochure-Decarbo-23.jpg","width":940,"height":788},{"@type":"BreadcrumbList","@id":"https:\/\/dunkerquelenergiecreative.fr\/en\/why-is-dunkirk-becoming-the-key-territory-of-decarbonised-industry-and-electric-mobility\/#breadcrumb","itemListElement":[{"@type":"ListItem","position":1,"name":"Home","item":"https:\/\/dunkerquelenergiecreative.fr\/en\/"},{"@type":"ListItem","position":2,"name":"Why Dunkirk\u00a0is becoming the key territory of dercabonised industry and electric mobility?"}]},{"@type":"WebSite","@id":"https:\/\/dunkerquelenergiecreative.fr\/en\/#website","url":"https:\/\/dunkerquelenergiecreative.fr\/en\/","name":"Dunkerque l'\u00c9nergie Cr\u00e9ative","description":"Agence de d\u00e9veloppement \u00e9conomique \u00e0 Dunkerque","publisher":{"@id":"https:\/\/dunkerquelenergiecreative.fr\/en\/#organization"},"potentialAction":[{"@type":"SearchAction","target":{"@type":"EntryPoint","urlTemplate":"https:\/\/dunkerquelenergiecreative.fr\/en\/?s={search_term_string}"},"query-input":{"@type":"PropertyValueSpecification","valueRequired":true,"valueName":"search_term_string"}}],"inLanguage":"en-US"},{"@type":"Organization","@id":"https:\/\/dunkerquelenergiecreative.fr\/en\/#organization","name":"Dunkerque l'\u00c9nergie Cr\u00e9ative","url":"https:\/\/dunkerquelenergiecreative.fr\/en\/","logo":{"@type":"ImageObject","inLanguage":"en-US","@id":"https:\/\/dunkerquelenergiecreative.fr\/en\/#\/schema\/logo\/image\/","url":"https:\/\/dunkerquelenergiecreative.fr\/wp-content\/uploads\/2025\/04\/logo-dunkerque.png","contentUrl":"https:\/\/dunkerquelenergiecreative.fr\/wp-content\/uploads\/2025\/04\/logo-dunkerque.png","width":696,"height":696,"caption":"Dunkerque l'\u00c9nergie Cr\u00e9ative"},"image":{"@id":"https:\/\/dunkerquelenergiecreative.fr\/en\/#\/schema\/logo\/image\/"},"sameAs":["https:\/\/www.facebook.com\/Dunkerquelenergiecreative","https:\/\/x.com\/ecosysteme_d","https:\/\/fr.linkedin.com\/company\/dunkerque-l-energie-creative","https:\/\/www.linkedin.com\/company\/ecosysteme-d\/","https:\/\/www.instagram.com\/dunkerquelenergiecreative\/"]}]}},"_links":{"self":[{"href":"https:\/\/dunkerquelenergiecreative.fr\/en\/wp-json\/wp\/v2\/pages\/39967","targetHints":{"allow":["GET"]}}],"collection":[{"href":"https:\/\/dunkerquelenergiecreative.fr\/en\/wp-json\/wp\/v2\/pages"}],"about":[{"href":"https:\/\/dunkerquelenergiecreative.fr\/en\/wp-json\/wp\/v2\/types\/page"}],"author":[{"embeddable":true,"href":"https:\/\/dunkerquelenergiecreative.fr\/en\/wp-json\/wp\/v2\/users\/2"}],"replies":[{"embeddable":true,"href":"https:\/\/dunkerquelenergiecreative.fr\/en\/wp-json\/wp\/v2\/comments?post=39967"}],"version-history":[{"count":4,"href":"https:\/\/dunkerquelenergiecreative.fr\/en\/wp-json\/wp\/v2\/pages\/39967\/revisions"}],"predecessor-version":[{"id":64011,"href":"https:\/\/dunkerquelenergiecreative.fr\/en\/wp-json\/wp\/v2\/pages\/39967\/revisions\/64011"}],"wp:featuredmedia":[{"embeddable":true,"href":"https:\/\/dunkerquelenergiecreative.fr\/en\/wp-json\/wp\/v2\/media\/41976"}],"wp:attachment":[{"href":"https:\/\/dunkerquelenergiecreative.fr\/en\/wp-json\/wp\/v2\/media?parent=39967"}],"curies":[{"name":"wp","href":"https:\/\/api.w.org\/{rel}","templated":true}]}}