{"id":26307,"date":"2021-11-02T14:39:30","date_gmt":"2021-11-02T13:39:30","guid":{"rendered":"https:\/\/dunkerquelenergiecreative.fr\/mentions-legales\/"},"modified":"2024-08-12T10:34:07","modified_gmt":"2024-08-12T08:34:07","slug":"legal-notice","status":"publish","type":"page","link":"https:\/\/dunkerquelenergiecreative.fr\/en\/legal-notice\/","title":{"rendered":"Legal Notice"},"content":{"rendered":"\n\n<section class=\"blc-hero-sm c-head\" id='61fa65ce19275329dc185ea29250d416'>\n\t<div class=\"c-head__bg decal__bg\">\n\t\t<img decoding=\"async\" data-aos=\"fade\" alt=\"Legal Notice\" src=\"https:\/\/dunkerquelenergiecreative.fr\/wp-content\/uploads\/2021\/10\/bg-head.jpg\" srcset=\"https:\/\/dunkerquelenergiecreative.fr\/wp-content\/uploads\/2021\/10\/bg-head-300x104.jpg 300w, https:\/\/dunkerquelenergiecreative.fr\/wp-content\/uploads\/2021\/10\/bg-head-1024x356.jpg 1024w, https:\/\/dunkerquelenergiecreative.fr\/wp-content\/uploads\/2021\/10\/bg-head-768x267.jpg 768w, https:\/\/dunkerquelenergiecreative.fr\/wp-content\/uploads\/2021\/10\/bg-head.jpg 1440w\" sizes=\"(min-width: 1200px) 1080px, (min-width: 1400px) 1260px, (min-width: 1600px) 1440px, 100vw\">\t\t\t<\/div>\n\t<div class=\"o-wrapper\">\n\t\t<div class=\"c-head__box c-head__box--smaller\">\n\t\t\t<div class=\"c-head__wrap\" data-aos=\"fade-left\">\n\t\t\t\t<div class=\"c-breadcrumbs\"><span><span><a href=\"https:\/\/dunkerquelenergiecreative.fr\/en\/\">Home<\/a><\/span><\/span><\/div>\n\t\t\t\t\t\t\t<\/div>\n\t\t\t\t\t\t\t<h1 class=\"u-h2 c-head__title\" data-aos=\"fade-left\" data-aos-delay=\"100\" class=\"u-h2 c-head__title\" data-aos=\"fade-left\" data-aos-delay=\"100\" id=\"legal-notice\">Legal Notice<\/h1>\n\t\t\t\t\t\t\t\t<\/div>\n\t<\/div>\n<\/section>\n\n\n\n\r\n\r\n\r\n<section class=\"blc-banner-full c-section c-section--white\" id='0664245c5d24e739910fc1faeecb571b'>\r\n\t<div class=\"o-wrapper\">\r\n\t\t<div class=\"c-section__narrow\">\r\n\t\t\t\t\t\t<p><strong>\u00c9COSYST\u00c8MED<\/strong><br \/>\nAn essential partner serving the development and sustainable transitions of the territory, its businesses and its inhabitants.<br \/>\n60, route du Pertuis do m\u00f4le 2&nbsp;<br \/>\n59140 DUNKERQUE<br \/>\nFRANCE<br \/>\n<a href=\"mailto:communication@ecosysteme-d.fr\" target=\"_blank\" rel=\"noopener\">communication@ecosysteme-d.fr<\/a><\/p>\n<p>The website is hosted by ZETARK<br \/>\n2 routes de Bergues \u2013 59210 COUDEKERQUE BRANCHE<\/p>\n<p>The information collected is subject to data processing reserved for sending newsletters and prospecting. The recipients of the data are: \u00c9cosyt\u00e8meD.<\/p>\n<p>In accordance with the law \u201cInformatique et Libert\u00e9s\u201d of January 6, 1978 amended in 2004, you have the right to access and rectify your information, <a href=\"mailto:communication@ecosysteme-d.fr\">by contacting us.<\/a><\/p>\n<p>You may also, for legitimate reasons, be opposed to your data processing.<\/p>\n<p>&nbsp;<\/p>\n<p><strong>Credits<\/strong><br \/>\nGraphic design: <a href=\"https:\/\/www.fk-agency.com\/\">FK Agency<\/a><br \/>\nDevelopment : <a href=\"https:\/\/www.fk-agency.com\/\">FK Agency<\/a><\/p>\n<h1 id=\"privacy\"><b>Privacy<\/b><\/h2>\n<p><b>Personal information and cookies<\/b><\/p>\n<p>\u00c9cosyst\u00e8meD collects the information supplied by visitors to<a href=\"https:\/\/dunkerquelenergiecreative.fr\/en\/\"> www.ecosysteme-d.fr <\/a>, in particular by means of cookies, with a view to better identifying expectations and meeting information needs. Information is collected in this way on connection to and navigation on the site <a href=\"https:\/\/dunkerquelenergiecreative.fr\/en\/\">www.ecosysteme-d.fr<\/a> when e-mails are sent to the webmaster via \u201cContact\u201d links on the site and on the occasion of online subscriptions to the \u00c9cosyst\u00e8meD <a href=\"https:\/\/dunkerquelenergiecreative.fr\/en\/documentations-en\/discover-the-magazine-living-working-and-training-in-dunkirk-and-maritime-flanders\/\" target=\"_blank\" rel=\"noopener\">newsletter<\/a>.<\/p>\n<p>Cookies are small files sent onto your computer when you make a connection. They are used solely for statistics and the administration of your visit and navigation on the site. Information is in no case made available to any third parties, but may be used for the compilation of statistics.<\/p>\n<p><b>Right to access and rectification of data<\/b><\/p>\n<p>As provided under articles 34 and 36 of the Act no. 78- 17 Informatique et Libert\u00e9s dated January 6, 1978, you have the right to access data that concerns you and to require that these be corrected or deleted. To exercise this right, you may either contact the webmaster or write to \u00c9cosyst\u00e8meD: 60, route du Pertuis do m\u00f4le 2, 59140 DUNKERQUE, France.<\/p>\n<h2 id=\"hyperlinks\"><b>Hyperlinks<\/b><\/h2>\n<p><b>Links to the site <a href=\"https:\/\/dunkerquelenergiecreative.fr\/en\/\">www.ecosysteme-d.fr<\/a><\/b><\/p>\n<p>On request, \u00c9cosyst\u00e8meD authorizes the creation of hyperlinks to the contents of its site except on internet sites or other vectors conveying pornography or subversive content or other material contrary to the public interest.<\/p>\n<p>\u00c9cosyst\u00e8meD prohibits deep linking and the pages of the site <a href=\"https:\/\/dunkerquelenergiecreative.fr\/en\/\">www.ecosysteme-d.fr<\/a>&nbsp;and its version for other countries are thus not to be made accessible from within the pages of other sites.<\/p>\n<p><b>Links to other sites established by \u00c9cosyst\u00e8meD<\/b><\/p>\n<p>\u00c9cosyst\u00e8meD is not responsible for the content of the sites to which it provides hyperlinks from the site <a href=\"https:\/\/dunkerquelenergiecreative.fr\/en\/\">www.ecosysteme-d.fr<\/a> and other versions of the same site. Any queries concerning the establishment of partner links should be addressed to: \u00c9cosyst\u00e8meD: 60, route du Pertuis do m\u00f4le 2, 59140 DUNKERQUE, France.<\/p>\n<p><strong>Cookies<\/strong><br \/>\nA cookie is a text file that may be stored, subject to your choices, in a dedicated space on the hard disk of your terminal (computer, tablet, etc.) when you consult an online service using your browser.<br \/>\nIt is transmitted by the server of a website to your browser. Each cookie is given an anonymous identifier. The cookie file allows its issuer to identify the terminal in which it is stored during the period of validity or storage of the cookie concerned. A cookie cannot be traced back to a physical person.<\/p>\n<p><strong>Google Analytics cookies and statistics<\/strong><br \/>\nThese cookies allow us to establish statistics on the number of visits to the <a href=\"https:\/\/dunkerquelenergiecreative.fr\/en\/\">www.ecosysteme-d.fr<\/a> and www.dunkerquepromotion.com websites and to detect navigation problems in order to monitor and improve the quality of our services.<br \/>\nExercise your choices according to the browser you are using<br \/>\nYou can set your browser parameters at any time in order to express and modify your wishes with regard to cookies and in particular with regard to statistical cookies. You can express your choices by setting your browser to refuse certain cookies.<br \/>\nIf you refuse our cookies and those of our partners, your visit to the <a href=\"https:\/\/dunkerquelenergiecreative.fr\/en\/\">www.ecosysteme-d.fr<\/a> &nbsp;websites will no longer be counted in Google Analytics and you will no longer be able to benefit from a certain number of functionalities which are nevertheless necessary for browsing some of our pages.<br \/>\nWe would like to inform you that you can however oppose the recording of cookies by following the procedure available below:<\/p>\n<p><strong>On Internet Explorer<\/strong><br \/>\n1. Go to Tools &gt; Internet Options.<br \/>\n2. Click on the privacy tab.<br \/>\n3. Click the advanced button, check the box &#8220;Override automatic cookie handling&#8221;.<\/p>\n<p><strong>On Firefox<\/strong><br \/>\n1. At the top of the Firefox window, click the Firefox button (Tools menu in Windows XP), then select Options.<br \/>\n2. Select the Privacy panel.<br \/>\n3. Set Retention rules: to use custom settings for history.<br \/>\n4. Uncheck &#8216;Accept cookies&#8217;.<\/p>\n<p><strong>On Chrome<\/strong><br \/>\n1. Click the spanner icon on the browser toolbar.<br \/>\n2. Select Settings.<br \/>\n3. Click Show advanced settings.<br \/>\n4. In the Privacy section, click the Content Settings button.<br \/>\n5. In the &#8220;Cookies&#8221; section, you can block cookies and data from third-party sites<\/p>\n<p><strong>On Safari<\/strong><br \/>\n1. Go to Settings &gt; Preferences<br \/>\n2. Click on the Privacy tab<br \/>\n3. In the &#8220;Block Cookies&#8221; box, check the &#8220;Always&#8221; box<\/p>\n<p><strong>On Opera<\/strong><br \/>\n1. Go to Settings &gt; Preferences<br \/>\n2. Click on the advanced tab<br \/>\n3. In the &#8220;Cookies&#8221; area, check the &#8220;Never accept cookies&#8221; box<\/p>\n<p><strong>Google Analytics Cookies<\/strong><br \/>\nSome pages on <a href=\"https:\/\/dunkerquelenergiecreative.fr\/en\/\">www.ecosysteme-d.fr<\/a>&nbsp; contain buttons or modules from third-party social networks that allow you to use the functionalities of these networks and in particular to share content on <a href=\"https:\/\/dunkerquelenergiecreative.fr\/en\/\">www.ecosysteme-d.fr<\/a> with other people.<br \/>\nWhen you visit a web page on which one of these buttons or modules is present, your browser may send information to the social network which may then associate this viewing with your profile.<br \/>\nSocial network cookies, which we do not control, may then be deposited in your browser by these networks. We invite you to consult the confidentiality policies of each of these social network sites, in order to learn about the purposes for which the social networks may use the browsing information they collect thanks to these buttons and modules.<\/p>\n<ul>\n<li><a href=\"https:\/\/www.linkedin.com\/company\/ecosysteme-d\/\" target=\"_blank\" rel=\"noopener\">LinkedIn<\/a><\/li>\n<li><a href=\"https:\/\/www.facebook.com\/Dunkerquelenergiecreative\" target=\"_blank\" rel=\"noopener\">Facebook<\/a><\/li>\n<li><a href=\"https:\/\/x.com\/ecosysteme_d\" target=\"_blank\" rel=\"noopener\">X (Twitter)<\/a><\/li>\n<li><a href=\"https:\/\/g.page\/r\/CX3nmAbCUpeGEAE\/review\" target=\"_blank\" rel=\"noopener\">Google+<\/a><\/li>\n<\/ul>\n\t\t\t\t\t<\/div>\r\n\t<\/div>\r\n<\/section>\r\n\r\n\n\n\r\n\r\n\r\n<section class=\"blc-banner o-wrapper\" id='c9a8128e50f440399e9026779a85b50c'>\r\n\t<div class=\"c-white-book\">\r\n\t\t<img decoding=\"async\" class=\"c-white-book__bg\" alt=\"Legal Notice\" src=\"https:\/\/dunkerquelenergiecreative.fr\/wp-content\/uploads\/2022\/07\/bg-white-book-2.jpg\" srcset=\"https:\/\/dunkerquelenergiecreative.fr\/wp-content\/uploads\/2022\/07\/bg-white-book-2-300x72.jpg 300w, https:\/\/dunkerquelenergiecreative.fr\/wp-content\/uploads\/2022\/07\/bg-white-book-2-1024x245.jpg 1024w, https:\/\/dunkerquelenergiecreative.fr\/wp-content\/uploads\/2022\/07\/bg-white-book-2-768x184.jpg 768w, https:\/\/dunkerquelenergiecreative.fr\/wp-content\/uploads\/2022\/07\/bg-white-book-2.jpg 1265w\" sizes=\"(min-width: 1400px) 1386px, (min-width: 1600px) 1584px, 100vw\">\t\t\t\t<div class=\"c-white-book__content\">\r\n\t\t\t<h2 id=\"why-is-dunkirk-the-ideal-territory-for-growing-your-company\">WHY IS DUNKIRK THE IDEAL TERRITORY FOR GROWING YOUR COMPANY ?<\/h2>\t\t\t<a class=\"c-btn\" href=\"https:\/\/dunkerquelenergiecreative.fr\/en\/do-you-have-a-project\/\" target=\"_blank\">DOWNLOAD TO FIND OUT MORE<\/a>\t\t<\/div>\r\n\t<\/div>\r\n<\/section>\r\n\r\n\r\n","protected":false},"excerpt":{"rendered":"","protected":false},"author":1,"featured_media":1159,"parent":0,"menu_order":0,"comment_status":"closed","ping_status":"closed","template":"","meta":{"_acf_changed":false,"inline_featured_image":false,"_uf_show_specific_survey":0,"_uf_disable_surveys":false,"footnotes":""},"class_list":["post-26307","page","type-page","status-publish","has-post-thumbnail","hentry"],"acf":[],"yoast_head":"<!-- This site is optimized with the Yoast SEO plugin v27.4 - https:\/\/yoast.com\/product\/yoast-seo-wordpress\/ -->\n<title>Legal Notice - Dunkerque l&#039;\u00c9nergie Cr\u00e9ative<\/title>\n<meta name=\"robots\" content=\"index, follow, max-snippet:-1, max-image-preview:large, max-video-preview:-1\" \/>\n<link rel=\"canonical\" href=\"https:\/\/dunkerquelenergiecreative.fr\/en\/legal-notice\/\" \/>\n<meta property=\"og:locale\" content=\"en_US\" \/>\n<meta property=\"og:type\" content=\"article\" \/>\n<meta property=\"og:title\" content=\"Legal Notice - Dunkerque l&#039;\u00c9nergie Cr\u00e9ative\" \/>\n<meta property=\"og:url\" content=\"https:\/\/dunkerquelenergiecreative.fr\/en\/legal-notice\/\" \/>\n<meta property=\"og:site_name\" content=\"Dunkerque l&#039;\u00c9nergie Cr\u00e9ative\" \/>\n<meta property=\"article:publisher\" content=\"https:\/\/www.facebook.com\/Dunkerquelenergiecreative\" \/>\n<meta property=\"article:modified_time\" content=\"2024-08-12T08:34:07+00:00\" \/>\n<meta property=\"og:image\" content=\"https:\/\/dunkerquelenergiecreative.fr\/wp-content\/uploads\/2021\/10\/pexels-fauxels-3183132-scaled.jpg\" \/>\n\t<meta property=\"og:image:width\" content=\"2560\" \/>\n\t<meta property=\"og:image:height\" content=\"1709\" \/>\n\t<meta property=\"og:image:type\" content=\"image\/jpeg\" \/>\n<meta name=\"twitter:card\" content=\"summary_large_image\" \/>\n<meta name=\"twitter:site\" content=\"@ecosysteme_d\" \/>\n<meta name=\"twitter:label1\" content=\"Est. reading time\" \/>\n\t<meta name=\"twitter:data1\" content=\"6 minutes\" \/>\n<script type=\"application\/ld+json\" class=\"yoast-schema-graph\">{\"@context\":\"https:\\\/\\\/schema.org\",\"@graph\":[{\"@type\":\"WebPage\",\"@id\":\"https:\\\/\\\/dunkerquelenergiecreative.fr\\\/en\\\/legal-notice\\\/\",\"url\":\"https:\\\/\\\/dunkerquelenergiecreative.fr\\\/en\\\/legal-notice\\\/\",\"name\":\"Legal Notice - Dunkerque l&#039;\u00c9nergie Cr\u00e9ative\",\"isPartOf\":{\"@id\":\"https:\\\/\\\/dunkerquelenergiecreative.fr\\\/en\\\/#website\"},\"primaryImageOfPage\":{\"@id\":\"https:\\\/\\\/dunkerquelenergiecreative.fr\\\/en\\\/legal-notice\\\/#primaryimage\"},\"image\":{\"@id\":\"https:\\\/\\\/dunkerquelenergiecreative.fr\\\/en\\\/legal-notice\\\/#primaryimage\"},\"thumbnailUrl\":\"https:\\\/\\\/dunkerquelenergiecreative.fr\\\/wp-content\\\/uploads\\\/2021\\\/10\\\/pexels-fauxels-3183132-scaled.jpg\",\"datePublished\":\"2021-11-02T13:39:30+00:00\",\"dateModified\":\"2024-08-12T08:34:07+00:00\",\"breadcrumb\":{\"@id\":\"https:\\\/\\\/dunkerquelenergiecreative.fr\\\/en\\\/legal-notice\\\/#breadcrumb\"},\"inLanguage\":\"en-US\",\"potentialAction\":[{\"@type\":\"ReadAction\",\"target\":[\"https:\\\/\\\/dunkerquelenergiecreative.fr\\\/en\\\/legal-notice\\\/\"]}]},{\"@type\":\"ImageObject\",\"inLanguage\":\"en-US\",\"@id\":\"https:\\\/\\\/dunkerquelenergiecreative.fr\\\/en\\\/legal-notice\\\/#primaryimage\",\"url\":\"https:\\\/\\\/dunkerquelenergiecreative.fr\\\/wp-content\\\/uploads\\\/2021\\\/10\\\/pexels-fauxels-3183132-scaled.jpg\",\"contentUrl\":\"https:\\\/\\\/dunkerquelenergiecreative.fr\\\/wp-content\\\/uploads\\\/2021\\\/10\\\/pexels-fauxels-3183132-scaled.jpg\",\"width\":2560,\"height\":1709},{\"@type\":\"BreadcrumbList\",\"@id\":\"https:\\\/\\\/dunkerquelenergiecreative.fr\\\/en\\\/legal-notice\\\/#breadcrumb\",\"itemListElement\":[{\"@type\":\"ListItem\",\"position\":1,\"name\":\"Home\",\"item\":\"https:\\\/\\\/dunkerquelenergiecreative.fr\\\/en\\\/\"},{\"@type\":\"ListItem\",\"position\":2,\"name\":\"Legal Notice\"}]},{\"@type\":\"WebSite\",\"@id\":\"https:\\\/\\\/dunkerquelenergiecreative.fr\\\/en\\\/#website\",\"url\":\"https:\\\/\\\/dunkerquelenergiecreative.fr\\\/en\\\/\",\"name\":\"Dunkerque l'\u00c9nergie Cr\u00e9ative\",\"description\":\"Agence de d\u00e9veloppement \u00e9conomique \u00e0 Dunkerque\",\"publisher\":{\"@id\":\"https:\\\/\\\/dunkerquelenergiecreative.fr\\\/en\\\/#organization\"},\"potentialAction\":[{\"@type\":\"SearchAction\",\"target\":{\"@type\":\"EntryPoint\",\"urlTemplate\":\"https:\\\/\\\/dunkerquelenergiecreative.fr\\\/en\\\/?s={search_term_string}\"},\"query-input\":{\"@type\":\"PropertyValueSpecification\",\"valueRequired\":true,\"valueName\":\"search_term_string\"}}],\"inLanguage\":\"en-US\"},{\"@type\":\"Organization\",\"@id\":\"https:\\\/\\\/dunkerquelenergiecreative.fr\\\/en\\\/#organization\",\"name\":\"Dunkerque l'\u00c9nergie Cr\u00e9ative\",\"url\":\"https:\\\/\\\/dunkerquelenergiecreative.fr\\\/en\\\/\",\"logo\":{\"@type\":\"ImageObject\",\"inLanguage\":\"en-US\",\"@id\":\"https:\\\/\\\/dunkerquelenergiecreative.fr\\\/en\\\/#\\\/schema\\\/logo\\\/image\\\/\",\"url\":\"https:\\\/\\\/dunkerquelenergiecreative.fr\\\/wp-content\\\/uploads\\\/2025\\\/04\\\/logo-dunkerque.png\",\"contentUrl\":\"https:\\\/\\\/dunkerquelenergiecreative.fr\\\/wp-content\\\/uploads\\\/2025\\\/04\\\/logo-dunkerque.png\",\"width\":696,\"height\":696,\"caption\":\"Dunkerque l'\u00c9nergie Cr\u00e9ative\"},\"image\":{\"@id\":\"https:\\\/\\\/dunkerquelenergiecreative.fr\\\/en\\\/#\\\/schema\\\/logo\\\/image\\\/\"},\"sameAs\":[\"https:\\\/\\\/www.facebook.com\\\/Dunkerquelenergiecreative\",\"https:\\\/\\\/x.com\\\/ecosysteme_d\",\"https:\\\/\\\/fr.linkedin.com\\\/company\\\/dunkerque-l-energie-creative\",\"https:\\\/\\\/www.linkedin.com\\\/company\\\/ecosysteme-d\\\/\",\"https:\\\/\\\/www.instagram.com\\\/dunkerquelenergiecreative\\\/\"]}]}<\/script>\n<!-- \/ Yoast SEO plugin. -->","yoast_head_json":{"title":"Legal Notice - Dunkerque l&#039;\u00c9nergie Cr\u00e9ative","robots":{"index":"index","follow":"follow","max-snippet":"max-snippet:-1","max-image-preview":"max-image-preview:large","max-video-preview":"max-video-preview:-1"},"canonical":"https:\/\/dunkerquelenergiecreative.fr\/en\/legal-notice\/","og_locale":"en_US","og_type":"article","og_title":"Legal Notice - Dunkerque l&#039;\u00c9nergie Cr\u00e9ative","og_url":"https:\/\/dunkerquelenergiecreative.fr\/en\/legal-notice\/","og_site_name":"Dunkerque l&#039;\u00c9nergie Cr\u00e9ative","article_publisher":"https:\/\/www.facebook.com\/Dunkerquelenergiecreative","article_modified_time":"2024-08-12T08:34:07+00:00","og_image":[{"width":2560,"height":1709,"url":"https:\/\/dunkerquelenergiecreative.fr\/wp-content\/uploads\/2021\/10\/pexels-fauxels-3183132-scaled.jpg","type":"image\/jpeg"}],"twitter_card":"summary_large_image","twitter_site":"@ecosysteme_d","twitter_misc":{"Est. reading time":"6 minutes"},"schema":{"@context":"https:\/\/schema.org","@graph":[{"@type":"WebPage","@id":"https:\/\/dunkerquelenergiecreative.fr\/en\/legal-notice\/","url":"https:\/\/dunkerquelenergiecreative.fr\/en\/legal-notice\/","name":"Legal Notice - Dunkerque l&#039;\u00c9nergie Cr\u00e9ative","isPartOf":{"@id":"https:\/\/dunkerquelenergiecreative.fr\/en\/#website"},"primaryImageOfPage":{"@id":"https:\/\/dunkerquelenergiecreative.fr\/en\/legal-notice\/#primaryimage"},"image":{"@id":"https:\/\/dunkerquelenergiecreative.fr\/en\/legal-notice\/#primaryimage"},"thumbnailUrl":"https:\/\/dunkerquelenergiecreative.fr\/wp-content\/uploads\/2021\/10\/pexels-fauxels-3183132-scaled.jpg","datePublished":"2021-11-02T13:39:30+00:00","dateModified":"2024-08-12T08:34:07+00:00","breadcrumb":{"@id":"https:\/\/dunkerquelenergiecreative.fr\/en\/legal-notice\/#breadcrumb"},"inLanguage":"en-US","potentialAction":[{"@type":"ReadAction","target":["https:\/\/dunkerquelenergiecreative.fr\/en\/legal-notice\/"]}]},{"@type":"ImageObject","inLanguage":"en-US","@id":"https:\/\/dunkerquelenergiecreative.fr\/en\/legal-notice\/#primaryimage","url":"https:\/\/dunkerquelenergiecreative.fr\/wp-content\/uploads\/2021\/10\/pexels-fauxels-3183132-scaled.jpg","contentUrl":"https:\/\/dunkerquelenergiecreative.fr\/wp-content\/uploads\/2021\/10\/pexels-fauxels-3183132-scaled.jpg","width":2560,"height":1709},{"@type":"BreadcrumbList","@id":"https:\/\/dunkerquelenergiecreative.fr\/en\/legal-notice\/#breadcrumb","itemListElement":[{"@type":"ListItem","position":1,"name":"Home","item":"https:\/\/dunkerquelenergiecreative.fr\/en\/"},{"@type":"ListItem","position":2,"name":"Legal Notice"}]},{"@type":"WebSite","@id":"https:\/\/dunkerquelenergiecreative.fr\/en\/#website","url":"https:\/\/dunkerquelenergiecreative.fr\/en\/","name":"Dunkerque l'\u00c9nergie Cr\u00e9ative","description":"Agence de d\u00e9veloppement \u00e9conomique \u00e0 Dunkerque","publisher":{"@id":"https:\/\/dunkerquelenergiecreative.fr\/en\/#organization"},"potentialAction":[{"@type":"SearchAction","target":{"@type":"EntryPoint","urlTemplate":"https:\/\/dunkerquelenergiecreative.fr\/en\/?s={search_term_string}"},"query-input":{"@type":"PropertyValueSpecification","valueRequired":true,"valueName":"search_term_string"}}],"inLanguage":"en-US"},{"@type":"Organization","@id":"https:\/\/dunkerquelenergiecreative.fr\/en\/#organization","name":"Dunkerque l'\u00c9nergie Cr\u00e9ative","url":"https:\/\/dunkerquelenergiecreative.fr\/en\/","logo":{"@type":"ImageObject","inLanguage":"en-US","@id":"https:\/\/dunkerquelenergiecreative.fr\/en\/#\/schema\/logo\/image\/","url":"https:\/\/dunkerquelenergiecreative.fr\/wp-content\/uploads\/2025\/04\/logo-dunkerque.png","contentUrl":"https:\/\/dunkerquelenergiecreative.fr\/wp-content\/uploads\/2025\/04\/logo-dunkerque.png","width":696,"height":696,"caption":"Dunkerque l'\u00c9nergie Cr\u00e9ative"},"image":{"@id":"https:\/\/dunkerquelenergiecreative.fr\/en\/#\/schema\/logo\/image\/"},"sameAs":["https:\/\/www.facebook.com\/Dunkerquelenergiecreative","https:\/\/x.com\/ecosysteme_d","https:\/\/fr.linkedin.com\/company\/dunkerque-l-energie-creative","https:\/\/www.linkedin.com\/company\/ecosysteme-d\/","https:\/\/www.instagram.com\/dunkerquelenergiecreative\/"]}]}},"_links":{"self":[{"href":"https:\/\/dunkerquelenergiecreative.fr\/en\/wp-json\/wp\/v2\/pages\/26307","targetHints":{"allow":["GET"]}}],"collection":[{"href":"https:\/\/dunkerquelenergiecreative.fr\/en\/wp-json\/wp\/v2\/pages"}],"about":[{"href":"https:\/\/dunkerquelenergiecreative.fr\/en\/wp-json\/wp\/v2\/types\/page"}],"author":[{"embeddable":true,"href":"https:\/\/dunkerquelenergiecreative.fr\/en\/wp-json\/wp\/v2\/users\/1"}],"replies":[{"embeddable":true,"href":"https:\/\/dunkerquelenergiecreative.fr\/en\/wp-json\/wp\/v2\/comments?post=26307"}],"version-history":[{"count":4,"href":"https:\/\/dunkerquelenergiecreative.fr\/en\/wp-json\/wp\/v2\/pages\/26307\/revisions"}],"predecessor-version":[{"id":54349,"href":"https:\/\/dunkerquelenergiecreative.fr\/en\/wp-json\/wp\/v2\/pages\/26307\/revisions\/54349"}],"wp:featuredmedia":[{"embeddable":true,"href":"https:\/\/dunkerquelenergiecreative.fr\/en\/wp-json\/wp\/v2\/media\/1159"}],"wp:attachment":[{"href":"https:\/\/dunkerquelenergiecreative.fr\/en\/wp-json\/wp\/v2\/media?parent=26307"}],"curies":[{"name":"wp","href":"https:\/\/api.w.org\/{rel}","templated":true}]}}