{"id":16326,"date":"2022-06-28T17:18:30","date_gmt":"2022-06-28T15:18:30","guid":{"rendered":"https:\/\/dunkerquelenergiecreative.fr\/?page_id=16326"},"modified":"2022-07-28T16:18:09","modified_gmt":"2022-07-28T14:18:09","slug":"got-a-property-or-building-site-available","status":"publish","type":"page","link":"https:\/\/dunkerquelenergiecreative.fr\/en\/immobilier-dentreprise\/got-a-property-or-building-site-available\/","title":{"rendered":"Got a property or building site available?"},"content":{"rendered":"\n\n<section class=\"blc-hero-sm c-head\" id='5813b79033f91c17833f00739db7d442'>\n\t<div class=\"c-head__bg decal__bg\">\n\t\t<img decoding=\"async\" data-aos=\"fade\" alt=\"Got a property or building site available?\" src=\"https:\/\/dunkerquelenergiecreative.fr\/wp-content\/uploads\/2021\/10\/bg-deposit.jpg\" srcset=\"https:\/\/dunkerquelenergiecreative.fr\/wp-content\/uploads\/2021\/10\/bg-deposit-300x112.jpg 300w, https:\/\/dunkerquelenergiecreative.fr\/wp-content\/uploads\/2021\/10\/bg-deposit-1024x383.jpg 1024w, https:\/\/dunkerquelenergiecreative.fr\/wp-content\/uploads\/2021\/10\/bg-deposit-768x287.jpg 768w, https:\/\/dunkerquelenergiecreative.fr\/wp-content\/uploads\/2021\/10\/bg-deposit.jpg 1514w\" sizes=\"(min-width: 1200px) 1080px, (min-width: 1400px) 1260px, (min-width: 1600px) 1440px, 100vw\">\t\t\t<\/div>\n\t<div class=\"o-wrapper\">\n\t\t<div class=\"c-head__box c-head__box--smaller\">\n\t\t\t<div class=\"c-head__wrap\" data-aos=\"fade-left\">\n\t\t\t\t<div class=\"c-breadcrumbs\"><span><span><a href=\"https:\/\/dunkerquelenergiecreative.fr\/en\/\">Home<\/a><\/span><\/span><\/div>\n\t\t\t\t\t\t\t<\/div>\n\t\t\t\t\t\t\t<h1 class=\"u-h2 c-head__title\" data-aos=\"fade-left\" data-aos-delay=\"100\" class=\"u-h2 c-head__title\" data-aos=\"fade-left\" data-aos-delay=\"100\" id=\"got-a-property-or-building-site-available\">Got a property or building site available?<\/h1>\n\t\t\t\t\t\t\t\t<\/div>\n\t<\/div>\n<\/section>\n\n\n\n\n\n<section class=\"blc-hero-lp c-section c-section--secondary tpl2\" id='bac05c23b4ebb28b0e65b9342f6d0a21'>\n\t<div class=\"o-wrapper\">\n\t\t<div class=\"c-section__row\">\n\t\t\t<div class=\"c-section__col c-section__content\">\n\t\t\t\t<h1 class=\"u-h1\" class=\"u-h1\" id=\"send-us-your-details-and-well-contact-you-its-easy-and-free-of-charge\">SEND US YOUR DETAILS AND WE\u2019LL CONTACT YOU! IT\u2019S EASY AND FREE OF CHARGE <\/h1>\n\t\t\t\t<div class=\"c__txt\"><ul>\n<li>Do you have<strong> land or sites available<\/strong>?<\/li>\n<li>Do you have a<strong> building<\/strong> or<strong> areas<\/strong> that you are not using?<\/li>\n<li>Selling or renting them could help you to<strong> reduce your expenses<\/strong> or balance sheet&#8230;<\/li>\n<li><strong>Dunkerque Promotion<\/strong> provides solutions for the area you have available! <strong>Fill out the form<\/strong> opposite and one of our experts will contact you to discuss.<strong> Our assistance is free! &nbsp;<\/strong><\/li>\n<\/ul>\n<\/div>\n\t\t\t\t\t\t\t<\/div>\n\t\t\t<div class=\"c-section__col\">\n\t\t\t\t\t\t\t\t\t<div class=\"c-code\">\n\t\t\t\t\t\t<script charset=\"utf-8\" type=\"text\/javascript\" src=\"\/\/js.hsforms.net\/forms\/v2.js\"><\/script>\r\n<script>\r\n  hbspt.forms.create({\r\n    region: \"na1\",\r\n    portalId: \"8845296\",\r\n    formId: \"3d67e8eb-d01d-46ee-8d3a-f9150dbf0e16\"\r\n  });\r\n<\/script>\t\t\t\t\t<\/div>\n\t\t\t\t\t\t\t<\/div>\n\t\t<\/div>\n\t<\/div>\n<\/section>\n\n\n\n\r\n\r\n<section class=\"blc-text-media c-section c-section--white\" id='0083e22aa6db21cb1a45cf316e221ca0'>\r\n\t<div class=\"o-wrapper\">\r\n\t\t<div class=\"c-block-push \">\r\n\t\t\t<div class=\"c-block-push__img\">\r\n\t\t\t\t<div class=\"ratio-16x9\">\r\n\t\t\t\t\t<img decoding=\"async\" alt=\"vue dunkerque port plaisance\" src=\"https:\/\/dunkerquelenergiecreative.fr\/wp-content\/uploads\/2022\/05\/REDI-740A688F-71C0-407F-A56A-1AA5D277F050.jpg\" srcset=\"https:\/\/dunkerquelenergiecreative.fr\/wp-content\/uploads\/2022\/05\/REDI-740A688F-71C0-407F-A56A-1AA5D277F050-169x300.jpg 169w, https:\/\/dunkerquelenergiecreative.fr\/wp-content\/uploads\/2022\/05\/REDI-740A688F-71C0-407F-A56A-1AA5D277F050-576x1024.jpg 576w, https:\/\/dunkerquelenergiecreative.fr\/wp-content\/uploads\/2022\/05\/REDI-740A688F-71C0-407F-A56A-1AA5D277F050.jpg 720w\" sizes=\"(min-width: 992px) 496px, (min-width: 1200px) 600px, (min-width: 1400px) 700px, (min-width: 1600px) 800px, 100vw\">\t\t\t\t\t\t\t\t\t\t\t\t\t\t<\/div>\r\n\t\t\t<\/div>\r\n\t\t\t<div class=\"c-block-push__content\">\r\n\t\t\t\t<div class=\"c-wysiwyg\">\r\n\t\t\t\t\t<h1 id=\"see-how-the-dunkirk-territory-can-meet-your-needs\">SEE HOW THE DUNKIRK TERRITORY CAN MEET YOUR NEEDS!<\/h2>\r\n\t\t\t\t\t<div><p><strong>Real estate in Dunkirk gives you: &nbsp;<\/strong><\/p>\n<ul>\n<li><strong>Prices per m<sup>2<\/sup> that are 20% cheaper on average than in neighbouring European cities (Lille, Antwerp and Rotterdam).<\/strong><\/li>\n<li><strong>A location at the heart of maritime, road, rail and river networks. &nbsp;<\/strong><\/li>\n<li><strong>78 million consumers within a 300 km radius.<\/strong><\/li>\n<li><strong>A dynamic and ambitious territory focused on decarbonisation and the energy transition.<\/strong><\/li>\n<\/ul>\n<\/div>\r\n\t\t\t\t\t\t\t\t\t<\/div>\r\n\t\t\t<\/div>\r\n\t\t<\/div>\r\n\t<\/div>\r\n<\/section>\r\n\r\n\n\n\r\n\r\n<section class=\"blc-slider-profil c-section c-section--tertiary\" id='1a407ad4ac3c80d4663ac83fa6955c2d'>\r\n\t<div class=\"o-wrapper\">\r\n\t\t<h2 class=\"u-text-center\" class=\"u-text-center\" id=\"find-out-about-the-team-helping-you-with-your-project\">FIND OUT ABOUT THE TEAM HELPING YOU <br>WITH YOUR PROJECT<\/h2>\r\n\r\n\t\t<div class=\"c-slider-team\">\r\n\t\t\t<div class=\"c-slider-team__slides js-slider-team\">\r\n\t\t\t\t\t\t\t\t\t\n<div class=\"c-slider-team__slide\" data-aos=\"fade-up\" data-aos-delay=\"0\">\n\t<div class=\"c-team-card\">\n\t\t<div class=\"c-team-card__thumb\"><img decoding=\"async\" alt=\"Florine Ringot\" src=\"https:\/\/dunkerquelenergiecreative.fr\/wp-content\/uploads\/2022\/04\/Florine.png\" srcset=\"https:\/\/dunkerquelenergiecreative.fr\/wp-content\/uploads\/2022\/04\/Florine-300x300.png 300w, https:\/\/dunkerquelenergiecreative.fr\/wp-content\/uploads\/2022\/04\/Florine-1024x1024.png 1024w, https:\/\/dunkerquelenergiecreative.fr\/wp-content\/uploads\/2022\/04\/Florine-150x150.png 150w, https:\/\/dunkerquelenergiecreative.fr\/wp-content\/uploads\/2022\/04\/Florine-768x768.png 768w, https:\/\/dunkerquelenergiecreative.fr\/wp-content\/uploads\/2022\/04\/Florine-1536x1536.png 1536w, https:\/\/dunkerquelenergiecreative.fr\/wp-content\/uploads\/2022\/04\/Florine.png 1875w\" sizes=\"(min-width: 992px) 198px, (min-width: 1200px) 240px, (min-width: 1400px) 280px, (min-width: 1600px) 320px, 100vw\"><\/div>\n\t\t<div class=\"c-team-card__txt\">\n\t\t\t<h3 class=\"c-team-card__name\" class=\"c-team-card__name\" id=\"florine-ringot-moyon\">Florine <span class=\"name\">Ringot-Moyon<\/span><\/h3>\n\t\t\t<div class=\"c-team-card__job\">Project manager Energy Transition<\/div>\n\t\t\t<div class=\"c-team-card__contact\">florine.ringot-moyon@ecosysteme-d.fr <br><a href=\"tel:\"><\/a><\/div>\n\t\t\t<a class=\"c-team-card__social\" href=\"https:\/\/www.linkedin.com\/in\/florine-ringot-moyon-794271174\/\" target=\"_blank\"><i class=\"o-icon-linkedin\"><\/i><\/a>\n\t\t<\/div>\n\t<\/div>\n<\/div>\t\t\t\t\t\t\t\t\t\n<div class=\"c-slider-team__slide\" data-aos=\"fade-up\" data-aos-delay=\"150\">\n\t<div class=\"c-team-card\">\n\t\t<div class=\"c-team-card__thumb\"><img decoding=\"async\" alt=\"Emilie Rigaud\" src=\"https:\/\/dunkerquelenergiecreative.fr\/wp-content\/uploads\/2021\/12\/Emilie-Rigaud-1.png\" srcset=\"https:\/\/dunkerquelenergiecreative.fr\/wp-content\/uploads\/2021\/12\/Emilie-Rigaud-1-300x300.png 300w, https:\/\/dunkerquelenergiecreative.fr\/wp-content\/uploads\/2021\/12\/Emilie-Rigaud-1-150x150.png 150w, https:\/\/dunkerquelenergiecreative.fr\/wp-content\/uploads\/2021\/12\/Emilie-Rigaud-1-768x768.png 768w, https:\/\/dunkerquelenergiecreative.fr\/wp-content\/uploads\/2021\/12\/Emilie-Rigaud-1.png 1000w\" sizes=\"(min-width: 992px) 198px, (min-width: 1200px) 240px, (min-width: 1400px) 280px, (min-width: 1600px) 320px, 100vw\"><\/div>\n\t\t<div class=\"c-team-card__txt\">\n\t\t\t<h3 class=\"c-team-card__name\" class=\"c-team-card__name\" id=\"emilie-rigaud\">Emilie <span class=\"name\">Rigaud<\/span><\/h3>\n\t\t\t<div class=\"c-team-card__job\">Development and Promotion project manager<\/div>\n\t\t\t<div class=\"c-team-card__contact\">emilie.rigaud@ecosysteme-d.fr <br><a href=\"tel:\"><\/a><\/div>\n\t\t\t<a class=\"c-team-card__social\" href=\"https:\/\/www.linkedin.com\/in\/emilie-rigaud\/\" target=\"_blank\"><i class=\"o-icon-linkedin\"><\/i><\/a>\n\t\t<\/div>\n\t<\/div>\n<\/div>\t\t\t\t\t\t\t\t\t\n<div class=\"c-slider-team__slide\" data-aos=\"fade-up\" data-aos-delay=\"300\">\n\t<div class=\"c-team-card\">\n\t\t<div class=\"c-team-card__thumb\"><img decoding=\"async\" alt=\"CYRILLE GAILLARD\" src=\"https:\/\/dunkerquelenergiecreative.fr\/wp-content\/uploads\/2022\/07\/Cyrille.png\" srcset=\"https:\/\/dunkerquelenergiecreative.fr\/wp-content\/uploads\/2022\/07\/Cyrille-300x300.png 300w, https:\/\/dunkerquelenergiecreative.fr\/wp-content\/uploads\/2022\/07\/Cyrille-1024x1024.png 1024w, https:\/\/dunkerquelenergiecreative.fr\/wp-content\/uploads\/2022\/07\/Cyrille-150x150.png 150w, https:\/\/dunkerquelenergiecreative.fr\/wp-content\/uploads\/2022\/07\/Cyrille-768x768.png 768w, https:\/\/dunkerquelenergiecreative.fr\/wp-content\/uploads\/2022\/07\/Cyrille-1536x1536.png 1536w, https:\/\/dunkerquelenergiecreative.fr\/wp-content\/uploads\/2022\/07\/Cyrille.png 1875w\" sizes=\"(min-width: 992px) 198px, (min-width: 1200px) 240px, (min-width: 1400px) 280px, (min-width: 1600px) 320px, 100vw\"><\/div>\n\t\t<div class=\"c-team-card__txt\">\n\t\t\t<h3 class=\"c-team-card__name\" class=\"c-team-card__name\" id=\"cyrille-gaillard\">CYRILLE <span class=\"name\">GAILLARD<\/span><\/h3>\n\t\t\t<div class=\"c-team-card__job\">Development and Promotion project manager<\/div>\n\t\t\t<div class=\"c-team-card__contact\">cyrille.gaillard@ecosysteme-d.fr <br><a href=\"tel:\"><\/a><\/div>\n\t\t\t<a class=\"c-team-card__social\" href=\"https:\/\/www.linkedin.com\/in\/cyrille-gaillard-10978a10\/\" target=\"_blank\"><i class=\"o-icon-linkedin\"><\/i><\/a>\n\t\t<\/div>\n\t<\/div>\n<\/div>\t\t\t\t\t\t\t\t\t\n<div class=\"c-slider-team__slide\" data-aos=\"fade-up\" data-aos-delay=\"450\">\n\t<div class=\"c-team-card\">\n\t\t<div class=\"c-team-card__thumb\"><img decoding=\"async\" alt=\"Bruno HALIPR\u00c9\" src=\"https:\/\/dunkerquelenergiecreative.fr\/wp-content\/uploads\/2022\/07\/Bruno.png\" srcset=\"https:\/\/dunkerquelenergiecreative.fr\/wp-content\/uploads\/2022\/07\/Bruno-300x300.png 300w, https:\/\/dunkerquelenergiecreative.fr\/wp-content\/uploads\/2022\/07\/Bruno-1024x1024.png 1024w, https:\/\/dunkerquelenergiecreative.fr\/wp-content\/uploads\/2022\/07\/Bruno-150x150.png 150w, https:\/\/dunkerquelenergiecreative.fr\/wp-content\/uploads\/2022\/07\/Bruno-768x768.png 768w, https:\/\/dunkerquelenergiecreative.fr\/wp-content\/uploads\/2022\/07\/Bruno-1536x1536.png 1536w, https:\/\/dunkerquelenergiecreative.fr\/wp-content\/uploads\/2022\/07\/Bruno.png 1875w\" sizes=\"(min-width: 992px) 198px, (min-width: 1200px) 240px, (min-width: 1400px) 280px, (min-width: 1600px) 320px, 100vw\"><\/div>\n\t\t<div class=\"c-team-card__txt\">\n\t\t\t<h3 class=\"c-team-card__name\" class=\"c-team-card__name\" id=\"bruno-halipre\">Bruno <span class=\"name\">HALIPR\u00c9<\/span><\/h3>\n\t\t\t<div class=\"c-team-card__job\">Development and Promotion project manager<\/div>\n\t\t\t<div class=\"c-team-card__contact\">bruno.halipre@ecosysteme-d.fr <br><a href=\"tel:\"><\/a><\/div>\n\t\t\t<a class=\"c-team-card__social\" href=\"https:\/\/www.linkedin.com\/in\/brunohalipre\" target=\"_blank\"><i class=\"o-icon-linkedin\"><\/i><\/a>\n\t\t<\/div>\n\t<\/div>\n<\/div>\t\t\t\t\t\t\t<\/div>\r\n\t\t<\/div>\r\n\r\n\t\t\t\r\n\t<\/div>\r\n<\/section>\r\n\r\n","protected":false},"excerpt":{"rendered":"","protected":false},"author":2,"featured_media":20681,"parent":9176,"menu_order":0,"comment_status":"closed","ping_status":"closed","template":"landing.php","meta":{"_acf_changed":false,"inline_featured_image":false,"_uf_show_specific_survey":0,"_uf_disable_surveys":false,"footnotes":""},"class_list":["post-16326","page","type-page","status-publish","has-post-thumbnail","hentry"],"acf":[],"yoast_head":"<!-- This site is optimized with the Yoast SEO plugin v27.4 - https:\/\/yoast.com\/product\/yoast-seo-wordpress\/ -->\n<title>Got a property or building site available? - Dunkerque l&#039;\u00c9nergie Cr\u00e9ative<\/title>\n<meta name=\"description\" content=\"Do you have land or sites available? Do you have a building or areas that you are not using? Selling or renting them could help you...\" \/>\n<meta name=\"robots\" content=\"index, follow, max-snippet:-1, max-image-preview:large, max-video-preview:-1\" \/>\n<link rel=\"canonical\" href=\"https:\/\/dunkerquelenergiecreative.fr\/en\/immobilier-dentreprise\/got-a-property-or-building-site-available\/\" \/>\n<meta property=\"og:locale\" content=\"en_US\" \/>\n<meta property=\"og:type\" content=\"article\" \/>\n<meta property=\"og:title\" content=\"Got a property or building site available? - Dunkerque l&#039;\u00c9nergie Cr\u00e9ative\" \/>\n<meta property=\"og:description\" content=\"Do you have land or sites available? Do you have a building or areas that you are not using? Selling or renting them could help you...\" \/>\n<meta property=\"og:url\" content=\"https:\/\/dunkerquelenergiecreative.fr\/en\/immobilier-dentreprise\/got-a-property-or-building-site-available\/\" \/>\n<meta property=\"og:site_name\" content=\"Dunkerque l&#039;\u00c9nergie Cr\u00e9ative\" \/>\n<meta property=\"article:publisher\" content=\"https:\/\/www.facebook.com\/Dunkerquelenergiecreative\" \/>\n<meta property=\"article:modified_time\" content=\"2022-07-28T14:18:09+00:00\" \/>\n<meta property=\"og:image\" content=\"https:\/\/dunkerquelenergiecreative.fr\/wp-content\/uploads\/2022\/08\/740A688F-71C0-407F-A56A-1AA5D277F050-scaled.jpg\" \/>\n\t<meta property=\"og:image:width\" content=\"1440\" \/>\n\t<meta property=\"og:image:height\" content=\"2560\" \/>\n\t<meta property=\"og:image:type\" content=\"image\/jpeg\" \/>\n<meta name=\"twitter:card\" content=\"summary_large_image\" \/>\n<meta name=\"twitter:site\" content=\"@ecosysteme_d\" \/>\n<script type=\"application\/ld+json\" class=\"yoast-schema-graph\">{\"@context\":\"https:\\\/\\\/schema.org\",\"@graph\":[{\"@type\":\"WebPage\",\"@id\":\"https:\\\/\\\/dunkerquelenergiecreative.fr\\\/en\\\/immobilier-dentreprise\\\/got-a-property-or-building-site-available\\\/\",\"url\":\"https:\\\/\\\/dunkerquelenergiecreative.fr\\\/en\\\/immobilier-dentreprise\\\/got-a-property-or-building-site-available\\\/\",\"name\":\"Got a property or building site available? - Dunkerque l&#039;\u00c9nergie Cr\u00e9ative\",\"isPartOf\":{\"@id\":\"https:\\\/\\\/dunkerquelenergiecreative.fr\\\/en\\\/#website\"},\"primaryImageOfPage\":{\"@id\":\"https:\\\/\\\/dunkerquelenergiecreative.fr\\\/en\\\/immobilier-dentreprise\\\/got-a-property-or-building-site-available\\\/#primaryimage\"},\"image\":{\"@id\":\"https:\\\/\\\/dunkerquelenergiecreative.fr\\\/en\\\/immobilier-dentreprise\\\/got-a-property-or-building-site-available\\\/#primaryimage\"},\"thumbnailUrl\":\"https:\\\/\\\/dunkerquelenergiecreative.fr\\\/wp-content\\\/uploads\\\/2022\\\/08\\\/740A688F-71C0-407F-A56A-1AA5D277F050-scaled.jpg\",\"datePublished\":\"2022-06-28T15:18:30+00:00\",\"dateModified\":\"2022-07-28T14:18:09+00:00\",\"description\":\"Do you have land or sites available? Do you have a building or areas that you are not using? Selling or renting them could help you...\",\"breadcrumb\":{\"@id\":\"https:\\\/\\\/dunkerquelenergiecreative.fr\\\/en\\\/immobilier-dentreprise\\\/got-a-property-or-building-site-available\\\/#breadcrumb\"},\"inLanguage\":\"en-US\",\"potentialAction\":[{\"@type\":\"ReadAction\",\"target\":[\"https:\\\/\\\/dunkerquelenergiecreative.fr\\\/en\\\/immobilier-dentreprise\\\/got-a-property-or-building-site-available\\\/\"]}]},{\"@type\":\"ImageObject\",\"inLanguage\":\"en-US\",\"@id\":\"https:\\\/\\\/dunkerquelenergiecreative.fr\\\/en\\\/immobilier-dentreprise\\\/got-a-property-or-building-site-available\\\/#primaryimage\",\"url\":\"https:\\\/\\\/dunkerquelenergiecreative.fr\\\/wp-content\\\/uploads\\\/2022\\\/08\\\/740A688F-71C0-407F-A56A-1AA5D277F050-scaled.jpg\",\"contentUrl\":\"https:\\\/\\\/dunkerquelenergiecreative.fr\\\/wp-content\\\/uploads\\\/2022\\\/08\\\/740A688F-71C0-407F-A56A-1AA5D277F050-scaled.jpg\",\"width\":1440,\"height\":2560,\"caption\":\"vue sur le port et l'h\u00f4tel de ville de Dunkerque\"},{\"@type\":\"BreadcrumbList\",\"@id\":\"https:\\\/\\\/dunkerquelenergiecreative.fr\\\/en\\\/immobilier-dentreprise\\\/got-a-property-or-building-site-available\\\/#breadcrumb\",\"itemListElement\":[{\"@type\":\"ListItem\",\"position\":1,\"name\":\"Home\",\"item\":\"https:\\\/\\\/dunkerquelenergiecreative.fr\\\/en\\\/\"},{\"@type\":\"ListItem\",\"position\":2,\"name\":\"Corporate real estate\",\"item\":\"https:\\\/\\\/dunkerquelenergiecreative.fr\\\/en\\\/immobilier-dentreprise\\\/\"},{\"@type\":\"ListItem\",\"position\":3,\"name\":\"Got a property or building site available?\"}]},{\"@type\":\"WebSite\",\"@id\":\"https:\\\/\\\/dunkerquelenergiecreative.fr\\\/en\\\/#website\",\"url\":\"https:\\\/\\\/dunkerquelenergiecreative.fr\\\/en\\\/\",\"name\":\"Dunkerque l'\u00c9nergie Cr\u00e9ative\",\"description\":\"Agence de d\u00e9veloppement \u00e9conomique \u00e0 Dunkerque\",\"publisher\":{\"@id\":\"https:\\\/\\\/dunkerquelenergiecreative.fr\\\/en\\\/#organization\"},\"potentialAction\":[{\"@type\":\"SearchAction\",\"target\":{\"@type\":\"EntryPoint\",\"urlTemplate\":\"https:\\\/\\\/dunkerquelenergiecreative.fr\\\/en\\\/?s={search_term_string}\"},\"query-input\":{\"@type\":\"PropertyValueSpecification\",\"valueRequired\":true,\"valueName\":\"search_term_string\"}}],\"inLanguage\":\"en-US\"},{\"@type\":\"Organization\",\"@id\":\"https:\\\/\\\/dunkerquelenergiecreative.fr\\\/en\\\/#organization\",\"name\":\"Dunkerque l'\u00c9nergie Cr\u00e9ative\",\"url\":\"https:\\\/\\\/dunkerquelenergiecreative.fr\\\/en\\\/\",\"logo\":{\"@type\":\"ImageObject\",\"inLanguage\":\"en-US\",\"@id\":\"https:\\\/\\\/dunkerquelenergiecreative.fr\\\/en\\\/#\\\/schema\\\/logo\\\/image\\\/\",\"url\":\"https:\\\/\\\/dunkerquelenergiecreative.fr\\\/wp-content\\\/uploads\\\/2025\\\/04\\\/logo-dunkerque.png\",\"contentUrl\":\"https:\\\/\\\/dunkerquelenergiecreative.fr\\\/wp-content\\\/uploads\\\/2025\\\/04\\\/logo-dunkerque.png\",\"width\":696,\"height\":696,\"caption\":\"Dunkerque l'\u00c9nergie Cr\u00e9ative\"},\"image\":{\"@id\":\"https:\\\/\\\/dunkerquelenergiecreative.fr\\\/en\\\/#\\\/schema\\\/logo\\\/image\\\/\"},\"sameAs\":[\"https:\\\/\\\/www.facebook.com\\\/Dunkerquelenergiecreative\",\"https:\\\/\\\/x.com\\\/ecosysteme_d\",\"https:\\\/\\\/fr.linkedin.com\\\/company\\\/dunkerque-l-energie-creative\",\"https:\\\/\\\/www.linkedin.com\\\/company\\\/ecosysteme-d\\\/\",\"https:\\\/\\\/www.instagram.com\\\/dunkerquelenergiecreative\\\/\"]}]}<\/script>\n<!-- \/ Yoast SEO plugin. -->","yoast_head_json":{"title":"Got a property or building site available? - Dunkerque l&#039;\u00c9nergie Cr\u00e9ative","description":"Do you have land or sites available? Do you have a building or areas that you are not using? Selling or renting them could help you...","robots":{"index":"index","follow":"follow","max-snippet":"max-snippet:-1","max-image-preview":"max-image-preview:large","max-video-preview":"max-video-preview:-1"},"canonical":"https:\/\/dunkerquelenergiecreative.fr\/en\/immobilier-dentreprise\/got-a-property-or-building-site-available\/","og_locale":"en_US","og_type":"article","og_title":"Got a property or building site available? - Dunkerque l&#039;\u00c9nergie Cr\u00e9ative","og_description":"Do you have land or sites available? Do you have a building or areas that you are not using? Selling or renting them could help you...","og_url":"https:\/\/dunkerquelenergiecreative.fr\/en\/immobilier-dentreprise\/got-a-property-or-building-site-available\/","og_site_name":"Dunkerque l&#039;\u00c9nergie Cr\u00e9ative","article_publisher":"https:\/\/www.facebook.com\/Dunkerquelenergiecreative","article_modified_time":"2022-07-28T14:18:09+00:00","og_image":[{"width":1440,"height":2560,"url":"https:\/\/dunkerquelenergiecreative.fr\/wp-content\/uploads\/2022\/08\/740A688F-71C0-407F-A56A-1AA5D277F050-scaled.jpg","type":"image\/jpeg"}],"twitter_card":"summary_large_image","twitter_site":"@ecosysteme_d","schema":{"@context":"https:\/\/schema.org","@graph":[{"@type":"WebPage","@id":"https:\/\/dunkerquelenergiecreative.fr\/en\/immobilier-dentreprise\/got-a-property-or-building-site-available\/","url":"https:\/\/dunkerquelenergiecreative.fr\/en\/immobilier-dentreprise\/got-a-property-or-building-site-available\/","name":"Got a property or building site available? - Dunkerque l&#039;\u00c9nergie Cr\u00e9ative","isPartOf":{"@id":"https:\/\/dunkerquelenergiecreative.fr\/en\/#website"},"primaryImageOfPage":{"@id":"https:\/\/dunkerquelenergiecreative.fr\/en\/immobilier-dentreprise\/got-a-property-or-building-site-available\/#primaryimage"},"image":{"@id":"https:\/\/dunkerquelenergiecreative.fr\/en\/immobilier-dentreprise\/got-a-property-or-building-site-available\/#primaryimage"},"thumbnailUrl":"https:\/\/dunkerquelenergiecreative.fr\/wp-content\/uploads\/2022\/08\/740A688F-71C0-407F-A56A-1AA5D277F050-scaled.jpg","datePublished":"2022-06-28T15:18:30+00:00","dateModified":"2022-07-28T14:18:09+00:00","description":"Do you have land or sites available? Do you have a building or areas that you are not using? Selling or renting them could help you...","breadcrumb":{"@id":"https:\/\/dunkerquelenergiecreative.fr\/en\/immobilier-dentreprise\/got-a-property-or-building-site-available\/#breadcrumb"},"inLanguage":"en-US","potentialAction":[{"@type":"ReadAction","target":["https:\/\/dunkerquelenergiecreative.fr\/en\/immobilier-dentreprise\/got-a-property-or-building-site-available\/"]}]},{"@type":"ImageObject","inLanguage":"en-US","@id":"https:\/\/dunkerquelenergiecreative.fr\/en\/immobilier-dentreprise\/got-a-property-or-building-site-available\/#primaryimage","url":"https:\/\/dunkerquelenergiecreative.fr\/wp-content\/uploads\/2022\/08\/740A688F-71C0-407F-A56A-1AA5D277F050-scaled.jpg","contentUrl":"https:\/\/dunkerquelenergiecreative.fr\/wp-content\/uploads\/2022\/08\/740A688F-71C0-407F-A56A-1AA5D277F050-scaled.jpg","width":1440,"height":2560,"caption":"vue sur le port et l'h\u00f4tel de ville de Dunkerque"},{"@type":"BreadcrumbList","@id":"https:\/\/dunkerquelenergiecreative.fr\/en\/immobilier-dentreprise\/got-a-property-or-building-site-available\/#breadcrumb","itemListElement":[{"@type":"ListItem","position":1,"name":"Home","item":"https:\/\/dunkerquelenergiecreative.fr\/en\/"},{"@type":"ListItem","position":2,"name":"Corporate real estate","item":"https:\/\/dunkerquelenergiecreative.fr\/en\/immobilier-dentreprise\/"},{"@type":"ListItem","position":3,"name":"Got a property or building site available?"}]},{"@type":"WebSite","@id":"https:\/\/dunkerquelenergiecreative.fr\/en\/#website","url":"https:\/\/dunkerquelenergiecreative.fr\/en\/","name":"Dunkerque l'\u00c9nergie Cr\u00e9ative","description":"Agence de d\u00e9veloppement \u00e9conomique \u00e0 Dunkerque","publisher":{"@id":"https:\/\/dunkerquelenergiecreative.fr\/en\/#organization"},"potentialAction":[{"@type":"SearchAction","target":{"@type":"EntryPoint","urlTemplate":"https:\/\/dunkerquelenergiecreative.fr\/en\/?s={search_term_string}"},"query-input":{"@type":"PropertyValueSpecification","valueRequired":true,"valueName":"search_term_string"}}],"inLanguage":"en-US"},{"@type":"Organization","@id":"https:\/\/dunkerquelenergiecreative.fr\/en\/#organization","name":"Dunkerque l'\u00c9nergie Cr\u00e9ative","url":"https:\/\/dunkerquelenergiecreative.fr\/en\/","logo":{"@type":"ImageObject","inLanguage":"en-US","@id":"https:\/\/dunkerquelenergiecreative.fr\/en\/#\/schema\/logo\/image\/","url":"https:\/\/dunkerquelenergiecreative.fr\/wp-content\/uploads\/2025\/04\/logo-dunkerque.png","contentUrl":"https:\/\/dunkerquelenergiecreative.fr\/wp-content\/uploads\/2025\/04\/logo-dunkerque.png","width":696,"height":696,"caption":"Dunkerque l'\u00c9nergie Cr\u00e9ative"},"image":{"@id":"https:\/\/dunkerquelenergiecreative.fr\/en\/#\/schema\/logo\/image\/"},"sameAs":["https:\/\/www.facebook.com\/Dunkerquelenergiecreative","https:\/\/x.com\/ecosysteme_d","https:\/\/fr.linkedin.com\/company\/dunkerque-l-energie-creative","https:\/\/www.linkedin.com\/company\/ecosysteme-d\/","https:\/\/www.instagram.com\/dunkerquelenergiecreative\/"]}]}},"_links":{"self":[{"href":"https:\/\/dunkerquelenergiecreative.fr\/en\/wp-json\/wp\/v2\/pages\/16326","targetHints":{"allow":["GET"]}}],"collection":[{"href":"https:\/\/dunkerquelenergiecreative.fr\/en\/wp-json\/wp\/v2\/pages"}],"about":[{"href":"https:\/\/dunkerquelenergiecreative.fr\/en\/wp-json\/wp\/v2\/types\/page"}],"author":[{"embeddable":true,"href":"https:\/\/dunkerquelenergiecreative.fr\/en\/wp-json\/wp\/v2\/users\/2"}],"replies":[{"embeddable":true,"href":"https:\/\/dunkerquelenergiecreative.fr\/en\/wp-json\/wp\/v2\/comments?post=16326"}],"version-history":[{"count":0,"href":"https:\/\/dunkerquelenergiecreative.fr\/en\/wp-json\/wp\/v2\/pages\/16326\/revisions"}],"up":[{"embeddable":true,"href":"https:\/\/dunkerquelenergiecreative.fr\/en\/wp-json\/wp\/v2\/pages\/9176"}],"wp:featuredmedia":[{"embeddable":true,"href":"https:\/\/dunkerquelenergiecreative.fr\/en\/wp-json\/wp\/v2\/media\/20681"}],"wp:attachment":[{"href":"https:\/\/dunkerquelenergiecreative.fr\/en\/wp-json\/wp\/v2\/media?parent=16326"}],"curies":[{"name":"wp","href":"https:\/\/api.w.org\/{rel}","templated":true}]}}