{"id":16301,"date":"2022-06-28T16:45:09","date_gmt":"2022-06-28T14:45:09","guid":{"rendered":"https:\/\/dunkerquelenergiecreative.fr\/?page_id=16301"},"modified":"2022-09-21T12:17:30","modified_gmt":"2022-09-21T10:17:30","slug":"find-local-partner","status":"publish","type":"page","link":"https:\/\/dunkerquelenergiecreative.fr\/en\/expand-your-network-with-dunkerque-promotion\/find-local-partner\/","title":{"rendered":"Find a local partner"},"content":{"rendered":"\n\n<section class=\"blc-hero-sm c-head\" id='21f6db64238d3f43fc7fd9fe25e7a554'>\n\t<div class=\"c-head__bg decal__bg\">\n\t\t<img decoding=\"async\" data-aos=\"fade\" alt=\"main tendue \" src=\"https:\/\/dunkerquelenergiecreative.fr\/wp-content\/uploads\/2022\/07\/REDI-pexels-pixabay-327540-e1659019340381.jpg\" srcset=\"https:\/\/dunkerquelenergiecreative.fr\/wp-content\/uploads\/2022\/07\/REDI-pexels-pixabay-327540-300x200.jpg 300w, https:\/\/dunkerquelenergiecreative.fr\/wp-content\/uploads\/2022\/07\/REDI-pexels-pixabay-327540-1024x682.jpg 1024w, https:\/\/dunkerquelenergiecreative.fr\/wp-content\/uploads\/2022\/07\/REDI-pexels-pixabay-327540-768x511.jpg 768w, https:\/\/dunkerquelenergiecreative.fr\/wp-content\/uploads\/2022\/07\/REDI-pexels-pixabay-327540.jpg 1200w\" sizes=\"(min-width: 1200px) 1080px, (min-width: 1400px) 1260px, (min-width: 1600px) 1440px, 100vw\">\t\t\t<\/div>\n\t<div class=\"o-wrapper\">\n\t\t<div class=\"c-head__box c-head__box--smaller\">\n\t\t\t<div class=\"c-head__wrap\" data-aos=\"fade-left\">\n\t\t\t\t<div class=\"c-breadcrumbs\"><span><span><a href=\"https:\/\/dunkerquelenergiecreative.fr\/en\/\">Home<\/a><\/span><\/span><\/div>\n\t\t\t\t\t\t\t<\/div>\n\t\t\t\t\t\t\t<h1 class=\"u-h2 c-head__title\" data-aos=\"fade-left\" data-aos-delay=\"100\" class=\"u-h2 c-head__title\" data-aos=\"fade-left\" data-aos-delay=\"100\" id=\"find-a-local-partner\">Find a local partner<\/h1>\n\t\t\t\t\t\t\t\t<\/div>\n\t<\/div>\n<\/section>\n\n\n\n\r\n\r\n\r\n<section class=\"blc-banner-full c-section c-section--secondary\" id='d34b39849aa6684bde0cd1c8b46611b6'>\r\n\t<div class=\"o-wrapper\">\r\n\t\t<div class=\"c-section__narrow\">\r\n\t\t\t<h1 class='u-text-center' class='u-text-center' id=\"how-why\">HOW? WHY?<\/h2>\t\t\t<ul>\n<li><strong>Would you like to scale up quickly and rely on the market knowledge and stability of a local business partner?<\/strong><\/li>\n<li>Finding a local partner could in fact be a very effective solution and could help you benefit from several leveraging effects.<\/li>\n<li>Dunkerque Promotion can help you to identify the right people and establish agreements with business partners from the Dunkirk territory. &nbsp;<\/li>\n<\/ul>\n\t\t\t\t\t<\/div>\r\n\t<\/div>\r\n<\/section>\r\n\r\n\n\n\r\n\r\n<section class=\"blc-text-media c-section c-section--white\" id='5e108d3529fdd7bcac4001d6e78c7736'>\r\n\t<div class=\"o-wrapper\">\r\n\t\t<div class=\"c-block-push c-block-push--invert\">\r\n\t\t\t<div class=\"c-block-push__img\">\r\n\t\t\t\t<div class=\"ratio-16x9\">\r\n\t\t\t\t\t<img decoding=\"async\" alt=\"aides-creation-et-reprise-entreprise\" src=\"https:\/\/dunkerquelenergiecreative.fr\/wp-content\/uploads\/2022\/06\/aides-creation-et-reprise-entreprise-1.jpg\" srcset=\"https:\/\/dunkerquelenergiecreative.fr\/wp-content\/uploads\/2022\/06\/aides-creation-et-reprise-entreprise-1-300x190.jpg 300w, https:\/\/dunkerquelenergiecreative.fr\/wp-content\/uploads\/2022\/06\/aides-creation-et-reprise-entreprise-1.jpg 443w\" sizes=\"(min-width: 992px) 496px, (min-width: 1200px) 600px, (min-width: 1400px) 700px, (min-width: 1600px) 800px, 100vw\">\t\t\t\t\t\t\t\t\t\t\t\t\t\t<\/div>\r\n\t\t\t<\/div>\r\n\t\t\t<div class=\"c-block-push__content\">\r\n\t\t\t\t<div class=\"c-wysiwyg\">\r\n\t\t\t\t\t<h2 id=\"what-type-of-partner-do-you-need\">WHAT TYPE OF PARTNER DO YOU NEED?<\/h2>\r\n\t\t\t\t\t<div><p>Depending on your needs and specifications, you might be on the lookout for: &nbsp;<\/p>\n<ul>\n<li><strong>An industrial partnership<\/strong>, to share or delegate your production along with that of the partner (it could take the form of subcontracting) in order to achieve economies of scale. &nbsp;<\/li>\n<li><strong>A commercial partnership<\/strong>, to benefit from the expertise and reputation of a local partner (their geographical location, their commercial strength, their client portfolio, etc). A commercial partnership can help to develop new markets and generate a higher turnover.<\/li>\n<li><strong>A technology partnership<\/strong>, to give you the chance to innovate by reducing your R&amp;D costs and related risks. &nbsp;<\/li>\n<li><strong>A financial partnership<\/strong>, to obtain funding and sustain your company&#8217;s development.<\/li>\n<\/ul>\n<p>These partnerships can be complemented in other ways, for example, theme-based networks and business groups.<\/p>\n<\/div>\r\n\t\t\t\t\t\t\t\t\t<\/div>\r\n\t\t\t<\/div>\r\n\t\t<\/div>\r\n\t<\/div>\r\n<\/section>\r\n\r\n\n\n\r\n\r\n<section class=\"blc-text-media c-section c-section--white\" id='17925030fa23925fab0a5fbbf7a443ae'>\r\n\t<div class=\"o-wrapper\">\r\n\t\t<div class=\"c-block-push \">\r\n\t\t\t<div class=\"c-block-push__img\">\r\n\t\t\t\t<div class=\"ratio-16x9\">\r\n\t\t\t\t\t<img decoding=\"async\" alt=\"elements financiers sur ecran ordinateur\" src=\"https:\/\/dunkerquelenergiecreative.fr\/wp-content\/uploads\/2022\/07\/REDI-pexels-pixabay-265087.jpg\" srcset=\"https:\/\/dunkerquelenergiecreative.fr\/wp-content\/uploads\/2022\/07\/REDI-pexels-pixabay-265087-300x200.jpg 300w, https:\/\/dunkerquelenergiecreative.fr\/wp-content\/uploads\/2022\/07\/REDI-pexels-pixabay-265087-1024x682.jpg 1024w, https:\/\/dunkerquelenergiecreative.fr\/wp-content\/uploads\/2022\/07\/REDI-pexels-pixabay-265087-768x512.jpg 768w, https:\/\/dunkerquelenergiecreative.fr\/wp-content\/uploads\/2022\/07\/REDI-pexels-pixabay-265087.jpg 1280w\" sizes=\"(min-width: 992px) 496px, (min-width: 1200px) 600px, (min-width: 1400px) 700px, (min-width: 1600px) 800px, 100vw\">\t\t\t\t\t\t\t\t\t\t\t\t\t\t<\/div>\r\n\t\t\t<\/div>\r\n\t\t\t<div class=\"c-block-push__content\">\r\n\t\t\t\t<div class=\"c-wysiwyg\">\r\n\t\t\t\t\t<h2 id=\"complete-your-finance-plan-and-make-your-project-a-success\">COMPLETE YOUR FINANCE PLAN AND MAKE YOUR PROJECT A SUCCESS<\/h2>\r\n\t\t\t\t\t<div><p>How do I seal funding for my project? &nbsp;<\/p>\n<p>Basically speaking, there are 4 types of stakeholders you can contact to obtain funding for your business start-up project:<\/p>\n<ol>\n<li>Equity investors<\/li>\n<li>Banks and credit institutions<\/li>\n<li>Crowdfunding platforms<\/li>\n<li>Public bodies<\/li>\n<\/ol>\n<\/div>\r\n\t\t\t\t\t\t\t\t\t<\/div>\r\n\t\t\t<\/div>\r\n\t\t<\/div>\r\n\t<\/div>\r\n<\/section>\r\n\r\n\n\n\r\n\r\n<section class=\"blc-text-media c-section c-section--white\" id='a8b8c9ce062493639855883519b6776c'>\r\n\t<div class=\"o-wrapper\">\r\n\t\t<div class=\"c-block-push c-block-push--invert\">\r\n\t\t\t<div class=\"c-block-push__img\">\r\n\t\t\t\t<div class=\"ratio-16x9\">\r\n\t\t\t\t\t<img decoding=\"async\" alt=\"pi\u00e8ces de puzzle\" src=\"https:\/\/dunkerquelenergiecreative.fr\/wp-content\/uploads\/2022\/06\/aides-a-la-creation-d-entreprise-1-1.jpg\" srcset=\"https:\/\/dunkerquelenergiecreative.fr\/wp-content\/uploads\/2022\/06\/aides-a-la-creation-d-entreprise-1-1-300x128.jpg 300w, https:\/\/dunkerquelenergiecreative.fr\/wp-content\/uploads\/2022\/06\/aides-a-la-creation-d-entreprise-1-1-768x328.jpg 768w, https:\/\/dunkerquelenergiecreative.fr\/wp-content\/uploads\/2022\/06\/aides-a-la-creation-d-entreprise-1-1.jpg 941w\" sizes=\"(min-width: 992px) 496px, (min-width: 1200px) 600px, (min-width: 1400px) 700px, (min-width: 1600px) 800px, 100vw\">\t\t\t\t\t\t\t\t\t\t\t\t\t\t<\/div>\r\n\t\t\t<\/div>\r\n\t\t\t<div class=\"c-block-push__content\">\r\n\t\t\t\t<div class=\"c-wysiwyg\">\r\n\t\t\t\t\t<h2 id=\"how-do-i-find-a-business-partner\">HOW DO I FIND A BUSINESS PARTNER?<\/h2>\r\n\t\t\t\t\t<div><p>To help you find your next business partner, here are the 6 stages and tips to follow for that perfect match!<\/p>\n<ul>\n<li>Identify the profile of your ideal associate<\/li>\n<li>Start to get to know them<\/li>\n<li>Find a complementary profile<\/li>\n<li>Use your friends and relatives and&#8230; &nbsp;<\/li>\n<li>Take all the time you need to find the right associate!<\/li>\n<\/ul>\n<\/div>\r\n\t\t\t\t\t\t\t\t\t<\/div>\r\n\t\t\t<\/div>\r\n\t\t<\/div>\r\n\t<\/div>\r\n<\/section>\r\n\r\n\n\n\r\n\r\n\r\n<section class=\"blc-banner o-wrapper\" id='a43575c8560e39823c9dd3f15774492b'>\r\n\t<div class=\"c-white-book\">\r\n\t\t<img decoding=\"async\" class=\"c-white-book__bg\" alt=\"Find a local partner\" src=\"https:\/\/dunkerquelenergiecreative.fr\/wp-content\/uploads\/2021\/10\/pexels-fauxels-3183132-scaled.jpg\" srcset=\"https:\/\/dunkerquelenergiecreative.fr\/wp-content\/uploads\/2021\/10\/pexels-fauxels-3183132-300x200.jpg 300w, https:\/\/dunkerquelenergiecreative.fr\/wp-content\/uploads\/2021\/10\/pexels-fauxels-3183132-1024x683.jpg 1024w, https:\/\/dunkerquelenergiecreative.fr\/wp-content\/uploads\/2021\/10\/pexels-fauxels-3183132-768x513.jpg 768w, https:\/\/dunkerquelenergiecreative.fr\/wp-content\/uploads\/2021\/10\/pexels-fauxels-3183132-1536x1025.jpg 1536w, https:\/\/dunkerquelenergiecreative.fr\/wp-content\/uploads\/2021\/10\/pexels-fauxels-3183132-2048x1367.jpg 2048w\" sizes=\"(min-width: 1400px) 1386px, (min-width: 1600px) 1584px, 100vw\">\t\t\t\t<div class=\"c-white-book__content\">\r\n\t\t\t<h2 id=\"are-you-planning-a-project\">ARE YOU PLANNING A PROJECT?<\/h2>\t\t\t<a class=\"c-btn\" href=\"https:\/\/dunkerquelenergiecreative.fr\/en\/do-you-have-a-project\/\" target=\"\">LET&#8217;S TALK IN FULL CONFIDENTIALITY<\/a>\t\t<\/div>\r\n\t<\/div>\r\n<\/section>\r\n\r\n\r\n\n\n\n\n<section class=\"blc-related-posts c-section c-section--news c-section--white\" type='manual' id='4fabda5fd5dff74a643b903d4e2f0eb9'>\n\t<div class=\"o-wrapper\">\n\t\t<h2 id=\"explore-our-articles-on-project-funding\">EXPLORE OUR ARTICLES ON PROJECT FUNDING<\/h2>\n\t\t\t\t<div class=\"c-news-slider\"> \n\t\t\t<div class=\"c-news-slider__slides js-slider-news\">\n\t\t\t \n\t\t\t<\/div>\n\t\t\t\t\t\t\t<div class=\"c-section__see-all\"><a class=\"c-arrow-link\" href=\"https:\/\/dunkerquelenergiecreative.fr\/en\/all-publications\/\">More News<\/a><\/div>\n\t\t\t\t\t<\/div>\n\t<\/div>\n<\/section>\n\n\n\n\n\n<section class=\"blc-embed c-section c-section--tertiary\" id='f1759ecaa28d68e9786f63eac0f3158c'>\n\t<div class=\"o-wrapper\">\n\t\t<div class=\"c-section__narrow u-text-center\">\n\t\t\t<h2 class=\"u-text-center\" class=\"u-text-center\" id=\"what-are-the-dunkirk-territorys-special-tax-zones-where-i-can-set-up-my-business\">WHAT ARE THE DUNKIRK TERRITORY&#8217;S SPECIAL TAX ZONES WHERE I CAN SET UP MY BUSINESS?<\/h2>\t\t\t\t\t<\/div>\n\t\t<div class=\"content ratio-16x9 shd\"><iframe src=\"https:\/\/dunkerquepromotion.cities.smart-origin.com\/map\/dunkerque-promotion-en\/search\/Areas%20eligible%20for%20financial%20aid%20to%20set%20up%20your%20business=zones_7150+dk_visible+afr,zones_7150+dk_visible+qpv,zones_7150+dk_visible+zfu\/@50.98199,2.31193,10\"><\/iframe><\/div>\t\t\t<\/div>\n<\/section>\n\n","protected":false},"excerpt":{"rendered":"Finding a local partner could in fact be a very effective solution and could help you benefit from several leveraging effects.","protected":false},"author":2,"featured_media":18624,"parent":9128,"menu_order":0,"comment_status":"closed","ping_status":"closed","template":"","meta":{"_acf_changed":false,"inline_featured_image":false,"_uf_show_specific_survey":0,"_uf_disable_surveys":false,"footnotes":""},"class_list":["post-16301","page","type-page","status-publish","has-post-thumbnail","hentry"],"acf":[],"yoast_head":"<!-- This site is optimized with the Yoast SEO plugin v27.4 - https:\/\/yoast.com\/product\/yoast-seo-wordpress\/ -->\n<title>Find a local partner - Dunkerque l&#039;\u00c9nergie Cr\u00e9ative<\/title>\n<meta name=\"description\" content=\"Finding a local partner could in fact be a very effective solution and could help you benefit from several leveraging effects.\" \/>\n<meta name=\"robots\" content=\"index, follow, max-snippet:-1, max-image-preview:large, max-video-preview:-1\" \/>\n<link rel=\"canonical\" href=\"https:\/\/dunkerquelenergiecreative.fr\/en\/expand-your-network-with-dunkerque-promotion\/find-local-partner\/\" \/>\n<meta property=\"og:locale\" content=\"en_US\" \/>\n<meta property=\"og:type\" content=\"article\" \/>\n<meta property=\"og:title\" content=\"Find a local partner - Dunkerque l&#039;\u00c9nergie Cr\u00e9ative\" \/>\n<meta property=\"og:description\" content=\"Finding a local partner could in fact be a very effective solution and could help you benefit from several leveraging effects.\" \/>\n<meta property=\"og:url\" content=\"https:\/\/dunkerquelenergiecreative.fr\/en\/expand-your-network-with-dunkerque-promotion\/find-local-partner\/\" \/>\n<meta property=\"og:site_name\" content=\"Dunkerque l&#039;\u00c9nergie Cr\u00e9ative\" \/>\n<meta property=\"article:publisher\" content=\"https:\/\/www.facebook.com\/Dunkerquelenergiecreative\" \/>\n<meta property=\"article:modified_time\" content=\"2022-09-21T10:17:30+00:00\" \/>\n<meta name=\"twitter:card\" content=\"summary_large_image\" \/>\n<meta name=\"twitter:site\" content=\"@ecosysteme_d\" \/>\n<script type=\"application\/ld+json\" class=\"yoast-schema-graph\">{\"@context\":\"https:\\\/\\\/schema.org\",\"@graph\":[{\"@type\":\"WebPage\",\"@id\":\"https:\\\/\\\/dunkerquelenergiecreative.fr\\\/en\\\/expand-your-network-with-dunkerque-promotion\\\/find-local-partner\\\/\",\"url\":\"https:\\\/\\\/dunkerquelenergiecreative.fr\\\/en\\\/expand-your-network-with-dunkerque-promotion\\\/find-local-partner\\\/\",\"name\":\"Find a local partner - Dunkerque l&#039;\u00c9nergie Cr\u00e9ative\",\"isPartOf\":{\"@id\":\"https:\\\/\\\/dunkerquelenergiecreative.fr\\\/en\\\/#website\"},\"primaryImageOfPage\":{\"@id\":\"https:\\\/\\\/dunkerquelenergiecreative.fr\\\/en\\\/expand-your-network-with-dunkerque-promotion\\\/find-local-partner\\\/#primaryimage\"},\"image\":{\"@id\":\"https:\\\/\\\/dunkerquelenergiecreative.fr\\\/en\\\/expand-your-network-with-dunkerque-promotion\\\/find-local-partner\\\/#primaryimage\"},\"thumbnailUrl\":\"https:\\\/\\\/dunkerquelenergiecreative.fr\\\/wp-content\\\/uploads\\\/2022\\\/07\\\/REDI-pexels-pixabay-327540-e1659019340381.jpg\",\"datePublished\":\"2022-06-28T14:45:09+00:00\",\"dateModified\":\"2022-09-21T10:17:30+00:00\",\"description\":\"Finding a local partner could in fact be a very effective solution and could help you benefit from several leveraging effects.\",\"breadcrumb\":{\"@id\":\"https:\\\/\\\/dunkerquelenergiecreative.fr\\\/en\\\/expand-your-network-with-dunkerque-promotion\\\/find-local-partner\\\/#breadcrumb\"},\"inLanguage\":\"en-US\",\"potentialAction\":[{\"@type\":\"ReadAction\",\"target\":[\"https:\\\/\\\/dunkerquelenergiecreative.fr\\\/en\\\/expand-your-network-with-dunkerque-promotion\\\/find-local-partner\\\/\"]}]},{\"@type\":\"ImageObject\",\"inLanguage\":\"en-US\",\"@id\":\"https:\\\/\\\/dunkerquelenergiecreative.fr\\\/en\\\/expand-your-network-with-dunkerque-promotion\\\/find-local-partner\\\/#primaryimage\",\"url\":\"https:\\\/\\\/dunkerquelenergiecreative.fr\\\/wp-content\\\/uploads\\\/2022\\\/07\\\/REDI-pexels-pixabay-327540-e1659019340381.jpg\",\"contentUrl\":\"https:\\\/\\\/dunkerquelenergiecreative.fr\\\/wp-content\\\/uploads\\\/2022\\\/07\\\/REDI-pexels-pixabay-327540-e1659019340381.jpg\",\"width\":1200,\"height\":799,\"caption\":\"main tendue\"},{\"@type\":\"BreadcrumbList\",\"@id\":\"https:\\\/\\\/dunkerquelenergiecreative.fr\\\/en\\\/expand-your-network-with-dunkerque-promotion\\\/find-local-partner\\\/#breadcrumb\",\"itemListElement\":[{\"@type\":\"ListItem\",\"position\":1,\"name\":\"Home\",\"item\":\"https:\\\/\\\/dunkerquelenergiecreative.fr\\\/en\\\/\"},{\"@type\":\"ListItem\",\"position\":2,\"name\":\"Expand your network with Dunkerque Promotion\",\"item\":\"https:\\\/\\\/dunkerquelenergiecreative.fr\\\/en\\\/expand-your-network-with-dunkerque-promotion\\\/\"},{\"@type\":\"ListItem\",\"position\":3,\"name\":\"Find a local partner\"}]},{\"@type\":\"WebSite\",\"@id\":\"https:\\\/\\\/dunkerquelenergiecreative.fr\\\/en\\\/#website\",\"url\":\"https:\\\/\\\/dunkerquelenergiecreative.fr\\\/en\\\/\",\"name\":\"Dunkerque l'\u00c9nergie Cr\u00e9ative\",\"description\":\"Agence de d\u00e9veloppement \u00e9conomique \u00e0 Dunkerque\",\"publisher\":{\"@id\":\"https:\\\/\\\/dunkerquelenergiecreative.fr\\\/en\\\/#organization\"},\"potentialAction\":[{\"@type\":\"SearchAction\",\"target\":{\"@type\":\"EntryPoint\",\"urlTemplate\":\"https:\\\/\\\/dunkerquelenergiecreative.fr\\\/en\\\/?s={search_term_string}\"},\"query-input\":{\"@type\":\"PropertyValueSpecification\",\"valueRequired\":true,\"valueName\":\"search_term_string\"}}],\"inLanguage\":\"en-US\"},{\"@type\":\"Organization\",\"@id\":\"https:\\\/\\\/dunkerquelenergiecreative.fr\\\/en\\\/#organization\",\"name\":\"Dunkerque l'\u00c9nergie Cr\u00e9ative\",\"url\":\"https:\\\/\\\/dunkerquelenergiecreative.fr\\\/en\\\/\",\"logo\":{\"@type\":\"ImageObject\",\"inLanguage\":\"en-US\",\"@id\":\"https:\\\/\\\/dunkerquelenergiecreative.fr\\\/en\\\/#\\\/schema\\\/logo\\\/image\\\/\",\"url\":\"https:\\\/\\\/dunkerquelenergiecreative.fr\\\/wp-content\\\/uploads\\\/2025\\\/04\\\/logo-dunkerque.png\",\"contentUrl\":\"https:\\\/\\\/dunkerquelenergiecreative.fr\\\/wp-content\\\/uploads\\\/2025\\\/04\\\/logo-dunkerque.png\",\"width\":696,\"height\":696,\"caption\":\"Dunkerque l'\u00c9nergie Cr\u00e9ative\"},\"image\":{\"@id\":\"https:\\\/\\\/dunkerquelenergiecreative.fr\\\/en\\\/#\\\/schema\\\/logo\\\/image\\\/\"},\"sameAs\":[\"https:\\\/\\\/www.facebook.com\\\/Dunkerquelenergiecreative\",\"https:\\\/\\\/x.com\\\/ecosysteme_d\",\"https:\\\/\\\/fr.linkedin.com\\\/company\\\/dunkerque-l-energie-creative\",\"https:\\\/\\\/www.linkedin.com\\\/company\\\/ecosysteme-d\\\/\",\"https:\\\/\\\/www.instagram.com\\\/dunkerquelenergiecreative\\\/\"]}]}<\/script>\n<!-- \/ Yoast SEO plugin. -->","yoast_head_json":{"title":"Find a local partner - Dunkerque l&#039;\u00c9nergie Cr\u00e9ative","description":"Finding a local partner could in fact be a very effective solution and could help you benefit from several leveraging effects.","robots":{"index":"index","follow":"follow","max-snippet":"max-snippet:-1","max-image-preview":"max-image-preview:large","max-video-preview":"max-video-preview:-1"},"canonical":"https:\/\/dunkerquelenergiecreative.fr\/en\/expand-your-network-with-dunkerque-promotion\/find-local-partner\/","og_locale":"en_US","og_type":"article","og_title":"Find a local partner - Dunkerque l&#039;\u00c9nergie Cr\u00e9ative","og_description":"Finding a local partner could in fact be a very effective solution and could help you benefit from several leveraging effects.","og_url":"https:\/\/dunkerquelenergiecreative.fr\/en\/expand-your-network-with-dunkerque-promotion\/find-local-partner\/","og_site_name":"Dunkerque l&#039;\u00c9nergie Cr\u00e9ative","article_publisher":"https:\/\/www.facebook.com\/Dunkerquelenergiecreative","article_modified_time":"2022-09-21T10:17:30+00:00","twitter_card":"summary_large_image","twitter_site":"@ecosysteme_d","schema":{"@context":"https:\/\/schema.org","@graph":[{"@type":"WebPage","@id":"https:\/\/dunkerquelenergiecreative.fr\/en\/expand-your-network-with-dunkerque-promotion\/find-local-partner\/","url":"https:\/\/dunkerquelenergiecreative.fr\/en\/expand-your-network-with-dunkerque-promotion\/find-local-partner\/","name":"Find a local partner - Dunkerque l&#039;\u00c9nergie Cr\u00e9ative","isPartOf":{"@id":"https:\/\/dunkerquelenergiecreative.fr\/en\/#website"},"primaryImageOfPage":{"@id":"https:\/\/dunkerquelenergiecreative.fr\/en\/expand-your-network-with-dunkerque-promotion\/find-local-partner\/#primaryimage"},"image":{"@id":"https:\/\/dunkerquelenergiecreative.fr\/en\/expand-your-network-with-dunkerque-promotion\/find-local-partner\/#primaryimage"},"thumbnailUrl":"https:\/\/dunkerquelenergiecreative.fr\/wp-content\/uploads\/2022\/07\/REDI-pexels-pixabay-327540-e1659019340381.jpg","datePublished":"2022-06-28T14:45:09+00:00","dateModified":"2022-09-21T10:17:30+00:00","description":"Finding a local partner could in fact be a very effective solution and could help you benefit from several leveraging effects.","breadcrumb":{"@id":"https:\/\/dunkerquelenergiecreative.fr\/en\/expand-your-network-with-dunkerque-promotion\/find-local-partner\/#breadcrumb"},"inLanguage":"en-US","potentialAction":[{"@type":"ReadAction","target":["https:\/\/dunkerquelenergiecreative.fr\/en\/expand-your-network-with-dunkerque-promotion\/find-local-partner\/"]}]},{"@type":"ImageObject","inLanguage":"en-US","@id":"https:\/\/dunkerquelenergiecreative.fr\/en\/expand-your-network-with-dunkerque-promotion\/find-local-partner\/#primaryimage","url":"https:\/\/dunkerquelenergiecreative.fr\/wp-content\/uploads\/2022\/07\/REDI-pexels-pixabay-327540-e1659019340381.jpg","contentUrl":"https:\/\/dunkerquelenergiecreative.fr\/wp-content\/uploads\/2022\/07\/REDI-pexels-pixabay-327540-e1659019340381.jpg","width":1200,"height":799,"caption":"main tendue"},{"@type":"BreadcrumbList","@id":"https:\/\/dunkerquelenergiecreative.fr\/en\/expand-your-network-with-dunkerque-promotion\/find-local-partner\/#breadcrumb","itemListElement":[{"@type":"ListItem","position":1,"name":"Home","item":"https:\/\/dunkerquelenergiecreative.fr\/en\/"},{"@type":"ListItem","position":2,"name":"Expand your network with Dunkerque Promotion","item":"https:\/\/dunkerquelenergiecreative.fr\/en\/expand-your-network-with-dunkerque-promotion\/"},{"@type":"ListItem","position":3,"name":"Find a local partner"}]},{"@type":"WebSite","@id":"https:\/\/dunkerquelenergiecreative.fr\/en\/#website","url":"https:\/\/dunkerquelenergiecreative.fr\/en\/","name":"Dunkerque l'\u00c9nergie Cr\u00e9ative","description":"Agence de d\u00e9veloppement \u00e9conomique \u00e0 Dunkerque","publisher":{"@id":"https:\/\/dunkerquelenergiecreative.fr\/en\/#organization"},"potentialAction":[{"@type":"SearchAction","target":{"@type":"EntryPoint","urlTemplate":"https:\/\/dunkerquelenergiecreative.fr\/en\/?s={search_term_string}"},"query-input":{"@type":"PropertyValueSpecification","valueRequired":true,"valueName":"search_term_string"}}],"inLanguage":"en-US"},{"@type":"Organization","@id":"https:\/\/dunkerquelenergiecreative.fr\/en\/#organization","name":"Dunkerque l'\u00c9nergie Cr\u00e9ative","url":"https:\/\/dunkerquelenergiecreative.fr\/en\/","logo":{"@type":"ImageObject","inLanguage":"en-US","@id":"https:\/\/dunkerquelenergiecreative.fr\/en\/#\/schema\/logo\/image\/","url":"https:\/\/dunkerquelenergiecreative.fr\/wp-content\/uploads\/2025\/04\/logo-dunkerque.png","contentUrl":"https:\/\/dunkerquelenergiecreative.fr\/wp-content\/uploads\/2025\/04\/logo-dunkerque.png","width":696,"height":696,"caption":"Dunkerque l'\u00c9nergie Cr\u00e9ative"},"image":{"@id":"https:\/\/dunkerquelenergiecreative.fr\/en\/#\/schema\/logo\/image\/"},"sameAs":["https:\/\/www.facebook.com\/Dunkerquelenergiecreative","https:\/\/x.com\/ecosysteme_d","https:\/\/fr.linkedin.com\/company\/dunkerque-l-energie-creative","https:\/\/www.linkedin.com\/company\/ecosysteme-d\/","https:\/\/www.instagram.com\/dunkerquelenergiecreative\/"]}]}},"_links":{"self":[{"href":"https:\/\/dunkerquelenergiecreative.fr\/en\/wp-json\/wp\/v2\/pages\/16301","targetHints":{"allow":["GET"]}}],"collection":[{"href":"https:\/\/dunkerquelenergiecreative.fr\/en\/wp-json\/wp\/v2\/pages"}],"about":[{"href":"https:\/\/dunkerquelenergiecreative.fr\/en\/wp-json\/wp\/v2\/types\/page"}],"author":[{"embeddable":true,"href":"https:\/\/dunkerquelenergiecreative.fr\/en\/wp-json\/wp\/v2\/users\/2"}],"replies":[{"embeddable":true,"href":"https:\/\/dunkerquelenergiecreative.fr\/en\/wp-json\/wp\/v2\/comments?post=16301"}],"version-history":[{"count":0,"href":"https:\/\/dunkerquelenergiecreative.fr\/en\/wp-json\/wp\/v2\/pages\/16301\/revisions"}],"up":[{"embeddable":true,"href":"https:\/\/dunkerquelenergiecreative.fr\/en\/wp-json\/wp\/v2\/pages\/9128"}],"wp:featuredmedia":[{"embeddable":true,"href":"https:\/\/dunkerquelenergiecreative.fr\/en\/wp-json\/wp\/v2\/media\/18624"}],"wp:attachment":[{"href":"https:\/\/dunkerquelenergiecreative.fr\/en\/wp-json\/wp\/v2\/media?parent=16301"}],"curies":[{"name":"wp","href":"https:\/\/api.w.org\/{rel}","templated":true}]}}