{"id":16278,"date":"2022-06-28T16:35:11","date_gmt":"2022-06-28T14:35:11","guid":{"rendered":"https:\/\/dunkerquelenergiecreative.fr\/?page_id=16278"},"modified":"2023-03-28T17:43:33","modified_gmt":"2023-03-28T15:43:33","slug":"work-remotely-in-the-great-outdoors","status":"publish","type":"page","link":"https:\/\/dunkerquelenergiecreative.fr\/en\/work-remotely-in-the-great-outdoors\/","title":{"rendered":"WORK REMOTELY IN THE GREAT OUTDOORS"},"content":{"rendered":"\n\n<section class=\"blc-hero-sm c-head\" id='26a1c2c34513d9aeee15b1388156c55c'>\n\t<div class=\"c-head__bg decal__bg\">\n\t\t<img decoding=\"async\" data-aos=\"fade\" alt=\"famille sur la plage dunkerque\" src=\"https:\/\/dunkerquelenergiecreative.fr\/wp-content\/uploads\/2022\/04\/famille-vacances-ete-1024x682-1.jpg\" srcset=\"https:\/\/dunkerquelenergiecreative.fr\/wp-content\/uploads\/2022\/04\/famille-vacances-ete-1024x682-1-300x200.jpg 300w, https:\/\/dunkerquelenergiecreative.fr\/wp-content\/uploads\/2022\/04\/famille-vacances-ete-1024x682-1-768x512.jpg 768w, https:\/\/dunkerquelenergiecreative.fr\/wp-content\/uploads\/2022\/04\/famille-vacances-ete-1024x682-1.jpg 1024w\" sizes=\"(min-width: 1200px) 1080px, (min-width: 1400px) 1260px, (min-width: 1600px) 1440px, 100vw\">\t\t\t<\/div>\n\t<div class=\"o-wrapper\">\n\t\t<div class=\"c-head__box c-head__box--smaller\">\n\t\t\t<div class=\"c-head__wrap\" data-aos=\"fade-left\">\n\t\t\t\t<div class=\"c-breadcrumbs\"><span><span><a href=\"https:\/\/dunkerquelenergiecreative.fr\/en\/\">Home<\/a><\/span><\/span><\/div>\n\t\t\t\t\t\t\t<\/div>\n\t\t\t\t\t\t\t<h1 class=\"u-h2 c-head__title\" data-aos=\"fade-left\" data-aos-delay=\"100\" class=\"u-h2 c-head__title\" data-aos=\"fade-left\" data-aos-delay=\"100\" id=\"work-remotely-in-the-great-outdoors\">WORK REMOTELY IN THE GREAT OUTDOORS<\/h1>\n\t\t\t\t\t\t\t\t<\/div>\n\t<\/div>\n<\/section>\n\n\n\n\r\n\r\n<section class=\"blc-text-media c-section c-section--white\" id='66323b15603f9be48d87ff72049f92d7'>\r\n\t<div class=\"o-wrapper\">\r\n\t\t<div class=\"c-block-push \">\r\n\t\t\t<div class=\"c-block-push__img\">\r\n\t\t\t\t<div class=\"ratio-16x9\">\r\n\t\t\t\t\t<img decoding=\"async\" alt=\"jeune homme teletravail\" src=\"https:\/\/dunkerquelenergiecreative.fr\/wp-content\/uploads\/2022\/05\/REDI-pexels-olia-danilevich-4974915.jpg\" srcset=\"https:\/\/dunkerquelenergiecreative.fr\/wp-content\/uploads\/2022\/05\/REDI-pexels-olia-danilevich-4974915-300x200.jpg 300w, https:\/\/dunkerquelenergiecreative.fr\/wp-content\/uploads\/2022\/05\/REDI-pexels-olia-danilevich-4974915-1024x683.jpg 1024w, https:\/\/dunkerquelenergiecreative.fr\/wp-content\/uploads\/2022\/05\/REDI-pexels-olia-danilevich-4974915-768x512.jpg 768w, https:\/\/dunkerquelenergiecreative.fr\/wp-content\/uploads\/2022\/05\/REDI-pexels-olia-danilevich-4974915.jpg 1080w\" sizes=\"(min-width: 992px) 496px, (min-width: 1200px) 600px, (min-width: 1400px) 700px, (min-width: 1600px) 800px, 100vw\">\t\t\t\t\t\t\t\t\t\t\t\t\t\t<\/div>\r\n\t\t\t<\/div>\r\n\t\t\t<div class=\"c-block-push__content\">\r\n\t\t\t\t<div class=\"c-wysiwyg\">\r\n\t\t\t\t\t<h1 id=\"\"><\/h2>\r\n\t\t\t\t\t<div><p><strong>Dunkirk ticks all the boxes as the perfect destination for remote work. Our territory has many benefits:&nbsp; &nbsp;&nbsp;<\/strong><\/p>\n<ul>\n<li><strong>Time savings every day<\/strong><\/li>\n<\/ul>\n<p>A dynamic territory where everything is close at hand. A place where you won&#8217;t spend hours on end stuck in traffic jams or on public transport, even though it might be tempting since the <a href=\"https:\/\/www.dkbus.com\/\">DK Bus<\/a> network is free.<\/p>\n<ul>\n<li><strong>Housing at attractive prices<\/strong><\/li>\n<\/ul>\n<p>Would you like some space? A garden where you can enjoy the nice weather? Whether you decide to rent or buy, property is still affordable here: the price per m<sup>2<\/sup> is \u20ac1,954 on average compared to \u20ac3,750 in Lille (according to<a href=\"https:\/\/www.seloger.com\/prix-de-l-immo\/vente\/nord-pas-de-calais\/nord\/dunkerque\/590183.htm\"> SeLoger.com<\/a>).<\/p>\n<\/div>\r\n\t\t\t\t\t\t\t\t\t<\/div>\r\n\t\t\t<\/div>\r\n\t\t<\/div>\r\n\t<\/div>\r\n<\/section>\r\n\r\n\n\n\n\n<section class=\"blc-keys-numbers c-nums c-section--white\" id='a0f9ace8cb12bceb4a07d50d0399c1b6'>\n\t<div class=\"o-wrapper\">\n\t\t\t\t<div class=\"c-nums__row\">\n\t\t\t\t\t\t\t<div class=\"c-nums__col\">\n\t\t\t\t\t<div class=\"c-nums__num\">40<\/div>\n\t\t\t\t\t<p class=\"c-nums__desc\"><p><strong>minutes to get to the Channel Tunnel<\/strong><\/p>\n<\/p>\n\t\t\t\t<\/div>\n\t\t\t\t\t\t\t<div class=\"c-nums__col\">\n\t\t\t\t\t<div class=\"c-nums__num\">50 <\/div>\n\t\t\t\t\t<p class=\"c-nums__desc\"><p><strong>minutes to get to Lille airport<\/strong><\/p>\n<\/p>\n\t\t\t\t<\/div>\n\t\t\t\t\t\t\t<div class=\"c-nums__col\">\n\t\t\t\t\t<div class=\"c-nums__num\">5 <\/div>\n\t\t\t\t\t<p class=\"c-nums__desc\"><p><strong>European capitals within a 300 km radius<\/strong><\/p>\n<\/p>\n\t\t\t\t<\/div>\n\t\t\t\t\t\t\t<div class=\"c-nums__col\">\n\t\t\t\t\t<div class=\"c-nums__num\">2<\/div>\n\t\t\t\t\t<p class=\"c-nums__desc\"><p><strong>a stone&#8217;s throw from Belgium<\/strong><\/p>\n<\/p>\n\t\t\t\t<\/div>\n\t\t\t\t\t<\/div>\n\t<\/div>\n<\/section>\n\n\n\n\r\n\r\n<section class=\"blc-text-media c-section c-section--white\" id='3a22ed2585299d1f7ce075eae66e8bd9'>\r\n\t<div class=\"o-wrapper\">\r\n\t\t<div class=\"c-block-push c-block-push--invert\">\r\n\t\t\t<div class=\"c-block-push__img\">\r\n\t\t\t\t<div class=\"ratio-16x9\">\r\n\t\t\t\t\t<img decoding=\"async\" alt=\"switch internet\" src=\"https:\/\/dunkerquelenergiecreative.fr\/wp-content\/uploads\/2022\/05\/REDI-pexels-pixabay-159304.jpg\" srcset=\"https:\/\/dunkerquelenergiecreative.fr\/wp-content\/uploads\/2022\/05\/REDI-pexels-pixabay-159304-300x200.jpg 300w, https:\/\/dunkerquelenergiecreative.fr\/wp-content\/uploads\/2022\/05\/REDI-pexels-pixabay-159304-1024x683.jpg 1024w, https:\/\/dunkerquelenergiecreative.fr\/wp-content\/uploads\/2022\/05\/REDI-pexels-pixabay-159304-768x512.jpg 768w, https:\/\/dunkerquelenergiecreative.fr\/wp-content\/uploads\/2022\/05\/REDI-pexels-pixabay-159304.jpg 1080w\" sizes=\"(min-width: 992px) 496px, (min-width: 1200px) 600px, (min-width: 1400px) 700px, (min-width: 1600px) 800px, 100vw\">\t\t\t\t\t\t\t\t\t\t\t\t\t\t<\/div>\r\n\t\t\t<\/div>\r\n\t\t\t<div class=\"c-block-push__content\">\r\n\t\t\t\t<div class=\"c-wysiwyg\">\r\n\t\t\t\t\t<h2 id=\"infrastructures-networks\">INFRASTRUCTURES &#038; NETWORKS  <\/h2>\r\n\t\t\t\t\t<div><ul>\n<li><strong>Excellent road and train infrastructures<\/strong><\/li>\n<\/ul>\n<p>Do you have to travel for work? Thanks to Dunkirk&#8217;s high speed train and the A25 motorway, you are in the immediate vicinity of the European metropolis of Lille. The A16-E40 takes you to the Channel Tunnel in just 20 minutes or to Brussels and other destinations much further afield (this motorway goes all the way to Kazakhstan!).<\/p>\n<p>Got a business trip? The airports of Lille, Brussels-Zaventem and Charleroi will lead you to all four corners of the globe in just a few hours.<\/p>\n<ul>\n<li><strong>High speed internet and mobile networks&nbsp;<\/strong><\/li>\n<\/ul>\n<p>Need to stay connected for video conferences? You\u2019ll find high quality internet and mobile networks here. The territory is covered by fibre broadband and 4G. 5G is also being deployed in Dunkirk. You are now ready to work remotely!<\/p>\n<p>Would you prefer to work in a specific spot and develop your network of contacts? The territory has a vast number of coworking offices but also support sites and incubators for entrepreneurs.&nbsp;<\/p>\n<p>Discover what\u2019s available or <a href=\"mailto:dkpromotion@dunkerquepromotion.org\">contact us<\/a><\/p>\n<\/div>\r\n\t\t\t\t\t<a class='c-btn ' href=\"https:\/\/preprod.dunkerquepromotion.cities.smart-origin.com\/map\/dunkerque-promotion-en\/search\/Land%20and%20property%20listings=annonces_dkprom_vue_5902+dk_cat_annonces+bureaux\/@50.97448,2.36864,10\" target=\"_blank\">Discover our real estate market<\/a>\t\t\t\t<\/div>\r\n\t\t\t<\/div>\r\n\t\t<\/div>\r\n\t<\/div>\r\n<\/section>\r\n\r\n\n\n\r\n\r\n<section class=\"blc-text-media c-section c-section--white\" id='36709b1e7a28b78576f3f55dab5575b9'>\r\n\t<div class=\"o-wrapper\">\r\n\t\t<div class=\"c-block-push \">\r\n\t\t\t<div class=\"c-block-push__img\">\r\n\t\t\t\t<div class=\"ratio-16x9\">\r\n\t\t\t\t\t<img decoding=\"async\" alt=\"la turbine\" src=\"https:\/\/dunkerquelenergiecreative.fr\/wp-content\/uploads\/2022\/05\/LA-TURBINE.jpg\" srcset=\"https:\/\/dunkerquelenergiecreative.fr\/wp-content\/uploads\/2022\/05\/LA-TURBINE-300x270.jpg 300w, https:\/\/dunkerquelenergiecreative.fr\/wp-content\/uploads\/2022\/05\/LA-TURBINE.jpg 512w\" sizes=\"(min-width: 992px) 496px, (min-width: 1200px) 600px, (min-width: 1400px) 700px, (min-width: 1600px) 800px, 100vw\">\t\t\t\t\t\t\t\t\t\t\t\t\t\t<\/div>\r\n\t\t\t<\/div>\r\n\t\t\t<div class=\"c-block-push__content\">\r\n\t\t\t\t<div class=\"c-wysiwyg\">\r\n\t\t\t\t\t<h2 id=\"launch-a-business-in-the-territory\">LAUNCH A BUSINESS IN THE TERRITORY  <\/h2>\r\n\t\t\t\t\t<div><p><strong>Are you an entrepreneur? Or do you wish to become one? Our territory has two places that can give you support. &nbsp;<\/strong><\/p>\n<ul>\n<li><a href=\"https:\/\/www.cchf.fr\/articles\/eclosoir-dentreprises-et-ateliers-relais-un-tremplin-pour-developper-son-activite\">L\u2019Eclosoir <\/a>located in Wormhout in the Hauts de Flandre Greater District Council.<\/li>\n<li><a href=\"http:\/\/www.la-turbine.fr\/\">La Turbine<\/a> located a stone\u2019s throw from Dunkirk train station.<\/li>\n<\/ul>\n<\/div>\r\n\t\t\t\t\t\t\t\t\t<\/div>\r\n\t\t\t<\/div>\r\n\t\t<\/div>\r\n\t<\/div>\r\n<\/section>\r\n\r\n\n\n\n\n\r\n\r\n\r\n<section class=\"blc-banner o-wrapper\" id='897b2571e0a9bf66ff061a0fd9934195'>\r\n\t<div class=\"c-white-book\">\r\n\t\t<img decoding=\"async\" class=\"c-white-book__bg\" alt=\"famille sautant sur la plage au coucher de soleil\" src=\"https:\/\/dunkerquelenergiecreative.fr\/wp-content\/uploads\/2022\/05\/RECADR-photo-famillesite-1024x682-1.jpg\" srcset=\"https:\/\/dunkerquelenergiecreative.fr\/wp-content\/uploads\/2022\/05\/RECADR-photo-famillesite-1024x682-1-300x216.jpg 300w, https:\/\/dunkerquelenergiecreative.fr\/wp-content\/uploads\/2022\/05\/RECADR-photo-famillesite-1024x682-1-768x554.jpg 768w, https:\/\/dunkerquelenergiecreative.fr\/wp-content\/uploads\/2022\/05\/RECADR-photo-famillesite-1024x682-1.jpg 946w\" sizes=\"(min-width: 1400px) 1386px, (min-width: 1600px) 1584px, 100vw\">\t\t\t\t<div class=\"c-white-book__content\">\r\n\t\t\t<h2 id=\"dunkirk-gives-you-a-warm-welcome\">DUNKIRK GIVES YOU A WARM WELCOME!<\/h2>\t\t\t<a class=\"c-btn\" href=\"https:\/\/dunkerquelenergiecreative.fr\/en\/welcome-to-flanders-dunkirk\/\" target=\"_blank\">I&#8217;m exploring the quality of life in Dunkirk  <\/a>\t\t<\/div>\r\n\t<\/div>\r\n<\/section>\r\n\r\n\r\n","protected":false},"excerpt":{"rendered":"Dunkirk ticks all the boxes as the perfect destination for remote work. Our territory has many benefits.","protected":false},"author":2,"featured_media":50589,"parent":0,"menu_order":0,"comment_status":"closed","ping_status":"closed","template":"","meta":{"_acf_changed":false,"inline_featured_image":false,"_uf_show_specific_survey":0,"_uf_disable_surveys":false,"footnotes":""},"class_list":["post-16278","page","type-page","status-publish","has-post-thumbnail","hentry"],"acf":[],"yoast_head":"<!-- This site is optimized with the Yoast SEO plugin v27.4 - https:\/\/yoast.com\/product\/yoast-seo-wordpress\/ -->\n<title>Work remotely - Dunkerque l&#039;\u00c9nergie Cr\u00e9ative<\/title>\n<meta name=\"description\" content=\"Dunkirk ticks all the boxes as the perfect destination for remote work. Our territory has many benefits.\" \/>\n<meta name=\"robots\" content=\"index, follow, max-snippet:-1, max-image-preview:large, max-video-preview:-1\" \/>\n<link rel=\"canonical\" href=\"https:\/\/dunkerquelenergiecreative.fr\/en\/work-remotely-in-the-great-outdoors\/\" \/>\n<meta property=\"og:locale\" content=\"en_US\" \/>\n<meta property=\"og:type\" content=\"article\" \/>\n<meta property=\"og:title\" content=\"Work remotely - Dunkerque l&#039;\u00c9nergie Cr\u00e9ative\" \/>\n<meta property=\"og:description\" content=\"Dunkirk ticks all the boxes as the perfect destination for remote work. Our territory has many benefits.\" \/>\n<meta property=\"og:url\" content=\"https:\/\/dunkerquelenergiecreative.fr\/en\/work-remotely-in-the-great-outdoors\/\" \/>\n<meta property=\"og:site_name\" content=\"Dunkerque l&#039;\u00c9nergie Cr\u00e9ative\" \/>\n<meta property=\"article:publisher\" content=\"https:\/\/www.facebook.com\/Dunkerquelenergiecreative\" \/>\n<meta property=\"article:modified_time\" content=\"2023-03-28T15:43:33+00:00\" \/>\n<meta property=\"og:image\" content=\"https:\/\/dunkerquelenergiecreative.fr\/wp-content\/uploads\/2022\/05\/RECADR-photo-famillesite-1024x682-1.jpg\" \/>\n\t<meta property=\"og:image:width\" content=\"946\" \/>\n\t<meta property=\"og:image:height\" content=\"682\" \/>\n\t<meta property=\"og:image:type\" content=\"image\/jpeg\" \/>\n<meta name=\"twitter:card\" content=\"summary_large_image\" \/>\n<meta name=\"twitter:site\" content=\"@ecosysteme_d\" \/>\n<script type=\"application\/ld+json\" class=\"yoast-schema-graph\">{\"@context\":\"https:\\\/\\\/schema.org\",\"@graph\":[{\"@type\":\"WebPage\",\"@id\":\"https:\\\/\\\/dunkerquelenergiecreative.fr\\\/en\\\/work-remotely-in-the-great-outdoors\\\/\",\"url\":\"https:\\\/\\\/dunkerquelenergiecreative.fr\\\/en\\\/work-remotely-in-the-great-outdoors\\\/\",\"name\":\"Work remotely - Dunkerque l&#039;\u00c9nergie Cr\u00e9ative\",\"isPartOf\":{\"@id\":\"https:\\\/\\\/dunkerquelenergiecreative.fr\\\/en\\\/#website\"},\"primaryImageOfPage\":{\"@id\":\"https:\\\/\\\/dunkerquelenergiecreative.fr\\\/en\\\/work-remotely-in-the-great-outdoors\\\/#primaryimage\"},\"image\":{\"@id\":\"https:\\\/\\\/dunkerquelenergiecreative.fr\\\/en\\\/work-remotely-in-the-great-outdoors\\\/#primaryimage\"},\"thumbnailUrl\":\"https:\\\/\\\/dunkerquelenergiecreative.fr\\\/wp-content\\\/uploads\\\/2024\\\/03\\\/iStock_000003857726_Large.jpg\",\"datePublished\":\"2022-06-28T14:35:11+00:00\",\"dateModified\":\"2023-03-28T15:43:33+00:00\",\"description\":\"Dunkirk ticks all the boxes as the perfect destination for remote work. Our territory has many benefits.\",\"breadcrumb\":{\"@id\":\"https:\\\/\\\/dunkerquelenergiecreative.fr\\\/en\\\/work-remotely-in-the-great-outdoors\\\/#breadcrumb\"},\"inLanguage\":\"en-US\",\"potentialAction\":[{\"@type\":\"ReadAction\",\"target\":[\"https:\\\/\\\/dunkerquelenergiecreative.fr\\\/en\\\/work-remotely-in-the-great-outdoors\\\/\"]}]},{\"@type\":\"ImageObject\",\"inLanguage\":\"en-US\",\"@id\":\"https:\\\/\\\/dunkerquelenergiecreative.fr\\\/en\\\/work-remotely-in-the-great-outdoors\\\/#primaryimage\",\"url\":\"https:\\\/\\\/dunkerquelenergiecreative.fr\\\/wp-content\\\/uploads\\\/2024\\\/03\\\/iStock_000003857726_Large.jpg\",\"contentUrl\":\"https:\\\/\\\/dunkerquelenergiecreative.fr\\\/wp-content\\\/uploads\\\/2024\\\/03\\\/iStock_000003857726_Large.jpg\",\"width\":2560,\"height\":1706},{\"@type\":\"BreadcrumbList\",\"@id\":\"https:\\\/\\\/dunkerquelenergiecreative.fr\\\/en\\\/work-remotely-in-the-great-outdoors\\\/#breadcrumb\",\"itemListElement\":[{\"@type\":\"ListItem\",\"position\":1,\"name\":\"Home\",\"item\":\"https:\\\/\\\/dunkerquelenergiecreative.fr\\\/en\\\/\"},{\"@type\":\"ListItem\",\"position\":2,\"name\":\"WORK REMOTELY IN THE GREAT OUTDOORS\"}]},{\"@type\":\"WebSite\",\"@id\":\"https:\\\/\\\/dunkerquelenergiecreative.fr\\\/en\\\/#website\",\"url\":\"https:\\\/\\\/dunkerquelenergiecreative.fr\\\/en\\\/\",\"name\":\"Dunkerque l'\u00c9nergie Cr\u00e9ative\",\"description\":\"Agence de d\u00e9veloppement \u00e9conomique \u00e0 Dunkerque\",\"publisher\":{\"@id\":\"https:\\\/\\\/dunkerquelenergiecreative.fr\\\/en\\\/#organization\"},\"potentialAction\":[{\"@type\":\"SearchAction\",\"target\":{\"@type\":\"EntryPoint\",\"urlTemplate\":\"https:\\\/\\\/dunkerquelenergiecreative.fr\\\/en\\\/?s={search_term_string}\"},\"query-input\":{\"@type\":\"PropertyValueSpecification\",\"valueRequired\":true,\"valueName\":\"search_term_string\"}}],\"inLanguage\":\"en-US\"},{\"@type\":\"Organization\",\"@id\":\"https:\\\/\\\/dunkerquelenergiecreative.fr\\\/en\\\/#organization\",\"name\":\"Dunkerque l'\u00c9nergie Cr\u00e9ative\",\"url\":\"https:\\\/\\\/dunkerquelenergiecreative.fr\\\/en\\\/\",\"logo\":{\"@type\":\"ImageObject\",\"inLanguage\":\"en-US\",\"@id\":\"https:\\\/\\\/dunkerquelenergiecreative.fr\\\/en\\\/#\\\/schema\\\/logo\\\/image\\\/\",\"url\":\"https:\\\/\\\/dunkerquelenergiecreative.fr\\\/wp-content\\\/uploads\\\/2025\\\/04\\\/logo-dunkerque.png\",\"contentUrl\":\"https:\\\/\\\/dunkerquelenergiecreative.fr\\\/wp-content\\\/uploads\\\/2025\\\/04\\\/logo-dunkerque.png\",\"width\":696,\"height\":696,\"caption\":\"Dunkerque l'\u00c9nergie Cr\u00e9ative\"},\"image\":{\"@id\":\"https:\\\/\\\/dunkerquelenergiecreative.fr\\\/en\\\/#\\\/schema\\\/logo\\\/image\\\/\"},\"sameAs\":[\"https:\\\/\\\/www.facebook.com\\\/Dunkerquelenergiecreative\",\"https:\\\/\\\/x.com\\\/ecosysteme_d\",\"https:\\\/\\\/fr.linkedin.com\\\/company\\\/dunkerque-l-energie-creative\",\"https:\\\/\\\/www.linkedin.com\\\/company\\\/ecosysteme-d\\\/\",\"https:\\\/\\\/www.instagram.com\\\/dunkerquelenergiecreative\\\/\"]}]}<\/script>\n<!-- \/ Yoast SEO plugin. -->","yoast_head_json":{"title":"Work remotely - Dunkerque l&#039;\u00c9nergie Cr\u00e9ative","description":"Dunkirk ticks all the boxes as the perfect destination for remote work. Our territory has many benefits.","robots":{"index":"index","follow":"follow","max-snippet":"max-snippet:-1","max-image-preview":"max-image-preview:large","max-video-preview":"max-video-preview:-1"},"canonical":"https:\/\/dunkerquelenergiecreative.fr\/en\/work-remotely-in-the-great-outdoors\/","og_locale":"en_US","og_type":"article","og_title":"Work remotely - Dunkerque l&#039;\u00c9nergie Cr\u00e9ative","og_description":"Dunkirk ticks all the boxes as the perfect destination for remote work. Our territory has many benefits.","og_url":"https:\/\/dunkerquelenergiecreative.fr\/en\/work-remotely-in-the-great-outdoors\/","og_site_name":"Dunkerque l&#039;\u00c9nergie Cr\u00e9ative","article_publisher":"https:\/\/www.facebook.com\/Dunkerquelenergiecreative","article_modified_time":"2023-03-28T15:43:33+00:00","og_image":[{"width":946,"height":682,"url":"https:\/\/dunkerquelenergiecreative.fr\/wp-content\/uploads\/2022\/05\/RECADR-photo-famillesite-1024x682-1.jpg","type":"image\/jpeg"}],"twitter_card":"summary_large_image","twitter_site":"@ecosysteme_d","schema":{"@context":"https:\/\/schema.org","@graph":[{"@type":"WebPage","@id":"https:\/\/dunkerquelenergiecreative.fr\/en\/work-remotely-in-the-great-outdoors\/","url":"https:\/\/dunkerquelenergiecreative.fr\/en\/work-remotely-in-the-great-outdoors\/","name":"Work remotely - Dunkerque l&#039;\u00c9nergie Cr\u00e9ative","isPartOf":{"@id":"https:\/\/dunkerquelenergiecreative.fr\/en\/#website"},"primaryImageOfPage":{"@id":"https:\/\/dunkerquelenergiecreative.fr\/en\/work-remotely-in-the-great-outdoors\/#primaryimage"},"image":{"@id":"https:\/\/dunkerquelenergiecreative.fr\/en\/work-remotely-in-the-great-outdoors\/#primaryimage"},"thumbnailUrl":"https:\/\/dunkerquelenergiecreative.fr\/wp-content\/uploads\/2024\/03\/iStock_000003857726_Large.jpg","datePublished":"2022-06-28T14:35:11+00:00","dateModified":"2023-03-28T15:43:33+00:00","description":"Dunkirk ticks all the boxes as the perfect destination for remote work. Our territory has many benefits.","breadcrumb":{"@id":"https:\/\/dunkerquelenergiecreative.fr\/en\/work-remotely-in-the-great-outdoors\/#breadcrumb"},"inLanguage":"en-US","potentialAction":[{"@type":"ReadAction","target":["https:\/\/dunkerquelenergiecreative.fr\/en\/work-remotely-in-the-great-outdoors\/"]}]},{"@type":"ImageObject","inLanguage":"en-US","@id":"https:\/\/dunkerquelenergiecreative.fr\/en\/work-remotely-in-the-great-outdoors\/#primaryimage","url":"https:\/\/dunkerquelenergiecreative.fr\/wp-content\/uploads\/2024\/03\/iStock_000003857726_Large.jpg","contentUrl":"https:\/\/dunkerquelenergiecreative.fr\/wp-content\/uploads\/2024\/03\/iStock_000003857726_Large.jpg","width":2560,"height":1706},{"@type":"BreadcrumbList","@id":"https:\/\/dunkerquelenergiecreative.fr\/en\/work-remotely-in-the-great-outdoors\/#breadcrumb","itemListElement":[{"@type":"ListItem","position":1,"name":"Home","item":"https:\/\/dunkerquelenergiecreative.fr\/en\/"},{"@type":"ListItem","position":2,"name":"WORK REMOTELY IN THE GREAT OUTDOORS"}]},{"@type":"WebSite","@id":"https:\/\/dunkerquelenergiecreative.fr\/en\/#website","url":"https:\/\/dunkerquelenergiecreative.fr\/en\/","name":"Dunkerque l'\u00c9nergie Cr\u00e9ative","description":"Agence de d\u00e9veloppement \u00e9conomique \u00e0 Dunkerque","publisher":{"@id":"https:\/\/dunkerquelenergiecreative.fr\/en\/#organization"},"potentialAction":[{"@type":"SearchAction","target":{"@type":"EntryPoint","urlTemplate":"https:\/\/dunkerquelenergiecreative.fr\/en\/?s={search_term_string}"},"query-input":{"@type":"PropertyValueSpecification","valueRequired":true,"valueName":"search_term_string"}}],"inLanguage":"en-US"},{"@type":"Organization","@id":"https:\/\/dunkerquelenergiecreative.fr\/en\/#organization","name":"Dunkerque l'\u00c9nergie Cr\u00e9ative","url":"https:\/\/dunkerquelenergiecreative.fr\/en\/","logo":{"@type":"ImageObject","inLanguage":"en-US","@id":"https:\/\/dunkerquelenergiecreative.fr\/en\/#\/schema\/logo\/image\/","url":"https:\/\/dunkerquelenergiecreative.fr\/wp-content\/uploads\/2025\/04\/logo-dunkerque.png","contentUrl":"https:\/\/dunkerquelenergiecreative.fr\/wp-content\/uploads\/2025\/04\/logo-dunkerque.png","width":696,"height":696,"caption":"Dunkerque l'\u00c9nergie Cr\u00e9ative"},"image":{"@id":"https:\/\/dunkerquelenergiecreative.fr\/en\/#\/schema\/logo\/image\/"},"sameAs":["https:\/\/www.facebook.com\/Dunkerquelenergiecreative","https:\/\/x.com\/ecosysteme_d","https:\/\/fr.linkedin.com\/company\/dunkerque-l-energie-creative","https:\/\/www.linkedin.com\/company\/ecosysteme-d\/","https:\/\/www.instagram.com\/dunkerquelenergiecreative\/"]}]}},"_links":{"self":[{"href":"https:\/\/dunkerquelenergiecreative.fr\/en\/wp-json\/wp\/v2\/pages\/16278","targetHints":{"allow":["GET"]}}],"collection":[{"href":"https:\/\/dunkerquelenergiecreative.fr\/en\/wp-json\/wp\/v2\/pages"}],"about":[{"href":"https:\/\/dunkerquelenergiecreative.fr\/en\/wp-json\/wp\/v2\/types\/page"}],"author":[{"embeddable":true,"href":"https:\/\/dunkerquelenergiecreative.fr\/en\/wp-json\/wp\/v2\/users\/2"}],"replies":[{"embeddable":true,"href":"https:\/\/dunkerquelenergiecreative.fr\/en\/wp-json\/wp\/v2\/comments?post=16278"}],"version-history":[{"count":0,"href":"https:\/\/dunkerquelenergiecreative.fr\/en\/wp-json\/wp\/v2\/pages\/16278\/revisions"}],"wp:featuredmedia":[{"embeddable":true,"href":"https:\/\/dunkerquelenergiecreative.fr\/en\/wp-json\/wp\/v2\/media\/50589"}],"wp:attachment":[{"href":"https:\/\/dunkerquelenergiecreative.fr\/en\/wp-json\/wp\/v2\/media?parent=16278"}],"curies":[{"name":"wp","href":"https:\/\/api.w.org\/{rel}","templated":true}]}}