{"id":16243,"date":"2022-06-28T16:12:49","date_gmt":"2022-06-28T14:12:49","guid":{"rendered":"https:\/\/dunkerquelenergiecreative.fr\/?page_id=16243"},"modified":"2022-09-21T10:04:50","modified_gmt":"2022-09-21T08:04:50","slug":"international-territory","status":"publish","type":"page","link":"https:\/\/dunkerquelenergiecreative.fr\/en\/join-a-strong-economy\/international-territory\/","title":{"rendered":"An international territory"},"content":{"rendered":"\n\n<section class=\"blc-hero-sm c-head\" id='d4bc43cc020976497cbc1400684ca993'>\n\t<div class=\"c-head__bg decal__bg\">\n\t\t<img decoding=\"async\" data-aos=\"fade\" alt=\"drapeaux internationaux\" src=\"https:\/\/dunkerquelenergiecreative.fr\/wp-content\/uploads\/2022\/06\/img130-1.jpg\" srcset=\"https:\/\/dunkerquelenergiecreative.fr\/wp-content\/uploads\/2022\/06\/img130-1-269x300.jpg 269w, https:\/\/dunkerquelenergiecreative.fr\/wp-content\/uploads\/2022\/06\/img130-1-918x1024.jpg 918w, https:\/\/dunkerquelenergiecreative.fr\/wp-content\/uploads\/2022\/06\/img130-1-768x857.jpg 768w, https:\/\/dunkerquelenergiecreative.fr\/wp-content\/uploads\/2022\/06\/img130-1.jpg 1243w\" sizes=\"(min-width: 1200px) 1080px, (min-width: 1400px) 1260px, (min-width: 1600px) 1440px, 100vw\">\t\t\t<\/div>\n\t<div class=\"o-wrapper\">\n\t\t<div class=\"c-head__box c-head__box--smaller\">\n\t\t\t<div class=\"c-head__wrap\" data-aos=\"fade-left\">\n\t\t\t\t<div class=\"c-breadcrumbs\"><span><span><a href=\"https:\/\/dunkerquelenergiecreative.fr\/en\/\">Home<\/a><\/span><\/span><\/div>\n\t\t\t\t\t\t\t<\/div>\n\t\t\t\t\t\t\t<h1 class=\"u-h2 c-head__title\" data-aos=\"fade-left\" data-aos-delay=\"100\" class=\"u-h2 c-head__title\" data-aos=\"fade-left\" data-aos-delay=\"100\" id=\"an-international-territory\">An international territory<\/h1>\n\t\t\t\t\t\t\t\t<\/div>\n\t<\/div>\n<\/section>\n\n\n\n\n\n<section class=\"blc-keys-numbers c-nums c-section--white\" id='323516f5bae8bb218c51d50f3a1c280c'>\n\t<div class=\"o-wrapper\">\n\t\t\t\t<div class=\"c-nums__row\">\n\t\t\t\t\t\t\t<div class=\"c-nums__col\">\n\t\t\t\t\t<div class=\"c-nums__num\">+15<\/div>\n\t\t\t\t\t<p class=\"c-nums__desc\"><p>More than 15 nationalities are represented in the companies established locally.<\/p>\n<\/p>\n\t\t\t\t<\/div>\n\t\t\t\t\t\t\t<div class=\"c-nums__col\">\n\t\t\t\t\t<div class=\"c-nums__num\">122<\/div>\n\t\t\t\t\t<p class=\"c-nums__desc\"><p>The International Business School of Dunkirk (ISCID CO) has 122 partner universities throughout the world. &nbsp;<\/p>\n<\/p>\n\t\t\t\t<\/div>\n\t\t\t\t\t\t\t<div class=\"c-nums__col\">\n\t\t\t\t\t<div class=\"c-nums__num\">1040<\/div>\n\t\t\t\t\t<p class=\"c-nums__desc\"><p>The University Littoral C\u00f4te d&#8217;Opale (ULCO) welcomes more than 1,000 overseas students every year.<\/p>\n<\/p>\n\t\t\t\t<\/div>\n\t\t\t\t\t\t\t<div class=\"c-nums__col\">\n\t\t\t\t\t<div class=\"c-nums__num\">3<\/div>\n\t\t\t\t\t<p class=\"c-nums__desc\"><p>The Hauts-de-France region has been ranked in the top 3 most attractive regions for foreign capital investments for more than 20 years.<\/p>\n<\/p>\n\t\t\t\t<\/div>\n\t\t\t\t\t<\/div>\n\t<\/div>\n<\/section>\n\n\n\n\r\n\r\n<section class=\"blc-text-media c-section c-section--white\" id='bb77154068ba8bd1549693223bdadb3c'>\r\n\t<div class=\"o-wrapper\">\r\n\t\t<div class=\"c-block-push \">\r\n\t\t\t<div class=\"c-block-push__img\">\r\n\t\t\t\t<div class=\"ratio-16x9\">\r\n\t\t\t\t\t<img decoding=\"async\" alt=\"carte europe du nord\" src=\"https:\/\/dunkerquelenergiecreative.fr\/wp-content\/uploads\/2022\/04\/CHOOSE-EUROPE-CHOOSE-DUNKIRK-Carte-FR-GB-1.jpg\" srcset=\"https:\/\/dunkerquelenergiecreative.fr\/wp-content\/uploads\/2022\/04\/CHOOSE-EUROPE-CHOOSE-DUNKIRK-Carte-FR-GB-1-300x228.jpg 300w, https:\/\/dunkerquelenergiecreative.fr\/wp-content\/uploads\/2022\/04\/CHOOSE-EUROPE-CHOOSE-DUNKIRK-Carte-FR-GB-1-1024x779.jpg 1024w, https:\/\/dunkerquelenergiecreative.fr\/wp-content\/uploads\/2022\/04\/CHOOSE-EUROPE-CHOOSE-DUNKIRK-Carte-FR-GB-1-768x584.jpg 768w, https:\/\/dunkerquelenergiecreative.fr\/wp-content\/uploads\/2022\/04\/CHOOSE-EUROPE-CHOOSE-DUNKIRK-Carte-FR-GB-1-1536x1168.jpg 1536w, https:\/\/dunkerquelenergiecreative.fr\/wp-content\/uploads\/2022\/04\/CHOOSE-EUROPE-CHOOSE-DUNKIRK-Carte-FR-GB-1-2048x1558.jpg 2048w\" sizes=\"(min-width: 992px) 496px, (min-width: 1200px) 600px, (min-width: 1400px) 700px, (min-width: 1600px) 800px, 100vw\">\t\t\t\t\t\t\t\t\t\t\t\t\t\t<\/div>\r\n\t\t\t<\/div>\r\n\t\t\t<div class=\"c-block-push__content\">\r\n\t\t\t\t<div class=\"c-wysiwyg\">\r\n\t\t\t\t\t<h1 id=\"the-hauts-de-france-region-a-favourite-among-investors\">THE HAUTS-DE-FRANCE REGION, A FAVOURITE AMONG INVESTORS  <\/h2>\r\n\t\t\t\t\t<div><p>The Hauts-de-France region enjoys an advantageous geographical location in the North of Europe, at the heart of a dynamic region with a rich economy. It is densely populated, has plenty of young people and its infrastructures are extremely well developed.<br \/>\nBecause of these many virtues, the region has been placed among the Top 20 most attractive territories in Europe for investors for many years now.<br \/>\n\u2022\tIn 2021, 136 foreign invested enterprises carried out industrial projects in the Hauts-de-France, with more than 8,600 jobs up for grabs.<br \/>\n\u2022\t20% of industrial jobs announced in France in 2021 were located in the Hauts-de-France region.  <\/p>\n<\/div>\r\n\t\t\t\t\t\t\t\t\t<\/div>\r\n\t\t\t<\/div>\r\n\t\t<\/div>\r\n\t<\/div>\r\n<\/section>\r\n\r\n\n\n\r\n\r\n\r\n<section class=\"blc-banner o-wrapper\" id='3d661145219a88e04e557ae981c718e4'>\r\n\t<div class=\"c-white-book\">\r\n\t\t<img decoding=\"async\" class=\"c-white-book__bg\" alt=\"dirigeants conhexa feuilletant \" src=\"https:\/\/dunkerquelenergiecreative.fr\/wp-content\/uploads\/2022\/06\/2Photographers_20190527_091915web-e1656333410845.jpg\" srcset=\"https:\/\/dunkerquelenergiecreative.fr\/wp-content\/uploads\/2022\/06\/2Photographers_20190527_091915web-300x200.jpg 300w, https:\/\/dunkerquelenergiecreative.fr\/wp-content\/uploads\/2022\/06\/2Photographers_20190527_091915web-1024x683.jpg 1024w, https:\/\/dunkerquelenergiecreative.fr\/wp-content\/uploads\/2022\/06\/2Photographers_20190527_091915web-768x512.jpg 768w, https:\/\/dunkerquelenergiecreative.fr\/wp-content\/uploads\/2022\/06\/2Photographers_20190527_091915web-1536x1024.jpg 1536w, https:\/\/dunkerquelenergiecreative.fr\/wp-content\/uploads\/2022\/06\/2Photographers_20190527_091915web.jpg 2048w\" sizes=\"(min-width: 1400px) 1386px, (min-width: 1600px) 1584px, 100vw\">\t\t\t\t<div class=\"c-white-book__content\">\r\n\t\t\t<h2 id=\"how-did-conhexa-increase-its-turnover-tenfold-by-moving-to-dunkirk\">HOW DID CONHEXA INCREASE ITS TURNOVER TENFOLD BY MOVING TO DUNKIRK?<\/h2>\t\t\t<a class=\"c-btn\" href=\"https:\/\/invest.dunkerquepromotion.org\/en\/lp-cas-client-conhexa\" target=\"\">Discover our Businesscase<\/a>\t\t<\/div>\r\n\t<\/div>\r\n<\/section>\r\n\r\n\r\n\n\n\r\n\r\n<section class=\"blc-text-media c-section c-section--white\" id='acbf2f72820a610cf48d261804d3a464'>\r\n\t<div class=\"o-wrapper\">\r\n\t\t<div class=\"c-block-push c-block-push--invert\">\r\n\t\t\t<div class=\"c-block-push__img\">\r\n\t\t\t\t<div class=\"ratio-16x9\">\r\n\t\t\t\t\t<img decoding=\"async\" alt=\"carte des entreprises belges dunkerque\" src=\"https:\/\/dunkerquelenergiecreative.fr\/wp-content\/uploads\/2022\/08\/carte-belge-2.jpg\" srcset=\"https:\/\/dunkerquelenergiecreative.fr\/wp-content\/uploads\/2022\/08\/carte-belge-2-300x291.jpg 300w, https:\/\/dunkerquelenergiecreative.fr\/wp-content\/uploads\/2022\/08\/carte-belge-2-1024x992.jpg 1024w, https:\/\/dunkerquelenergiecreative.fr\/wp-content\/uploads\/2022\/08\/carte-belge-2-768x744.jpg 768w, https:\/\/dunkerquelenergiecreative.fr\/wp-content\/uploads\/2022\/08\/carte-belge-2.jpg 1083w\" sizes=\"(min-width: 992px) 496px, (min-width: 1200px) 600px, (min-width: 1400px) 700px, (min-width: 1600px) 800px, 100vw\">\t\t\t\t\t\t\t\t\t\t\t\t\t\t<\/div>\r\n\t\t\t<\/div>\r\n\t\t\t<div class=\"c-block-push__content\">\r\n\t\t\t\t<div class=\"c-wysiwyg\">\r\n\t\t\t\t\t<h2 id=\"more-than-40-belgian-companies-in-dunkirk\">MORE THAN 40 BELGIAN COMPANIES IN DUNKIRK<\/h2>\r\n\t\t\t\t\t<div><p>Belgian entrepreneurs are the top foreigner investors in the Dunkirk region.<\/p>\n<ul>\n<li>The geographical proximity<\/li>\n<li>The access to the French market<\/li>\n<li>The fluidity of the transport network<\/li>\n<li>The competitiveness of the land available<\/li>\n<li>The quality of the workforce<\/li>\n<\/ul>\n<p>These are the major virtues appreciated by the Belgian and Dutch companies who have chosen to grow their business in Dunkirk.<\/p>\n<\/div>\r\n\t\t\t\t\t<a class='c-btn ' href=\"https:\/\/dunkerquelenergiecreative.fr\/en\/testimonials\/pieter-de-brabandere-testimony\/\" target=\"_blank\">SEE THE VIDEO TESTIMONIAL OF PETER DE BRABAND\u00c8RE FROM FLANDRES B\u00c9TON<\/a>\t\t\t\t<\/div>\r\n\t\t\t<\/div>\r\n\t\t<\/div>\r\n\t<\/div>\r\n<\/section>\r\n\r\n\n\n\n\n<section class=\"blc-embed c-section c-section--secondary\" id='d1c9750c7ae53fbaa03561b17d5e33c9'>\n\t<div class=\"o-wrapper\">\n\t\t<div class=\"c-section__narrow u-text-center\">\n\t\t\t<h2 class=\"u-text-center\" class=\"u-text-center\" id=\"economic-leaders-from-all-over-the-entire-world\">ECONOMIC LEADERS FROM ALL OVER THE ENTIRE WORLD<\/h2>\t\t\t<div class=\"u-text-center\">Check out our interactive map and see the major names in the local industry and their nationality: German, Japanese, British, Swedish, Chinese, Spanish, American, Belgian&#8230; and now?<\/div>\t\t<\/div>\n\t\t<div class=\"content ratio-16x9 shd\"><iframe src=\"https:\/\/dunkerquepromotion.cities.smart-origin.com\/map\/dunkerque-promotion\/search\/Leaders%20%C3%A9conomiques%20du%20territoire=leaders_eco_2349+dk_visible+agroalimentaire,leaders_eco_2349+dk_visible+logistique,leaders_eco_2349+dk_visible+tertiaire,leaders_eco_2349+dk_visible+industriel,leaders_eco_2349+dk_visible+eco,leaders_eco_2349+dk_visible+materiaux,leaders_eco_2349+dk_visible+energie,leaders_eco_2349+dk_visible+numerique,leaders_eco_2349+dk_visible+chimie,leaders_eco_2349+dk_visible+metallurgie,leaders_eco_2349+dk_visible+automotive\/@50.96086,2.34265,10\"><\/iframe><\/div>\t\t\t<\/div>\n<\/section>\n\n\n\n\n\n<section class=\"blc-tree-cta c-section\" id='80ec3f81e7b5acdccd72f5f3f5b4b352'>\n\t<div class=\"o-wrapper\">\n\t<h2 class=\"u-text-center\" class=\"u-text-center\" id=\"would-you-like-to\">Would you like to&#8230;<\/h2>\t<div class=\"c-section__wishes\">\n\t\t\t\t\t<div class=\"c-section__wishes-col\">\n\t\t\t\t<div class=\"c-wish\">\n\t\t\t\t\t<div class=\"c-wish__icon\">\n\t\t\t\t\t\t<img decoding=\"async\" src=\"https:\/\/dunkerquelenergiecreative.fr\/wp-content\/uploads\/2021\/10\/svg_fusee.svg\" alt=\"\">\t\t\t\t\t\t\t\t\t\t\t<\/div>\n\t\t\t\t\t<h3 class=\"c-wish__title\" class=\"c-wish__title\" id=\"set-up-or-grow-your-company\">Set up or grow your company?  <\/h3>\t\t\t\t\t\t\t\t\t\t<a class=\"c-wish__link\" href=\"https:\/\/dunkerquelenergiecreative.fr\/en\/set-up-and-develop-your-business\/\"><i class=\"o-icon-plus\"><\/i><\/a>\t\t\t\t<\/div>\n\t\t\t<\/div>\n\t\t\t\t\t<div class=\"c-section__wishes-col\">\n\t\t\t\t<div class=\"c-wish\">\n\t\t\t\t\t<div class=\"c-wish__icon\">\n\t\t\t\t\t\t<img decoding=\"async\" src=\"https:\/\/dunkerquelenergiecreative.fr\/wp-content\/uploads\/2021\/10\/svg_maps.svg\" alt=\"\">\t\t\t\t\t\t\t\t\t\t\t<\/div>\n\t\t\t\t\t<h3 class=\"c-wish__title\" class=\"c-wish__title\" id=\"discover-what-this-territory-can-offer-you\">Discover what this territory can offer you?  <\/h3>\t\t\t\t\t\t\t\t\t\t<a class=\"c-wish__link\" href=\"https:\/\/dunkerquelenergiecreative.fr\/en\/growing-your-business-at-the-gateway-to-europe\/\"><i class=\"o-icon-plus\"><\/i><\/a>\t\t\t\t<\/div>\n\t\t\t<\/div>\n\t\t\t\t\t<div class=\"c-section__wishes-col\">\n\t\t\t\t<div class=\"c-wish\">\n\t\t\t\t\t<div class=\"c-wish__icon\">\n\t\t\t\t\t\t<img decoding=\"async\" src=\"https:\/\/dunkerquelenergiecreative.fr\/wp-content\/uploads\/2021\/10\/svg_arc.svg\" alt=\"\">\t\t\t\t\t\t\t\t\t\t\t<\/div>\n\t\t\t\t\t<h3 class=\"c-wish__title\" class=\"c-wish__title\" id=\"find-out-how-our-agency-can-support-you\">Find out how our agency can support you?  <\/h3>\t\t\t\t\t\t\t\t\t\t<a class=\"c-wish__link\" href=\"https:\/\/dunkerquelenergiecreative.fr\/en\/implanter-et-developper-son-entreprise\/personalized-advice-and-support\/\"><i class=\"o-icon-plus\"><\/i><\/a>\t\t\t\t<\/div>\n\t\t\t<\/div>\n\t\t\t<\/div>\n\t<\/div>\n<\/section>\n\n\n\n\r\n\r\n\r\n<section class=\"blc-banner o-wrapper\" id='c9a8128e50f440399e9026779a85b50c'>\r\n\t<div class=\"c-white-book\">\r\n\t\t<img decoding=\"async\" class=\"c-white-book__bg\" alt=\"An international territory\" src=\"https:\/\/dunkerquelenergiecreative.fr\/wp-content\/uploads\/2022\/07\/bg-white-book-2.jpg\" srcset=\"https:\/\/dunkerquelenergiecreative.fr\/wp-content\/uploads\/2022\/07\/bg-white-book-2-300x72.jpg 300w, https:\/\/dunkerquelenergiecreative.fr\/wp-content\/uploads\/2022\/07\/bg-white-book-2-1024x245.jpg 1024w, https:\/\/dunkerquelenergiecreative.fr\/wp-content\/uploads\/2022\/07\/bg-white-book-2-768x184.jpg 768w, https:\/\/dunkerquelenergiecreative.fr\/wp-content\/uploads\/2022\/07\/bg-white-book-2.jpg 1265w\" sizes=\"(min-width: 1400px) 1386px, (min-width: 1600px) 1584px, 100vw\">\t\t\t\t<div class=\"c-white-book__content\">\r\n\t\t\t<h2 id=\"why-is-dunkirk-the-ideal-territory-for-growing-your-company\">WHY IS DUNKIRK THE IDEAL TERRITORY FOR GROWING YOUR COMPANY ?<\/h2>\t\t\t<a class=\"c-btn\" href=\"https:\/\/dunkerquelenergiecreative.fr\/en\/do-you-have-a-project\/\" target=\"_blank\">DOWNLOAD TO FIND OUT MORE<\/a>\t\t<\/div>\r\n\t<\/div>\r\n<\/section>\r\n\r\n\r\n","protected":false},"excerpt":{"rendered":"Setting up your business in a cross-border territory is a real asset for anyone who wishes to grow their company in an international environment. ","protected":false},"author":2,"featured_media":12891,"parent":16240,"menu_order":0,"comment_status":"closed","ping_status":"closed","template":"","meta":{"_acf_changed":false,"inline_featured_image":false,"_uf_show_specific_survey":0,"_uf_disable_surveys":false,"footnotes":""},"class_list":["post-16243","page","type-page","status-publish","has-post-thumbnail","hentry"],"acf":[],"yoast_head":"<!-- This site is optimized with the Yoast SEO plugin v27.4 - https:\/\/yoast.com\/product\/yoast-seo-wordpress\/ -->\n<title>An international territory - Dunkerque l&#039;\u00c9nergie Cr\u00e9ative<\/title>\n<meta name=\"description\" content=\"Setting up your business in a cross-border territory is a real asset for anyone who wishes to grow their company.\" \/>\n<meta name=\"robots\" content=\"index, follow, max-snippet:-1, max-image-preview:large, max-video-preview:-1\" \/>\n<link rel=\"canonical\" href=\"https:\/\/dunkerquelenergiecreative.fr\/en\/join-a-strong-economy\/international-territory\/\" \/>\n<meta property=\"og:locale\" content=\"en_US\" \/>\n<meta property=\"og:type\" content=\"article\" \/>\n<meta property=\"og:title\" content=\"An international territory - Dunkerque l&#039;\u00c9nergie Cr\u00e9ative\" \/>\n<meta property=\"og:description\" content=\"Setting up your business in a cross-border territory is a real asset for anyone who wishes to grow their company.\" \/>\n<meta property=\"og:url\" content=\"https:\/\/dunkerquelenergiecreative.fr\/en\/join-a-strong-economy\/international-territory\/\" \/>\n<meta property=\"og:site_name\" content=\"Dunkerque l&#039;\u00c9nergie Cr\u00e9ative\" \/>\n<meta property=\"article:publisher\" content=\"https:\/\/www.facebook.com\/Dunkerquelenergiecreative\" \/>\n<meta property=\"article:modified_time\" content=\"2022-09-21T08:04:50+00:00\" \/>\n<meta property=\"og:image\" content=\"https:\/\/dunkerquelenergiecreative.fr\/wp-content\/uploads\/2022\/06\/img130-1.jpg\" \/>\n\t<meta property=\"og:image:width\" content=\"1243\" \/>\n\t<meta property=\"og:image:height\" content=\"1387\" \/>\n\t<meta property=\"og:image:type\" content=\"image\/jpeg\" \/>\n<meta name=\"twitter:card\" content=\"summary_large_image\" \/>\n<meta name=\"twitter:site\" content=\"@ecosysteme_d\" \/>\n<script type=\"application\/ld+json\" class=\"yoast-schema-graph\">{\"@context\":\"https:\\\/\\\/schema.org\",\"@graph\":[{\"@type\":\"WebPage\",\"@id\":\"https:\\\/\\\/dunkerquelenergiecreative.fr\\\/en\\\/join-a-strong-economy\\\/international-territory\\\/\",\"url\":\"https:\\\/\\\/dunkerquelenergiecreative.fr\\\/en\\\/join-a-strong-economy\\\/international-territory\\\/\",\"name\":\"An international territory - Dunkerque l&#039;\u00c9nergie Cr\u00e9ative\",\"isPartOf\":{\"@id\":\"https:\\\/\\\/dunkerquelenergiecreative.fr\\\/en\\\/#website\"},\"primaryImageOfPage\":{\"@id\":\"https:\\\/\\\/dunkerquelenergiecreative.fr\\\/en\\\/join-a-strong-economy\\\/international-territory\\\/#primaryimage\"},\"image\":{\"@id\":\"https:\\\/\\\/dunkerquelenergiecreative.fr\\\/en\\\/join-a-strong-economy\\\/international-territory\\\/#primaryimage\"},\"thumbnailUrl\":\"https:\\\/\\\/dunkerquelenergiecreative.fr\\\/wp-content\\\/uploads\\\/2022\\\/06\\\/img130-1.jpg\",\"datePublished\":\"2022-06-28T14:12:49+00:00\",\"dateModified\":\"2022-09-21T08:04:50+00:00\",\"description\":\"Setting up your business in a cross-border territory is a real asset for anyone who wishes to grow their company.\",\"breadcrumb\":{\"@id\":\"https:\\\/\\\/dunkerquelenergiecreative.fr\\\/en\\\/join-a-strong-economy\\\/international-territory\\\/#breadcrumb\"},\"inLanguage\":\"en-US\",\"potentialAction\":[{\"@type\":\"ReadAction\",\"target\":[\"https:\\\/\\\/dunkerquelenergiecreative.fr\\\/en\\\/join-a-strong-economy\\\/international-territory\\\/\"]}]},{\"@type\":\"ImageObject\",\"inLanguage\":\"en-US\",\"@id\":\"https:\\\/\\\/dunkerquelenergiecreative.fr\\\/en\\\/join-a-strong-economy\\\/international-territory\\\/#primaryimage\",\"url\":\"https:\\\/\\\/dunkerquelenergiecreative.fr\\\/wp-content\\\/uploads\\\/2022\\\/06\\\/img130-1.jpg\",\"contentUrl\":\"https:\\\/\\\/dunkerquelenergiecreative.fr\\\/wp-content\\\/uploads\\\/2022\\\/06\\\/img130-1.jpg\",\"width\":1243,\"height\":1387,\"caption\":\"drapeaux internationaux\"},{\"@type\":\"BreadcrumbList\",\"@id\":\"https:\\\/\\\/dunkerquelenergiecreative.fr\\\/en\\\/join-a-strong-economy\\\/international-territory\\\/#breadcrumb\",\"itemListElement\":[{\"@type\":\"ListItem\",\"position\":1,\"name\":\"Home\",\"item\":\"https:\\\/\\\/dunkerquelenergiecreative.fr\\\/en\\\/\"},{\"@type\":\"ListItem\",\"position\":2,\"name\":\"Join a strong economy\",\"item\":\"https:\\\/\\\/dunkerquelenergiecreative.fr\\\/en\\\/join-a-strong-economy\\\/\"},{\"@type\":\"ListItem\",\"position\":3,\"name\":\"An international territory\"}]},{\"@type\":\"WebSite\",\"@id\":\"https:\\\/\\\/dunkerquelenergiecreative.fr\\\/en\\\/#website\",\"url\":\"https:\\\/\\\/dunkerquelenergiecreative.fr\\\/en\\\/\",\"name\":\"Dunkerque l'\u00c9nergie Cr\u00e9ative\",\"description\":\"Agence de d\u00e9veloppement \u00e9conomique \u00e0 Dunkerque\",\"publisher\":{\"@id\":\"https:\\\/\\\/dunkerquelenergiecreative.fr\\\/en\\\/#organization\"},\"potentialAction\":[{\"@type\":\"SearchAction\",\"target\":{\"@type\":\"EntryPoint\",\"urlTemplate\":\"https:\\\/\\\/dunkerquelenergiecreative.fr\\\/en\\\/?s={search_term_string}\"},\"query-input\":{\"@type\":\"PropertyValueSpecification\",\"valueRequired\":true,\"valueName\":\"search_term_string\"}}],\"inLanguage\":\"en-US\"},{\"@type\":\"Organization\",\"@id\":\"https:\\\/\\\/dunkerquelenergiecreative.fr\\\/en\\\/#organization\",\"name\":\"Dunkerque l'\u00c9nergie Cr\u00e9ative\",\"url\":\"https:\\\/\\\/dunkerquelenergiecreative.fr\\\/en\\\/\",\"logo\":{\"@type\":\"ImageObject\",\"inLanguage\":\"en-US\",\"@id\":\"https:\\\/\\\/dunkerquelenergiecreative.fr\\\/en\\\/#\\\/schema\\\/logo\\\/image\\\/\",\"url\":\"https:\\\/\\\/dunkerquelenergiecreative.fr\\\/wp-content\\\/uploads\\\/2025\\\/04\\\/logo-dunkerque.png\",\"contentUrl\":\"https:\\\/\\\/dunkerquelenergiecreative.fr\\\/wp-content\\\/uploads\\\/2025\\\/04\\\/logo-dunkerque.png\",\"width\":696,\"height\":696,\"caption\":\"Dunkerque l'\u00c9nergie Cr\u00e9ative\"},\"image\":{\"@id\":\"https:\\\/\\\/dunkerquelenergiecreative.fr\\\/en\\\/#\\\/schema\\\/logo\\\/image\\\/\"},\"sameAs\":[\"https:\\\/\\\/www.facebook.com\\\/Dunkerquelenergiecreative\",\"https:\\\/\\\/x.com\\\/ecosysteme_d\",\"https:\\\/\\\/fr.linkedin.com\\\/company\\\/dunkerque-l-energie-creative\",\"https:\\\/\\\/www.linkedin.com\\\/company\\\/ecosysteme-d\\\/\",\"https:\\\/\\\/www.instagram.com\\\/dunkerquelenergiecreative\\\/\"]}]}<\/script>\n<!-- \/ Yoast SEO plugin. -->","yoast_head_json":{"title":"An international territory - Dunkerque l&#039;\u00c9nergie Cr\u00e9ative","description":"Setting up your business in a cross-border territory is a real asset for anyone who wishes to grow their company.","robots":{"index":"index","follow":"follow","max-snippet":"max-snippet:-1","max-image-preview":"max-image-preview:large","max-video-preview":"max-video-preview:-1"},"canonical":"https:\/\/dunkerquelenergiecreative.fr\/en\/join-a-strong-economy\/international-territory\/","og_locale":"en_US","og_type":"article","og_title":"An international territory - Dunkerque l&#039;\u00c9nergie Cr\u00e9ative","og_description":"Setting up your business in a cross-border territory is a real asset for anyone who wishes to grow their company.","og_url":"https:\/\/dunkerquelenergiecreative.fr\/en\/join-a-strong-economy\/international-territory\/","og_site_name":"Dunkerque l&#039;\u00c9nergie Cr\u00e9ative","article_publisher":"https:\/\/www.facebook.com\/Dunkerquelenergiecreative","article_modified_time":"2022-09-21T08:04:50+00:00","og_image":[{"width":1243,"height":1387,"url":"https:\/\/dunkerquelenergiecreative.fr\/wp-content\/uploads\/2022\/06\/img130-1.jpg","type":"image\/jpeg"}],"twitter_card":"summary_large_image","twitter_site":"@ecosysteme_d","schema":{"@context":"https:\/\/schema.org","@graph":[{"@type":"WebPage","@id":"https:\/\/dunkerquelenergiecreative.fr\/en\/join-a-strong-economy\/international-territory\/","url":"https:\/\/dunkerquelenergiecreative.fr\/en\/join-a-strong-economy\/international-territory\/","name":"An international territory - Dunkerque l&#039;\u00c9nergie Cr\u00e9ative","isPartOf":{"@id":"https:\/\/dunkerquelenergiecreative.fr\/en\/#website"},"primaryImageOfPage":{"@id":"https:\/\/dunkerquelenergiecreative.fr\/en\/join-a-strong-economy\/international-territory\/#primaryimage"},"image":{"@id":"https:\/\/dunkerquelenergiecreative.fr\/en\/join-a-strong-economy\/international-territory\/#primaryimage"},"thumbnailUrl":"https:\/\/dunkerquelenergiecreative.fr\/wp-content\/uploads\/2022\/06\/img130-1.jpg","datePublished":"2022-06-28T14:12:49+00:00","dateModified":"2022-09-21T08:04:50+00:00","description":"Setting up your business in a cross-border territory is a real asset for anyone who wishes to grow their company.","breadcrumb":{"@id":"https:\/\/dunkerquelenergiecreative.fr\/en\/join-a-strong-economy\/international-territory\/#breadcrumb"},"inLanguage":"en-US","potentialAction":[{"@type":"ReadAction","target":["https:\/\/dunkerquelenergiecreative.fr\/en\/join-a-strong-economy\/international-territory\/"]}]},{"@type":"ImageObject","inLanguage":"en-US","@id":"https:\/\/dunkerquelenergiecreative.fr\/en\/join-a-strong-economy\/international-territory\/#primaryimage","url":"https:\/\/dunkerquelenergiecreative.fr\/wp-content\/uploads\/2022\/06\/img130-1.jpg","contentUrl":"https:\/\/dunkerquelenergiecreative.fr\/wp-content\/uploads\/2022\/06\/img130-1.jpg","width":1243,"height":1387,"caption":"drapeaux internationaux"},{"@type":"BreadcrumbList","@id":"https:\/\/dunkerquelenergiecreative.fr\/en\/join-a-strong-economy\/international-territory\/#breadcrumb","itemListElement":[{"@type":"ListItem","position":1,"name":"Home","item":"https:\/\/dunkerquelenergiecreative.fr\/en\/"},{"@type":"ListItem","position":2,"name":"Join a strong economy","item":"https:\/\/dunkerquelenergiecreative.fr\/en\/join-a-strong-economy\/"},{"@type":"ListItem","position":3,"name":"An international territory"}]},{"@type":"WebSite","@id":"https:\/\/dunkerquelenergiecreative.fr\/en\/#website","url":"https:\/\/dunkerquelenergiecreative.fr\/en\/","name":"Dunkerque l'\u00c9nergie Cr\u00e9ative","description":"Agence de d\u00e9veloppement \u00e9conomique \u00e0 Dunkerque","publisher":{"@id":"https:\/\/dunkerquelenergiecreative.fr\/en\/#organization"},"potentialAction":[{"@type":"SearchAction","target":{"@type":"EntryPoint","urlTemplate":"https:\/\/dunkerquelenergiecreative.fr\/en\/?s={search_term_string}"},"query-input":{"@type":"PropertyValueSpecification","valueRequired":true,"valueName":"search_term_string"}}],"inLanguage":"en-US"},{"@type":"Organization","@id":"https:\/\/dunkerquelenergiecreative.fr\/en\/#organization","name":"Dunkerque l'\u00c9nergie Cr\u00e9ative","url":"https:\/\/dunkerquelenergiecreative.fr\/en\/","logo":{"@type":"ImageObject","inLanguage":"en-US","@id":"https:\/\/dunkerquelenergiecreative.fr\/en\/#\/schema\/logo\/image\/","url":"https:\/\/dunkerquelenergiecreative.fr\/wp-content\/uploads\/2025\/04\/logo-dunkerque.png","contentUrl":"https:\/\/dunkerquelenergiecreative.fr\/wp-content\/uploads\/2025\/04\/logo-dunkerque.png","width":696,"height":696,"caption":"Dunkerque l'\u00c9nergie Cr\u00e9ative"},"image":{"@id":"https:\/\/dunkerquelenergiecreative.fr\/en\/#\/schema\/logo\/image\/"},"sameAs":["https:\/\/www.facebook.com\/Dunkerquelenergiecreative","https:\/\/x.com\/ecosysteme_d","https:\/\/fr.linkedin.com\/company\/dunkerque-l-energie-creative","https:\/\/www.linkedin.com\/company\/ecosysteme-d\/","https:\/\/www.instagram.com\/dunkerquelenergiecreative\/"]}]}},"_links":{"self":[{"href":"https:\/\/dunkerquelenergiecreative.fr\/en\/wp-json\/wp\/v2\/pages\/16243","targetHints":{"allow":["GET"]}}],"collection":[{"href":"https:\/\/dunkerquelenergiecreative.fr\/en\/wp-json\/wp\/v2\/pages"}],"about":[{"href":"https:\/\/dunkerquelenergiecreative.fr\/en\/wp-json\/wp\/v2\/types\/page"}],"author":[{"embeddable":true,"href":"https:\/\/dunkerquelenergiecreative.fr\/en\/wp-json\/wp\/v2\/users\/2"}],"replies":[{"embeddable":true,"href":"https:\/\/dunkerquelenergiecreative.fr\/en\/wp-json\/wp\/v2\/comments?post=16243"}],"version-history":[{"count":0,"href":"https:\/\/dunkerquelenergiecreative.fr\/en\/wp-json\/wp\/v2\/pages\/16243\/revisions"}],"up":[{"embeddable":true,"href":"https:\/\/dunkerquelenergiecreative.fr\/en\/wp-json\/wp\/v2\/pages\/16240"}],"wp:featuredmedia":[{"embeddable":true,"href":"https:\/\/dunkerquelenergiecreative.fr\/en\/wp-json\/wp\/v2\/media\/12891"}],"wp:attachment":[{"href":"https:\/\/dunkerquelenergiecreative.fr\/en\/wp-json\/wp\/v2\/media?parent=16243"}],"curies":[{"name":"wp","href":"https:\/\/api.w.org\/{rel}","templated":true}]}}