{"id":16240,"date":"2022-06-28T16:10:34","date_gmt":"2022-06-28T14:10:34","guid":{"rendered":"https:\/\/dunkerquelenergiecreative.fr\/?page_id=16240"},"modified":"2022-09-20T17:30:05","modified_gmt":"2022-09-20T15:30:05","slug":"join-a-strong-economy","status":"publish","type":"page","link":"https:\/\/dunkerquelenergiecreative.fr\/en\/join-a-strong-economy\/","title":{"rendered":"Join a strong economy"},"content":{"rendered":"\n\n<section class=\"blc-hero-sm c-head\" id='5b542b28d4bca0daaa35f6d8e4fed3b9'>\n\t<div class=\"c-head__bg decal__bg\">\n\t\t<img decoding=\"async\" data-aos=\"fade\" alt=\"photo de monnaie fran\u00e7aise\" src=\"https:\/\/dunkerquelenergiecreative.fr\/wp-content\/uploads\/2022\/07\/argent.png\" srcset=\"https:\/\/dunkerquelenergiecreative.fr\/wp-content\/uploads\/2022\/07\/argent-300x100.png 300w, https:\/\/dunkerquelenergiecreative.fr\/wp-content\/uploads\/2022\/07\/argent-1024x341.png 1024w, https:\/\/dunkerquelenergiecreative.fr\/wp-content\/uploads\/2022\/07\/argent-768x256.png 768w, https:\/\/dunkerquelenergiecreative.fr\/wp-content\/uploads\/2022\/07\/argent.png 1252w\" sizes=\"(min-width: 1200px) 1080px, (min-width: 1400px) 1260px, (min-width: 1600px) 1440px, 100vw\">\t\t\t<\/div>\n\t<div class=\"o-wrapper\">\n\t\t<div class=\"c-head__box c-head__box--smaller\">\n\t\t\t<div class=\"c-head__wrap\" data-aos=\"fade-left\">\n\t\t\t\t<div class=\"c-breadcrumbs\"><span><span><a href=\"https:\/\/dunkerquelenergiecreative.fr\/en\/\">Home<\/a><\/span><\/span><\/div>\n\t\t\t\t\t\t\t<\/div>\n\t\t\t\t\t\t\t<h1 class=\"u-h2 c-head__title\" data-aos=\"fade-left\" data-aos-delay=\"100\" class=\"u-h2 c-head__title\" data-aos=\"fade-left\" data-aos-delay=\"100\" id=\"join-a-strong-economy\">Join a strong economy<\/h1>\n\t\t\t\t\t\t\t\t<\/div>\n\t<\/div>\n<\/section>\n\n\n\n\r\n\r\n<section class=\"blc-text-media c-section c-section--white\" id='99e445693728f2fb3ecedd8f4f48ee97'>\r\n\t<div class=\"o-wrapper\">\r\n\t\t<div class=\"c-block-push c-block-push--invert\">\r\n\t\t\t<div class=\"c-block-push__img\">\r\n\t\t\t\t<div class=\"ratio-16x9\">\r\n\t\t\t\t\t<img decoding=\"async\" alt=\"drapeaux internationaux\" src=\"https:\/\/dunkerquelenergiecreative.fr\/wp-content\/uploads\/2022\/06\/img130-1.jpg\" srcset=\"https:\/\/dunkerquelenergiecreative.fr\/wp-content\/uploads\/2022\/06\/img130-1-269x300.jpg 269w, https:\/\/dunkerquelenergiecreative.fr\/wp-content\/uploads\/2022\/06\/img130-1-918x1024.jpg 918w, https:\/\/dunkerquelenergiecreative.fr\/wp-content\/uploads\/2022\/06\/img130-1-768x857.jpg 768w, https:\/\/dunkerquelenergiecreative.fr\/wp-content\/uploads\/2022\/06\/img130-1.jpg 1243w\" sizes=\"(min-width: 992px) 496px, (min-width: 1200px) 600px, (min-width: 1400px) 700px, (min-width: 1600px) 800px, 100vw\">\t\t\t\t\t\t\t\t\t\t\t\t\t\t<\/div>\r\n\t\t\t<\/div>\r\n\t\t\t<div class=\"c-block-push__content\">\r\n\t\t\t\t<div class=\"c-wysiwyg\">\r\n\t\t\t\t\t<h1 id=\"\"><\/h2>\r\n\t\t\t\t\t<div><p>Dunkirk is home to the biggest names in the industry, with major international groups of world renown such as<strong> Astrazeneca, <a href=\"https:\/\/dunkerquelenergiecreative.fr\/en\/testimonials\/arnaud-lallemant\/\">Coca-Cola<\/a>, C\u00e9moi, Kubota, TotalEnergies<\/strong> and many others.<\/p>\n<p>Dunkirk has earned its letters of nobility thanks to industry, which remains a major sector with 24% of salaried jobs and 460 industrial companies. The sectors are diversified with historical activities such as steelmaking, maintenance, metalworking, chemicals, energies but also logistics, agri-food, pharmaceuticals, eco-activities and now digital.<\/p>\n<p>Discover the economic leaders of the territory with whom you will collaborate tomorrow thanks to our interactive map.<\/p>\n<\/div>\r\n\t\t\t\t\t<a class='c-btn ' href=\"https:\/\/dunkerquelenergiecreative.fr\/en\/rejoindre-une-economie-forte-en\/economic-leaders\/\" target=\"\">WHO ARE THE ECONOMIC LEADERS OF THE TERRITORY<\/a>\t\t\t\t<\/div>\r\n\t\t\t<\/div>\r\n\t\t<\/div>\r\n\t<\/div>\r\n<\/section>\r\n\r\n\n\n\n\n<section class=\"blc-embed c-section c-section--tertiary\" id='75eaf3efce4cec283d086ac517898d6f'>\n\t<div class=\"o-wrapper\">\n\t\t<div class=\"c-section__narrow u-text-center\">\n\t\t\t\t\t\t<div class=\"u-text-center\">Thanks to this interactive map, discover with which companies of the territory you will collaborate or even your future location! Thanks to the various filters, test the electrical networks, the transport infrastructures, the real estate available or even the school of your children.<\/div>\t\t<\/div>\n\t\t<div class=\"content ratio-16x9 shd\"><iframe src=\"https:\/\/dunkerquepromotion.cities.smart-origin.com\/map\/dunkerque-promotion-en\/search\/Territory&#039;s%20economic%20leaders=leaders_eco_2349+dk_visible+agroalimentaire,leaders_eco_2349+dk_visible+logistique,leaders_eco_2349+dk_visible+tertiaire,leaders_eco_2349+dk_visible+industriel,leaders_eco_2349+dk_visible+eco,leaders_eco_2349+dk_visible+materiaux,leaders_eco_2349+dk_visible+energie,leaders_eco_2349+dk_visible+numerique,leaders_eco_2349+dk_visible+chimie,leaders_eco_2349+dk_visible+metallurgie,leaders_eco_2349+dk_visible+automotive\/@50.96713,2.51854,9\"><\/iframe><\/div>\t\t\t<\/div>\n<\/section>\n\n\n\n\r\n\r\n\r\n<section class=\"blc-banner o-wrapper\" id='c9a8128e50f440399e9026779a85b50c'>\r\n\t<div class=\"c-white-book\">\r\n\t\t<img decoding=\"async\" class=\"c-white-book__bg\" alt=\"Join a strong economy\" src=\"https:\/\/dunkerquelenergiecreative.fr\/wp-content\/uploads\/2022\/07\/bg-white-book-2.jpg\" srcset=\"https:\/\/dunkerquelenergiecreative.fr\/wp-content\/uploads\/2022\/07\/bg-white-book-2-300x72.jpg 300w, https:\/\/dunkerquelenergiecreative.fr\/wp-content\/uploads\/2022\/07\/bg-white-book-2-1024x245.jpg 1024w, https:\/\/dunkerquelenergiecreative.fr\/wp-content\/uploads\/2022\/07\/bg-white-book-2-768x184.jpg 768w, https:\/\/dunkerquelenergiecreative.fr\/wp-content\/uploads\/2022\/07\/bg-white-book-2.jpg 1265w\" sizes=\"(min-width: 1400px) 1386px, (min-width: 1600px) 1584px, 100vw\">\t\t\t\t<div class=\"c-white-book__content\">\r\n\t\t\t<h2 id=\"why-is-dunkirk-the-ideal-territory-for-growing-your-company\">WHY IS DUNKIRK THE IDEAL TERRITORY FOR GROWING YOUR COMPANY ?<\/h2>\t\t\t<a class=\"c-btn\" href=\"https:\/\/dunkerquelenergiecreative.fr\/en\/do-you-have-a-project\/\" target=\"_blank\">DOWNLOAD TO FIND OUT MORE<\/a>\t\t<\/div>\r\n\t<\/div>\r\n<\/section>\r\n\r\n\r\n\n\n\r\n\r\n<section class=\"blc-list-sectors c-sectors c-section\" id='6e18f5a47e9ac6a070b3f263e21f5d75'>\r\n\t\t\t<h2 class=\"c-sectors__head\" class=\"c-sectors__head\" id=\"our-business-sectors\">Our business sectors<\/h2>\r\n\t\t<div class=\"c-sectors__slides js-slider-sectors\">\r\n\t    <div class=\"c-sectors__slide c-sectors__slide--secondary\">\r\n        <div class=\"c-sectors__push\">\r\n                            <img decoding=\"async\" alt=\"Terminal m\u00e9thanier Dunkerque\" src=\"https:\/\/dunkerquelenergiecreative.fr\/wp-content\/uploads\/2022\/01\/DK-LNG-1-scaled.jpg\" srcset=\"https:\/\/dunkerquelenergiecreative.fr\/wp-content\/uploads\/2022\/01\/DK-LNG-1-300x200.jpg 300w, https:\/\/dunkerquelenergiecreative.fr\/wp-content\/uploads\/2022\/01\/DK-LNG-1-1024x683.jpg 1024w, https:\/\/dunkerquelenergiecreative.fr\/wp-content\/uploads\/2022\/01\/DK-LNG-1-768x512.jpg 768w, https:\/\/dunkerquelenergiecreative.fr\/wp-content\/uploads\/2022\/01\/DK-LNG-1-1536x1025.jpg 1536w, https:\/\/dunkerquelenergiecreative.fr\/wp-content\/uploads\/2022\/01\/DK-LNG-1-2048x1366.jpg 2048w\" sizes=\"(min-width: 1200px) 1080px, (min-width: 1400px) 1260px, (min-width: 1600px) 1440px, 100vw\">\r\n                                    <h3 class=\"c-sectors__title\" class=\"c-sectors__title\" id=\"sector-energies\">SECTOR <strong>ENERGIES<\/strong><\/h3>\r\n        <\/div>\r\n        <div class=\"c-sectors__overlay\">\r\n            <div class=\"c-sectors__name\">ENERGIES<\/div>\r\n            <p>The Dunkirk agglomeration is a true European energy hub because of the importance and diversity of its production and exchange facilities. Powerful distribution networks and pipelines allow companies to&#8230;<\/p>\r\n                            <a class=\"c-arrow-link c-arrow-link--primary\" href=\"https:\/\/dunkerquelenergiecreative.fr\/en\/energies\/major-energy-producers\/\">Energies<\/a>\r\n                    <\/div>\r\n    <\/div>\r\n    <div class=\"c-sectors__slide \">\r\n        <div class=\"c-sectors__push\">\r\n                            <img decoding=\"async\" alt=\"Terminal roulier Dunkerque\" src=\"https:\/\/dunkerquelenergiecreative.fr\/wp-content\/uploads\/2022\/01\/Dunkerque_Port_Roulier.jpg\" srcset=\"https:\/\/dunkerquelenergiecreative.fr\/wp-content\/uploads\/2022\/01\/Dunkerque_Port_Roulier-300x225.jpg 300w, https:\/\/dunkerquelenergiecreative.fr\/wp-content\/uploads\/2022\/01\/Dunkerque_Port_Roulier-768x576.jpg 768w, https:\/\/dunkerquelenergiecreative.fr\/wp-content\/uploads\/2022\/01\/Dunkerque_Port_Roulier.jpg 800w\" sizes=\"(min-width: 1200px) 1080px, (min-width: 1400px) 1260px, (min-width: 1600px) 1440px, 100vw\">\r\n                                    <h3 class=\"c-sectors__title\" class=\"c-sectors__title\" id=\"sector-logistics\">SECTOR <strong>LOGISTICS <\/strong><\/h3>\r\n        <\/div>\r\n        <div class=\"c-sectors__overlay\">\r\n            <div class=\"c-sectors__name\">LOGISTICS <\/div>\r\n            <p>The transport and logistics sector is well developed thanks to the Grand Port Maritime of Dunkirk\u2019s infrastructure and the dense network of different modes of transport that can be accessed in the territory. 4,000 employees&#8230;<\/p>\r\n                            <a class=\"c-arrow-link c-arrow-link--primary\" href=\"https:\/\/dunkerquelenergiecreative.fr\/en\/business-sectors\/logistics-transportation\/\">FIND OUT MORE<\/a>\r\n                    <\/div>\r\n    <\/div>\r\n    <div class=\"c-sectors__slide c-sectors__slide--secondary\">\r\n        <div class=\"c-sectors__push\">\r\n                            <img decoding=\"async\" alt=\"Robot usines batterie\" src=\"https:\/\/dunkerquelenergiecreative.fr\/wp-content\/uploads\/2023\/09\/AdobeStock_563783900.jpeg\" srcset=\"\" sizes=\"(min-width: 1200px) 1080px, (min-width: 1400px) 1260px, (min-width: 1600px) 1440px, 100vw\">\r\n                                    <h3 class=\"c-sectors__title\" class=\"c-sectors__title\" id=\"sector-battery-industry\">SECTOR <strong>BATTERY INDUSTRY<\/strong><\/h3>\r\n        <\/div>\r\n        <div class=\"c-sectors__overlay\">\r\n            <div class=\"c-sectors__name\">BATTERY INDUSTRY<\/div>\r\n            <p>Dunkirk has become the new \u201cbattery valley\u201d, playing a central role in the development of the electric battery industry in France.<\/p>\r\n                            <a class=\"c-arrow-link c-arrow-link--primary\" href=\"https:\/\/dunkerquelenergiecreative.fr\/en\/business-sectors\/the-battery-industry\/\">FIND OUT MORE<\/a>\r\n                    <\/div>\r\n    <\/div>\r\n    <div class=\"c-sectors__slide \">\r\n        <div class=\"c-sectors__push\">\r\n                            <img decoding=\"async\" alt=\"Laboratoires Rodael\" src=\"https:\/\/dunkerquelenergiecreative.fr\/wp-content\/uploads\/2022\/01\/Rodael-6184-web.jpg\" srcset=\"https:\/\/dunkerquelenergiecreative.fr\/wp-content\/uploads\/2022\/01\/Rodael-6184-web-300x200.jpg 300w, https:\/\/dunkerquelenergiecreative.fr\/wp-content\/uploads\/2022\/01\/Rodael-6184-web-1024x682.jpg 1024w, https:\/\/dunkerquelenergiecreative.fr\/wp-content\/uploads\/2022\/01\/Rodael-6184-web-768x511.jpg 768w, https:\/\/dunkerquelenergiecreative.fr\/wp-content\/uploads\/2022\/01\/Rodael-6184-web-1536x1022.jpg 1536w, https:\/\/dunkerquelenergiecreative.fr\/wp-content\/uploads\/2022\/01\/Rodael-6184-web.jpg 1980w\" sizes=\"(min-width: 1200px) 1080px, (min-width: 1400px) 1260px, (min-width: 1600px) 1440px, 100vw\">\r\n                                    <h3 class=\"c-sectors__title\" class=\"c-sectors__title\" id=\"sector-chemistry-and-pharmacy\">SECTOR <strong>CHEMISTRY AND PHARMACY<\/strong><\/h3>\r\n        <\/div>\r\n        <div class=\"c-sectors__overlay\">\r\n            <div class=\"c-sectors__name\">CHEMISTRY AND PHARMACY<\/div>\r\n            <p>Major names in the chemistry and pharmacy sector can be found in Dunkirk and they undertake a wide range of activities. Companies that have recently set up here show the dynamism of this historic local&hellip;<\/p>\r\n                            <a class=\"c-arrow-link c-arrow-link--primary\" href=\"https:\/\/dunkerquelenergiecreative.fr\/en\/chemistry-pharmacy-health\/chemistry\/\">CHEMISTRY\/PHARMACY\/HEALTH<\/a>\r\n                    <\/div>\r\n    <\/div>\r\n    <div class=\"c-sectors__slide c-sectors__slide--secondary\">\r\n        <div class=\"c-sectors__push\">\r\n                            <img decoding=\"async\" alt=\"PLAQUE DE TOLE CHAUDE DILLINGER FRANCE DUNKERQUE\" src=\"https:\/\/dunkerquelenergiecreative.fr\/wp-content\/uploads\/2022\/01\/tole-forte-DILLINGER-France-scaled.jpg\" srcset=\"https:\/\/dunkerquelenergiecreative.fr\/wp-content\/uploads\/2022\/01\/tole-forte-DILLINGER-France-300x200.jpg 300w, https:\/\/dunkerquelenergiecreative.fr\/wp-content\/uploads\/2022\/01\/tole-forte-DILLINGER-France-1024x683.jpg 1024w, https:\/\/dunkerquelenergiecreative.fr\/wp-content\/uploads\/2022\/01\/tole-forte-DILLINGER-France-768x513.jpg 768w, https:\/\/dunkerquelenergiecreative.fr\/wp-content\/uploads\/2022\/01\/tole-forte-DILLINGER-France-1536x1025.jpg 1536w, https:\/\/dunkerquelenergiecreative.fr\/wp-content\/uploads\/2022\/01\/tole-forte-DILLINGER-France-2048x1367.jpg 2048w\" sizes=\"(min-width: 1200px) 1080px, (min-width: 1400px) 1260px, (min-width: 1600px) 1440px, 100vw\">\r\n                                    <h3 class=\"c-sectors__title\" class=\"c-sectors__title\" id=\"sector-metal-and-steelmaking-industry\">SECTOR <strong>METAL AND STEELMAKING INDUSTRY<\/strong><\/h3>\r\n        <\/div>\r\n        <div class=\"c-sectors__overlay\">\r\n            <div class=\"c-sectors__name\">METAL AND STEELMAKING INDUSTRY<\/div>\r\n            <p>An activity with a long history, local companies have earned the acclaim they deserve throughout the world thanks to high tech products for the automotive industry, wind sector and even engineering structures. When it comes&hellip;<\/p>\r\n                            <a class=\"c-arrow-link c-arrow-link--primary\" href=\"https:\/\/dunkerquelenergiecreative.fr\/en\/contact\/\">FIND OUT MORE<\/a>\r\n                    <\/div>\r\n    <\/div>\r\n\r\n\t\t<div class=\"c-sectors__discover\">\r\n\t\t\t\t\t\t\t<h3><p>Discover all of our sectors<\/p>\n<\/h3>\r\n\t\t\t\t\t\t\t\t\t\t<a class=\"c-btn\" href=\"https:\/\/dunkerquelenergiecreative.fr\/en\/business-sectors\/\" target=\"_blank\">Explore Sectors<\/a>\r\n\t\t\t\t\t<\/div>\r\n\t<\/div>\r\n\t<div class=\"c-sectors__btn\">\r\n            <a class=\"c-btn\" href=\"https:\/\/dunkerquelenergiecreative.fr\/en\/business-sectors\/\" target=\"_blank\">Explore Sectors<\/a>\r\n    <\/div>\r\n\r\n<\/section>\r\n\r\n","protected":false},"excerpt":{"rendered":"","protected":false},"author":2,"featured_media":12913,"parent":0,"menu_order":0,"comment_status":"closed","ping_status":"closed","template":"","meta":{"_acf_changed":false,"inline_featured_image":false,"_uf_show_specific_survey":0,"_uf_disable_surveys":false,"footnotes":""},"class_list":["post-16240","page","type-page","status-publish","has-post-thumbnail","hentry"],"acf":[],"yoast_head":"<!-- This site is optimized with the Yoast SEO plugin v27.4 - https:\/\/yoast.com\/product\/yoast-seo-wordpress\/ -->\n<title>Join a strong economy - Dunkerque l&#039;\u00c9nergie Cr\u00e9ative<\/title>\n<meta name=\"robots\" content=\"index, follow, max-snippet:-1, max-image-preview:large, max-video-preview:-1\" \/>\n<link rel=\"canonical\" href=\"https:\/\/dunkerquelenergiecreative.fr\/en\/join-a-strong-economy\/\" \/>\n<meta property=\"og:locale\" content=\"en_US\" \/>\n<meta property=\"og:type\" content=\"article\" \/>\n<meta property=\"og:title\" content=\"Join a strong economy - Dunkerque l&#039;\u00c9nergie Cr\u00e9ative\" \/>\n<meta property=\"og:url\" content=\"https:\/\/dunkerquelenergiecreative.fr\/en\/join-a-strong-economy\/\" \/>\n<meta property=\"og:site_name\" content=\"Dunkerque l&#039;\u00c9nergie Cr\u00e9ative\" \/>\n<meta property=\"article:publisher\" content=\"https:\/\/www.facebook.com\/Dunkerquelenergiecreative\" \/>\n<meta property=\"article:modified_time\" content=\"2022-09-20T15:30:05+00:00\" \/>\n<meta property=\"og:image\" content=\"https:\/\/dunkerquelenergiecreative.fr\/wp-content\/uploads\/2022\/06\/ARGENT-LIQUIDE.jpeg\" \/>\n\t<meta property=\"og:image:width\" content=\"626\" \/>\n\t<meta property=\"og:image:height\" content=\"417\" \/>\n\t<meta property=\"og:image:type\" content=\"image\/jpeg\" \/>\n<meta name=\"twitter:card\" content=\"summary_large_image\" \/>\n<meta name=\"twitter:site\" content=\"@ecosysteme_d\" \/>\n<script type=\"application\/ld+json\" class=\"yoast-schema-graph\">{\"@context\":\"https:\\\/\\\/schema.org\",\"@graph\":[{\"@type\":\"WebPage\",\"@id\":\"https:\\\/\\\/dunkerquelenergiecreative.fr\\\/en\\\/join-a-strong-economy\\\/\",\"url\":\"https:\\\/\\\/dunkerquelenergiecreative.fr\\\/en\\\/join-a-strong-economy\\\/\",\"name\":\"Join a strong economy - Dunkerque l&#039;\u00c9nergie Cr\u00e9ative\",\"isPartOf\":{\"@id\":\"https:\\\/\\\/dunkerquelenergiecreative.fr\\\/en\\\/#website\"},\"primaryImageOfPage\":{\"@id\":\"https:\\\/\\\/dunkerquelenergiecreative.fr\\\/en\\\/join-a-strong-economy\\\/#primaryimage\"},\"image\":{\"@id\":\"https:\\\/\\\/dunkerquelenergiecreative.fr\\\/en\\\/join-a-strong-economy\\\/#primaryimage\"},\"thumbnailUrl\":\"https:\\\/\\\/dunkerquelenergiecreative.fr\\\/wp-content\\\/uploads\\\/2022\\\/06\\\/ARGENT-LIQUIDE.jpeg\",\"datePublished\":\"2022-06-28T14:10:34+00:00\",\"dateModified\":\"2022-09-20T15:30:05+00:00\",\"breadcrumb\":{\"@id\":\"https:\\\/\\\/dunkerquelenergiecreative.fr\\\/en\\\/join-a-strong-economy\\\/#breadcrumb\"},\"inLanguage\":\"en-US\",\"potentialAction\":[{\"@type\":\"ReadAction\",\"target\":[\"https:\\\/\\\/dunkerquelenergiecreative.fr\\\/en\\\/join-a-strong-economy\\\/\"]}]},{\"@type\":\"ImageObject\",\"inLanguage\":\"en-US\",\"@id\":\"https:\\\/\\\/dunkerquelenergiecreative.fr\\\/en\\\/join-a-strong-economy\\\/#primaryimage\",\"url\":\"https:\\\/\\\/dunkerquelenergiecreative.fr\\\/wp-content\\\/uploads\\\/2022\\\/06\\\/ARGENT-LIQUIDE.jpeg\",\"contentUrl\":\"https:\\\/\\\/dunkerquelenergiecreative.fr\\\/wp-content\\\/uploads\\\/2022\\\/06\\\/ARGENT-LIQUIDE.jpeg\",\"width\":626,\"height\":417},{\"@type\":\"BreadcrumbList\",\"@id\":\"https:\\\/\\\/dunkerquelenergiecreative.fr\\\/en\\\/join-a-strong-economy\\\/#breadcrumb\",\"itemListElement\":[{\"@type\":\"ListItem\",\"position\":1,\"name\":\"Home\",\"item\":\"https:\\\/\\\/dunkerquelenergiecreative.fr\\\/en\\\/\"},{\"@type\":\"ListItem\",\"position\":2,\"name\":\"Join a strong economy\"}]},{\"@type\":\"WebSite\",\"@id\":\"https:\\\/\\\/dunkerquelenergiecreative.fr\\\/en\\\/#website\",\"url\":\"https:\\\/\\\/dunkerquelenergiecreative.fr\\\/en\\\/\",\"name\":\"Dunkerque l'\u00c9nergie Cr\u00e9ative\",\"description\":\"Agence de d\u00e9veloppement \u00e9conomique \u00e0 Dunkerque\",\"publisher\":{\"@id\":\"https:\\\/\\\/dunkerquelenergiecreative.fr\\\/en\\\/#organization\"},\"potentialAction\":[{\"@type\":\"SearchAction\",\"target\":{\"@type\":\"EntryPoint\",\"urlTemplate\":\"https:\\\/\\\/dunkerquelenergiecreative.fr\\\/en\\\/?s={search_term_string}\"},\"query-input\":{\"@type\":\"PropertyValueSpecification\",\"valueRequired\":true,\"valueName\":\"search_term_string\"}}],\"inLanguage\":\"en-US\"},{\"@type\":\"Organization\",\"@id\":\"https:\\\/\\\/dunkerquelenergiecreative.fr\\\/en\\\/#organization\",\"name\":\"Dunkerque l'\u00c9nergie Cr\u00e9ative\",\"url\":\"https:\\\/\\\/dunkerquelenergiecreative.fr\\\/en\\\/\",\"logo\":{\"@type\":\"ImageObject\",\"inLanguage\":\"en-US\",\"@id\":\"https:\\\/\\\/dunkerquelenergiecreative.fr\\\/en\\\/#\\\/schema\\\/logo\\\/image\\\/\",\"url\":\"https:\\\/\\\/dunkerquelenergiecreative.fr\\\/wp-content\\\/uploads\\\/2025\\\/04\\\/logo-dunkerque.png\",\"contentUrl\":\"https:\\\/\\\/dunkerquelenergiecreative.fr\\\/wp-content\\\/uploads\\\/2025\\\/04\\\/logo-dunkerque.png\",\"width\":696,\"height\":696,\"caption\":\"Dunkerque l'\u00c9nergie Cr\u00e9ative\"},\"image\":{\"@id\":\"https:\\\/\\\/dunkerquelenergiecreative.fr\\\/en\\\/#\\\/schema\\\/logo\\\/image\\\/\"},\"sameAs\":[\"https:\\\/\\\/www.facebook.com\\\/Dunkerquelenergiecreative\",\"https:\\\/\\\/x.com\\\/ecosysteme_d\",\"https:\\\/\\\/fr.linkedin.com\\\/company\\\/dunkerque-l-energie-creative\",\"https:\\\/\\\/www.linkedin.com\\\/company\\\/ecosysteme-d\\\/\",\"https:\\\/\\\/www.instagram.com\\\/dunkerquelenergiecreative\\\/\"]}]}<\/script>\n<!-- \/ Yoast SEO plugin. -->","yoast_head_json":{"title":"Join a strong economy - Dunkerque l&#039;\u00c9nergie Cr\u00e9ative","robots":{"index":"index","follow":"follow","max-snippet":"max-snippet:-1","max-image-preview":"max-image-preview:large","max-video-preview":"max-video-preview:-1"},"canonical":"https:\/\/dunkerquelenergiecreative.fr\/en\/join-a-strong-economy\/","og_locale":"en_US","og_type":"article","og_title":"Join a strong economy - Dunkerque l&#039;\u00c9nergie Cr\u00e9ative","og_url":"https:\/\/dunkerquelenergiecreative.fr\/en\/join-a-strong-economy\/","og_site_name":"Dunkerque l&#039;\u00c9nergie Cr\u00e9ative","article_publisher":"https:\/\/www.facebook.com\/Dunkerquelenergiecreative","article_modified_time":"2022-09-20T15:30:05+00:00","og_image":[{"width":626,"height":417,"url":"https:\/\/dunkerquelenergiecreative.fr\/wp-content\/uploads\/2022\/06\/ARGENT-LIQUIDE.jpeg","type":"image\/jpeg"}],"twitter_card":"summary_large_image","twitter_site":"@ecosysteme_d","schema":{"@context":"https:\/\/schema.org","@graph":[{"@type":"WebPage","@id":"https:\/\/dunkerquelenergiecreative.fr\/en\/join-a-strong-economy\/","url":"https:\/\/dunkerquelenergiecreative.fr\/en\/join-a-strong-economy\/","name":"Join a strong economy - Dunkerque l&#039;\u00c9nergie Cr\u00e9ative","isPartOf":{"@id":"https:\/\/dunkerquelenergiecreative.fr\/en\/#website"},"primaryImageOfPage":{"@id":"https:\/\/dunkerquelenergiecreative.fr\/en\/join-a-strong-economy\/#primaryimage"},"image":{"@id":"https:\/\/dunkerquelenergiecreative.fr\/en\/join-a-strong-economy\/#primaryimage"},"thumbnailUrl":"https:\/\/dunkerquelenergiecreative.fr\/wp-content\/uploads\/2022\/06\/ARGENT-LIQUIDE.jpeg","datePublished":"2022-06-28T14:10:34+00:00","dateModified":"2022-09-20T15:30:05+00:00","breadcrumb":{"@id":"https:\/\/dunkerquelenergiecreative.fr\/en\/join-a-strong-economy\/#breadcrumb"},"inLanguage":"en-US","potentialAction":[{"@type":"ReadAction","target":["https:\/\/dunkerquelenergiecreative.fr\/en\/join-a-strong-economy\/"]}]},{"@type":"ImageObject","inLanguage":"en-US","@id":"https:\/\/dunkerquelenergiecreative.fr\/en\/join-a-strong-economy\/#primaryimage","url":"https:\/\/dunkerquelenergiecreative.fr\/wp-content\/uploads\/2022\/06\/ARGENT-LIQUIDE.jpeg","contentUrl":"https:\/\/dunkerquelenergiecreative.fr\/wp-content\/uploads\/2022\/06\/ARGENT-LIQUIDE.jpeg","width":626,"height":417},{"@type":"BreadcrumbList","@id":"https:\/\/dunkerquelenergiecreative.fr\/en\/join-a-strong-economy\/#breadcrumb","itemListElement":[{"@type":"ListItem","position":1,"name":"Home","item":"https:\/\/dunkerquelenergiecreative.fr\/en\/"},{"@type":"ListItem","position":2,"name":"Join a strong economy"}]},{"@type":"WebSite","@id":"https:\/\/dunkerquelenergiecreative.fr\/en\/#website","url":"https:\/\/dunkerquelenergiecreative.fr\/en\/","name":"Dunkerque l'\u00c9nergie Cr\u00e9ative","description":"Agence de d\u00e9veloppement \u00e9conomique \u00e0 Dunkerque","publisher":{"@id":"https:\/\/dunkerquelenergiecreative.fr\/en\/#organization"},"potentialAction":[{"@type":"SearchAction","target":{"@type":"EntryPoint","urlTemplate":"https:\/\/dunkerquelenergiecreative.fr\/en\/?s={search_term_string}"},"query-input":{"@type":"PropertyValueSpecification","valueRequired":true,"valueName":"search_term_string"}}],"inLanguage":"en-US"},{"@type":"Organization","@id":"https:\/\/dunkerquelenergiecreative.fr\/en\/#organization","name":"Dunkerque l'\u00c9nergie Cr\u00e9ative","url":"https:\/\/dunkerquelenergiecreative.fr\/en\/","logo":{"@type":"ImageObject","inLanguage":"en-US","@id":"https:\/\/dunkerquelenergiecreative.fr\/en\/#\/schema\/logo\/image\/","url":"https:\/\/dunkerquelenergiecreative.fr\/wp-content\/uploads\/2025\/04\/logo-dunkerque.png","contentUrl":"https:\/\/dunkerquelenergiecreative.fr\/wp-content\/uploads\/2025\/04\/logo-dunkerque.png","width":696,"height":696,"caption":"Dunkerque l'\u00c9nergie Cr\u00e9ative"},"image":{"@id":"https:\/\/dunkerquelenergiecreative.fr\/en\/#\/schema\/logo\/image\/"},"sameAs":["https:\/\/www.facebook.com\/Dunkerquelenergiecreative","https:\/\/x.com\/ecosysteme_d","https:\/\/fr.linkedin.com\/company\/dunkerque-l-energie-creative","https:\/\/www.linkedin.com\/company\/ecosysteme-d\/","https:\/\/www.instagram.com\/dunkerquelenergiecreative\/"]}]}},"_links":{"self":[{"href":"https:\/\/dunkerquelenergiecreative.fr\/en\/wp-json\/wp\/v2\/pages\/16240","targetHints":{"allow":["GET"]}}],"collection":[{"href":"https:\/\/dunkerquelenergiecreative.fr\/en\/wp-json\/wp\/v2\/pages"}],"about":[{"href":"https:\/\/dunkerquelenergiecreative.fr\/en\/wp-json\/wp\/v2\/types\/page"}],"author":[{"embeddable":true,"href":"https:\/\/dunkerquelenergiecreative.fr\/en\/wp-json\/wp\/v2\/users\/2"}],"replies":[{"embeddable":true,"href":"https:\/\/dunkerquelenergiecreative.fr\/en\/wp-json\/wp\/v2\/comments?post=16240"}],"version-history":[{"count":0,"href":"https:\/\/dunkerquelenergiecreative.fr\/en\/wp-json\/wp\/v2\/pages\/16240\/revisions"}],"wp:featuredmedia":[{"embeddable":true,"href":"https:\/\/dunkerquelenergiecreative.fr\/en\/wp-json\/wp\/v2\/media\/12913"}],"wp:attachment":[{"href":"https:\/\/dunkerquelenergiecreative.fr\/en\/wp-json\/wp\/v2\/media?parent=16240"}],"curies":[{"name":"wp","href":"https:\/\/api.w.org\/{rel}","templated":true}]}}