{"id":16219,"date":"2022-06-28T15:59:48","date_gmt":"2022-06-28T13:59:48","guid":{"rendered":"https:\/\/dunkerquelenergiecreative.fr\/?page_id=16219"},"modified":"2024-09-26T13:17:36","modified_gmt":"2024-09-26T11:17:36","slug":"settle-in","status":"publish","type":"page","link":"https:\/\/dunkerquelenergiecreative.fr\/en\/settle-in\/","title":{"rendered":"WELCOME TO DUNKIRK!"},"content":{"rendered":"bool(false)\n\n\n<section class=\"blc-hero-slider c-slider-home c-section--white\" id='3250badba35ba330d36231f2f6581346'>\n\t<div class=\"c-slider-home__slides js-slider-home\">\n\t\t\t\t\t<div class=\"c-slider-home__slide\">\n\t\t\t\t<img decoding=\"async\" class=\"c-slider-home__bg\" alt=\"Famille souriante allong\u00e9e dans le sable\" src=\"https:\/\/dunkerquelenergiecreative.fr\/wp-content\/uploads\/2024\/06\/famille-zen-dans-le-sable.jpeg\" srcset=\"https:\/\/dunkerquelenergiecreative.fr\/wp-content\/uploads\/2024\/06\/famille-zen-dans-le-sable-300x200.jpeg 300w, https:\/\/dunkerquelenergiecreative.fr\/wp-content\/uploads\/2024\/06\/famille-zen-dans-le-sable-1024x683.jpeg 1024w, https:\/\/dunkerquelenergiecreative.fr\/wp-content\/uploads\/2024\/06\/famille-zen-dans-le-sable-768x512.jpeg 768w, https:\/\/dunkerquelenergiecreative.fr\/wp-content\/uploads\/2024\/06\/famille-zen-dans-le-sable-1536x1024.jpeg 1536w, https:\/\/dunkerquelenergiecreative.fr\/wp-content\/uploads\/2024\/06\/famille-zen-dans-le-sable-2048x1366.jpeg 2048w\" sizes=\"(min-width: 1400px) 1386px, (min-width: 1600px) 1584px, 100vw\">\t\t\t\t\t\t\t\t\t\t\t\t<div class=\"o-wrapper decal__bg\">\n\t\t\t\t\t<div class=\"c-slider-home__content\">\n\t\t\t\t\t\t<h1 class='u-h1 c-slider-home__title' class='u-h1 c-slider-home__title' id=\"welcome-to-dunkirk\">WELCOME TO DUNKIRK!<\/h1>\t\t\t\t\t\t\t\t\t\t\t\t\t\t\t\t\t<\/div>\n\t\t\t\t<\/div>\n\t\t\t<\/div>\n\t\t\t<\/div>\n<\/section>\n\n\n\n\r\n\r\n<section class=\"blc-text-media c-section c-section--white\" id='a60279366116341da806fee508e10119'>\r\n\t<div class=\"o-wrapper\">\r\n\t\t<div class=\"c-block-push c-block-push--invert\">\r\n\t\t\t<div class=\"c-block-push__img\">\r\n\t\t\t\t<div class=\"ratio-16x9\">\r\n\t\t\t\t\t<img decoding=\"async\" alt=\"couple qui entre dans son nouveau domicile\" src=\"https:\/\/dunkerquelenergiecreative.fr\/wp-content\/uploads\/2024\/06\/pexels-mart-production-7415062.jpg\" srcset=\"https:\/\/dunkerquelenergiecreative.fr\/wp-content\/uploads\/2024\/06\/pexels-mart-production-7415062-200x300.jpg 200w, https:\/\/dunkerquelenergiecreative.fr\/wp-content\/uploads\/2024\/06\/pexels-mart-production-7415062-683x1024.jpg 683w, https:\/\/dunkerquelenergiecreative.fr\/wp-content\/uploads\/2024\/06\/pexels-mart-production-7415062-768x1152.jpg 768w, https:\/\/dunkerquelenergiecreative.fr\/wp-content\/uploads\/2024\/06\/pexels-mart-production-7415062-1024x1536.jpg 1024w, https:\/\/dunkerquelenergiecreative.fr\/wp-content\/uploads\/2024\/06\/pexels-mart-production-7415062.jpg 1280w\" sizes=\"(min-width: 992px) 496px, (min-width: 1200px) 600px, (min-width: 1400px) 700px, (min-width: 1600px) 800px, 100vw\">\t\t\t\t\t\t\t\t\t\t\t\t\t\t<\/div>\r\n\t\t\t<\/div>\r\n\t\t\t<div class=\"c-block-push__content\">\r\n\t\t\t\t<div class=\"c-wysiwyg\">\r\n\t\t\t\t\t<h1 id=\"welcome-home\">WELCOME HOME!<\/h2>\r\n\t\t\t\t\t<div><p>\u201cThe people from the Nord\u201d live up to their reputation and you&#8217;ll see how<strong> they&#8217;ll do absolutely everything to make you feel \u201cat home\u201d right away.<\/strong> Whether it&#8217;s finding a job for your partner, getting a helping hand to find accommodation, discovering the area&#8217;s schools or just meeting future friends, our employee mobility service is here to help you.<\/p>\n<\/div>\r\n\t\t\t\t\t\t\t\t\t<\/div>\r\n\t\t\t<\/div>\r\n\t\t<\/div>\r\n\t<\/div>\r\n<\/section>\r\n\r\n\n\n\r\n\r\n<section class=\"blc-text-media c-section c-section--white\" id='194f077c779dd0b02574612b640b6246'>\r\n\t<div class=\"o-wrapper\">\r\n\t\t<div class=\"c-block-push \">\r\n\t\t\t<div class=\"c-block-push__img\">\r\n\t\t\t\t<div class=\"ratio-16x9\">\r\n\t\t\t\t\t<img decoding=\"async\" alt=\"Adeline Andricq\" src=\"https:\/\/dunkerquelenergiecreative.fr\/wp-content\/uploads\/2023\/06\/PhotoAdelineNL.jpg\" srcset=\"\" sizes=\"(min-width: 992px) 496px, (min-width: 1200px) 600px, (min-width: 1400px) 700px, (min-width: 1600px) 800px, 100vw\">\t\t\t\t\t\t\t\t\t\t\t\t\t\t<\/div>\r\n\t\t\t<\/div>\r\n\t\t\t<div class=\"c-block-push__content\">\r\n\t\t\t\t<div class=\"c-wysiwyg\">\r\n\t\t\t\t\t<h2 id=\"giving-you-a-warm-welcome\">GIVING YOU A WARM WELCOME!  <\/h2>\r\n\t\t\t\t\t<div><p><strong>The region does everything it can to make you feel welcome and has set up a hospitality service for people who are relocating for work. <\/strong><\/p>\n<p><strong>Adeline Andricq<\/strong>, our support officer for new inhabitants, will be the perfect point of contact for any questions you may have before, during or after your move.<\/p>\n<p>We<strong> organise regular tours<\/strong> to help those who have just arrived in the region to discover their future or new place of residence. Interested? <strong>Want to find out about the date of the next visit? Well, don&#8217;t wait any longer. <\/strong><a href=\"https:\/\/forms.gle\/PP7ogLjZ513bigUP7\"><strong>Sign up today!<\/strong><\/a><\/p>\n<p>If you have any questions or would like further information, do not hesitate to contact Adeline:<\/p>\n<ul>\n<li>Telephone: <strong>+ 33 (0)3 28 22 64 40<\/strong> or <strong>+ 33 (0)7 56 38 68 14<\/strong><\/li>\n<li>Email: <strong><a href=\"mailto:adeline.andricq@ecosysteme-d.fr\">adeline.andricq@ecosysteme-d.fr<\/a><\/strong><\/li>\n<\/ul>\n<\/div>\r\n\t\t\t\t\t\t\t\t\t<\/div>\r\n\t\t\t<\/div>\r\n\t\t<\/div>\r\n\t<\/div>\r\n<\/section>\r\n\r\n\n\n\n\n<section class=\"blc-related-posts c-section c-section--news c-section--white\" type='manual' id='c30c77fe1bbc7d83e9cd47d0eed5778e'>\n\t<div class=\"o-wrapper\">\n\t\t<h2 id=\"testimonials-advice-visits-you-might-be-interested-in-this-information\"> TESTIMONIALS, ADVICE, VISITS, YOU MIGHT BE INTERESTED IN THIS INFORMATION<\/h2>\n\t\t\t\t<div class=\"c-news-slider\"> \n\t\t\t<div class=\"c-news-slider__slides js-slider-news\">\n\t\t\t\t\t\t\t<article class=\"c-news-slider__slide\">\n\t\t\t\t\t\n<div class=\"c-news-card\">\n\t<a class='c-news-card__link' href=\"https:\/\/dunkerquelenergiecreative.fr\/en\/advice\/5-tips-for-a-successful-move-to-dunkirk\/\" target=\"_self\">\n\t\t<div class=\"c-news-card__thumb ratio-16x9\">\n\t\t\t<ul class=\"c-news-card__cat toto\"><li>Advice<\/li><\/ul>\n\t\t\t<img decoding=\"async\" alt=\"demenagement dunkerque\" src=\"https:\/\/dunkerquelenergiecreative.fr\/wp-content\/uploads\/2023\/04\/REDI-pexels-ketut-subiyanto-4245992.jpg\" srcset=\"\" sizes=\"(min-width: 992px) 397px, (min-width: 1200px) 480px, (min-width: 1400px) 560px, (min-width: 1600px) 640px, 100vw\">\n\t\t<\/div>\n\t\t<div class=\"c-news-card__content\">\n\t\t\t<ul class=\"c-news-card__tags\">\n\t\t\t\t\t\t\t\t\t<li>#Companies<\/li>\n\t\t\t\t\t\t\t\t\t<li>#Residents and future residents<\/li>\n\t\t\t\t\t\t\t<\/ul>\n\t\t\t\t\t\t<p class=\"c-news-card__date\">5 October 2024<\/p>\n\t\t\t<h3 class=\"c-news-card__title\" class=\"c-news-card__title\" id=\"5-tips-for-a-successful-move-to-dunkirk\">5 tips for a successful move to Dunkirk<\/h3>\n\t\t\t<p class=\"c-news-card__desc\">You&#8217;ve decided to move to a province in the territory of Dunkirk. Excellent choice! Dunkirk&hellip;\t\t\t\t\t\t\t<\/p>\n\t\t\t<div class=\"c-news-card__more\">\n\t\t\t\t<button>Read more<\/button>\n\t\t\t\t\t\t\t<\/div>\n\t\t<\/div>\n\t<\/a>\n<\/div>\t\t\t\t<\/article>\n\t\t\t\t\t\t\t<article class=\"c-news-slider__slide\">\n\t\t\t\t\t\n<div class=\"c-news-card\">\n\t<a class='c-news-card__link' href=\"https:\/\/dunkerquelenergiecreative.fr\/en\/documentations-en\/discover-the-magazine-living-working-and-training-in-dunkirk-and-maritime-flanders\/\" target=\"_self\">\n\t\t<div class=\"c-news-card__thumb ratio-16x9\">\n\t\t\t<ul class=\"c-news-card__cat toto\"><li>Documentations<\/li><\/ul>\n\t\t\t<img decoding=\"async\" alt=\"mockup magazine Dunkirk\" src=\"https:\/\/dunkerquelenergiecreative.fr\/wp-content\/uploads\/2024\/06\/Mockup-nouveau-magazine-anglais.jpg\" srcset=\"https:\/\/dunkerquelenergiecreative.fr\/wp-content\/uploads\/2024\/06\/Mockup-nouveau-magazine-anglais-300x225.jpg 300w, https:\/\/dunkerquelenergiecreative.fr\/wp-content\/uploads\/2024\/06\/Mockup-nouveau-magazine-anglais-1024x768.jpg 1024w, https:\/\/dunkerquelenergiecreative.fr\/wp-content\/uploads\/2024\/06\/Mockup-nouveau-magazine-anglais-768x576.jpg 768w, https:\/\/dunkerquelenergiecreative.fr\/wp-content\/uploads\/2024\/06\/Mockup-nouveau-magazine-anglais-1536x1152.jpg 1536w, https:\/\/dunkerquelenergiecreative.fr\/wp-content\/uploads\/2024\/06\/Mockup-nouveau-magazine-anglais-2048x1536.jpg 2048w\" sizes=\"(min-width: 992px) 397px, (min-width: 1200px) 480px, (min-width: 1400px) 560px, (min-width: 1600px) 640px, 100vw\">\n\t\t<\/div>\n\t\t<div class=\"c-news-card__content\">\n\t\t\t<ul class=\"c-news-card__tags\">\n\t\t\t\t\t\t\t\t\t<li>#Residents and future residents<\/li>\n\t\t\t\t\t\t\t<\/ul>\n\t\t\t\t\t\t<p class=\"c-news-card__date\">7 October 2024<\/p>\n\t\t\t<h3 class=\"c-news-card__title\" class=\"c-news-card__title\" id=\"discover-the-magazine-live-work-and-educate-yourself-in-dunkirk-and-maritime-flanders\">Discover the magazine: Live, Work and Educate yourself in Dunkirk and Maritime Flanders<\/h3>\n\t\t\t<p class=\"c-news-card__desc\">The magazine dedicated to new and future residents of the Dunkirk region.\t\t\t\t\t\t\t<\/p>\n\t\t\t<div class=\"c-news-card__more\">\n\t\t\t\t<button>Read more<\/button>\n\t\t\t\t\t\t\t<\/div>\n\t\t<\/div>\n\t<\/a>\n<\/div>\t\t\t\t<\/article>\n\t\t\t \n\t\t\t<\/div>\n\t\t\t\t\t\t\t<div class=\"c-section__see-all\"><a class=\"c-arrow-link\" href=\"https:\/\/dunkerquelenergiecreative.fr\/en\/all-publications\/\">More News<\/a><\/div>\n\t\t\t\t\t<\/div>\n\t<\/div>\n<\/section>\n\n\n\n\r\n\r\n<section class=\"blc-text-media c-section c-section--white\" id='5bf4ff8473f9bf8cd36518008cc8224d'>\r\n\t<div class=\"o-wrapper\">\r\n\t\t<div class=\"c-block-push c-block-push--invert\">\r\n\t\t\t<div class=\"c-block-push__img\">\r\n\t\t\t\t<div class=\"ratio-16x9\">\r\n\t\t\t\t\t<img decoding=\"async\" alt=\"accueil ville fran\u00e7aises dunkerque\" src=\"https:\/\/dunkerquelenergiecreative.fr\/wp-content\/uploads\/2022\/05\/LogoAVFCanva.jpg\" srcset=\"https:\/\/dunkerquelenergiecreative.fr\/wp-content\/uploads\/2022\/05\/LogoAVFCanva-300x251.jpg 300w, https:\/\/dunkerquelenergiecreative.fr\/wp-content\/uploads\/2022\/05\/LogoAVFCanva-768x644.jpg 768w, https:\/\/dunkerquelenergiecreative.fr\/wp-content\/uploads\/2022\/05\/LogoAVFCanva.jpg 940w\" sizes=\"(min-width: 992px) 496px, (min-width: 1200px) 600px, (min-width: 1400px) 700px, (min-width: 1600px) 800px, 100vw\">\t\t\t\t\t\t\t\t\t\t\t\t\t\t<\/div>\r\n\t\t\t<\/div>\r\n\t\t\t<div class=\"c-block-push__content\">\r\n\t\t\t\t<div class=\"c-wysiwyg\">\r\n\t\t\t\t\t<h2 id=\"the-french-welcome-association-in-dunkirk\">THE FRENCH WELCOME ASSOCIATION IN DUNKIRK<\/h2>\r\n\t\t\t\t\t<div><p>Whether it&#8217;s help with paperwork or finding new friends while discovering the region, you can count on the <a href=\"https:\/\/avf.asso.fr\/dunkerque\/\"><strong>French Welcome Association<\/strong><\/a>. It regularly organises many activities to help you integrate into your new environment and get to know people. You can contact the association on <strong>+ 33 (0)6 84 54 88 02 <\/strong>or visit them at the <strong>Leughenaer tower in Dunkirk.<\/strong><\/p>\n<p>&gt; You can also <strong>email<\/strong> them using this address: <a href=\"mailto:avf.dunkerque@gmail.com\">avf.dunkerque@gmail.com<\/a><\/p>\n<\/div>\r\n\t\t\t\t\t\t\t\t\t<\/div>\r\n\t\t\t<\/div>\r\n\t\t<\/div>\r\n\t<\/div>\r\n<\/section>\r\n\r\n\n\n\n\n<section class=\"blc-embed c-section c-section--tertiary\" id='77996194d38d6c13a5eef2b2994b153d'>\n\t<div class=\"o-wrapper\">\n\t\t<div class=\"c-section__narrow u-text-center\">\n\t\t\t<h2 class=\"u-text-center\" class=\"u-text-center\" id=\"an-interactive-map-to-make-your-research-easier\">AN INTERACTIVE MAP TO MAKE YOUR RESEARCH EASIER<\/h2>\t\t\t<div class=\"u-text-center\">Trying to find a nursery school for your little ones? A secondary or high school for your teenagers? A leisure centre? Toggle the correct filters and you&#8217;ll find what you&#8217;re looking for on our interactive map!<\/div>\t\t<\/div>\n\t\t<div class=\"content ratio-16x9 shd\"><iframe src=\"https:\/\/dunkerquepromotion.cities.smart-origin.com\/map\/dunkerque-promotion\/search\/Cadre%20de%20vie=tissu_eco_cadre_vie_4118+dk_visible+loisir\/@50.89767,2.51112,9\"><\/iframe><\/div>\t\t\t<\/div>\n<\/section>\n\n\n\n\r\n\r\n\r\n<section class=\"blc-banner o-wrapper\" id='c9a8128e50f440399e9026779a85b50c'>\r\n\t<div class=\"c-white-book\">\r\n\t\t<img decoding=\"async\" class=\"c-white-book__bg\" alt=\"WELCOME TO DUNKIRK!\" src=\"https:\/\/dunkerquelenergiecreative.fr\/wp-content\/uploads\/2022\/07\/bg-white-book-2.jpg\" srcset=\"https:\/\/dunkerquelenergiecreative.fr\/wp-content\/uploads\/2022\/07\/bg-white-book-2-300x72.jpg 300w, https:\/\/dunkerquelenergiecreative.fr\/wp-content\/uploads\/2022\/07\/bg-white-book-2-1024x245.jpg 1024w, https:\/\/dunkerquelenergiecreative.fr\/wp-content\/uploads\/2022\/07\/bg-white-book-2-768x184.jpg 768w, https:\/\/dunkerquelenergiecreative.fr\/wp-content\/uploads\/2022\/07\/bg-white-book-2.jpg 1265w\" sizes=\"(min-width: 1400px) 1386px, (min-width: 1600px) 1584px, 100vw\">\t\t\t\t<div class=\"c-white-book__content\">\r\n\t\t\t<h2 id=\"why-is-dunkirk-the-ideal-territory-for-growing-your-company\">WHY IS DUNKIRK THE IDEAL TERRITORY FOR GROWING YOUR COMPANY ?<\/h2>\t\t\t<a class=\"c-btn\" href=\"https:\/\/dunkerquelenergiecreative.fr\/en\/do-you-have-a-project\/\" target=\"_blank\">DOWNLOAD TO FIND OUT MORE<\/a>\t\t<\/div>\r\n\t<\/div>\r\n<\/section>\r\n\r\n\r\n","protected":false},"excerpt":{"rendered":"The people from the Nord are true to their reputation and you\u2019ll see that they\u2019ll do absolutely everything to make you feel at home right away.","protected":false},"author":2,"featured_media":7883,"parent":0,"menu_order":0,"comment_status":"closed","ping_status":"closed","template":"","meta":{"_acf_changed":false,"inline_featured_image":false,"_uf_show_specific_survey":0,"_uf_disable_surveys":false,"footnotes":""},"class_list":["post-16219","page","type-page","status-publish","has-post-thumbnail","hentry"],"acf":[],"yoast_head":"<!-- This site is optimized with the Yoast SEO plugin v27.4 - https:\/\/yoast.com\/product\/yoast-seo-wordpress\/ -->\n<title>WELCOME TO DUNKIRK! - Dunkerque l&#039;\u00c9nergie Cr\u00e9ative<\/title>\n<meta name=\"description\" content=\"The people from the Nord are true to their reputation and you\u2019ll see that they\u2019ll do everything to make you feel at home right away.\" \/>\n<meta name=\"robots\" content=\"index, follow, max-snippet:-1, max-image-preview:large, max-video-preview:-1\" \/>\n<link rel=\"canonical\" href=\"https:\/\/dunkerquelenergiecreative.fr\/en\/settle-in\/\" \/>\n<meta property=\"og:locale\" content=\"en_US\" \/>\n<meta property=\"og:type\" content=\"article\" \/>\n<meta property=\"og:title\" content=\"WELCOME TO DUNKIRK! - Dunkerque l&#039;\u00c9nergie Cr\u00e9ative\" \/>\n<meta property=\"og:description\" content=\"The people from the Nord are true to their reputation and you\u2019ll see that they\u2019ll do everything to make you feel at home right away.\" \/>\n<meta property=\"og:url\" content=\"https:\/\/dunkerquelenergiecreative.fr\/en\/settle-in\/\" \/>\n<meta property=\"og:site_name\" content=\"Dunkerque l&#039;\u00c9nergie Cr\u00e9ative\" \/>\n<meta property=\"article:publisher\" content=\"https:\/\/www.facebook.com\/Dunkerquelenergiecreative\" \/>\n<meta property=\"article:modified_time\" content=\"2024-09-26T11:17:36+00:00\" \/>\n<meta property=\"og:image\" content=\"https:\/\/dunkerquelenergiecreative.fr\/wp-content\/uploads\/2022\/05\/RECADR-photo-famillesite-1024x682-1.jpg\" \/>\n\t<meta property=\"og:image:width\" content=\"946\" \/>\n\t<meta property=\"og:image:height\" content=\"682\" \/>\n\t<meta property=\"og:image:type\" content=\"image\/jpeg\" \/>\n<meta name=\"twitter:card\" content=\"summary_large_image\" \/>\n<meta name=\"twitter:site\" content=\"@ecosysteme_d\" \/>\n<meta name=\"twitter:label1\" content=\"Est. reading time\" \/>\n\t<meta name=\"twitter:data1\" content=\"2 minutes\" \/>\n<script type=\"application\/ld+json\" class=\"yoast-schema-graph\">{\"@context\":\"https:\\\/\\\/schema.org\",\"@graph\":[{\"@type\":\"WebPage\",\"@id\":\"https:\\\/\\\/dunkerquelenergiecreative.fr\\\/en\\\/settle-in\\\/\",\"url\":\"https:\\\/\\\/dunkerquelenergiecreative.fr\\\/en\\\/settle-in\\\/\",\"name\":\"WELCOME TO DUNKIRK! - Dunkerque l&#039;\u00c9nergie Cr\u00e9ative\",\"isPartOf\":{\"@id\":\"https:\\\/\\\/dunkerquelenergiecreative.fr\\\/en\\\/#website\"},\"primaryImageOfPage\":{\"@id\":\"https:\\\/\\\/dunkerquelenergiecreative.fr\\\/en\\\/settle-in\\\/#primaryimage\"},\"image\":{\"@id\":\"https:\\\/\\\/dunkerquelenergiecreative.fr\\\/en\\\/settle-in\\\/#primaryimage\"},\"thumbnailUrl\":\"https:\\\/\\\/dunkerquelenergiecreative.fr\\\/wp-content\\\/uploads\\\/2022\\\/05\\\/RECADR-photo-famillesite-1024x682-1.jpg\",\"datePublished\":\"2022-06-28T13:59:48+00:00\",\"dateModified\":\"2024-09-26T11:17:36+00:00\",\"description\":\"The people from the Nord are true to their reputation and you\u2019ll see that they\u2019ll do everything to make you feel at home right away.\",\"breadcrumb\":{\"@id\":\"https:\\\/\\\/dunkerquelenergiecreative.fr\\\/en\\\/settle-in\\\/#breadcrumb\"},\"inLanguage\":\"en-US\",\"potentialAction\":[{\"@type\":\"ReadAction\",\"target\":[\"https:\\\/\\\/dunkerquelenergiecreative.fr\\\/en\\\/settle-in\\\/\"]}]},{\"@type\":\"ImageObject\",\"inLanguage\":\"en-US\",\"@id\":\"https:\\\/\\\/dunkerquelenergiecreative.fr\\\/en\\\/settle-in\\\/#primaryimage\",\"url\":\"https:\\\/\\\/dunkerquelenergiecreative.fr\\\/wp-content\\\/uploads\\\/2022\\\/05\\\/RECADR-photo-famillesite-1024x682-1.jpg\",\"contentUrl\":\"https:\\\/\\\/dunkerquelenergiecreative.fr\\\/wp-content\\\/uploads\\\/2022\\\/05\\\/RECADR-photo-famillesite-1024x682-1.jpg\",\"width\":946,\"height\":682,\"caption\":\"famille sautant sur la plage au coucher de soleil\"},{\"@type\":\"BreadcrumbList\",\"@id\":\"https:\\\/\\\/dunkerquelenergiecreative.fr\\\/en\\\/settle-in\\\/#breadcrumb\",\"itemListElement\":[{\"@type\":\"ListItem\",\"position\":1,\"name\":\"Home\",\"item\":\"https:\\\/\\\/dunkerquelenergiecreative.fr\\\/en\\\/\"},{\"@type\":\"ListItem\",\"position\":2,\"name\":\"WELCOME TO DUNKIRK!\"}]},{\"@type\":\"WebSite\",\"@id\":\"https:\\\/\\\/dunkerquelenergiecreative.fr\\\/en\\\/#website\",\"url\":\"https:\\\/\\\/dunkerquelenergiecreative.fr\\\/en\\\/\",\"name\":\"Dunkerque l'\u00c9nergie Cr\u00e9ative\",\"description\":\"Agence de d\u00e9veloppement \u00e9conomique \u00e0 Dunkerque\",\"publisher\":{\"@id\":\"https:\\\/\\\/dunkerquelenergiecreative.fr\\\/en\\\/#organization\"},\"potentialAction\":[{\"@type\":\"SearchAction\",\"target\":{\"@type\":\"EntryPoint\",\"urlTemplate\":\"https:\\\/\\\/dunkerquelenergiecreative.fr\\\/en\\\/?s={search_term_string}\"},\"query-input\":{\"@type\":\"PropertyValueSpecification\",\"valueRequired\":true,\"valueName\":\"search_term_string\"}}],\"inLanguage\":\"en-US\"},{\"@type\":\"Organization\",\"@id\":\"https:\\\/\\\/dunkerquelenergiecreative.fr\\\/en\\\/#organization\",\"name\":\"Dunkerque l'\u00c9nergie Cr\u00e9ative\",\"url\":\"https:\\\/\\\/dunkerquelenergiecreative.fr\\\/en\\\/\",\"logo\":{\"@type\":\"ImageObject\",\"inLanguage\":\"en-US\",\"@id\":\"https:\\\/\\\/dunkerquelenergiecreative.fr\\\/en\\\/#\\\/schema\\\/logo\\\/image\\\/\",\"url\":\"https:\\\/\\\/dunkerquelenergiecreative.fr\\\/wp-content\\\/uploads\\\/2025\\\/04\\\/logo-dunkerque.png\",\"contentUrl\":\"https:\\\/\\\/dunkerquelenergiecreative.fr\\\/wp-content\\\/uploads\\\/2025\\\/04\\\/logo-dunkerque.png\",\"width\":696,\"height\":696,\"caption\":\"Dunkerque l'\u00c9nergie Cr\u00e9ative\"},\"image\":{\"@id\":\"https:\\\/\\\/dunkerquelenergiecreative.fr\\\/en\\\/#\\\/schema\\\/logo\\\/image\\\/\"},\"sameAs\":[\"https:\\\/\\\/www.facebook.com\\\/Dunkerquelenergiecreative\",\"https:\\\/\\\/x.com\\\/ecosysteme_d\",\"https:\\\/\\\/fr.linkedin.com\\\/company\\\/dunkerque-l-energie-creative\",\"https:\\\/\\\/www.linkedin.com\\\/company\\\/ecosysteme-d\\\/\",\"https:\\\/\\\/www.instagram.com\\\/dunkerquelenergiecreative\\\/\"]}]}<\/script>\n<!-- \/ Yoast SEO plugin. -->","yoast_head_json":{"title":"WELCOME TO DUNKIRK! - Dunkerque l&#039;\u00c9nergie Cr\u00e9ative","description":"The people from the Nord are true to their reputation and you\u2019ll see that they\u2019ll do everything to make you feel at home right away.","robots":{"index":"index","follow":"follow","max-snippet":"max-snippet:-1","max-image-preview":"max-image-preview:large","max-video-preview":"max-video-preview:-1"},"canonical":"https:\/\/dunkerquelenergiecreative.fr\/en\/settle-in\/","og_locale":"en_US","og_type":"article","og_title":"WELCOME TO DUNKIRK! - Dunkerque l&#039;\u00c9nergie Cr\u00e9ative","og_description":"The people from the Nord are true to their reputation and you\u2019ll see that they\u2019ll do everything to make you feel at home right away.","og_url":"https:\/\/dunkerquelenergiecreative.fr\/en\/settle-in\/","og_site_name":"Dunkerque l&#039;\u00c9nergie Cr\u00e9ative","article_publisher":"https:\/\/www.facebook.com\/Dunkerquelenergiecreative","article_modified_time":"2024-09-26T11:17:36+00:00","og_image":[{"width":946,"height":682,"url":"https:\/\/dunkerquelenergiecreative.fr\/wp-content\/uploads\/2022\/05\/RECADR-photo-famillesite-1024x682-1.jpg","type":"image\/jpeg"}],"twitter_card":"summary_large_image","twitter_site":"@ecosysteme_d","twitter_misc":{"Est. reading time":"2 minutes"},"schema":{"@context":"https:\/\/schema.org","@graph":[{"@type":"WebPage","@id":"https:\/\/dunkerquelenergiecreative.fr\/en\/settle-in\/","url":"https:\/\/dunkerquelenergiecreative.fr\/en\/settle-in\/","name":"WELCOME TO DUNKIRK! - Dunkerque l&#039;\u00c9nergie Cr\u00e9ative","isPartOf":{"@id":"https:\/\/dunkerquelenergiecreative.fr\/en\/#website"},"primaryImageOfPage":{"@id":"https:\/\/dunkerquelenergiecreative.fr\/en\/settle-in\/#primaryimage"},"image":{"@id":"https:\/\/dunkerquelenergiecreative.fr\/en\/settle-in\/#primaryimage"},"thumbnailUrl":"https:\/\/dunkerquelenergiecreative.fr\/wp-content\/uploads\/2022\/05\/RECADR-photo-famillesite-1024x682-1.jpg","datePublished":"2022-06-28T13:59:48+00:00","dateModified":"2024-09-26T11:17:36+00:00","description":"The people from the Nord are true to their reputation and you\u2019ll see that they\u2019ll do everything to make you feel at home right away.","breadcrumb":{"@id":"https:\/\/dunkerquelenergiecreative.fr\/en\/settle-in\/#breadcrumb"},"inLanguage":"en-US","potentialAction":[{"@type":"ReadAction","target":["https:\/\/dunkerquelenergiecreative.fr\/en\/settle-in\/"]}]},{"@type":"ImageObject","inLanguage":"en-US","@id":"https:\/\/dunkerquelenergiecreative.fr\/en\/settle-in\/#primaryimage","url":"https:\/\/dunkerquelenergiecreative.fr\/wp-content\/uploads\/2022\/05\/RECADR-photo-famillesite-1024x682-1.jpg","contentUrl":"https:\/\/dunkerquelenergiecreative.fr\/wp-content\/uploads\/2022\/05\/RECADR-photo-famillesite-1024x682-1.jpg","width":946,"height":682,"caption":"famille sautant sur la plage au coucher de soleil"},{"@type":"BreadcrumbList","@id":"https:\/\/dunkerquelenergiecreative.fr\/en\/settle-in\/#breadcrumb","itemListElement":[{"@type":"ListItem","position":1,"name":"Home","item":"https:\/\/dunkerquelenergiecreative.fr\/en\/"},{"@type":"ListItem","position":2,"name":"WELCOME TO DUNKIRK!"}]},{"@type":"WebSite","@id":"https:\/\/dunkerquelenergiecreative.fr\/en\/#website","url":"https:\/\/dunkerquelenergiecreative.fr\/en\/","name":"Dunkerque l'\u00c9nergie Cr\u00e9ative","description":"Agence de d\u00e9veloppement \u00e9conomique \u00e0 Dunkerque","publisher":{"@id":"https:\/\/dunkerquelenergiecreative.fr\/en\/#organization"},"potentialAction":[{"@type":"SearchAction","target":{"@type":"EntryPoint","urlTemplate":"https:\/\/dunkerquelenergiecreative.fr\/en\/?s={search_term_string}"},"query-input":{"@type":"PropertyValueSpecification","valueRequired":true,"valueName":"search_term_string"}}],"inLanguage":"en-US"},{"@type":"Organization","@id":"https:\/\/dunkerquelenergiecreative.fr\/en\/#organization","name":"Dunkerque l'\u00c9nergie Cr\u00e9ative","url":"https:\/\/dunkerquelenergiecreative.fr\/en\/","logo":{"@type":"ImageObject","inLanguage":"en-US","@id":"https:\/\/dunkerquelenergiecreative.fr\/en\/#\/schema\/logo\/image\/","url":"https:\/\/dunkerquelenergiecreative.fr\/wp-content\/uploads\/2025\/04\/logo-dunkerque.png","contentUrl":"https:\/\/dunkerquelenergiecreative.fr\/wp-content\/uploads\/2025\/04\/logo-dunkerque.png","width":696,"height":696,"caption":"Dunkerque l'\u00c9nergie Cr\u00e9ative"},"image":{"@id":"https:\/\/dunkerquelenergiecreative.fr\/en\/#\/schema\/logo\/image\/"},"sameAs":["https:\/\/www.facebook.com\/Dunkerquelenergiecreative","https:\/\/x.com\/ecosysteme_d","https:\/\/fr.linkedin.com\/company\/dunkerque-l-energie-creative","https:\/\/www.linkedin.com\/company\/ecosysteme-d\/","https:\/\/www.instagram.com\/dunkerquelenergiecreative\/"]}]}},"_links":{"self":[{"href":"https:\/\/dunkerquelenergiecreative.fr\/en\/wp-json\/wp\/v2\/pages\/16219","targetHints":{"allow":["GET"]}}],"collection":[{"href":"https:\/\/dunkerquelenergiecreative.fr\/en\/wp-json\/wp\/v2\/pages"}],"about":[{"href":"https:\/\/dunkerquelenergiecreative.fr\/en\/wp-json\/wp\/v2\/types\/page"}],"author":[{"embeddable":true,"href":"https:\/\/dunkerquelenergiecreative.fr\/en\/wp-json\/wp\/v2\/users\/2"}],"replies":[{"embeddable":true,"href":"https:\/\/dunkerquelenergiecreative.fr\/en\/wp-json\/wp\/v2\/comments?post=16219"}],"version-history":[{"count":4,"href":"https:\/\/dunkerquelenergiecreative.fr\/en\/wp-json\/wp\/v2\/pages\/16219\/revisions"}],"predecessor-version":[{"id":57045,"href":"https:\/\/dunkerquelenergiecreative.fr\/en\/wp-json\/wp\/v2\/pages\/16219\/revisions\/57045"}],"wp:featuredmedia":[{"embeddable":true,"href":"https:\/\/dunkerquelenergiecreative.fr\/en\/wp-json\/wp\/v2\/media\/7883"}],"wp:attachment":[{"href":"https:\/\/dunkerquelenergiecreative.fr\/en\/wp-json\/wp\/v2\/media?parent=16219"}],"curies":[{"name":"wp","href":"https:\/\/api.w.org\/{rel}","templated":true}]}}